{"id":7253,"date":"2023-05-22T17:41:23","date_gmt":"2023-05-22T15:41:23","guid":{"rendered":"https:\/\/espaceconfort-fr.com\/?page_id=7251"},"modified":"2025-06-03T09:21:19","modified_gmt":"2025-06-03T07:21:19","slug":"politique-de-confidentialite","status":"publish","type":"page","link":"https:\/\/feria-verde.com\/es\/politique-de-confidentialite\/","title":{"rendered":"Pol\u00edtica de privacidad"},"content":{"rendered":"<p><strong>ART\u00cdCULO 1 - INFORMACI\u00d3N PERSONAL RECOGIDA<\/strong><\/p>\n\n\n\n<p>Lorsque vous effectuez un achat sur Feria Verde, dans le cadre de notre processus d\u2019achat et de vente, nous recueillons les renseignements personnels que vous nous fournissez, tels que votre nom, votre adresse, votre adresse e-mail ou encore votre num\u00e9ro de t\u00e9l\u00e9phone.<\/p>\n\n\n\n<p>Lorsque vous naviguez sur Feria Verde, nous recevons \u00e9galement automatiquement l\u2019adresse IP de votre ordinateur, ce qui nous permet d\u2019obtenir plus de d\u00e9tails sur votre navigateur et votre syst\u00e8me d\u2019exploitation.<\/p>\n\n\n\n<p>Dans le cadre du marketing par e-mail, avec votre permission, nous pourrions vous envoyer des e-mails au sujet de Feria Verde, concernant de nouveaux produits, des mises \u00e0 jour ou encore vos commandes non finalis\u00e9es.<\/p>\n\n\n\n<p><strong>ART\u00cdCULO 2 - CONSENTIMIENTO<\/strong><\/p>\n\n\n\n<p><strong>\u00bfC\u00f3mo obtenemos su consentimiento?<\/strong><\/p>\n\n\n\n<p>Cuando usted nos proporciona su informaci\u00f3n personal para completar una transacci\u00f3n, verificar su tarjeta de cr\u00e9dito, hacer un pedido, organizar la entrega o devolver una compra, asumimos que da su consentimiento para que recopilemos esa informaci\u00f3n.<\/p>\n\n\n\n<p>Si le pedimos su informaci\u00f3n por cualquier otro motivo (por ejemplo, con fines de marketing), le pediremos directamente su consentimiento expl\u00edcito o le ofreceremos la oportunidad de negarse.<\/p>\n\n\n\n<p><strong>\u00bfC\u00f3mo puede retirar su consentimiento?<\/strong><\/p>\n\n\n\n<p>Si, despu\u00e9s de habernos dado su consentimiento, cambia de opini\u00f3n y deja de consentir que nos pongamos en contacto con usted o recopilemos su informaci\u00f3n, puede informarnos en la siguiente direcci\u00f3n:<br>\ud83d\udce7 <strong><a>contact@feria-verde.com<\/a><\/strong><\/p>\n\n\n\n<p><strong>ART\u00cdCULO 3 - DIVULGACI\u00d3N<\/strong><\/p>\n\n\n\n<p>Podemos revelar su informaci\u00f3n personal s\u00f3lo si estamos obligados a hacerlo por ley o si usted incumple nuestros T\u00e9rminos y Condiciones de Venta y Uso.<\/p>\n\n\n\n<p><strong>ART\u00cdCULO 4 - SHOPIFY<\/strong><\/p>\n\n\n\n<p>Feria Verde est h\u00e9berg\u00e9e sur Shopify Inc. Ils nous fournissent la plateforme e-commerce qui nous permet de vous vendre nos produits.<\/p>\n\n\n\n<p>Tus datos se almacenan en el sistema de almacenamiento de datos de Shopify, en servidores seguros protegidos por un cortafuegos.<\/p>\n\n\n\n<p>Si realiza una compra a trav\u00e9s de una pasarela de pago directa, Shopify almacena los datos de su tarjeta de cr\u00e9dito. Estos datos son encriptados de acuerdo con el Est\u00e1ndar de Seguridad de Datos de la Industria de Tarjetas de Pago (PCI-DSS). S\u00f3lo se conservan el tiempo necesario para completar su transacci\u00f3n y luego se eliminan.<\/p>\n\n\n\n<p><strong>ART\u00cdCULO 5 - SERVICIOS PRESTADOS POR TERCEROS<\/strong><\/p>\n\n\n\n<p>Algunos proveedores externos (por ejemplo, las pasarelas de pago) tienen sus propias pol\u00edticas de confidencialidad con respecto a los datos que debemos transmitirles para completar sus transacciones.<\/p>\n\n\n\n<p>Le recomendamos que lea sus pol\u00edticas para entender c\u00f3mo se procesan sus datos. Por ejemplo:<\/p>\n\n\n\n<ul class=\"wp-block-list\">\n<li><a>Visa<\/a><\/li>\n\n\n\n<li><a>MasterCard<\/a><\/li>\n\n\n\n<li><a>American Express<\/a><\/li>\n\n\n\n<li><a class=\"\" href=\"https:\/\/stripe.com\/fr\/privacy\">Raya<\/a><\/li>\n<\/ul>\n\n\n\n<p>Estos proveedores pueden tener su sede en otras jurisdicciones (por ejemplo, Estados Unidos). En ese caso, sus datos pueden estar sujetos a la legislaci\u00f3n local de esas jurisdicciones (por ejemplo, la Patriot Act de Estados Unidos).<\/p>\n\n\n\n<p>D\u00e8s que vous quittez le site Feria Verde (ex. : redirection vers un site de paiement), vous n\u2019\u00eates plus r\u00e9gi par notre politique de confidentialit\u00e9 ni nos CGV.<\/p>\n\n\n\n<p><strong>Enlaces externos :<\/strong><br>Algunos enlaces de nuestro sitio pueden dirigirle a otros sitios. No somos responsables de las pr\u00e1cticas de privacidad de estos sitios y le recomendamos que lea sus pol\u00edticas.<\/p>\n\n\n\n<p><strong>ART\u00cdCULO 6 - SEGURIDAD<\/strong><\/p>\n\n\n\n<p>Aplicamos las mejores pr\u00e1cticas del sector para proteger sus datos personales contra p\u00e9rdidas, uso indebido, acceso no autorizado o divulgaci\u00f3n.<\/p>\n\n\n\n<p>La informaci\u00f3n de las tarjetas de cr\u00e9dito se cifra mediante SSL y se almacena con cifrado AES-256. Aunque ning\u00fan m\u00e9todo es 100 % seguro, cumplimos todos los requisitos PCI-DSS.<\/p>\n\n\n\n<p><strong>COOKIES<\/strong><\/p>\n\n\n\n<p>Estas son algunas de las cookies que utilizamos:<\/p>\n\n\n\n<ul class=\"wp-block-list\">\n<li><code>session_id<\/code> identificador \u00fanico de sesi\u00f3n.<\/li>\n\n\n\n<li><code>shopify_visit<\/code> \u00daltima visita: almacena la informaci\u00f3n de la \u00faltima visita durante 30 minutos.<\/li>\n\n\n\n<li><code>tienda_uniq<\/code> N\u00famero de visitas: cuenta el n\u00famero de visitas de un mismo cliente.<\/li>\n\n\n\n<li><code>carro<\/code> Cesta de la compra: almacena la informaci\u00f3n de la cesta durante 2 semanas.<\/li>\n\n\n\n<li><code>_secure_session_id<\/code> y <code>storefront_digest<\/code> identificadores de sesi\u00f3n \u00fanicos.<\/li>\n<\/ul>\n\n\n\n<p><strong>ART\u00cdCULO 7 - EDAD DE CONSENTIMIENTO<\/strong><\/p>\n\n\n\n<p>En utilisant notre site, vous d\u00e9clarez avoir l\u2019\u00e2ge de la majorit\u00e9 dans votre pays de r\u00e9sidence, ou nous autoriser \u00e0 permettre \u00e0 une personne mineure sous votre responsabilit\u00e9 d\u2019utiliser Feria Verde.<\/p>\n\n\n\n<p><strong>ART\u00cdCULO 8 - CAMBIOS EN LA POL\u00cdTICA DE PRIVACIDAD<\/strong><\/p>\n\n\n\n<p>Nos reservamos el derecho a modificar esta pol\u00edtica en cualquier momento. Los cambios entrar\u00e1n en vigor en cuanto se publiquen en nuestro sitio web. Le informaremos de cualquier cambio significativo.<\/p>\n\n\n\n<p>En cas d\u2019acquisition ou de fusion de Feria Verde avec une autre soci\u00e9t\u00e9, vos donn\u00e9es pourraient \u00eatre transf\u00e9r\u00e9es aux nouveaux propri\u00e9taires.<\/p>\n\n\n\n<p><strong>ART\u00cdCULO 9 - SMS MARKETING<\/strong><\/p>\n\n\n\n<p>Al introducir su n\u00famero de tel\u00e9fono en la caja o al suscribirse a nuestra lista de marketing, acepta recibir mensajes SMS sobre su pedido, recordatorios de cestas de la compra abandonadas y ofertas promocionales.<\/p>\n\n\n\n<p>N\u00famero m\u00e1ximo : <strong>30 mensajes al mes<\/strong>. Puede darse de baja en cualquier momento respondiendo STOP.<\/p>\n\n\n\n<p>Los datos de contacto transmitidos se utilizan exclusivamente con fines de campa\u00f1a, a trav\u00e9s de nuestro proveedor de servicios. <strong>smsbump.com<\/strong>. Si utiliza herramientas de terceros (acortadores de URL, rastreadores, etc.), tambi\u00e9n se aplicar\u00e1n las pol\u00edticas de estos servicios.<\/p>\n\n\n\n<p>Para darse de baja, responda STOP a uno de los mensajes SMS o p\u00f3ngase en contacto con nosotros en :<br>\ud83d\udce7 <strong><a>contact@feria-verde.com<\/a><\/strong><\/p>","protected":false},"excerpt":{"rendered":"<p>ARTICLE 1 \u2013 RENSEIGNEMENTS PERSONNELS RECUEILLIS Lorsque vous effectuez un achat sur Feria Verde, dans le cadre de notre processus d\u2019achat et de vente, nous recueillons les renseignements personnels que vous nous fournissez, tels que votre nom, votre adresse, votre adresse e-mail ou encore votre num\u00e9ro de t\u00e9l\u00e9phone. Lorsque vous naviguez sur Feria Verde, nous recevons \u00e9galement automatiquement l\u2019adresse IP de votre ordinateur, ce qui nous permet d\u2019obtenir plus de d\u00e9tails sur votre navigateur et votre syst\u00e8me d\u2019exploitation. Dans le cadre du marketing par e-mail, avec votre permission, nous pourrions vous envoyer des e-mails au sujet de Feria Verde, concernant de nouveaux produits, des mises \u00e0 jour ou encore vos commandes non finalis\u00e9es. ARTICLE 2 &#8211; CONSENTEMENT Comment obtenons-nous votre consentement ? Lorsque vous nous fournissez vos renseignements personnels pour conclure une transaction, v\u00e9rifier votre carte de cr\u00e9dit, passer une commande, planifier une livraison ou retourner un achat, nous pr\u00e9sumons que vous consentez \u00e0 ce que nous recueillions ces renseignements. Si nous vous demandons vos renseignements pour une autre raison (par exemple \u00e0 des fins de marketing), nous vous demanderons directement votre consentement explicite, ou vous offrirons la possibilit\u00e9 de refuser. Comment pouvez-vous retirer votre consentement ? Si, apr\u00e8s nous avoir donn\u00e9 votre consentement, vous changez d\u2019avis et ne consentez plus \u00e0 ce que nous vous contactions ou collections vos renseignements, vous pouvez nous en informer \u00e0 l\u2019adresse suivante :\ud83d\udce7 contact@feria-verde.com ARTICLE 3 \u2013 DIVULGATION Nous pouvons divulguer vos renseignements personnels uniquement si la loi nous y oblige ou si vous violez nos Conditions G\u00e9n\u00e9rales de Vente et d\u2019Utilisation. ARTICLE 4 \u2013 SHOPIFY Feria Verde est h\u00e9berg\u00e9e sur Shopify Inc. Ils nous fournissent la plateforme e-commerce qui nous permet de vous vendre nos produits. Vos donn\u00e9es sont stock\u00e9es dans le syst\u00e8me de stockage de donn\u00e9es de Shopify, sur des serveurs s\u00e9curis\u00e9s prot\u00e9g\u00e9s par un pare-feu. Si vous effectuez un achat par le biais d\u2019une passerelle de paiement direct, Shopify stocke vos informations de carte de cr\u00e9dit. Ces donn\u00e9es sont chiffr\u00e9es selon la norme PCI-DSS (Payment Card Industry Data Security Standard). Elles sont conserv\u00e9es uniquement le temps n\u00e9cessaire pour compl\u00e9ter votre transaction, puis supprim\u00e9es. ARTICLE 5 \u2013 SERVICES FOURNIS PAR DES TIERS Certains fournisseurs tiers (par exemple les passerelles de paiement) ont leurs propres politiques de confidentialit\u00e9 quant aux donn\u00e9es que nous devons leur transmettre pour finaliser vos transactions. Nous vous recommandons de lire leurs politiques pour comprendre la mani\u00e8re dont vos donn\u00e9es sont trait\u00e9es. Exemples : Ces fournisseurs peuvent \u00eatre bas\u00e9s dans d\u2019autres juridictions (ex. : \u00c9tats-Unis). Vos donn\u00e9es pourraient alors \u00eatre soumises aux lois locales de ces juridictions (ex. : Patriot Act aux \u00c9tats-Unis). D\u00e8s que vous quittez le site Feria Verde (ex. : redirection vers un site de paiement), vous n\u2019\u00eates plus r\u00e9gi par notre politique de confidentialit\u00e9 ni nos CGV. Liens externes :Certains liens sur notre site peuvent vous diriger vers d&rsquo;autres sites. Nous ne sommes pas responsables des pratiques de confidentialit\u00e9 de ces sites et vous recommandons de lire leurs politiques. ARTICLE 6 \u2013 S\u00c9CURIT\u00c9 Nous appliquons les meilleures pratiques de l\u2019industrie pour prot\u00e9ger vos donn\u00e9es personnelles contre toute perte, mauvaise utilisation, acc\u00e8s non autoris\u00e9 ou divulgation. Les informations de carte de cr\u00e9dit sont chiffr\u00e9es via le protocole SSL et stock\u00e9es avec un chiffrement AES-256. Bien qu\u2019aucune m\u00e9thode ne soit s\u00e9curis\u00e9e \u00e0 100 %, nous respectons toutes les exigences PCI-DSS. COOKIES (FICHIERS T\u00c9MOINS) Voici certains cookies que nous utilisons : ARTICLE 7 \u2013 \u00c2GE DE CONSENTEMENT En utilisant notre site, vous d\u00e9clarez avoir l\u2019\u00e2ge de la majorit\u00e9 dans votre pays de r\u00e9sidence, ou nous autoriser \u00e0 permettre \u00e0 une personne mineure sous votre responsabilit\u00e9 d\u2019utiliser Feria Verde. ARTICLE 8 \u2013 MODIFICATIONS DE LA POLITIQUE DE CONFIDENTIALIT\u00c9 Nous nous r\u00e9servons le droit de modifier cette politique \u00e0 tout moment. Les changements prendront effet d\u00e8s leur publication sur notre site. En cas de modification importante, nous vous en informerons. En cas d\u2019acquisition ou de fusion de Feria Verde avec une autre soci\u00e9t\u00e9, vos donn\u00e9es pourraient \u00eatre transf\u00e9r\u00e9es aux nouveaux propri\u00e9taires. ARTICLE 9 \u2013 SMS MARKETING En saisissant votre num\u00e9ro de t\u00e9l\u00e9phone lors du passage en caisse ou via l\u2019inscription \u00e0 notre liste marketing, vous acceptez de recevoir des SMS concernant votre commande, des rappels de panier abandonn\u00e9, ou des offres promotionnelles. Nombre maximum : 30 messages par mois. Vous pouvez vous d\u00e9sinscrire \u00e0 tout moment en r\u00e9pondant STOP. Les donn\u00e9es de contact transmises sont utilis\u00e9es uniquement dans le cadre des campagnes, via notre prestataire smsbump.com. En cas d\u2019utilisation d\u2019outils tiers (raccourcisseur d\u2019URL, tracking, etc.), les politiques de ces services s\u2019appliqueront \u00e9galement. Pour vous d\u00e9sinscrire, r\u00e9pondez STOP \u00e0 l\u2019un des SMS ou contactez-nous \u00e0 :\ud83d\udce7 contact@feria-verde.com<\/p>","protected":false},"author":1,"featured_media":0,"parent":0,"menu_order":0,"comment_status":"closed","ping_status":"closed","template":"","meta":{"inline_featured_image":false,"footnotes":""},"class_list":["post-7253","page","type-page","status-publish","hentry"],"_links":{"self":[{"href":"https:\/\/feria-verde.com\/es\/wp-json\/wp\/v2\/pages\/7253","targetHints":{"allow":["GET"]}}],"collection":[{"href":"https:\/\/feria-verde.com\/es\/wp-json\/wp\/v2\/pages"}],"about":[{"href":"https:\/\/feria-verde.com\/es\/wp-json\/wp\/v2\/types\/page"}],"author":[{"embeddable":true,"href":"https:\/\/feria-verde.com\/es\/wp-json\/wp\/v2\/users\/1"}],"replies":[{"embeddable":true,"href":"https:\/\/feria-verde.com\/es\/wp-json\/wp\/v2\/comments?post=7253"}],"version-history":[{"count":9,"href":"https:\/\/feria-verde.com\/es\/wp-json\/wp\/v2\/pages\/7253\/revisions"}],"predecessor-version":[{"id":12550,"href":"https:\/\/feria-verde.com\/es\/wp-json\/wp\/v2\/pages\/7253\/revisions\/12550"}],"wp:attachment":[{"href":"https:\/\/feria-verde.com\/es\/wp-json\/wp\/v2\/media?parent=7253"}],"curies":[{"name":"wp","href":"https:\/\/api.w.org\/{rel}","templated":true}]}}