{"id":10171,"date":"2025-02-27T07:21:42","date_gmt":"2025-02-27T06:21:42","guid":{"rendered":"https:\/\/feria-verde.com\/?post_type=product&#038;p=10171"},"modified":"2025-02-27T07:23:21","modified_gmt":"2025-02-27T06:23:21","slug":"bois-densifie-feuillus-palette-de-1-tonne","status":"publish","type":"product","link":"https:\/\/feria-verde.com\/es\/producto\/bois-densifie-feuillus-palette-de-1-tonne\/","title":{"rendered":"Madera densificada - Madera dura - Pal\u00e9 de 1 tonelada"},"content":{"rendered":"<p>Notre bois densifi\u00e9 est fabriqu\u00e9 en France, 100 % naturel et 100 % feuillus.<\/p>\n\n\n\n<p>Id\u00e9al pour \u00eatre utiliser dans tous les syst\u00e8mes de chauffage \u00e0 bois : chemin\u00e9es, po\u00eales et inserts.<\/p>\n\n\n\n<p>Une palette de bois densifi\u00e9 correspond \u00e0 4 st\u00e8res de bois ultra sec.<\/p>\n\n\n\n<p>Un b\u00fbchette de bois densifi\u00e9 vaut 4 b\u00fbches de bois traditionnel en terme de combustion.<\/p>\n\n\n\n<p>Une b\u00fbche se consume en +\/- 2h.<\/p>\n\n\n\n<p>Si vous souhaitez un produit Fran\u00e7ais, \u00e9conome et \u00e9cologique, ce densifi\u00e9 est fait pour vous !!!<\/p>\n\n\n\n<p>Voici quelques conseils d\u2019utilisation :<\/p>\n\n\n\n<ul class=\"wp-block-list\">\n<li>D\u00e9posez quelques boules de papier et petit bois d\u2019allumage dans votre chauffage,<\/li>\n\n\n\n<li>D\u00e9marrez le feu et attendez que la braise appara\u00eet,<\/li>\n\n\n\n<li>Placez une seule b\u00fbche \u00e0 la fois afin d\u2019optimiser le rendement et d\u2019obtenir une chaleur douce,<\/li>\n\n\n\n<li>R\u00e9glez l\u2019air de votre appareil pour choisir l\u2019intensit\u00e9 du feu,<\/li>\n\n\n\n<li>Vous pouvez m\u00e9langer sans probl\u00e8me des b\u00fbches de bois s\u00e8ches traditionnelles \u00e0 votre bois densifi\u00e9,<\/li>\n<\/ul>\n\n\n\n<p>Maintenant, profitez de la chaleur qu\u2019il vous offre.<\/p>\n\n\n\n<p>N\u2019oubliez pas que le bois densifi\u00e9 d\u00e9teste l\u2019humidit\u00e9, il faut pr\u00e9voir un abri sec et temp\u00e9r\u00e9.<\/p>\n\n\n\n<p>Le bois densifi\u00e9 \u00e9tant propre et sans poussi\u00e8res, vous pouvez \u00e9galement lui trouver une place \u00e0 c\u00f4t\u00e9 de votre po\u00eale.<\/p>\n\n\n\n<p><strong>Livraison gratuite en 7 jours<\/strong><\/p>","protected":false},"excerpt":{"rendered":"<p>Notre bois densifi\u00e9 est fabriqu\u00e9 en France, 100 % naturel et 100 % feuillus. Id\u00e9al pour \u00eatre utiliser dans tous les syst\u00e8mes de chauffage \u00e0 bois : chemin\u00e9es, po\u00eales et inserts. Une palette de bois densifi\u00e9 correspond \u00e0 4 st\u00e8res de bois ultra sec. Un b\u00fbchette de bois densifi\u00e9 vaut 4 b\u00fbches de bois traditionnel en terme de combustion. Une b\u00fbche se consume en +\/- 2h. Si vous souhaitez un produit Fran\u00e7ais, \u00e9conome et \u00e9cologique, ce densifi\u00e9 est fait pour vous !!! Voici quelques conseils d\u2019utilisation : Maintenant, profitez de la chaleur qu\u2019il vous offre. N\u2019oubliez pas que le bois densifi\u00e9 d\u00e9teste l\u2019humidit\u00e9, il faut pr\u00e9voir un abri sec et temp\u00e9r\u00e9. Le bois densifi\u00e9 \u00e9tant propre et sans poussi\u00e8res, vous pouvez \u00e9galement lui trouver une place \u00e0 c\u00f4t\u00e9 de votre po\u00eale. Livraison gratuite en 7 jours<\/p>","protected":false},"featured_media":10183,"comment_status":"closed","ping_status":"closed","template":"","meta":{"inline_featured_image":false},"product_brand":[],"product_cat":[72,71,44],"product_tag":[],"class_list":{"0":"post-10171","1":"product","2":"type-product","3":"status-publish","4":"has-post-thumbnail","6":"product_cat-bois-de-chauffage","7":"product_cat-buches-compressees","8":"product_cat-meilleures-ventes","10":"first","11":"instock","12":"sale","13":"shipping-taxable","14":"purchasable","15":"product-type-simple"},"_links":{"self":[{"href":"https:\/\/feria-verde.com\/es\/wp-json\/wp\/v2\/product\/10171","targetHints":{"allow":["GET"]}}],"collection":[{"href":"https:\/\/feria-verde.com\/es\/wp-json\/wp\/v2\/product"}],"about":[{"href":"https:\/\/feria-verde.com\/es\/wp-json\/wp\/v2\/types\/product"}],"replies":[{"embeddable":true,"href":"https:\/\/feria-verde.com\/es\/wp-json\/wp\/v2\/comments?post=10171"}],"version-history":[{"count":0,"href":"https:\/\/feria-verde.com\/es\/wp-json\/wp\/v2\/product\/10171\/revisions"}],"wp:featuredmedia":[{"embeddable":true,"href":"https:\/\/feria-verde.com\/es\/wp-json\/wp\/v2\/media\/10183"}],"wp:attachment":[{"href":"https:\/\/feria-verde.com\/es\/wp-json\/wp\/v2\/media?parent=10171"}],"wp:term":[{"taxonomy":"product_brand","embeddable":true,"href":"https:\/\/feria-verde.com\/es\/wp-json\/wp\/v2\/product_brand?post=10171"},{"taxonomy":"product_cat","embeddable":true,"href":"https:\/\/feria-verde.com\/es\/wp-json\/wp\/v2\/product_cat?post=10171"},{"taxonomy":"product_tag","embeddable":true,"href":"https:\/\/feria-verde.com\/es\/wp-json\/wp\/v2\/product_tag?post=10171"}],"curies":[{"name":"wp","href":"https:\/\/api.w.org\/{rel}","templated":true}]}}