{"id":10174,"date":"2025-02-27T07:21:42","date_gmt":"2025-02-27T06:21:42","guid":{"rendered":"https:\/\/feria-verde.com\/?post_type=product&#038;p=10174"},"modified":"2025-02-27T07:23:21","modified_gmt":"2025-02-27T06:23:21","slug":"palette-bois-de-chauffage-50-cm-3-steres","status":"publish","type":"product","link":"https:\/\/feria-verde.com\/es\/producto\/palette-bois-de-chauffage-50-cm-3-steres\/","title":{"rendered":"Paleta para le\u00f1a - 50 cm - 3 est\u00e9riles"},"content":{"rendered":"<p>Une Palette de Bois de Chauffage = 3 St\u00e8res de Bois.<\/p>\n\n\n\n<p>Bois sec depuis +24 mois et pr\u00eat \u00e0 l\u2019emploi.<\/p>\n\n\n\n<p>Essences du Bois : Le m\u00e9lange est uniquement constitu\u00e9 de h\u00eatre, charme, ch\u00eane, les essences les plus calorifiques pour le bois de chauffage.<\/p>\n\n\n\n<p>Un bois b\u00fbche de qualit\u00e9 sup\u00e9rieure pour une utilisation imm\u00e9diate dans l\u2019appareil de chauffage, ce qui garanti le meilleur rendement de l\u2019appareil de chauffage, sans fum\u00e9es, et un encrassement minimum du conduit de chemin\u00e9e.<\/p>\n\n\n\n<p>Les avantages d\u2019un bois pass\u00e9 en s\u00e9choir :<\/p>\n\n\n\n<p>\u2013 \u00e9corc\u00e9 partiellement par le s\u00e9chage et le tamisage<br>\u2013 sans parasites, insectes, champignons<br>\u2013 s\u2019allume tr\u00e8s facilement<br>\u2013 uniquement en quartiers<br>\u2013 br\u00fble sans fum\u00e9es<br>\u2013 n\u2019encrasse pas la chemin\u00e9e<br>\u2013 pas de gaspillage de calories<\/p>\n\n\n\n<p>Un st\u00e8re de bois s\u00e9ch\u00e9 artificiellement repr\u00e9sente 1,3 st\u00e8re de bois mi-sec en terme d\u2019\u00e9nergie calorifique d\u00e9gag\u00e9e.<\/p>\n\n\n\n<p>Le volume d\u2019un st\u00e8re de bois rang\u00e9 repr\u00e9sente en 50cm, un volume de 0,85m3.<\/p>\n\n\n\n<p>Plus le bois de chauffage est coup\u00e9 court, mieux il s\u2019empile et il y a moins de vides entre les b\u00fbches, le volume apparent diminue mais la quantit\u00e9 de bois reste la m\u00eame.<\/p>\n\n\n\n<p>Humidit\u00e9 contr\u00f4l\u00e9e et garantie inf\u00e9rieure \u00e0 10% (Norme NF Bois de Chauffage).<\/p>\n\n\n\n<p>Longueur du Bois : 50 cm.<\/p>\n\n\n\n<p>Livraison sur Palette, plus de renseignements dans la section Livraison.<\/p>\n\n\n\n<p>Livraison gratuite en 7 jours ouvr\u00e9s.<\/p>","protected":false},"excerpt":{"rendered":"<p>Une Palette de Bois de Chauffage = 3 St\u00e8res de Bois. Bois sec depuis +24 mois et pr\u00eat \u00e0 l\u2019emploi. Essences du Bois : Le m\u00e9lange est uniquement constitu\u00e9 de h\u00eatre, charme, ch\u00eane, les essences les plus calorifiques pour le bois de chauffage. Un bois b\u00fbche de qualit\u00e9 sup\u00e9rieure pour une utilisation imm\u00e9diate dans l\u2019appareil de chauffage, ce qui garanti le meilleur rendement de l\u2019appareil de chauffage, sans fum\u00e9es, et un encrassement minimum du conduit de chemin\u00e9e. Les avantages d\u2019un bois pass\u00e9 en s\u00e9choir : \u2013 \u00e9corc\u00e9 partiellement par le s\u00e9chage et le tamisage\u2013 sans parasites, insectes, champignons\u2013 s\u2019allume tr\u00e8s facilement\u2013 uniquement en quartiers\u2013 br\u00fble sans fum\u00e9es\u2013 n\u2019encrasse pas la chemin\u00e9e\u2013 pas de gaspillage de calories Un st\u00e8re de bois s\u00e9ch\u00e9 artificiellement repr\u00e9sente 1,3 st\u00e8re de bois mi-sec en terme d\u2019\u00e9nergie calorifique d\u00e9gag\u00e9e. Le volume d\u2019un st\u00e8re de bois rang\u00e9 repr\u00e9sente en 50cm, un volume de 0,85m3. Plus le bois de chauffage est coup\u00e9 court, mieux il s\u2019empile et il y a moins de vides entre les b\u00fbches, le volume apparent diminue mais la quantit\u00e9 de bois reste la m\u00eame. Humidit\u00e9 contr\u00f4l\u00e9e et garantie inf\u00e9rieure \u00e0 10% (Norme NF Bois de Chauffage). Longueur du Bois : 50 cm. Livraison sur Palette, plus de renseignements dans la section Livraison. Livraison gratuite en 7 jours ouvr\u00e9s.<\/p>","protected":false},"featured_media":10186,"comment_status":"closed","ping_status":"closed","template":"","meta":{"inline_featured_image":false},"product_brand":[],"product_cat":[72,44],"product_tag":[],"class_list":{"0":"post-10174","1":"product","2":"type-product","3":"status-publish","4":"has-post-thumbnail","6":"product_cat-bois-de-chauffage","7":"product_cat-meilleures-ventes","9":"first","10":"instock","11":"sale","12":"shipping-taxable","13":"purchasable","14":"product-type-simple"},"_links":{"self":[{"href":"https:\/\/feria-verde.com\/es\/wp-json\/wp\/v2\/product\/10174","targetHints":{"allow":["GET"]}}],"collection":[{"href":"https:\/\/feria-verde.com\/es\/wp-json\/wp\/v2\/product"}],"about":[{"href":"https:\/\/feria-verde.com\/es\/wp-json\/wp\/v2\/types\/product"}],"replies":[{"embeddable":true,"href":"https:\/\/feria-verde.com\/es\/wp-json\/wp\/v2\/comments?post=10174"}],"version-history":[{"count":0,"href":"https:\/\/feria-verde.com\/es\/wp-json\/wp\/v2\/product\/10174\/revisions"}],"wp:featuredmedia":[{"embeddable":true,"href":"https:\/\/feria-verde.com\/es\/wp-json\/wp\/v2\/media\/10186"}],"wp:attachment":[{"href":"https:\/\/feria-verde.com\/es\/wp-json\/wp\/v2\/media?parent=10174"}],"wp:term":[{"taxonomy":"product_brand","embeddable":true,"href":"https:\/\/feria-verde.com\/es\/wp-json\/wp\/v2\/product_brand?post=10174"},{"taxonomy":"product_cat","embeddable":true,"href":"https:\/\/feria-verde.com\/es\/wp-json\/wp\/v2\/product_cat?post=10174"},{"taxonomy":"product_tag","embeddable":true,"href":"https:\/\/feria-verde.com\/es\/wp-json\/wp\/v2\/product_tag?post=10174"}],"curies":[{"name":"wp","href":"https:\/\/api.w.org\/{rel}","templated":true}]}}