{"id":10175,"date":"2025-02-27T07:21:42","date_gmt":"2025-02-27T06:21:42","guid":{"rendered":"https:\/\/feria-verde.com\/?post_type=product&#038;p=10175"},"modified":"2025-02-27T07:23:21","modified_gmt":"2025-02-27T06:23:21","slug":"palette-de-pellets-mm-royal-royal-pellets-78-sacs-plastique","status":"publish","type":"product","link":"https:\/\/feria-verde.com\/es\/producto\/palette-de-pellets-mm-royal-royal-pellets-78-sacs-plastique\/","title":{"rendered":"Paleta MM Royal Pellets ( Royal Pellets ) - 78 Bolsas de pl\u00e1stico"},"content":{"rendered":"<p>Des pellets certifi\u00e9s: Les Royal Pellets surpassent les plus grands standards de qualit\u00e9 du march\u00e9. L\u2019enti\u00e8re production est certifi\u00e9e \u00ab EN Plus A1 \u00bb ce qui permet de garantir un pellet de haute qualit\u00e9. Votre po\u00eale peut fonctionner de mani\u00e8re optimale et atteindre les meilleurs temp\u00e9ratures de chauffage pour votre maison. N\u2019utilisez plus de pellets bas de gamme qui peuvent compromettre l\u2019efficacit\u00e9 de votre chaudi\u00e8re.<\/p>\n\n\n\n<p>Des pellets performants pour r\u00e9aliser des \u00e9conomies: Les granul\u00e9s de bois Royal Pellets ont une qualit\u00e9 premium une durabilit\u00e9 de pr\u00e8s de 99% et un pouvoir calorifique (PCI) sup\u00e9rieur \u00e0 la moyenne. Cons\u00e9quence\u202f: vous faites des \u00e9conomies de chauffage en vous fournissant un combustible bois pellets pas cher, livr\u00e9 par palette directement \u00e0 votre domicile (livraison des pellets partout en France m\u00e9tropolitaine).<\/p>\n\n\n\n<p>Des pellets 100% r\u00e9sineux: Crit\u00e8re de qualit\u00e9 essentiel pour tous les produits de notre site. Si vous \u00eates soucieux de maximiser le rendement de votre po\u00eale, tout en minimisant son encrassement. Avec les Royal Pellets votre appareil de chauffage reste en bon \u00e9tat plus longtemps et est plus facile \u00e0 entretenir.<\/p>\n\n\n\n<p>Des pellets \u00e9cologiques: En optant pour les Royal Pellets, vous choisissez un fournisseur responsable vous garantissant une meilleure tra\u00e7abilit\u00e9. Nous livrons en circuit court des granul\u00e9s de bois 100% naturels.<\/p>\n\n\n\n<p><strong>Livraison gratuite en 7 jours<\/strong><\/p>","protected":false},"excerpt":{"rendered":"<p>Des pellets certifi\u00e9s: Les Royal Pellets surpassent les plus grands standards de qualit\u00e9 du march\u00e9. L\u2019enti\u00e8re production est certifi\u00e9e \u00ab EN Plus A1 \u00bb ce qui permet de garantir un pellet de haute qualit\u00e9. Votre po\u00eale peut fonctionner de mani\u00e8re optimale et atteindre les meilleurs temp\u00e9ratures de chauffage pour votre maison. N\u2019utilisez plus de pellets bas de gamme qui peuvent compromettre l\u2019efficacit\u00e9 de votre chaudi\u00e8re. Des pellets performants pour r\u00e9aliser des \u00e9conomies: Les granul\u00e9s de bois Royal Pellets ont une qualit\u00e9 premium une durabilit\u00e9 de pr\u00e8s de 99% et un pouvoir calorifique (PCI) sup\u00e9rieur \u00e0 la moyenne. Cons\u00e9quence\u202f: vous faites des \u00e9conomies de chauffage en vous fournissant un combustible bois pellets pas cher, livr\u00e9 par palette directement \u00e0 votre domicile (livraison des pellets partout en France m\u00e9tropolitaine). Des pellets 100% r\u00e9sineux: Crit\u00e8re de qualit\u00e9 essentiel pour tous les produits de notre site. Si vous \u00eates soucieux de maximiser le rendement de votre po\u00eale, tout en minimisant son encrassement. Avec les Royal Pellets votre appareil de chauffage reste en bon \u00e9tat plus longtemps et est plus facile \u00e0 entretenir. Des pellets \u00e9cologiques: En optant pour les Royal Pellets, vous choisissez un fournisseur responsable vous garantissant une meilleure tra\u00e7abilit\u00e9. Nous livrons en circuit court des granul\u00e9s de bois 100% naturels. Livraison gratuite en 7 jours<\/p>","protected":false},"featured_media":10187,"comment_status":"closed","ping_status":"closed","template":"","meta":{"inline_featured_image":false},"product_brand":[],"product_cat":[72,73,44],"product_tag":[],"class_list":{"0":"post-10175","1":"product","2":"type-product","3":"status-publish","4":"has-post-thumbnail","6":"product_cat-bois-de-chauffage","7":"product_cat-granules-de-bois","8":"product_cat-meilleures-ventes","10":"first","11":"instock","12":"sale","13":"shipping-taxable","14":"purchasable","15":"product-type-simple"},"_links":{"self":[{"href":"https:\/\/feria-verde.com\/es\/wp-json\/wp\/v2\/product\/10175","targetHints":{"allow":["GET"]}}],"collection":[{"href":"https:\/\/feria-verde.com\/es\/wp-json\/wp\/v2\/product"}],"about":[{"href":"https:\/\/feria-verde.com\/es\/wp-json\/wp\/v2\/types\/product"}],"replies":[{"embeddable":true,"href":"https:\/\/feria-verde.com\/es\/wp-json\/wp\/v2\/comments?post=10175"}],"version-history":[{"count":0,"href":"https:\/\/feria-verde.com\/es\/wp-json\/wp\/v2\/product\/10175\/revisions"}],"wp:featuredmedia":[{"embeddable":true,"href":"https:\/\/feria-verde.com\/es\/wp-json\/wp\/v2\/media\/10187"}],"wp:attachment":[{"href":"https:\/\/feria-verde.com\/es\/wp-json\/wp\/v2\/media?parent=10175"}],"wp:term":[{"taxonomy":"product_brand","embeddable":true,"href":"https:\/\/feria-verde.com\/es\/wp-json\/wp\/v2\/product_brand?post=10175"},{"taxonomy":"product_cat","embeddable":true,"href":"https:\/\/feria-verde.com\/es\/wp-json\/wp\/v2\/product_cat?post=10175"},{"taxonomy":"product_tag","embeddable":true,"href":"https:\/\/feria-verde.com\/es\/wp-json\/wp\/v2\/product_tag?post=10175"}],"curies":[{"name":"wp","href":"https:\/\/api.w.org\/{rel}","templated":true}]}}