{"id":10177,"date":"2025-02-27T07:21:42","date_gmt":"2025-02-27T06:21:42","guid":{"rendered":"https:\/\/feria-verde.com\/?post_type=product&#038;p=10177"},"modified":"2025-02-27T07:23:21","modified_gmt":"2025-02-27T06:23:21","slug":"bois-densifie-feuillus-1-2-palette-de-538-kg","status":"publish","type":"product","link":"https:\/\/feria-verde.com\/es\/producto\/bois-densifie-feuillus-1-2-palette-de-538-kg\/","title":{"rendered":"Madera densificada - Madera dura - 1\/2 palet de 538 kg"},"content":{"rendered":"<p>BOIS DENSIFI\u00c9 \u2013 FEUILLUS \u2013 1\/2 PALETTE DE 538 KG<\/p>\n\n\n\n<p>La demi palette de bois densifi\u00e9 feuillus est pratique pour les personnes n\u2019ayant pas une grande surface de stockage ou juste pour terminer l\u2019hiver.<\/p>\n\n\n\n<p>Gr\u00e2ce \u00e0 sa composition, m\u00e9lange de feuillus (ch\u00eane, charme, et h\u00eatre), une b\u00fbche vous offrira une mont\u00e9e rapide en temp\u00e9rature et une chaleur constante.<\/p>\n\n\n\n<p>Le feuillus fait plus de braises et se consume plus lentement et peut donc s\u2019utiliser en fin de soir\u00e9e.<\/p>\n\n\n\n<p>Avec le bois densifi\u00e9, vous n\u2019aurez plus le probl\u00e8me du bois humide car ultra sec avec un taux d\u2019humidit\u00e9 de 10% et du stockage, car une palette de 1 tonne vaut 4 st\u00e8res de bois de chauffage traditionnel (gain de place)<\/p>\n\n\n\n<p><strong>Livraison gratuite en 7 jours<\/strong><\/p>","protected":false},"excerpt":{"rendered":"<p>BOIS DENSIFI\u00c9 \u2013 FEUILLUS \u2013 1\/2 PALETTE DE 538 KG La demi palette de bois densifi\u00e9 feuillus est pratique pour les personnes n\u2019ayant pas une grande surface de stockage ou juste pour terminer l\u2019hiver. Gr\u00e2ce \u00e0 sa composition, m\u00e9lange de feuillus (ch\u00eane, charme, et h\u00eatre), une b\u00fbche vous offrira une mont\u00e9e rapide en temp\u00e9rature et une chaleur constante. Le feuillus fait plus de braises et se consume plus lentement et peut donc s\u2019utiliser en fin de soir\u00e9e. Avec le bois densifi\u00e9, vous n\u2019aurez plus le probl\u00e8me du bois humide car ultra sec avec un taux d\u2019humidit\u00e9 de 10% et du stockage, car une palette de 1 tonne vaut 4 st\u00e8res de bois de chauffage traditionnel (gain de place) Livraison gratuite en 7 jours<\/p>","protected":false},"featured_media":10190,"comment_status":"closed","ping_status":"closed","template":"","meta":{"inline_featured_image":false},"product_brand":[],"product_cat":[72,71],"product_tag":[],"class_list":{"0":"post-10177","1":"product","2":"type-product","3":"status-publish","4":"has-post-thumbnail","6":"product_cat-bois-de-chauffage","7":"product_cat-buches-compressees","9":"first","10":"instock","11":"sale","12":"shipping-taxable","13":"purchasable","14":"product-type-simple"},"_links":{"self":[{"href":"https:\/\/feria-verde.com\/es\/wp-json\/wp\/v2\/product\/10177","targetHints":{"allow":["GET"]}}],"collection":[{"href":"https:\/\/feria-verde.com\/es\/wp-json\/wp\/v2\/product"}],"about":[{"href":"https:\/\/feria-verde.com\/es\/wp-json\/wp\/v2\/types\/product"}],"replies":[{"embeddable":true,"href":"https:\/\/feria-verde.com\/es\/wp-json\/wp\/v2\/comments?post=10177"}],"version-history":[{"count":0,"href":"https:\/\/feria-verde.com\/es\/wp-json\/wp\/v2\/product\/10177\/revisions"}],"wp:featuredmedia":[{"embeddable":true,"href":"https:\/\/feria-verde.com\/es\/wp-json\/wp\/v2\/media\/10190"}],"wp:attachment":[{"href":"https:\/\/feria-verde.com\/es\/wp-json\/wp\/v2\/media?parent=10177"}],"wp:term":[{"taxonomy":"product_brand","embeddable":true,"href":"https:\/\/feria-verde.com\/es\/wp-json\/wp\/v2\/product_brand?post=10177"},{"taxonomy":"product_cat","embeddable":true,"href":"https:\/\/feria-verde.com\/es\/wp-json\/wp\/v2\/product_cat?post=10177"},{"taxonomy":"product_tag","embeddable":true,"href":"https:\/\/feria-verde.com\/es\/wp-json\/wp\/v2\/product_tag?post=10177"}],"curies":[{"name":"wp","href":"https:\/\/api.w.org\/{rel}","templated":true}]}}