{"id":10178,"date":"2025-02-27T07:21:42","date_gmt":"2025-02-27T06:21:42","guid":{"rendered":"https:\/\/feria-verde.com\/?post_type=product&#038;p=10178"},"modified":"2025-02-27T07:23:21","modified_gmt":"2025-02-27T06:23:21","slug":"bois-densifie-resineux-palette-de-960-kg","status":"publish","type":"product","link":"https:\/\/feria-verde.com\/es\/producto\/bois-densifie-resineux-palette-de-960-kg\/","title":{"rendered":"Madera densificada - Madera blanda - Pal\u00e9 de 960 kg"},"content":{"rendered":"<p><strong>Pour le stockage, il est imp\u00e9ratif de les mettre \u00e0 l\u2019abri de l\u2019humidit\u00e9 et pourquoi pas pr\u00e8s de votre chemin\u00e9e car sous film plastique, les b\u00fbches sont propres et sans poussi\u00e8res.<\/strong><\/p>\n\n\n\n<p>Le bois densifi\u00e9 s\u2019utilise dans tous les types de chauffage : foyer ferm\u00e9, foyer ouvert ou insert, en compl\u00e9ment du bois traditionnel ou en remplacement.<\/p>\n\n\n\n<p>Il existe du bois densifi\u00e9 \u00e0 base de r\u00e9sineux et du bois densifi\u00e9 \u00e0 base de feuillus.<\/p>\n\n\n\n<p>Les r\u00e9sineux s\u2019enflamment rapidement et font de belles flammes. Ils br\u00fblent un peu plus vite que les feuillus.<\/p>\n\n\n\n<p>Les feuillus font un peu moins de flammes mais durent un peu plus longtemps.<\/p>\n\n\n\n<p><strong>Pour bien choisir votre bois densifi\u00e9, il faut que :<\/strong><\/p>\n\n\n\n<p>Son pouvoir calorifique soit entre 4,5 kWh\/kg et 5,5 kWh\/kg,<\/p>\n\n\n\n<p>Un taux d\u2019humidit\u00e9 inf\u00e9rieur ou \u00e9gal \u00e0 10 %,<\/p>\n\n\n\n<p>Un taux de cendres en dessous de 1,5 %<\/p>\n\n\n\n<p><strong>Livraison gratuite en 7 jours<\/strong><\/p>","protected":false},"excerpt":{"rendered":"<p>Pour le stockage, il est imp\u00e9ratif de les mettre \u00e0 l\u2019abri de l\u2019humidit\u00e9 et pourquoi pas pr\u00e8s de votre chemin\u00e9e car sous film plastique, les b\u00fbches sont propres et sans poussi\u00e8res. Le bois densifi\u00e9 s\u2019utilise dans tous les types de chauffage : foyer ferm\u00e9, foyer ouvert ou insert, en compl\u00e9ment du bois traditionnel ou en remplacement. Il existe du bois densifi\u00e9 \u00e0 base de r\u00e9sineux et du bois densifi\u00e9 \u00e0 base de feuillus. Les r\u00e9sineux s\u2019enflamment rapidement et font de belles flammes. Ils br\u00fblent un peu plus vite que les feuillus. Les feuillus font un peu moins de flammes mais durent un peu plus longtemps. Pour bien choisir votre bois densifi\u00e9, il faut que : Son pouvoir calorifique soit entre 4,5 kWh\/kg et 5,5 kWh\/kg, Un taux d\u2019humidit\u00e9 inf\u00e9rieur ou \u00e9gal \u00e0 10 %, Un taux de cendres en dessous de 1,5 % Livraison gratuite en 7 jours<\/p>","protected":false},"featured_media":10191,"comment_status":"closed","ping_status":"closed","template":"","meta":{"inline_featured_image":false},"product_brand":[],"product_cat":[72,71],"product_tag":[],"class_list":{"0":"post-10178","1":"product","2":"type-product","3":"status-publish","4":"has-post-thumbnail","6":"product_cat-bois-de-chauffage","7":"product_cat-buches-compressees","9":"first","10":"instock","11":"sale","12":"shipping-taxable","13":"purchasable","14":"product-type-simple"},"_links":{"self":[{"href":"https:\/\/feria-verde.com\/es\/wp-json\/wp\/v2\/product\/10178","targetHints":{"allow":["GET"]}}],"collection":[{"href":"https:\/\/feria-verde.com\/es\/wp-json\/wp\/v2\/product"}],"about":[{"href":"https:\/\/feria-verde.com\/es\/wp-json\/wp\/v2\/types\/product"}],"replies":[{"embeddable":true,"href":"https:\/\/feria-verde.com\/es\/wp-json\/wp\/v2\/comments?post=10178"}],"version-history":[{"count":0,"href":"https:\/\/feria-verde.com\/es\/wp-json\/wp\/v2\/product\/10178\/revisions"}],"wp:featuredmedia":[{"embeddable":true,"href":"https:\/\/feria-verde.com\/es\/wp-json\/wp\/v2\/media\/10191"}],"wp:attachment":[{"href":"https:\/\/feria-verde.com\/es\/wp-json\/wp\/v2\/media?parent=10178"}],"wp:term":[{"taxonomy":"product_brand","embeddable":true,"href":"https:\/\/feria-verde.com\/es\/wp-json\/wp\/v2\/product_brand?post=10178"},{"taxonomy":"product_cat","embeddable":true,"href":"https:\/\/feria-verde.com\/es\/wp-json\/wp\/v2\/product_cat?post=10178"},{"taxonomy":"product_tag","embeddable":true,"href":"https:\/\/feria-verde.com\/es\/wp-json\/wp\/v2\/product_tag?post=10178"}],"curies":[{"name":"wp","href":"https:\/\/api.w.org\/{rel}","templated":true}]}}