{"id":10180,"date":"2025-02-27T07:21:42","date_gmt":"2025-02-27T06:21:42","guid":{"rendered":"https:\/\/feria-verde.com\/?post_type=product&#038;p=10180"},"modified":"2025-02-27T07:23:21","modified_gmt":"2025-02-27T06:23:21","slug":"buches-de-bois-compresse-tecsabuch-crepito-palette-de-1t","status":"publish","type":"product","link":"https:\/\/feria-verde.com\/es\/producto\/buches-de-bois-compresse-tecsabuch-crepito-palette-de-1t\/","title":{"rendered":"Troncos de madera comprimida tecsabuch cr\u00e9pito (palet de 1t)"},"content":{"rendered":"<p>Le chauffage au bois pratique et propre.<\/p>\n\n\n\n<p>Les b\u00fbches de bois compress\u00e9 Tecsabuch Cr\u00e9pito sont des briques de sciures compress\u00e9e et s\u00e9ch\u00e9e, afin de constituer des b\u00fbches tr\u00e8s calorifiques, et gr\u00e2ce \u00e0 leur conditionnement, elles prennent moins d\u2019espace que les b\u00fbches de bois de chauffage traditionnelles. Ainsi vous \u00e9conomisez de l\u2019espace et avez un stockage propre sur palette de votre chauffage pour l\u2019hiver.<\/p>\n\n\n\n<p>Les b\u00fbches issues d\u2019un proc\u00e9d\u00e9 industriel, sont la garantie d\u2019un bois sec hautes performances dans le syst\u00e8me de chauffage.<\/p>\n\n\n\n<p>Pas de n\u00e9cessit\u00e9 de modifier l\u2019installation de chauffage, elles s\u2019utilisent en remplacement ou en compl\u00e9ment des b\u00fbches traditionnelles.<\/p>\n\n\n\n<p>De nombreux professionnels, tels boulangers, pizzerias utilisent d\u00e9j\u00e0 ce mode de chauffage pratique et tr\u00e8s performant.<\/p>\n\n\n\n<p>Les b\u00fbches sont issues d\u2019un processus industriel unique, de qualit\u00e9 approuv\u00e9e depuis 15 ans.<\/p>","protected":false},"excerpt":{"rendered":"<p>Le chauffage au bois pratique et propre. Les b\u00fbches de bois compress\u00e9 Tecsabuch Cr\u00e9pito sont des briques de sciures compress\u00e9e et s\u00e9ch\u00e9e, afin de constituer des b\u00fbches tr\u00e8s calorifiques, et gr\u00e2ce \u00e0 leur conditionnement, elles prennent moins d\u2019espace que les b\u00fbches de bois de chauffage traditionnelles. Ainsi vous \u00e9conomisez de l\u2019espace et avez un stockage propre sur palette de votre chauffage pour l\u2019hiver. Les b\u00fbches issues d\u2019un proc\u00e9d\u00e9 industriel, sont la garantie d\u2019un bois sec hautes performances dans le syst\u00e8me de chauffage. Pas de n\u00e9cessit\u00e9 de modifier l\u2019installation de chauffage, elles s\u2019utilisent en remplacement ou en compl\u00e9ment des b\u00fbches traditionnelles. De nombreux professionnels, tels boulangers, pizzerias utilisent d\u00e9j\u00e0 ce mode de chauffage pratique et tr\u00e8s performant. Les b\u00fbches sont issues d\u2019un processus industriel unique, de qualit\u00e9 approuv\u00e9e depuis 15 ans.<\/p>","protected":false},"featured_media":10193,"comment_status":"closed","ping_status":"closed","template":"","meta":{"inline_featured_image":false},"product_brand":[],"product_cat":[72,71],"product_tag":[],"class_list":{"0":"post-10180","1":"product","2":"type-product","3":"status-publish","4":"has-post-thumbnail","6":"product_cat-bois-de-chauffage","7":"product_cat-buches-compressees","9":"first","10":"instock","11":"sale","12":"shipping-taxable","13":"purchasable","14":"product-type-simple"},"_links":{"self":[{"href":"https:\/\/feria-verde.com\/es\/wp-json\/wp\/v2\/product\/10180","targetHints":{"allow":["GET"]}}],"collection":[{"href":"https:\/\/feria-verde.com\/es\/wp-json\/wp\/v2\/product"}],"about":[{"href":"https:\/\/feria-verde.com\/es\/wp-json\/wp\/v2\/types\/product"}],"replies":[{"embeddable":true,"href":"https:\/\/feria-verde.com\/es\/wp-json\/wp\/v2\/comments?post=10180"}],"version-history":[{"count":0,"href":"https:\/\/feria-verde.com\/es\/wp-json\/wp\/v2\/product\/10180\/revisions"}],"wp:featuredmedia":[{"embeddable":true,"href":"https:\/\/feria-verde.com\/es\/wp-json\/wp\/v2\/media\/10193"}],"wp:attachment":[{"href":"https:\/\/feria-verde.com\/es\/wp-json\/wp\/v2\/media?parent=10180"}],"wp:term":[{"taxonomy":"product_brand","embeddable":true,"href":"https:\/\/feria-verde.com\/es\/wp-json\/wp\/v2\/product_brand?post=10180"},{"taxonomy":"product_cat","embeddable":true,"href":"https:\/\/feria-verde.com\/es\/wp-json\/wp\/v2\/product_cat?post=10180"},{"taxonomy":"product_tag","embeddable":true,"href":"https:\/\/feria-verde.com\/es\/wp-json\/wp\/v2\/product_tag?post=10180"}],"curies":[{"name":"wp","href":"https:\/\/api.w.org\/{rel}","templated":true}]}}