{"id":10181,"date":"2025-02-27T07:21:42","date_gmt":"2025-02-27T06:21:42","guid":{"rendered":"https:\/\/feria-verde.com\/?post_type=product&#038;p=10181"},"modified":"2025-02-27T07:23:21","modified_gmt":"2025-02-27T06:23:21","slug":"granules-de-bois-woodstock-qualite-premium-palette-de-78-sacs-de-15-kg","status":"publish","type":"product","link":"https:\/\/feria-verde.com\/es\/producto\/granules-de-bois-woodstock-qualite-premium-palette-de-78-sacs-de-15-kg\/","title":{"rendered":"Granul\u00e9s de bois Woodstock qualit\u00e9 Premium &#8211; Palette de 78 sacs de 15 kg"},"content":{"rendered":"<p>Ces pellets sont de fabrication fran\u00e7aise et ne comportent aucun \u00e9l\u00e9ment ou substance chimique. Le granul\u00e9 fait 20 mm de long pour 6 mm de diam\u00e8tre, des mensurations plut\u00f4t correctes. En effet, un pellet mesure normalement entre 15 et 20 mm avec un diam\u00e8tre maximal de 8 mm. Ces granul\u00e9s&nbsp;<strong>WOODSTOCK<\/strong>&nbsp;qualit\u00e9 Premium sont livr\u00e9s par palette de 78 sacs. On compte 15 kg pour la masse du sac. Ce produit convient \u00e0 tous les appareils de chauffage au bois destin\u00e9s aux pellets (insert, po\u00eale ou chaudi\u00e8re).<\/p>\n\n\n\n<p>Gage de la qualit\u00e9 de cette gamme de granul\u00e9s&nbsp;<strong>WOODSTOCK<\/strong>, la certification&nbsp;<strong>DIN Plus. Constitu\u00e9 en Allemagne<\/strong>, cet indicateur fait aujourd\u2019hui partie des r\u00e9f\u00e9rences europ\u00e9ennes. La certification&nbsp;<strong>DIN<\/strong>&nbsp;Plus indique que la fabrication des granul\u00e9s de bois a respect\u00e9 les normes en vigueur sur la production de ce type de mat\u00e9riau.<\/p>\n\n\n\n<p>Composition 100 % bois vierge<\/p>\n\n\n\n<p><strong>PCI sur brut<\/strong>&nbsp;(Quantit\u00e9 de chaleur d\u00e9gag\u00e9e par kg de combustible) 4,8 kWh.kg-1 \u2264 PCI \u2264 5,3 kWh.kg<\/p>\n\n\n\n<p><strong>Masse volumique apparente \u2265 650 Kg\/m-3<\/strong><\/p>\n\n\n\n<p>Taux de fines &lt; 0,5 %<\/p>\n\n\n\n<p>Taux de cendres \u00e0 550\u00b0C \u2264 0,5 %<\/p>\n\n\n\n<p><strong>Humidit\u00e9 \u2264 8 %<\/strong><\/p>\n\n\n\n<p>Durabilit\u00e9 \u2265 97,5 %<\/p>\n\n\n\n<p>Longueur 3,15 mm &lt; Longueur &lt; 40 mm<\/p>\n\n\n\n<p>Diam\u00e8tre 6 mm \u00b11<\/p>\n\n\n\n<p><strong>Qualit\u00e9 Premium<\/strong><\/p>\n\n\n\n<p><strong>Aplicaci\u00f3n<\/strong>&nbsp;: Tout type d\u2019appareil \u00e0 granul\u00e9s<\/p>\n\n\n\n<p>Contr\u00f4le laboratoire&nbsp;<strong>CERIC<\/strong><\/p>\n\n\n\n<p><strong>Livraison gratuite en 7 jours<\/strong><\/p>","protected":false},"excerpt":{"rendered":"<p>Ces pellets sont de fabrication fran\u00e7aise et ne comportent aucun \u00e9l\u00e9ment ou substance chimique. Le granul\u00e9 fait 20 mm de long pour 6 mm de diam\u00e8tre, des mensurations plut\u00f4t correctes. En effet, un pellet mesure normalement entre 15 et 20 mm avec un diam\u00e8tre maximal de 8 mm. Ces granul\u00e9s&nbsp;WOODSTOCK&nbsp;qualit\u00e9 Premium sont livr\u00e9s par palette de 78 sacs. On compte 15 kg pour la masse du sac. Ce produit convient \u00e0 tous les appareils de chauffage au bois destin\u00e9s aux pellets (insert, po\u00eale ou chaudi\u00e8re). Gage de la qualit\u00e9 de cette gamme de granul\u00e9s&nbsp;WOODSTOCK, la certification&nbsp;DIN Plus. Constitu\u00e9 en Allemagne, cet indicateur fait aujourd\u2019hui partie des r\u00e9f\u00e9rences europ\u00e9ennes. La certification&nbsp;DIN&nbsp;Plus indique que la fabrication des granul\u00e9s de bois a respect\u00e9 les normes en vigueur sur la production de ce type de mat\u00e9riau. Composition 100 % bois vierge PCI sur brut&nbsp;(Quantit\u00e9 de chaleur d\u00e9gag\u00e9e par kg de combustible) 4,8 kWh.kg-1 \u2264 PCI \u2264 5,3 kWh.kg Masse volumique apparente \u2265 650 Kg\/m-3 Taux de fines &lt; 0,5 % Taux de cendres \u00e0 550\u00b0C \u2264 0,5 % Humidit\u00e9 \u2264 8 % Durabilit\u00e9 \u2265 97,5 % Longueur 3,15 mm &lt; Longueur &lt; 40 mm Diam\u00e8tre 6 mm \u00b11 Qualit\u00e9 Premium Application&nbsp;: Tout type d\u2019appareil \u00e0 granul\u00e9s Contr\u00f4le laboratoire&nbsp;CERIC Livraison gratuite en 7 jours<\/p>","protected":false},"featured_media":10194,"comment_status":"closed","ping_status":"closed","template":"","meta":{"inline_featured_image":false},"product_brand":[],"product_cat":[72,73],"product_tag":[],"class_list":{"0":"post-10181","1":"product","2":"type-product","3":"status-publish","4":"has-post-thumbnail","6":"product_cat-bois-de-chauffage","7":"product_cat-granules-de-bois","9":"first","10":"instock","11":"sale","12":"shipping-taxable","13":"purchasable","14":"product-type-simple"},"_links":{"self":[{"href":"https:\/\/feria-verde.com\/es\/wp-json\/wp\/v2\/product\/10181","targetHints":{"allow":["GET"]}}],"collection":[{"href":"https:\/\/feria-verde.com\/es\/wp-json\/wp\/v2\/product"}],"about":[{"href":"https:\/\/feria-verde.com\/es\/wp-json\/wp\/v2\/types\/product"}],"replies":[{"embeddable":true,"href":"https:\/\/feria-verde.com\/es\/wp-json\/wp\/v2\/comments?post=10181"}],"version-history":[{"count":0,"href":"https:\/\/feria-verde.com\/es\/wp-json\/wp\/v2\/product\/10181\/revisions"}],"wp:featuredmedia":[{"embeddable":true,"href":"https:\/\/feria-verde.com\/es\/wp-json\/wp\/v2\/media\/10194"}],"wp:attachment":[{"href":"https:\/\/feria-verde.com\/es\/wp-json\/wp\/v2\/media?parent=10181"}],"wp:term":[{"taxonomy":"product_brand","embeddable":true,"href":"https:\/\/feria-verde.com\/es\/wp-json\/wp\/v2\/product_brand?post=10181"},{"taxonomy":"product_cat","embeddable":true,"href":"https:\/\/feria-verde.com\/es\/wp-json\/wp\/v2\/product_cat?post=10181"},{"taxonomy":"product_tag","embeddable":true,"href":"https:\/\/feria-verde.com\/es\/wp-json\/wp\/v2\/product_tag?post=10181"}],"curies":[{"name":"wp","href":"https:\/\/api.w.org\/{rel}","templated":true}]}}