{"id":10182,"date":"2025-02-27T07:21:42","date_gmt":"2025-02-27T06:21:42","guid":{"rendered":"https:\/\/feria-verde.com\/?post_type=product&#038;p=10182"},"modified":"2025-02-27T07:23:21","modified_gmt":"2025-02-27T06:23:21","slug":"pellets-de-bois-helios-palette-de-65-sacs-de-15-kg","status":"publish","type":"product","link":"https:\/\/feria-verde.com\/es\/producto\/pellets-de-bois-helios-palette-de-65-sacs-de-15-kg\/","title":{"rendered":"Pellets de bois Helios \u2013 Palette de 65 sacs de 15 kg"},"content":{"rendered":"<p>Ce pellet est id\u00e9al pour les po\u00eales, inserts et chaudi\u00e8res \u00e0 granul\u00e9s de bois.<\/p>\n\n\n\n<p>Nous commercialisons ce pellet depuis plus de 10 ans et nos clients en sont parfaitement satisfaits, l\u2019essayer c\u2019est l\u2019adopter.<\/p>\n\n\n\n<p>Concernant le lieu de stockage des pellets, il doit \u00eatre sec et temp\u00e9r\u00e9.<\/p>\n\n\n\n<p>Les sacs doivent \u00eatre sur\u00e9lev\u00e9s du sol par une palette et d\u00e9coll\u00e9s des murs. Ils ne doivent en aucun cas \u00eatre en contact avec l\u2019humidit\u00e9, sous peine de devenir inutilisables.<\/p>\n\n\n\n<h2 class=\"wp-block-heading\">Fiche technique<\/h2>\n\n\n\n<p><strong>Composici\u00f3n<\/strong><\/p>\n\n\n\n<p>100% r\u00e9sineux<\/p>\n\n\n\n<p><strong>Certificats<\/strong><\/p>\n\n\n\n<p>DIN Plus, EN Plus A1<\/p>\n\n\n\n<p><strong>Pouvoir Calorifique<\/strong><\/p>\n\n\n\n<p>Sup\u00e9rieur \u00e0 4,7 kWh\/kg<\/p>\n\n\n\n<p><strong>Taux D\u2019humidit\u00e9<\/strong><\/p>\n\n\n\n<p>Inf\u00e9rieur \u00e0 10 %<\/p>\n\n\n\n<p><strong>Taux De Cendres<\/strong><\/p>\n\n\n\n<p>Inf\u00e9rieur \u00e0 0,7 %<\/p>\n\n\n\n<p><strong>Taux De Poussi\u00e8re<\/strong><\/p>\n\n\n\n<p>Inf\u00e9rieur \u00e0 0,5 %<\/p>\n\n\n\n<p><strong>Diam\u00e8tre<\/strong><\/p>\n\n\n\n<p>6 mm<\/p>\n\n\n\n<p><strong>Conditionnement<\/strong><\/p>\n\n\n\n<p>Palette<\/p>\n\n\n\n<p><strong>Origine<\/strong><\/p>\n\n\n\n<p>France<\/p>\n\n\n\n<p><strong>Livraison gratuite en 7 jours<\/strong><\/p>","protected":false},"excerpt":{"rendered":"<p>Ce pellet est id\u00e9al pour les po\u00eales, inserts et chaudi\u00e8res \u00e0 granul\u00e9s de bois. Nous commercialisons ce pellet depuis plus de 10 ans et nos clients en sont parfaitement satisfaits, l\u2019essayer c\u2019est l\u2019adopter. Concernant le lieu de stockage des pellets, il doit \u00eatre sec et temp\u00e9r\u00e9. Les sacs doivent \u00eatre sur\u00e9lev\u00e9s du sol par une palette et d\u00e9coll\u00e9s des murs. Ils ne doivent en aucun cas \u00eatre en contact avec l\u2019humidit\u00e9, sous peine de devenir inutilisables. Fiche technique Composition 100% r\u00e9sineux Certificats DIN Plus, EN Plus A1 Pouvoir Calorifique Sup\u00e9rieur \u00e0 4,7 kWh\/kg Taux D\u2019humidit\u00e9 Inf\u00e9rieur \u00e0 10 % Taux De Cendres Inf\u00e9rieur \u00e0 0,7 % Taux De Poussi\u00e8re Inf\u00e9rieur \u00e0 0,5 % Diam\u00e8tre 6 mm Conditionnement Palette Origine France Livraison gratuite en 7 jours<\/p>","protected":false},"featured_media":10196,"comment_status":"closed","ping_status":"closed","template":"","meta":{"inline_featured_image":false},"product_brand":[],"product_cat":[72,73],"product_tag":[],"class_list":{"0":"post-10182","1":"product","2":"type-product","3":"status-publish","4":"has-post-thumbnail","6":"product_cat-bois-de-chauffage","7":"product_cat-granules-de-bois","9":"first","10":"instock","11":"sale","12":"shipping-taxable","13":"purchasable","14":"product-type-simple"},"_links":{"self":[{"href":"https:\/\/feria-verde.com\/es\/wp-json\/wp\/v2\/product\/10182","targetHints":{"allow":["GET"]}}],"collection":[{"href":"https:\/\/feria-verde.com\/es\/wp-json\/wp\/v2\/product"}],"about":[{"href":"https:\/\/feria-verde.com\/es\/wp-json\/wp\/v2\/types\/product"}],"replies":[{"embeddable":true,"href":"https:\/\/feria-verde.com\/es\/wp-json\/wp\/v2\/comments?post=10182"}],"version-history":[{"count":0,"href":"https:\/\/feria-verde.com\/es\/wp-json\/wp\/v2\/product\/10182\/revisions"}],"wp:featuredmedia":[{"embeddable":true,"href":"https:\/\/feria-verde.com\/es\/wp-json\/wp\/v2\/media\/10196"}],"wp:attachment":[{"href":"https:\/\/feria-verde.com\/es\/wp-json\/wp\/v2\/media?parent=10182"}],"wp:term":[{"taxonomy":"product_brand","embeddable":true,"href":"https:\/\/feria-verde.com\/es\/wp-json\/wp\/v2\/product_brand?post=10182"},{"taxonomy":"product_cat","embeddable":true,"href":"https:\/\/feria-verde.com\/es\/wp-json\/wp\/v2\/product_cat?post=10182"},{"taxonomy":"product_tag","embeddable":true,"href":"https:\/\/feria-verde.com\/es\/wp-json\/wp\/v2\/product_tag?post=10182"}],"curies":[{"name":"wp","href":"https:\/\/api.w.org\/{rel}","templated":true}]}}