{"id":10581,"date":"2025-03-29T13:40:42","date_gmt":"2025-03-29T12:40:42","guid":{"rendered":"https:\/\/feria-verde.com\/?post_type=product&#038;p=10581"},"modified":"2025-03-29T14:28:18","modified_gmt":"2025-03-29T13:28:18","slug":"test","status":"publish","type":"product","link":"https:\/\/feria-verde.com\/es\/producto\/test\/","title":{"rendered":"La fabrique \u00e0 d\u00e9lices glac\u00e9s CREAMi de\u00a0Ninja\u00a0NC300EU"},"content":{"rendered":"<p>D\u00e9couvrez la Fabrique \u00e0 d\u00e9lices glac\u00e9s CREAMI et cr\u00e9ez et personnalisez de d\u00e9licieuses douceurs maison, exactement comme vous les aimez&nbsp;:&nbsp;<strong>cr\u00e8mes glac\u00e9es gourmandes, sorbets rafra\u00eechissants, glaces \u00e0 l\u2019italienne cr\u00e9meuses, yaourts glac\u00e9s, smoothie bowls sains, milkshakes \u00e9pais\u2026<\/strong>&nbsp;Les possibilit\u00e9s sont infinies.<\/p>\n\n\n\n<p>Pr\u00e9parez bien plus que des desserts classiques : utilisez des fruits trop m\u00fbrs pour pr\u00e9parer des sorbets pauvres en sucres raffin\u00e9s, d\u00e9couvrez les smoothie bowls pour des petits-d\u00e9jeuners ou en-cains sains et rafra\u00eechissants, et imaginez des accompagnemens sal\u00e9s glac\u00e9s pour vos repas de f\u00eate&nbsp;!<\/p>\n\n\n\n<p><strong>Remplissez, congelez, brassez, d\u00e9gustez&nbsp;!<\/strong><\/p>\n\n\n\n<p>Comment \u00e7a marche&nbsp;? C\u2019est simple&nbsp;! Il vous suffit de remplir un bol avec les ingr\u00e9dients de votre choix et de le congeler pendant 24&nbsp;heures. Au moment de servir, placez le bol congel\u00e9 dans le bol externe, fixez la pale et le couvercle, puis placez le tout dans la Fabrique \u00e0 d\u00e9lices glac\u00e9s CREAMi. La pale se charge de transformer votre pr\u00e9paration glac\u00e9e en une texture cr\u00e9meuse en seulement quelques minutes, d\u2019une simple pression sur un bouton&nbsp;!<\/p>\n\n\n\n<p>D\u00e9gustez imm\u00e9diatement votre d\u00e9lice parfaitement onctueux ou placez-le au cong\u00e9lateur pour le d\u00e9guster plus tard.<\/p>\n\n\n\n<p><strong>Des d\u00e9lices glac\u00e9s \u00e0 votre image<\/strong><\/p>\n\n\n\n<p>Cr\u00e9ez des pr\u00e9parations parfaitement adapt\u00e9es \u00e0 votre r\u00e9gime alimentaire et \u00e0 vos pr\u00e9f\u00e9rences&nbsp;: gourmandes, sans sucre, sans produits laitiers, v\u00e9ganes\u2026 les possibilit\u00e9s sont infinies&nbsp;! Lancez-vous sans attendre gr\u00e2ce au livret de recettes inclus.<\/p>\n\n\n\n<p>Gr\u00e2ce \u00e0 ses trois bols sans BPA inclus, la Fabrique \u00e0 d\u00e9lices glac\u00e9s CREAMi permet de pr\u00e9parer jusqu\u2019\u00e0 1,4L de douceurs glac\u00e9es et de r\u00e9galer votre famille et vos amis avec jusqu\u2019\u00e0 3 parfums diff\u00e9rents.<\/p>\n\n\n\n<p><strong>Personnalisez vos pr\u00e9parations en y ajoutant des Extras<\/strong><\/p>\n\n\n\n<p>Profitez d&rsquo;une explosion de saveurs et de textures tout au long de votre d\u00e9gustation. Une fois votre pr\u00e9paration parfaitement brass\u00e9e, ajoutez-y les garnitures de votre choix tels que des p\u00e9pites de chocolat, bonbons, noix, ou morceaux de biscuits, puis utilisez la fonction Extras pour les distribuer de fa\u00e7on homog\u00e8ne dans votre pr\u00e9paration. Cette fonction est id\u00e9ale pour cr\u00e9er des douceurs personnalis\u00e9es, que vous ne retrouverez pas dans le commerce&nbsp;!<\/p>\n\n\n\n<p>Si l\u2019envie vous prend, vous pouvez \u00e9galement personnaliser des glaces achet\u00e9es dans le commerce&nbsp;: il vous suffit de remplir un pot avec la glace, d&rsquo;y ajouter vos garnitures pr\u00e9f\u00e9r\u00e9es et d\u2019utiliser la fonction Extras pour une r\u00e9partition homog\u00e8ne de vos ingr\u00e9dients.<\/p>\n\n\n\n<p><strong>Une texture toujours parfaite<\/strong><\/p>\n\n\n\n<p>La pale unique 2-en-1 r\u00e2pe et brasse les pr\u00e9parations pour leur donner une texture parfaitement cr\u00e9meuse. La pale se d\u00e9place de haut en bas pour un brassage uniforme, et des r\u00e9sultats de Chef, \u00e0 chaque fois.<\/p>\n\n\n\n<p><strong>Bien plus qu\u2019une simple sorbeti\u00e8re<\/strong><\/p>\n\n\n\n<p>Confectionnez de d\u00e9licieux desserts, boissons et autres d\u00e9lices glac\u00e9s d\u2019une simple pression sur un bouton gr\u00e2ce \u00e0 6&nbsp;programmes automatiques&nbsp;:&nbsp;<strong>cr\u00e8me glac\u00e9e, sorbet, glace \u00e0 l\u2019italienne, cr\u00e8me glac\u00e9e all\u00e9g\u00e9e, smoothie bowl et milkshake.<\/strong><\/p>\n\n\n\n<ul class=\"wp-block-list\">\n<li><strong>Cr\u00e8me glac\u00e9e<\/strong>\u00a0&#8211;\u00a0Transformez-vous en un v\u00e9ritable glacier, et pr\u00e9parez des glaces vari\u00e9es \u00e0 base de produits laitiers ou de substituts v\u00e9g\u00e9taliens. D\u00e9gustez une boule de glace \u00e0 la vanille et aux p\u00e9pites de chocolat classique, savourez un yaourt glac\u00e9 acidul\u00e9 aromatis\u00e9 avec vos parfums pr\u00e9f\u00e9r\u00e9s ou congelez simplement des bananes pour obtenir une base de cr\u00e8me glac\u00e9e v\u00e9gane parfaitement onctueuse.<\/li>\n\n\n\n<li><strong>Glace \u00e0 l\u2019italienne<\/strong>\u00a0&#8211;\u00a0Prolongez l\u2019\u00e9t\u00e9 en d\u00e9gustant des glaces \u00e0 l&rsquo;italienne gourmandes et parfaitement cr\u00e9meuses aux parfums vari\u00e9s.<\/li>\n\n\n\n<li><strong>Sorbet<\/strong>\u00a0&#8211;\u00a0Cr\u00e9ez des sorbets plein fruit pour des desserts rafra\u00eechissants gorg\u00e9s de soleil. Pour des pr\u00e9parations ultra simples et rapides, vous pouvez m\u00eame utiliser des fruits en conserve\u00a0!<\/li>\n\n\n\n<li><strong>Milkshake<\/strong>\u00a0&#8211;\u00a0Milkshakes \u00e0 la fraise ou au chocolat\u2026 ce programme est id\u00e9al pour r\u00e9aliser des recettes d\u00e9licieusement r\u00e9gressives. Si vous ne souhaitez pas pr\u00e9parer votre propre cr\u00e8me glac\u00e9e, utilisez une glace achet\u00e9e en commerce et m\u00e9langez-la avec du lait pour cr\u00e9er un d\u00e9licieux milkshake en seulement quelques instants, sans passer par la case cong\u00e9lation\u00a0!<\/li>\n\n\n\n<li><strong>Smoothie Bowl<\/strong>\u00a0&#8211;\u00a0Associez des fruits, du yaourt, du miel et d&rsquo;autres ingr\u00e9dients sains pour cr\u00e9er un petit-d\u00e9jeuner consistant et savoureux, \u00e0 garnir de vos fruits frais pr\u00e9f\u00e9r\u00e9s et de granola.<\/li>\n\n\n\n<li><strong>Cr\u00e8me glac\u00e9e all\u00e9g\u00e9e<\/strong>\u00a0&#8211;\u00a0R\u00e9alisez facilement des cr\u00e8mes glac\u00e9es \u00e0 faible teneur en sucre et\/ou en graisse, ou utilisez des substituts au sucre raffin\u00e9 traditionnel. Parfait pour confectionner des douceurs saines et des recettes c\u00e9to ou pal\u00e9o.<\/li>\n<\/ul>\n\n\n\n<p>Une fois le brassage termin\u00e9, ajoutez des p\u00e9pites de chocolat, noix et autres garnitures de votre choix \u00e0 votre pr\u00e9paration et utilisez la fonction Extras pour les r\u00e9partir de fa\u00e7on uniforme.<\/p>\n\n\n\n<p>Chaque programme est unique et param\u00e9tr\u00e9 avec une vitesse de rotation et un temps de brassage adapt\u00e9s \u00e0 chaque type de pr\u00e9paration, pour obtenir une texture parfaite. Si vous n\u2019obtenez pas le r\u00e9sultat escompt\u00e9 suite au premier brassage, vous pouvez aussi utiliser la fonction Re-Spin pour un r\u00e9sultat encore plus lisse et cr\u00e9meux&nbsp;&#8211;&nbsp;id\u00e9al si votre base est tr\u00e8s froide.<\/p>\n\n\n\n<p><strong>Simple d\u2019utilisation, facile \u00e0 nettoyer<\/strong><\/p>\n\n\n\n<p>Les commandes tactiles permettent de s\u00e9lectionner facilement votre programme, et une barre de progression s\u2019affiche sur l&rsquo;\u00e9cran pour vous indiquer le temps restant avant la fin du brassage. \u00c9l\u00e9gant et compact, cet appareil s\u2019int\u00e8gre harmonieusement dans toutes les cuisines.<\/p>\n\n\n\n<p>Les pots, couvercles, ainsi que la pale peuvent \u00eatre lav\u00e9s au lave-vaisselle dans le panier sup\u00e9rieur pour un nettoyage facile, ou lav\u00e9s \u00e0 la main avec de l&rsquo;eau savonneuse.<\/p>\n\n\n\n<p>Et pour vous aider \u00e0 trouver l\u2019inspiration, nous avons ajout\u00e9 un livret de recettes d\u00e9bordant de bonnes id\u00e9es dans la bo\u00eete.<\/p>\n\n\n\n<p><strong>Quelle sera votre premi\u00e8re cr\u00e9ation&nbsp;?<\/strong><\/p>\n\n\n\n<p><\/p>","protected":false},"excerpt":{"rendered":"<div class=\"features-title-jess\">\n<p>Les points cl\u00e9s :<\/p>\n<\/div>\n<p><b>Les machines \u00e0 desserts glac\u00e9s les plus vendues en France*.<\/b><\/p>\n<p>Cr\u00e9ez et personnalisez de d\u00e9licieuses douceurs maison, exactement comme vous les aimez. Cr\u00e8mes glac\u00e9es gourmandes, sorbets rafra\u00eechissants, glaces \u00e0 l\u2019italienne cr\u00e9meuses, yaourts glac\u00e9s, smoothie bowls sains, milkshakes \u00e9pais\u2026\u00a0<b>les possibilit\u00e9s sont infinies\u00a0!<\/b><\/p>\n<p>Il vous suffit de remplir un bol avec les ingr\u00e9dients de votre choix, de le congeler pendant 24\u00a0heures, puis de brasser la base congel\u00e9e pour obtenir un\u00a0<b>d\u00e9lice glac\u00e9 parfaitement onctueux\u00a0<\/b>en seulement quelques minutes. Gourmand, sans sucre, sans produits laitiers ou v\u00e9gan\u00a0&#8211;\u00a0\u00e0 vous de choisir\u00a0!<\/p>\n<p><b>Personnalisez vos d\u00e9lices\u00a0<\/b>en y ajoutant les garnitures de votre choix. La fonction Extras s\u2019occupe de r\u00e9partir uniform\u00e9ment vos p\u00e9pites de chocolat, noix, morceaux de biscuits ou bonbons dans votre pr\u00e9paration.<\/p>\n<p><b>Pr\u00e9parez bien plus que des glaces<\/b>\u00a0gr\u00e2ce \u00e0\u00a0<b>6\u00a0programmes automatiques<\/b>\u00a0: cr\u00e8me glac\u00e9e, sorbet, glace \u00e0 l\u2019italienne, cr\u00e8me glac\u00e9e all\u00e9g\u00e9e, smoothie bowl et milkshake.<\/p>","protected":false},"featured_media":10630,"comment_status":"closed","ping_status":"closed","template":"","meta":{"inline_featured_image":false},"product_brand":[],"product_cat":[74],"product_tag":[],"class_list":{"0":"post-10581","1":"product","2":"type-product","3":"status-publish","4":"has-post-thumbnail","6":"product_cat-ninja-creami","8":"first","9":"instock","10":"sale","11":"shipping-taxable","12":"purchasable","13":"product-type-simple"},"_links":{"self":[{"href":"https:\/\/feria-verde.com\/es\/wp-json\/wp\/v2\/product\/10581","targetHints":{"allow":["GET"]}}],"collection":[{"href":"https:\/\/feria-verde.com\/es\/wp-json\/wp\/v2\/product"}],"about":[{"href":"https:\/\/feria-verde.com\/es\/wp-json\/wp\/v2\/types\/product"}],"replies":[{"embeddable":true,"href":"https:\/\/feria-verde.com\/es\/wp-json\/wp\/v2\/comments?post=10581"}],"version-history":[{"count":0,"href":"https:\/\/feria-verde.com\/es\/wp-json\/wp\/v2\/product\/10581\/revisions"}],"wp:featuredmedia":[{"embeddable":true,"href":"https:\/\/feria-verde.com\/es\/wp-json\/wp\/v2\/media\/10630"}],"wp:attachment":[{"href":"https:\/\/feria-verde.com\/es\/wp-json\/wp\/v2\/media?parent=10581"}],"wp:term":[{"taxonomy":"product_brand","embeddable":true,"href":"https:\/\/feria-verde.com\/es\/wp-json\/wp\/v2\/product_brand?post=10581"},{"taxonomy":"product_cat","embeddable":true,"href":"https:\/\/feria-verde.com\/es\/wp-json\/wp\/v2\/product_cat?post=10581"},{"taxonomy":"product_tag","embeddable":true,"href":"https:\/\/feria-verde.com\/es\/wp-json\/wp\/v2\/product_tag?post=10581"}],"curies":[{"name":"wp","href":"https:\/\/api.w.org\/{rel}","templated":true}]}}