{"id":10598,"date":"2025-03-29T13:57:51","date_gmt":"2025-03-29T12:57:51","guid":{"rendered":"https:\/\/feria-verde.com\/?post_type=product&#038;p=10598"},"modified":"2025-04-02T08:21:56","modified_gmt":"2025-04-02T06:21:56","slug":"ninja-creami-deluxe-10-en-1-machine-a-delices-et-boissons-glacees-lot-de-5-pots","status":"publish","type":"product","link":"https:\/\/feria-verde.com\/es\/producto\/ninja-creami-deluxe-10-en-1-machine-a-delices-et-boissons-glacees-lot-de-5-pots\/","title":{"rendered":"PROMO &#8211; Ninja\u00a0CREAMi Deluxe 10-en-1 Machine \u00e0 d\u00e9lices et boissons glac\u00e9es (Lot de 5 pots)"},"content":{"rendered":"<p>Avec la&nbsp;<strong>Ninja CREAMi Deluxe<\/strong>, transformez tout (ou presque) en cr\u00e8me glac\u00e9e et bien plus encore. Utilisez les programmes classiques de la CREAMi, tels que la Cr\u00e8me glac\u00e9e, la Glace \u00e0 l&rsquo;Italienne ou les Extras. Ou pr\u00e9parez des Granit\u00e9s, Frapp\u00e9s, Yaourts glac\u00e9s et Boissons glac\u00e9es, \u00e0 la maison.<\/p>\n\n\n\n<p><strong>C&rsquo;est vous qui d\u00e9cidez<\/strong>&nbsp;: pr\u00e9parez des en-cas \u00e0 votre fa\u00e7on, gr\u00e2ce \u00e0 la technologie Creamify avanc\u00e9e. Deux moteurs puissants entra\u00eenent la pale Ninja CREAMi Deluxe, pulv\u00e9risant la glace et les ingr\u00e9dients congel\u00e9s en quelques minutes. Avec votre propre sorbeti\u00e8re, vous \u00eates libre de cr\u00e9er des versions faibles en sucre, c\u00e9tog\u00e9niques, sans lactose et v\u00e9ganes de vos desserts favoris.<\/p>\n\n\n\n<p><strong>4 nouveaux programmes<\/strong><\/p>\n\n\n\n<p>Pr\u00e9parez de savoureux desserts ou boissons glac\u00e9es gr\u00e2ce aux tout nouveaux programmes de la CREAMi : Granit\u00e9, Boisson glac\u00e9e, Frapp\u00e9, et Yaourt glac\u00e9.<\/p>\n\n\n\n<p><strong>50 % de capacit\u00e9 en plus<\/strong>*<\/p>\n\n\n\n<p>Pr\u00e9parez encore plus de cr\u00e8me glac\u00e9e pour r\u00e9galer tous vos proches. Les nouveaux pots CREAMi Deluxe ont 50 % de capacit\u00e9 en plus par rapport \u00e0 la Ninja CREAMi d\u2019origine. Avec&nbsp;<strong>cinq cuves de 709 ml<\/strong>&nbsp;et un peu de pr\u00e9paration, vous pouvez pr\u00e9parer&nbsp;<strong>jusqu&rsquo;\u00e0 2 litres de cr\u00e8me glac\u00e9e<\/strong>&nbsp;! Cr\u00e9ez cinq saveurs diff\u00e9rentes pour satisfaire toutes les envies de la famille !<\/p>\n\n\n\n<p><strong>Desserts et boissons, \u00e0 votre sauce<\/strong><\/p>\n\n\n\n<p>Transformez une base surgel\u00e9e en&nbsp;<strong>deux saveurs finies<\/strong>, l&rsquo;une dans la partie sup\u00e9rieure du pot Deluxe et l&rsquo;autre dans la partie inf\u00e9rieure. Vous pouvez m\u00eame pr\u00e9parer la base dans la partie sup\u00e9rieure pour commencer et garder le reste pour plus tard en utilisant le mode Re-Spin (Rebrasser).<\/p>\n\n\n\n<p>Vous voulez une cr\u00e8me glac\u00e9e encore plus onctueuse ?&nbsp;<strong>Choisissez votre texture pr\u00e9f\u00e9r\u00e9e<\/strong>&nbsp;et transformez vos gourmandises glac\u00e9es en desserts encore plus onctueux gr\u00e2ce au mode Re-Spin (Rebrasser).<\/p>\n\n\n\n<p>Pr\u00e9parez facilement des en-cas gourmands selon vos envies. Trouvez votre combinaison id\u00e9ale de saveurs et de textures en utilisant le&nbsp;<strong>programme Extras<\/strong>&nbsp;pour y ajouter des fruits, des noix, des bonbons et autres. Ou laissez libre cours \u00e0 votre imagination et tentez de recr\u00e9er vos desserts ou boissons favoris comme au restaurant, comme un caramel frapp\u00e9.<\/p>\n\n\n\n<p>La CREAMi Deluxe est aussi parfaite pour cr\u00e9er des en-cas gourmands qui s&rsquo;adaptent \u00e0 votre mode de vie. Des shakes prot\u00e9in\u00e9s \u00e0 la cr\u00e8me glac\u00e9e v\u00e9gane, ce livret de recettes cr\u00e9\u00e9 par des chefs regorge d&rsquo;inspiration. D\u00e9couvrez encore plus de recettes c\u00e9tog\u00e9niques, prot\u00e9in\u00e9es, sans laitages sur le site Web de&nbsp;<a href=\"https:\/\/ninjatestkitchen.eu\/fr\/\" target=\"_blank\" rel=\"noreferrer noopener\">Ninja Test Kitchen<\/a>.<\/p>\n\n\n\n<p><strong>Simple d\u2019utilisation, facile \u00e0 nettoyer<\/strong><\/p>\n\n\n\n<p>Cr\u00e9ez des desserts gourmands CREAMi&nbsp;<strong>en quatre \u00e9tapes<\/strong>. Pr\u00e9parez d&rsquo;abord votre base, mettez-la au cong\u00e9lateur pendant 24 heures, brassez et le tour est jou\u00e9 ! Le minuteur pratique vous indique combien de temps il reste et s&rsquo;allume lorsque votre cr\u00e9ation est pr\u00eate. Vous voulez un en-cas rapide ? Cr\u00e9ez des milkshakes sur le pouce, sans avoir \u00e0 les mettre au cong\u00e9lateur.<\/p>\n\n\n\n<p><strong>Astuce de pro<\/strong>&nbsp;: utilisez vos cuves suppl\u00e9mentaires pour congeler vos saveurs pr\u00e9f\u00e9r\u00e9es \u00e0 l&rsquo;avance, afin que vous ayez toujours des bases \u00e0 disposition pour lorsque vous avez envie d&rsquo;une petite pause gourmande.<\/p>\n\n\n\n<p>Vous avez besoin de nettoyer rapidement la machine pour pr\u00e9parer un milkshake ou un yaourt glac\u00e9 ? Les cuves, couvercles et la pale sont tous&nbsp;<strong>compatibles avec le lave-vaisselle<\/strong>&nbsp;(panier sup\u00e9rieur) pour vous faciliter la vie. Vous pouvez \u00e9galement les laver \u00e0 la main dans de l&rsquo;eau savonneuse.<\/p>\n\n\n\n<p><strong>Technologie Creamify avanc\u00e9e<\/strong><\/p>\n\n\n\n<p>En&nbsp;<strong>moteurs Dual-Drive&nbsp;<\/strong>appliquent une pression vers le bas et font tourner la pale professionnelle Creamerizer qui pile finement et transforme les particules de glace en d\u00e9lices gourmands, tels que les granit\u00e9s, les boissons glac\u00e9es, les frapp\u00e9s, et bien plus encore.<\/p>\n\n\n\n<p><strong>10 programmes \u00e0 touche unique<\/strong><\/p>\n\n\n\n<p>Utilisez les programmes classiques de la CREAMi tout en profitant de&nbsp;<strong>quatre programmes suppl\u00e9mentaires<\/strong>&nbsp;: Boisson glac\u00e9e, Granit\u00e9, Frapp\u00e9 et Yaourt glac\u00e9.<\/p>\n\n\n\n<ul class=\"wp-block-list\">\n<li><strong>Cr\u00e8me glac\u00e9e<\/strong>\u00a0: cr\u00e9ez votre propre cr\u00e8me glac\u00e9e \u00e9paisse et onctueuse en m\u00e9langeant du lait ou des alternatives v\u00e9g\u00e9tales avec des fruits, des extras ou des ingr\u00e9dients suppl\u00e9mentaires. Ou ajoutez un expresso \u00e0 de la cr\u00e8me glac\u00e9e \u00e0 la vanille classique pour cr\u00e9er un affogato succulent.<\/li>\n\n\n\n<li><strong>Glace \u00e0 l&rsquo;Italienne<\/strong>\u00a0: revivez vos moments pr\u00e9f\u00e9r\u00e9s des vacances en recr\u00e9ant votre propre glace \u00e0 l&rsquo;Italienne chez vous, avec des saveurs telles que le caf\u00e9 ou le citron, par exemple.<\/li>\n\n\n\n<li><strong>Sorbet<\/strong>\u00a0: transformez facilement des fruits frais ou en conserve en sorbets rafraichissants et riches en saveurs en quelques minutes, p. ex. grenade myrtille ou p\u00eache.<\/li>\n\n\n\n<li><strong>Cr\u00e8me glac\u00e9e l\u00e9g\u00e8re<\/strong>\u00a0: d\u00e9gustez des cr\u00e8mes glac\u00e9es plus l\u00e9g\u00e8res en utilisant des alternatives v\u00e9g\u00e9tales ou faibles en sucres avec vos saveurs pr\u00e9f\u00e9r\u00e9es, telles que les cookies and cream \u00e0 la menthe.<\/li>\n\n\n\n<li><strong>Yaourt glac\u00e9<\/strong>\u00a0: ajoutez des figues fra\u00eeches, du miel ou autres pour un yaourt glac\u00e9 des plus succulents.<\/li>\n\n\n\n<li><strong>Milkshake<\/strong>\u00a0: pr\u00e9parez des shakes onctueux et ultra \u00e9pais en utilisant du lait, de la glace ou des alternatives v\u00e9g\u00e9tales, avec vos extras favoris, sans avoir \u00e0 passer par l&rsquo;\u00e9tape du cong\u00e9lateur.<\/li>\n\n\n\n<li><strong>Boisson glac\u00e9e<\/strong>\u00a0: cr\u00e9ez des boissons glac\u00e9es alcoolis\u00e9es ou sans alcool qui vous rappelleront vos vacances d&rsquo;\u00e9t\u00e9 \u00e0 la mer en associant vos jus de fruits, boissons p\u00e9tillantes et autres boissons pr\u00e9f\u00e9r\u00e9s. Faites-vous plaisir avec une Pi\u00f1a Colada ou une Margarita.<\/li>\n\n\n\n<li><strong>Granit\u00e9<\/strong>\u00a0: ce petit favori de toute la famille peut \u00eatre recr\u00e9\u00e9 facilement \u00e0 la maison, avec de l&rsquo;eau et vos sirops pr\u00e9f\u00e9r\u00e9s. Essayez saveur cerise citron vert ou encore fruits frais de saison.<\/li>\n\n\n\n<li><strong>Frapp\u00e9<\/strong>\u00a0: ajoutez une touche de fra\u00eecheur \u00e0 vos boissons pr\u00e9f\u00e9r\u00e9es (caf\u00e9, th\u00e9, chocolat, etc.) comme au caf\u00e9 du coin. Savourez des boissons dignes des bars pr\u00e8s de chez vous avec un iced chai latte, ou un caf\u00e9 frapp\u00e9 classique.<\/li>\n\n\n\n<li><strong>Extras<\/strong>\u00a0: ajoutez encore plus de saveur \u00e0 vos pr\u00e9parations. Le programme Extras vous permet d&rsquo;ajouter des noix, du chocolat et bien plus \u00e0 vos cr\u00e8mes glac\u00e9es, milkshakes et autres.<\/li>\n<\/ul>\n\n\n\n<p><strong>Contenu de la bo\u00eete<\/strong>&nbsp;:<\/p>\n\n\n\n<ul class=\"wp-block-list\">\n<li><strong>Base motoris\u00e9e avec moteurs Dual-Drive<\/strong>\u00a0: La technologie CREAMify avanc\u00e9e transforme tout (ou presque) en un en-cas glac\u00e9 ou onctueux \u00e0 l&rsquo;aide de 10 programmes \u00e0 une touche.<\/li>\n\n\n\n<li><strong>Batteur Deluxe Creamerizer<\/strong>\u00a0: les lames robustes en acier inoxydable pilent, brassent les particules de glace et m\u00e9langent les ingr\u00e9dients pour cr\u00e9er des gourmandises glac\u00e9es les plus cr\u00e9meuses et rafra\u00eechissantes en quelques minutes.<\/li>\n\n\n\n<li><strong>5 pots CREAMi Deluxe de 709 ml\u00a0<\/strong>avec couvercles de rangement : cr\u00e9ez deux fois la quantit\u00e9 de cr\u00e8me glac\u00e9e pour la manger telle quelle ou sous forme de sundae. Ou congelez des bases suppl\u00e9mentaires pour en avoir toujours \u00e0 disposition lorsque vous avez envie d&rsquo;une pause gourmande.<\/li>\n\n\n\n<li><strong>Bol externe et couvercle<\/strong>\u00a0: fabriqu\u00e9 en ABS durable, r\u00e9sistant aux chocs et \u00e0 la chaleur, ce bol pratique abrite le pot Deluxe et maintient la pale Creamerizer en place pendant le brassage, l&rsquo;aidant \u00e0 cr\u00e9er les sorbets, glaces \u00e0 l&rsquo;Italienne et autres, les plus cr\u00e9meux et rafra\u00eechissants.<\/li>\n\n\n\n<li><strong>Livret de recettes\u00a0<\/strong>: contient plus de 30 d\u00e9licieuses recettes qui vont satisfaire \u00e0 coup s\u00fbr toutes vos fringales. Quelle sera votre premi\u00e8re cr\u00e9ation ?<\/li>\n<\/ul>","protected":false},"excerpt":{"rendered":"<p><b>Les machines \u00e0 desserts glac\u00e9s les plus vendues en France<sup>1<\/sup>.<\/b><\/p>\n<ul>\n<li><b>Lot exclusif !<\/b>\u00a0Comprend 2 pots Creami Deluxe de 709 ml suppl\u00e9mentaires (pour un total de 5**)<\/li>\n<li><b>Technologie Creamify Advanced\u00a0<\/b>: savourez des granit\u00e9s, des cr\u00e8mes glac\u00e9es onctueuses et des boissons glac\u00e9es en quelques minutes seulement<\/li>\n<li><b>50 % de cr\u00e8me glac\u00e9e en plus<\/b>*<\/li>\n<li><b>10 programmes \u00e0 touche unique<\/b>\u00a0: Cr\u00e8me glac\u00e9e, Sorbet, Glace all\u00e9g\u00e9e, Glace \u00e0 l&rsquo;Italienne, Milkshake, Frapp\u00e9, Boisson glac\u00e9e, Granit\u00e9, Yaourt glac\u00e9 et une fonction Extras<\/li>\n<li><b>Dimensiones<\/b>\u00a0: L : 30,5 cm x H : 42,39 cm x l : 21,38 cm.\u00a0<b>Peso<\/b>\u00a0: 6,54 kg\u00a0<b>Couleur<\/b>\u00a0: Argent<\/li>\n<\/ul>","protected":false},"featured_media":10601,"comment_status":"closed","ping_status":"closed","template":"","meta":{"inline_featured_image":false},"product_brand":[],"product_cat":[74],"product_tag":[],"class_list":{"0":"post-10598","1":"product","2":"type-product","3":"status-publish","4":"has-post-thumbnail","6":"product_cat-ninja-creami","8":"first","9":"instock","10":"sale","11":"shipping-taxable","12":"purchasable","13":"product-type-simple"},"_links":{"self":[{"href":"https:\/\/feria-verde.com\/es\/wp-json\/wp\/v2\/product\/10598","targetHints":{"allow":["GET"]}}],"collection":[{"href":"https:\/\/feria-verde.com\/es\/wp-json\/wp\/v2\/product"}],"about":[{"href":"https:\/\/feria-verde.com\/es\/wp-json\/wp\/v2\/types\/product"}],"replies":[{"embeddable":true,"href":"https:\/\/feria-verde.com\/es\/wp-json\/wp\/v2\/comments?post=10598"}],"version-history":[{"count":0,"href":"https:\/\/feria-verde.com\/es\/wp-json\/wp\/v2\/product\/10598\/revisions"}],"wp:featuredmedia":[{"embeddable":true,"href":"https:\/\/feria-verde.com\/es\/wp-json\/wp\/v2\/media\/10601"}],"wp:attachment":[{"href":"https:\/\/feria-verde.com\/es\/wp-json\/wp\/v2\/media?parent=10598"}],"wp:term":[{"taxonomy":"product_brand","embeddable":true,"href":"https:\/\/feria-verde.com\/es\/wp-json\/wp\/v2\/product_brand?post=10598"},{"taxonomy":"product_cat","embeddable":true,"href":"https:\/\/feria-verde.com\/es\/wp-json\/wp\/v2\/product_cat?post=10598"},{"taxonomy":"product_tag","embeddable":true,"href":"https:\/\/feria-verde.com\/es\/wp-json\/wp\/v2\/product_tag?post=10598"}],"curies":[{"name":"wp","href":"https:\/\/api.w.org\/{rel}","templated":true}]}}