{"id":10613,"date":"2025-03-29T14:09:24","date_gmt":"2025-03-29T13:09:24","guid":{"rendered":"https:\/\/feria-verde.com\/?post_type=product&#038;p=10613"},"modified":"2025-03-29T14:19:27","modified_gmt":"2025-03-29T13:19:27","slug":"ninja-creami-deluxe-10-en-1-machine-a-glace-et-blender-portable-sans-fil-ninja-blast","status":"publish","type":"product","link":"https:\/\/feria-verde.com\/es\/producto\/ninja-creami-deluxe-10-en-1-machine-a-glace-et-blender-portable-sans-fil-ninja-blast\/","title":{"rendered":"Ninja\u00a0CREAMi Deluxe 10-en-1 Machine \u00e0 glace et Blender portable sans fil\u00a0Ninja\u00a0Blast"},"content":{"rendered":"<p><strong><u>Ninja CREAMi Deluxe<\/u><\/strong><\/p>\n\n\n\n<p>Avec la&nbsp;<strong>Ninja CREAMi Deluxe<\/strong>, transformez tout (ou presque) en cr\u00e8me glac\u00e9e et bien plus encore. Utilisez les programmes classiques de la CREAMi, tels que la Cr\u00e8me glac\u00e9e, la Glace \u00e0 l&rsquo;Italienne ou les Extras. Ou pr\u00e9parez des Granit\u00e9s, Frapp\u00e9s, Yaourts glac\u00e9s et Boissons glac\u00e9es, \u00e0 la maison.<\/p>\n\n\n\n<p><strong>4 nouveaux programmes<\/strong><\/p>\n\n\n\n<p>Pr\u00e9parez de savoureux desserts ou boissons glac\u00e9es gr\u00e2ce aux tout nouveaux programmes de la CREAMi : Granit\u00e9, Boisson glac\u00e9e, Frapp\u00e9, et Yaourt glac\u00e9.<\/p>\n\n\n\n<p><strong>50 % de capacit\u00e9 en plus<\/strong>*<\/p>\n\n\n\n<p>Pr\u00e9parez encore plus de cr\u00e8me glac\u00e9e pour r\u00e9galer tous vos proches. Les nouveaux pots CREAMi Deluxe ont 50 % de capacit\u00e9 en plus par rapport \u00e0 la Ninja CREAMi d\u2019origine. Avec&nbsp;<strong>trois cuves de 709 ml<\/strong>&nbsp;et un peu de pr\u00e9paration, vous pouvez pr\u00e9parer&nbsp;<strong>jusqu&rsquo;\u00e0 2 litres de cr\u00e8me glac\u00e9e<\/strong>&nbsp;! Cr\u00e9ez trois saveurs diff\u00e9rentes pour satisfaire toutes les envies de la famille !<\/p>\n\n\n\n<p><strong>Desserts et boissons, \u00e0 votre sauce<\/strong><\/p>\n\n\n\n<p>Transformez une base surgel\u00e9e en&nbsp;<strong>deux saveurs finies<\/strong>, l&rsquo;une dans la partie sup\u00e9rieure du pot Deluxe et l&rsquo;autre dans la partie inf\u00e9rieure. Vous pouvez m\u00eame pr\u00e9parer la base dans la partie sup\u00e9rieure pour commencer et garder le reste pour plus tard en utilisant le mode Re-Spin (Rebrasser).<\/p>\n\n\n\n<p><strong>Simple d\u2019utilisation, facile \u00e0 nettoyer<\/strong><\/p>\n\n\n\n<p>Cr\u00e9ez des desserts gourmands CREAMi&nbsp;<strong>en quatre \u00e9tapes<\/strong>. Pr\u00e9parez d&rsquo;abord votre base, mettez-la au cong\u00e9lateur pendant 24 heures, brassez et le tour est jou\u00e9 ! Le minuteur pratique vous indique combien de temps il reste et s&rsquo;allume lorsque votre cr\u00e9ation est pr\u00eate. Vous voulez un en-cas rapide ? Cr\u00e9ez des milkshakes sur le pouce, sans avoir \u00e0 les mettre au cong\u00e9lateur.<\/p>\n\n\n\n<p><strong>Technologie Creamify avanc\u00e9e<\/strong><\/p>\n\n\n\n<p>En&nbsp;<strong>moteurs Dual-Drive&nbsp;<\/strong>appliquent une pression vers le bas et font tourner la pale professionnelle Creamerizer qui pile finement et transforme les particules de glace en d\u00e9lices gourmands, tels que les granit\u00e9s, les boissons glac\u00e9es, les frapp\u00e9s, et bien plus encore.<\/p>\n\n\n\n<p><strong>10 programmes \u00e0 touche unique<\/strong><\/p>\n\n\n\n<p>Utilisez les programmes classiques de la CREAMi tout en profitant de&nbsp;<strong>quatre programmes suppl\u00e9mentaires<\/strong>&nbsp;: Boisson glac\u00e9e, Granit\u00e9, Frapp\u00e9 et Yaourt glac\u00e9.<\/p>\n\n\n\n<p><strong><u>Blender portable Blast<\/u><\/strong><\/p>\n\n\n\n<p><strong>PUISSANT. NOMADE. RECHARGEABLE<\/strong><\/p>\n\n\n\n<p>Faites le plein d&rsquo;\u00e9nergie o\u00f9 que vous soyez avec le blender le plus compact et le plus silencieux de la gamme Ninja. Une simple pression sur un bouton vous permet de cr\u00e9er aussi bien des boissons onctueuses que des pr\u00e9parations type granit\u00e9s ou frapp\u00e9s.<\/p>\n\n\n\n<p>Chez vous ou chez vos proches, en salle de sport, en pique-nique ou au bureau, avec sa conception sans fil et son format l\u00e9ger, compact mais puissant, BLAST de Ninja est le blender et l&rsquo;alli\u00e9 parfait pour s&rsquo;adapter au rythme de votre vie.<\/p>\n\n\n\n<p><strong>L&rsquo;efficacit\u00e9 des blenders Ninja, en format compact<\/strong><\/p>\n\n\n\n<p>Appareil con\u00e7u pour mixer de fa\u00e7on homog\u00e8ne m\u00eame les ingr\u00e9dients congel\u00e9s, pour une multitude de possibilit\u00e9s ; des smoothies onctueux, shakes prot\u00e9in\u00e9s, boissons type granit\u00e9s ou cocktails \u00e0 base de glace pil\u00e9e, frapp\u00e9s, et m\u00eame des sauces, vinaigrettes et dips \u00e0 partager.<\/p>\n\n\n\n<p><strong>Une conception sans fil, pour une utilisation en toute libert\u00e9<\/strong><\/p>\n\n\n\n<p>Son format compact, l\u00e9ger et sans fil s&rsquo;adapte \u00e0 tous les espaces, m\u00eame restreints, tout en garantissant une qualit\u00e9 de mixage. Que vous soyez dans votre cuisine, votre salon, votre jardin, en salle de sport, en pique-nique ou au bureau, mixez et cr\u00e9ez des pr\u00e9parations parfaites, \u00e0 tout moment.<\/p>\n\n\n\n<p>Con\u00e7u avec un couvercle anti-fuite int\u00e9grant un bec verseur et une anse de transport, emportez le facilement sans crainte avec vous, pour une consommation imm\u00e9diate apr\u00e8s mixage et une utilisation en toute facilit\u00e9.<\/p>\n\n\n\n<p><strong>Batterie longue dur\u00e9e<\/strong>&nbsp;:<\/p>\n\n\n\n<p>La base USB-C rechargeable vous offre plus de 10 sessions de mixage sur une charge compl\u00e8te. Temps de recharge: 2h.<\/p>\n\n\n\n<p><strong>F\u00e1cil de usar<\/strong><\/p>\n\n\n\n<p>Une simple pression suffit pour mixer et pr\u00e9parer vos boissons. Utilisation s\u00e9curis\u00e9e et pratique gr\u00e2ce \u00e0 un bouton d&rsquo;allumage ind\u00e9pendant.<\/p>\n\n\n\n<p><strong>Facile \u00e0 nettoyer<\/strong><\/p>\n\n\n\n<p>Pour un nettoyage automatique en toute facilit\u00e9, il suffit d&rsquo;ajouter de l&rsquo;eau dans le gobelet, une goutte de liquide vaisselle et de lancer un cycle de mixage automatique de 30 secondes.<\/p>","protected":false},"excerpt":{"rendered":"<p><b>Lot exclusif ! Ninja CREAMi Deluxe 10-en-1 Machine \u00e0 glace et Blender portable sans fil Ninja Blast noir.<\/b><\/p>\n<p><b><u>Ninja CREAMi Deluxe<\/u><\/b><\/p>\n<ul>\n<li>Technologie Creamify Advanced : savourez des granit\u00e9s, des cr\u00e8mes glac\u00e9es onctueuses et des boissons glac\u00e9es en quelques minutes seulement<\/li>\n<li>50 % de cr\u00e8me glac\u00e9e en plus*<\/li>\n<li>10 programmes \u00e0 touche unique<\/li>\n<\/ul>\n<p><b><u>Blender portable Blast<\/u><\/b><\/p>\n<ul>\n<li>Mixez facilement des smoothies, des boissons prot\u00e9in\u00e9es et glac\u00e9es \u00e0 la maison ou en ext\u00e9rieur<\/li>\n<li>Parfait pour la salle de sport, le parc, la voiture, le travail et bien plus encore<\/li>\n<li>Ultra silencieux et compact<\/li>\n<\/ul>","protected":false},"featured_media":10614,"comment_status":"closed","ping_status":"closed","template":"","meta":{"inline_featured_image":false},"product_brand":[],"product_cat":[74],"product_tag":[],"class_list":{"0":"post-10613","1":"product","2":"type-product","3":"status-publish","4":"has-post-thumbnail","6":"product_cat-ninja-creami","8":"first","9":"instock","10":"sale","11":"shipping-taxable","12":"purchasable","13":"product-type-simple"},"_links":{"self":[{"href":"https:\/\/feria-verde.com\/es\/wp-json\/wp\/v2\/product\/10613","targetHints":{"allow":["GET"]}}],"collection":[{"href":"https:\/\/feria-verde.com\/es\/wp-json\/wp\/v2\/product"}],"about":[{"href":"https:\/\/feria-verde.com\/es\/wp-json\/wp\/v2\/types\/product"}],"replies":[{"embeddable":true,"href":"https:\/\/feria-verde.com\/es\/wp-json\/wp\/v2\/comments?post=10613"}],"version-history":[{"count":0,"href":"https:\/\/feria-verde.com\/es\/wp-json\/wp\/v2\/product\/10613\/revisions"}],"wp:featuredmedia":[{"embeddable":true,"href":"https:\/\/feria-verde.com\/es\/wp-json\/wp\/v2\/media\/10614"}],"wp:attachment":[{"href":"https:\/\/feria-verde.com\/es\/wp-json\/wp\/v2\/media?parent=10613"}],"wp:term":[{"taxonomy":"product_brand","embeddable":true,"href":"https:\/\/feria-verde.com\/es\/wp-json\/wp\/v2\/product_brand?post=10613"},{"taxonomy":"product_cat","embeddable":true,"href":"https:\/\/feria-verde.com\/es\/wp-json\/wp\/v2\/product_cat?post=10613"},{"taxonomy":"product_tag","embeddable":true,"href":"https:\/\/feria-verde.com\/es\/wp-json\/wp\/v2\/product_tag?post=10613"}],"curies":[{"name":"wp","href":"https:\/\/api.w.org\/{rel}","templated":true}]}}