{"id":11355,"date":"2025-05-20T07:47:05","date_gmt":"2025-05-20T05:47:05","guid":{"rendered":"https:\/\/feria-verde.com\/?post_type=product&#038;p=11355"},"modified":"2025-05-20T07:47:06","modified_gmt":"2025-05-20T05:47:06","slug":"desherbant-herbicide-glyphosate-roundup-ultraplus-5l","status":"publish","type":"product","link":"https:\/\/feria-verde.com\/es\/producto\/desherbant-herbicide-glyphosate-roundup-ultraplus-5l\/","title":{"rendered":"Herbicida Glifosato ROUNDUP UltraPlus 5L"},"content":{"rendered":"<p>\u2714\ufe0fTous tipos de jardines<br>\u2714\ufe0fEfficacit\u00e9 garantizado en 100%<br>\u2714\ufe0fFacile utilizar<br>\u2714\ufe0fR\u00e9sultats<\/p>\n\n\n\n<p>Roundup\u00ae UltraPlus es un herbicida l\u00edquido de Monsanto que ofrece la m\u00e1xima eficacia y resultados.<\/p>\n\n\n\n<p>-Eficaz contra las malas hierbas, Roundup\u00ae UltraPlus tiene una formulaci\u00f3n \u00fanica.<br>-Herbicida concentrado sin efecto residual.<br>-Composici\u00f3n: 36% GLIFOSATO (SAL POT\u00c1SICA) [SL] P\/V<br>Contenedor de -5L.<br>-Para tratar hasta 30.000 m2.<\/p>\n\n\n\n<p><strong>Lo m\u00e1s destacado:<\/strong><br>Eficaz contra las malas hierbas, RoundUp\u00ae UltraPlus tiene una formulaci\u00f3n \u00fanica.<br>Herbicida concentrado sin efecto residual.<br>Eficacia garantizada a 100%<br>F\u00e1cil de usar<br>Para tratar hasta 3000 m2.<br>Adecuado para todo tipo de jardines, plantaciones agr\u00edcolas y frutales.<br>Formulaci\u00f3n \u00fanica<br>Composici\u00f3n: 36% Glifosato (sal pot\u00e1sica) (320\/150caracteres)<\/p>\n\n\n\n<p>Aplicaci\u00f3n<br>Tratamiento herbicida contra las malas hierbas en post-emergencia de las mismas :<\/p>\n\n\n\n<p>Hierbas intensivas extensivas: malas hierbas anuales.<br>Madera: malas hierbas anuales y perennes.<br>Canales de riego y bordes: malas hierbas perennes.<br>Praderas: maleza le\u00f1osa.<br>Composici\u00f3n del herbicida l\u00edquido:<br>Roundup UltraPlus est\u00e1 compuesto por Glifosato 36% (sal pot\u00e1sica).<br>Concentrado soluble.<\/p>\n\n\n\n<p>\u00bfC\u00f3mo se utiliza el herbicida Roundup Ultra plus?<br>Cuando se utiliza un herbicida, siempre es aconsejable utilizar un pulverizador, ya que permite disolver el producto en agua y aplicarlo despu\u00e9s a las malas hierbas. Aplicando la diluci\u00f3n correcta para el tipo de necesidad, se pueden conseguir resultados satisfactorios para mantener libres las malas hierbas.<\/p>\n\n\n\n<p>\u00bfD\u00f3nde puede utilizarse el herbicida Roundup Ultra plus?<br>Los lugares donde se puede utilizar Roundup son variados, ya que muchos profesionales lo emplean para distintos tipos de necesidades, como cultivos, protecci\u00f3n del medio ambiente y prevenci\u00f3n de incendios, pero tambi\u00e9n para uso dom\u00e9stico.<br>Por eso este herbicida se utiliza en las orillas de las acequias, carreteras, canales de riesgo y cortafuegos, para prevenir peligros y accidentes y mantener las zonas limpias de maleza y maleza.<br>Se utiliza en cultivos le\u00f1osos, en los bordes de los cultivos, durante la siembra y para el control natural de las malas hierbas.<\/p>\n\n\n\n<p>\u00bfCu\u00e1nto tarda en hacer efecto Roundup ultra plus?<br>Los da\u00f1os visibles en malas hierbas y gram\u00edneas se producen en los primeros 5 d\u00edas, por lo que se recomienda realizar las aplicaciones cuando las plantas est\u00e9n creciendo activamente.<\/p>\n\n\n\n<p><strong>\u00bfCu\u00e1nto m\u00e1s Roundup ultra por litro de agua?<\/strong><br>Dosis para pulverizador de mochila: 50-80cc\/5Lts\/100m2<\/p>\n\n\n\n<p>Aplicar a baja presi\u00f3n (menos de 2 kg\/cm2) uniformemente sobre el follaje de las malas hierbas en vegetaci\u00f3n activa y sin s\u00edntomas de sequ\u00eda, seg\u00fan la siguiente dosificaci\u00f3n:<br>- 0,6-1,0 l\/ha en aplicaciones mecanizadas o manuales, con vol\u00famenes de agua inferiores a 200 l\/ha, contra rizobios de cereales, avena silvestre, vallico, alpiste, bromo, poa y otras gram\u00edneas en la fase de post-emergencia temprana.<br>- 2,4 - 4,8 l\/ha en aplicaciones mecanizadas o manuales, con vol\u00famenes de agua inferiores a 400 l\/ha contra malas hierbas anuales de hoja ancha desarrolladas como malva, verdolaga, algodoncillo, cerceta, pamplina, fresno o Conyza y gram\u00edneas anuales.<br>- 4,8-8,0 l\/ha: en aplicaciones mecanizadas con vol\u00famenes de agua de 200-400 l\/ha contra malas hierbas perennes desarrolladas como la juncia, la grama, la correhuela, el alpiste, los cardos, el alpiste y otras malas hierbas perennes.<br>- Pastos extensos :<br>control de especies anuales, 2'4-4'8 l\/ha, aplicar antes de sembrar el cultivo. Si las especies infestantes son gram\u00edneas anuales en la fase de postemergencia temprana, es suficiente con 0,6-1 l\/ha;<br>Control de malas hierbas perennes, 4-8 l\/ha, aplicar antes de sembrar el cultivo. PS: NP.<br>- Cultivos herb\u00e1ceos intensivos :<br>control de especies anuales, 2'4-4'8 l\/ha, tratar antes de sembrar el cultivo. Si los infestantes son gram\u00edneas anuales en la fase de post-emergencia temprana, 0,6-1 l\/ha es suficiente;<br>. -Control perenne de malas hierbas, 4-8 l\/ha, aplicar antes de sembrar el cultivo. PS: NP.<br>- Jardiner\u00eda exterior dom\u00e9stica: producto autorizado.<br>- Plantas le\u00f1osas: aplicar s\u00f3lo a cultivos no rastreros de m\u00e1s de 3-4 a\u00f1os y como aplicaci\u00f3n dirigida:<br>contra especies anuales, 2'4-4'8 l\/ha; si los infestantes son gram\u00edneas anuales en la fase de post-emergencia temprana, es suficiente con 0'6-1 l\/ha;<br>Control de malas hierbas perennes, 4-8 l\/ha. PS: NP.<br>- Bordes: control perenne, 4'8-8 l\/ha. PS: NP.<br>- Bordes de zanja: control de malas hierbas perennes, 4-8 l\/ha. PS: NP.<br>- M\u00e1rgenes de cultivos: control de malas hierbas perennes, 4-8 l\/ha. PS: NP.<br>- Olivo: para facilitar la recolecci\u00f3n en las almazaras, se puede realizar un \u00fanico tratamiento en la copa del \u00e1rbol a una dosis de 3 l\/ha realmente tratada. PS: 7 d\u00edas.<br>- Pastizales: control de malas hierbas perennes, 4-8 l\/ha. PS: NP.<br>Aplicar con equipo accionado por tractor: pulverizaci\u00f3n hidr\u00e1ulica (100-400 l\/ha de caldo de pulverizaci\u00f3n) o centr\u00edfuga (20-50 l\/ha de caldo de pulverizaci\u00f3n) o con equipo manual: pulverizaci\u00f3n hidr\u00e1ulica (200-400 l\/ha).<\/p>\n\n\n\n<p><\/p>","protected":false},"excerpt":{"rendered":"<p>\u2714\ufe0fTous les types de jardins\u2714\ufe0fEfficacit\u00e9 garantie \u00e0 100%\u2714\ufe0fFacile \u00e0 utiliser\u2714\ufe0fR\u00e9sultats rapides Roundup\u00ae UltraPlus est un herbicide liquide de Monsanto, offrant une efficacit\u00e9 et des r\u00e9sultats maximaux. -Efficace contre les mauvaises herbes, Roundup\u00ae UltraPlus a une formulation unique.-Herbicide concentr\u00e9 sans effet r\u00e9siduel.-Composition : 36% GLYPHOSATE (SEL DE POTASSIUM) [SL] P\/V-Conteneur de 5L.-Pour traiter jusqu\u2019\u00e0 30.000 m2. Les points forts:Efficace contre les mauvaises herbes, RoundUp\u00ae UltraPlus a une formulation unique.Herbicide concentr\u00e9 sans effet r\u00e9siduel.Efficacit\u00e9 garantie \u00e0 100%Facile \u00e0 utiliserPour traiter jusqu\u2019\u00e0 3000 m2.Convient pour tous types de jardins, plantations agricoles et fruiti\u00e8res.Formulation uniqueComposition : 36% Glyphosate (Sel de Potassiu (320\/150caract\u00e8res) ApplicationTraitement herbicide contre les mauvaises herbes en post-lev\u00e9e du m\u00eame en : Herbac\u00e9es extensives intensives : mauvaises herbes annuelles.Bois : mauvaises herbes annuelles et vivaces.Canaux d\u2019irrigation et bordures : mauvaises herbes vivaces.Prairies : mauvaises herbes ligneuses.Composition de l\u2019herbicide liquide:Roundup UltraPlus est compos\u00e9 de Glyphosate 36% (sel de potassium).Concentr\u00e9 soluble. Comment utiliser l\u2019herbicide Roundup Ultra plus ?Pour utiliser un herbicide, il est toujours recommand\u00e9 d\u2019utiliser un pulv\u00e9risateur car cela permet de dissoudre le produit dans l\u2019eau et de l\u2019appliquer ensuite sur les mauvaises herbes. En appliquant la dilution correcte pour le type de besoin, des r\u00e9sultats satisfaisants peuvent \u00eatre obtenus afin de garder les mauvaises herbes libres. O\u00f9 utiliser l\u2019herbicide Roundup Ultra plus ?Les diff\u00e9rents endroits o\u00f9 le Roundup peut \u00eatre utilis\u00e9 sont vari\u00e9s, car de nombreux professionnels l\u2019utilisent pour diff\u00e9rents types de besoins, cultures, protection de l\u2019environnement, pr\u00e9vention des incendies, mais aussi pour un usage domestique.C\u2019est pourquoi cet herbicide est utilis\u00e9 sur les berges des foss\u00e9s d\u2019irrigation, les routes, les canaux \u00e0 risque, les pare-feu, pour pr\u00e9venir les risques et les accidents, ainsi que pour maintenir les zones propres des mauvaises herbes et des broussailles.De la m\u00eame mani\u00e8re qu\u2019il est utilis\u00e9 dans les cultures ligneuses, en bordure des cultures, lors des semis et pour le d\u00e9sherbage naturel. Combien de temps faut-il pour que Roundup ultra plus fasse effet ?Les dommages visibles sur les mauvaises herbes et les gramin\u00e9es sont visibles dans les 5 premiers jours, il est donc recommand\u00e9 d\u2019effectuer les applications lorsque les plantes sont en pleine croissance. Combien de Roundup ultra plus par litre d\u2019eau ?Dosage du pulv\u00e9risateur \u00e0 dos : 50-80cc\/5Lts\/100m2 Appliquer \u00e0 faible pression (moins de 2 kg\/cm2) uniform\u00e9ment sur le feuillage des mauvaises herbes en v\u00e9g\u00e9tation active et sans sympt\u00f4mes de s\u00e9cheresse, selon le dosage suivant :\u2013 0,6-1,0 l\/ha en applications m\u00e9canis\u00e9es ou manuelles, avec des volumes d\u2019eau inf\u00e9rieurs \u00e0 200l\/ha, contre les rhizobies des c\u00e9r\u00e9ales, la folle avoine, le vallico, l\u2019alpiste, le bromus, le poa et d\u2019autres gramin\u00e9es au stade de post-\u00e9mergence pr\u00e9coce.\u2013 2, 4 \u2013 4,8 l\/ha en applications m\u00e9canis\u00e9es ou manuelles, avec des volumes d\u2019eau inf\u00e9rieurs \u00e0 400 l\/ha contre les dicotyl\u00e9dones annuelles d\u00e9velopp\u00e9es telles que la mauve, le pourpier, l\u2019ascl\u00e9piade, l\u2019amarante, le mouron des oiseaux, le fr\u00eane ou Conyza et les gramin\u00e9es annuelles.\u2013 4,8-8,0 l\/ha : en applications m\u00e9canis\u00e9es avec des volumes d\u2019eau compris entre 200-400 l\/ha contre les mauvaises herbes vivaces d\u00e9velopp\u00e9es telles que la la\u00eeche, le chiendent, le liseron, l\u2019alpiste roseau, les chardons, l\u2019alpiste roseau et autres mauvaises herbes vivaces.\u2013 Gramin\u00e9es \u00e9tendues :.- contr\u00f4le des esp\u00e8ces annuelles, 2\u20194-4\u20198 l\/ha, traiter en pr\u00e9-semis de la culture. Si les esp\u00e8ces infestantes sont des gramin\u00e9es annuelles au stade de post-\u00e9mergence pr\u00e9coce, 0,6-1 l\/ha est suffisant ;.- lutte contre les vivaces, 4-8 l\/ha, traiter en pr\u00e9-semis de la culture. PS : NP.\u2013 Cultures herbac\u00e9es intensives :.- contr\u00f4le des esp\u00e8ces annuelles, 2\u20194-4\u20198 l\/ha, traiter avant le semis de la culture. Si les infestants sont des gramin\u00e9es annuelles au stade de post-\u00e9mergence pr\u00e9coce, 0,6-1 l\/ha sont suffisants ;. -lutte contre les vivaces, 4-8 l\/ha, traiter en pr\u00e9-semis de la culture. PS : NP.\u2013 Jardinage domestique ext\u00e9rieur : produit autoris\u00e9.\u2013 Plantes ligneuses : appliquer uniquement sur les cultures non rampantes de plus de 3-4 ans et en application dirig\u00e9e :.- contre les esp\u00e8ces annuelles, 2\u20194-4\u20198 l\/ha ; dans le cas o\u00f9 les infestants sont des gramin\u00e9es annuelles au stade de post-\u00e9mergence pr\u00e9coce, 0\u20196-1 l\/ha sont suffisants ;.- contr\u00f4le des plantes vivaces, 4-8 l\/ha. PS : NP.\u2013 Bordures : contr\u00f4le des vivaces, 4\u20198-8 l\/ha. PS : NP.\u2013 Bordures de foss\u00e9s : contr\u00f4le des plantes vivaces, 4-8 l\/ha. PS : NP.\u2013 Marges des cultures : contr\u00f4le des plantes vivaces, 4-8 l\/ha. PS : NP.\u2013 Olivier : afin de faciliter la r\u00e9colte dans les moulins \u00e0 huile d\u2019olive, un seul traitement peut \u00eatre effectu\u00e9 dans la canop\u00e9e de l\u2019arbre \u00e0 une dose de 3 l\/ha effectivement trait\u00e9. PS : 7 jours.\u2013 Prairies : contr\u00f4le des plantes vivaces, 4-8 l\/ha. PS : NP.Appliquer \u00e0 l\u2019aide d\u2019un \u00e9quipement entra\u00een\u00e9 par un tracteur : pulv\u00e9risation hydraulique (100-400 l\/ha de bouillie) ou centrifuge (20-50 l\/ha de bouillie) ou \u00e0 l\u2019aide d\u2019un \u00e9quipement manuel : pulv\u00e9risation hydraulique (200-400 l\/ha).<\/p>","protected":false},"featured_media":11376,"comment_status":"closed","ping_status":"closed","template":"","meta":{"inline_featured_image":false},"product_brand":[],"product_cat":[75],"product_tag":[],"class_list":{"0":"post-11355","1":"product","2":"type-product","3":"status-publish","4":"has-post-thumbnail","6":"product_cat-desherbants-herbicides","8":"first","9":"instock","10":"sale","11":"shipping-taxable","12":"purchasable","13":"product-type-simple"},"_links":{"self":[{"href":"https:\/\/feria-verde.com\/es\/wp-json\/wp\/v2\/product\/11355","targetHints":{"allow":["GET"]}}],"collection":[{"href":"https:\/\/feria-verde.com\/es\/wp-json\/wp\/v2\/product"}],"about":[{"href":"https:\/\/feria-verde.com\/es\/wp-json\/wp\/v2\/types\/product"}],"replies":[{"embeddable":true,"href":"https:\/\/feria-verde.com\/es\/wp-json\/wp\/v2\/comments?post=11355"}],"version-history":[{"count":1,"href":"https:\/\/feria-verde.com\/es\/wp-json\/wp\/v2\/product\/11355\/revisions"}],"predecessor-version":[{"id":11377,"href":"https:\/\/feria-verde.com\/es\/wp-json\/wp\/v2\/product\/11355\/revisions\/11377"}],"wp:featuredmedia":[{"embeddable":true,"href":"https:\/\/feria-verde.com\/es\/wp-json\/wp\/v2\/media\/11376"}],"wp:attachment":[{"href":"https:\/\/feria-verde.com\/es\/wp-json\/wp\/v2\/media?parent=11355"}],"wp:term":[{"taxonomy":"product_brand","embeddable":true,"href":"https:\/\/feria-verde.com\/es\/wp-json\/wp\/v2\/product_brand?post=11355"},{"taxonomy":"product_cat","embeddable":true,"href":"https:\/\/feria-verde.com\/es\/wp-json\/wp\/v2\/product_cat?post=11355"},{"taxonomy":"product_tag","embeddable":true,"href":"https:\/\/feria-verde.com\/es\/wp-json\/wp\/v2\/product_tag?post=11355"}],"curies":[{"name":"wp","href":"https:\/\/api.w.org\/{rel}","templated":true}]}}