{"id":11363,"date":"2025-05-20T07:47:05","date_gmt":"2025-05-20T05:47:05","guid":{"rendered":"https:\/\/feria-verde.com\/?post_type=product&#038;p=11363"},"modified":"2025-05-20T07:47:07","modified_gmt":"2025-05-20T05:47:07","slug":"herbicide-1l-barbarian-pour-tous-les-jardins","status":"publish","type":"product","link":"https:\/\/feria-verde.com\/es\/producto\/herbicide-1l-barbarian-pour-tous-les-jardins\/","title":{"rendered":"Herbicida Barbarian 1L Para todos los jardines"},"content":{"rendered":"<p>&nbsp;herbicidas para uso profesional.<br>* Proceso de 1 litro en 0,4 acres que ofrece la mejor relaci\u00f3n calidad-precio disponible.<br>es un herbicida dom\u00e9stico que contiene 360 g\/l de glifosato para el control eficaz de las malas hierbas anuales perennes y profundamente enraizadas, incluidas las gram\u00edneas, los brotes, las ortigas, los sauces, los dientes de le\u00f3n y las enredaderas. Controla la mayor\u00eda de las malas hierbas en una sola aplicaci\u00f3n sin necesidad de repetirla.<br>* Se inactiva al entrar en contacto con el suelo y es descompuesto por los organismos del suelo para no dejar residuos persistentes, permitiendo cultivar y replantar la zona 7 d\u00edas despu\u00e9s de la aplicaci\u00f3n o si el tiempo acompa\u00f1a despu\u00e9s de que las malas hierbas hayan amarilleado o muerto de nuevo .<br>* No es necesario un certificado de mochila. Diluir a 24 ml por litro de agua para tratar una superficie de 40 metros cuadrados. Aplicar cuando las malas hierbas est\u00e9n creciendo activamente y tengan suficiente superficie foliar para absorber la pulverizaci\u00f3n para obtener los mejores resultados, teniendo cuidado de evitar pulverizar en exceso las plantas m\u00e1s deseables. Las malas hierbas pueden mostrar los primeros efectos entre unos d\u00edas y 4 semanas despu\u00e9s, dependiendo del clima y del tipo de mala hierba.<\/p>\n\n\n\n<p>BARBARIAN es un herbicida no selectivo a base de glifosato, sistema de postemergencia con acci\u00f3n foliar y aplicaci\u00f3n localizada que, una vez absorbido por las hojas, se transfiere a las ra\u00edces y \u00f3rganos de reserva, donde cumple su funci\u00f3n herbicida. En el suelo es inactivo, por lo que no tiene efecto residual. RADIKAL VERDE controla las malas hierbas de hoja estrecha y ancha, tanto anuales como perennes, en las siguientes zonas: cultivos, praderas, canales de riego y borduras.<\/p>\n\n\n\n<p>Composici\u00f3n: Glifosato (sal de isopropilamina) 36% p\/v (360g\/l)<br>Inscrito en el registro oficial de productos fitosanitarios<\/p>\n\n\n\n<p>SOLICITUDES APROBADAS<br>Tratamientos herbicidas de post-emergencia para malas hierbas en:<br>-Malezas extensivas e intensivas: malezas anuales.<br>- Bosques: malas hierbas anuales y perennes. -Canales y l\u00edmites de riesgo: malas hierbas vivas.<br>-Praderas: malas hierbas le\u00f1osas.<br>DOSIS Y MODO DE EMPLEO<br>En canales, bordes y praderas de riesgo, aplicar a raz\u00f3n de 3 a 10 \/ ha.<br>En cultivos herb\u00e1ceos extensivos e intensivos, aplicar a raz\u00f3n de 1,5 a 6 L\/ha para el control de malas hierbas anuales.<br>En cultivos le\u00f1osos, aplicar a raz\u00f3n de 3 a 6 L\/ha para controlar las malas hierbas anuales y a raz\u00f3n de 6 a 10 L\/ha para controlar las malas hierbas vivas.<br>TIEMPO DE SEGURIDAD<br>No hay plazo de seguridad entre la \u00faltima aplicaci\u00f3n del producto y la recolecci\u00f3n de los frutos plantados para consumo humano o animal.<\/p>\n\n\n\n<p>ANTES DE UTILIZAR EL PRODUCTO, LEA ATENTAMENTE LAS INSTRUCCIONES DE LA ETIQUETA.<\/p>\n\n\n\n<p>objetan que el glifosato s\u00f3lo puede venderse a compradores profesionales para uso profesional.<\/p>\n\n\n\n<p><\/p>","protected":false},"excerpt":{"rendered":"<p>&nbsp;les herbicides \u00e0 usage professionnel.* Processus de 1 litre sur 0,4 acres offrant le meilleur rapport qualit\u00e9 \/ prix disponible.est un herbicide domestique contenant 360 g \/ l de glyphosate pour contr\u00f4ler efficacement les mauvaises herbes vivaces annuelles et les racines profondes, y compris les herbes, les bourgeons, les orties, les saules, les pissenlits et les vignes. \u00c9limine la plupart des mauvaises herbes en une seule application sans r\u00e9appliquer.* Il est inactiv\u00e9 lorsqu\u2019il entre en contact avec le sol et est d\u00e9compos\u00e9 par les organismes du sol afin de ne pas laisser de r\u00e9sidus persistants, permettant \u00e0 la zone d\u2019\u00eatre cultiv\u00e9e et replant\u00e9e 7 jours apr\u00e8s l\u2019application ou si le climat est beau apr\u00e8s les feuilles du les mauvaises herbes sont devenues jaunes ou sont de nouveau mortes. .* Un certificat de sac \u00e0 dos n\u2019est pas requis. Diluer \u00e0 24 ml par litre d\u2019eau pour traiter une superficie de 40 m\u00e8tres carr\u00e9s. Appliquer lorsque les mauvaises herbes sont en pleine croissance et ont une surface foliaire suffisante pour absorber les pulv\u00e9risations pour de meilleurs r\u00e9sultats, en prenant soin d\u2019\u00e9viter de sur-pulv\u00e9riser les plantes les plus d\u00e9sirables. Les mauvaises herbes peuvent montrer les premiers effets de quelques jours \u00e0 4 semaines plus tard, selon le climat et le type de mauvaises herbes. BARBARIAN est un herbicide non s\u00e9lectif \u00e0 base de glyphosate, syst\u00e8me de post-lev\u00e9e, \u00e0 action foliaire et application localis\u00e9e qui, une fois absorb\u00e9 par les feuilles, est transf\u00e9r\u00e9 aux racines et aux organes de r\u00e9serve, o\u00f9 il remplit sa fonction herbicide. Dans le sol, il est inactif, il n\u2019y a donc aucun effet r\u00e9siduel. RADIKAL GREEN contr\u00f4le les mauvaises herbes \u00e9troites et \u00e0 feuilles larges, \u00e0 la fois annuelles et vives dans les zones suivantes: cultures, prairies, canaux d\u2019irrigation et limites. Composition: Glyphosate (sel d\u2019isopropylamine) 36% p \/ v (360g \/ l)Inscrit au registre officiel des produits phytosanitaires APPLICATIONS APPROUV\u00c9ESTraitements herbicides contre les mauvaises herbes en post-lev\u00e9e dans:-Herbes extensives et intensives: mauvaises herbes annuelles.\u2013 Bois\u00e9: mauvaises herbes annuelles et vivantes. -Canaux et limites des risques: mauvaises herbes vives.-Praderas: mauvaises herbes ligneuses.POSOLOGIE ET \u200b\u200bCOMMENT UTILISERDans les canaux \u00e0 risque, les limites et les prairies, appliquer \u00e0 la dose de 3 \u00e0 10 \/ ha.Dans les cultures herbac\u00e9es extensives et intensives, appliquer \u00e0 une dose de 1,5 \u00e0 6 L \/ ha pour supprimer les mauvaises herbes annuelles.Dans les cultures ligneuses, appliquer \u00e0 la dose de 3 \u00e0 6 L \/ ha pour supprimer les mauvaises herbes annuelles et \u00e0 la dose de 6 \u00e0 10 L \/ ha pour supprimer les mauvaises herbes vivantes.DUR\u00c9E DE S\u00c9CURIT\u00c9Entre la derni\u00e8re application du produit et la collecte des fruits de plantation destin\u00e9s \u00e0 la consommation humaine ou animale, il n\u2019y a pas de p\u00e9riode de s\u00e9curit\u00e9. AVANT D\u2019UTILISER LE PRODUIT, VEUILLEZ LIRE ATTENTIVEMENT LES INSTRUCTIONS DE L\u2019\u00c9TIQUETTE. objet que le glyphosate ne peut \u00eatre vendu qu\u2019\u00e0 des acheteurs professionnels pour une utilisation dans un cadre professionnel.<\/p>","protected":false},"featured_media":11392,"comment_status":"closed","ping_status":"closed","template":"","meta":{"inline_featured_image":false},"product_brand":[],"product_cat":[75],"product_tag":[],"class_list":{"0":"post-11363","1":"product","2":"type-product","3":"status-publish","4":"has-post-thumbnail","6":"product_cat-desherbants-herbicides","8":"first","9":"instock","10":"sale","11":"shipping-taxable","12":"purchasable","13":"product-type-simple"},"_links":{"self":[{"href":"https:\/\/feria-verde.com\/es\/wp-json\/wp\/v2\/product\/11363","targetHints":{"allow":["GET"]}}],"collection":[{"href":"https:\/\/feria-verde.com\/es\/wp-json\/wp\/v2\/product"}],"about":[{"href":"https:\/\/feria-verde.com\/es\/wp-json\/wp\/v2\/types\/product"}],"replies":[{"embeddable":true,"href":"https:\/\/feria-verde.com\/es\/wp-json\/wp\/v2\/comments?post=11363"}],"version-history":[{"count":1,"href":"https:\/\/feria-verde.com\/es\/wp-json\/wp\/v2\/product\/11363\/revisions"}],"predecessor-version":[{"id":11393,"href":"https:\/\/feria-verde.com\/es\/wp-json\/wp\/v2\/product\/11363\/revisions\/11393"}],"wp:featuredmedia":[{"embeddable":true,"href":"https:\/\/feria-verde.com\/es\/wp-json\/wp\/v2\/media\/11392"}],"wp:attachment":[{"href":"https:\/\/feria-verde.com\/es\/wp-json\/wp\/v2\/media?parent=11363"}],"wp:term":[{"taxonomy":"product_brand","embeddable":true,"href":"https:\/\/feria-verde.com\/es\/wp-json\/wp\/v2\/product_brand?post=11363"},{"taxonomy":"product_cat","embeddable":true,"href":"https:\/\/feria-verde.com\/es\/wp-json\/wp\/v2\/product_cat?post=11363"},{"taxonomy":"product_tag","embeddable":true,"href":"https:\/\/feria-verde.com\/es\/wp-json\/wp\/v2\/product_tag?post=11363"}],"curies":[{"name":"wp","href":"https:\/\/api.w.org\/{rel}","templated":true}]}}