{"id":11366,"date":"2025-05-20T07:47:05","date_gmt":"2025-05-20T05:47:05","guid":{"rendered":"https:\/\/feria-verde.com\/?post_type=product&#038;p=11366"},"modified":"2025-05-20T07:47:08","modified_gmt":"2025-05-20T05:47:08","slug":"herbicide-radikal-professionnel-4x5l-tous-jardins","status":"publish","type":"product","link":"https:\/\/feria-verde.com\/es\/producto\/herbicide-radikal-professionnel-4x5l-tous-jardins\/","title":{"rendered":"Radikal Herbicida Profesional 4x5L todos los jardines"},"content":{"rendered":"<p>Solicitud autorizada<\/p>\n\n\n\n<p>Tratamiento herbicida contra las malas hierbas en post-emergencia de las mismas :<\/p>\n\n\n\n<ul class=\"wp-block-list\">\n<li>Hierbas intensivas extensivas: malas hierbas anuales.<\/li>\n\n\n\n<li>Madera: malas hierbas anuales y perennes.<\/li>\n\n\n\n<li>Canales de riego y bordes: malas hierbas perennes.<\/li>\n\n\n\n<li>Praderas: maleza le\u00f1osa.<\/li>\n<\/ul>\n\n\n\n<h4 class=\"wp-block-heading\">Dosis<\/h4>\n\n\n\n<ul class=\"wp-block-list\">\n<li>En canales de riego, borduras y praderas, aplicar a raz\u00f3n de 3 a 10 L\/ha.<\/li>\n\n\n\n<li>En cultivos herb\u00e1ceos extensivos e intensivos, aplicar a raz\u00f3n de 1,5-6 L\/ha para controlar las malas hierbas anuales.<\/li>\n\n\n\n<li>En cultivos le\u00f1osos, aplicar a una dosis de 3-6 L\/ha para controlar las malas hierbas anuales y de 6-10 L\/ha para controlar las malas hierbas perennes.<\/li>\n<\/ul>\n\n\n\n<p><strong>Ingrediente activo :&nbsp;<\/strong>Glifosato (sal de isopropilamina) 36% p\/v (360 g\/l).<\/p>\n\n\n\n<p><\/p>","protected":false},"excerpt":{"rendered":"<p>Application autoris\u00e9e Traitement herbicide contre les mauvaises herbes en post-lev\u00e9e du m\u00eame en : Dose Ingr\u00e9dient actif :&nbsp;Glyphosate (sel d\u2019isopropylamine) 36% p\/v (360 g\/l).<\/p>","protected":false},"featured_media":11398,"comment_status":"closed","ping_status":"closed","template":"","meta":{"inline_featured_image":false},"product_brand":[],"product_cat":[75],"product_tag":[],"class_list":{"0":"post-11366","1":"product","2":"type-product","3":"status-publish","4":"has-post-thumbnail","6":"product_cat-desherbants-herbicides","8":"first","9":"instock","10":"sale","11":"shipping-taxable","12":"purchasable","13":"product-type-simple"},"_links":{"self":[{"href":"https:\/\/feria-verde.com\/es\/wp-json\/wp\/v2\/product\/11366","targetHints":{"allow":["GET"]}}],"collection":[{"href":"https:\/\/feria-verde.com\/es\/wp-json\/wp\/v2\/product"}],"about":[{"href":"https:\/\/feria-verde.com\/es\/wp-json\/wp\/v2\/types\/product"}],"replies":[{"embeddable":true,"href":"https:\/\/feria-verde.com\/es\/wp-json\/wp\/v2\/comments?post=11366"}],"version-history":[{"count":1,"href":"https:\/\/feria-verde.com\/es\/wp-json\/wp\/v2\/product\/11366\/revisions"}],"predecessor-version":[{"id":11399,"href":"https:\/\/feria-verde.com\/es\/wp-json\/wp\/v2\/product\/11366\/revisions\/11399"}],"wp:featuredmedia":[{"embeddable":true,"href":"https:\/\/feria-verde.com\/es\/wp-json\/wp\/v2\/media\/11398"}],"wp:attachment":[{"href":"https:\/\/feria-verde.com\/es\/wp-json\/wp\/v2\/media?parent=11366"}],"wp:term":[{"taxonomy":"product_brand","embeddable":true,"href":"https:\/\/feria-verde.com\/es\/wp-json\/wp\/v2\/product_brand?post=11366"},{"taxonomy":"product_cat","embeddable":true,"href":"https:\/\/feria-verde.com\/es\/wp-json\/wp\/v2\/product_cat?post=11366"},{"taxonomy":"product_tag","embeddable":true,"href":"https:\/\/feria-verde.com\/es\/wp-json\/wp\/v2\/product_tag?post=11366"}],"curies":[{"name":"wp","href":"https:\/\/api.w.org\/{rel}","templated":true}]}}