{"id":11369,"date":"2025-05-20T07:47:05","date_gmt":"2025-05-20T05:47:05","guid":{"rendered":"https:\/\/feria-verde.com\/?post_type=product&#038;p=11369"},"modified":"2025-05-20T07:47:08","modified_gmt":"2025-05-20T05:47:08","slug":"herbicide-selectif-tidex-100ml-professionnel","status":"publish","type":"product","link":"https:\/\/feria-verde.com\/es\/producto\/herbicide-selectif-tidex-100ml-professionnel\/","title":{"rendered":"Tidex Herbicida Selectivo 100ml Profesional"},"content":{"rendered":"<p>Herbicida para c\u00e9sped. Selectivo para malas hierbas de hoja ancha<\/p>\n\n\n\n<p>El herbicida para c\u00e9sped Tidex est\u00e1 especialmente dise\u00f1ado para controlar y eliminar las malas hierbas de hoja ancha del c\u00e9sped. Su nueva f\u00f3rmula es m\u00e1s respetuosa con el medio ambiente, ya que no contiene disolventes org\u00e1nicos. El herbicida es absorbido por las hojas y se transfiere r\u00e1pidamente a otras partes de la planta, impidiendo la germinaci\u00f3n.<\/p>\n\n\n\n<h4 class=\"wp-block-heading\">Usos \/ aplicaciones autorizados<\/h4>\n\n\n\n<p>Es eficaz en especies de hoja como el tr\u00e9bol, el diente de le\u00f3n, el llant\u00e9n grande, la verdolaga, la malva, el diente de le\u00f3n, la correhuela, etc. No necesita carn\u00e9 fitosanitario para su compra.<\/p>\n\n\n\n<h4 class=\"wp-block-heading\">Beneficios<\/h4>\n\n\n\n<ul class=\"wp-block-list\">\n<li>Herbicida sist\u00e9mico y selectivo.<\/li>\n\n\n\n<li>Muy eficaz.<\/li>\n\n\n\n<li>Controla las malas hierbas de hoja ancha.<\/li>\n\n\n\n<li>Perfecto para conyza, verdolaga, correhuela, malva y velvetleaf.<\/li>\n\n\n\n<li>Adecuado para c\u00edtricos, frutales de pepita, gram\u00edneas, cereales, ma\u00edz y olivos.<\/li>\n\n\n\n<li>Este producto es absorbido eficazmente por las hojas.<\/li>\n\n\n\n<li>Gracias a su acci\u00f3n sist\u00e9mica, se transloca por toda la planta.<\/li>\n\n\n\n<li>Llega a los \u00f3rganos subterr\u00e1neos para impedir el rebrote.<\/li>\n\n\n\n<li>Tiene una innovadora formulaci\u00f3n de emulsi\u00f3n de aceite en agua.<\/li>\n<\/ul>\n\n\n\n<h4 class=\"wp-block-heading\">Modo de empleo \/ Posolog\u00eda<\/h4>\n\n\n\n<p>Es esencial respetar el orden de introducci\u00f3n en el tanque de aplicaci\u00f3n, a\u00f1adiendo Tidex antes que las emulsiones concentradas (CE) y los l\u00edquidos solubles como Glisophate y MCPA. El herbicida para c\u00e9sped se presenta como una formulaci\u00f3n de alta calidad, f\u00e1cil de dosificar y c\u00f3moda de usar. Verter la cantidad necesaria de producto en el equipo de pulverizaci\u00f3n, llenando hasta la mitad con agua y despu\u00e9s con el volumen de agua necesario. Mezclar en\u00e9rgicamente y pulverizar. Aplicar sobre las malas hierbas en crecimiento activo, idealmente en las primeras fases de desarrollo, evitando pulverizar en d\u00edas ventosos.<\/p>\n\n\n\n<p>3 ml por litro.<br>45 ml en una mochila de 15 litros<\/p>\n\n\n\n<h4 class=\"wp-block-heading\">Riesgos y consejos de seguridad<\/h4>\n\n\n\n<p><strong>P102<\/strong>&nbsp;- Mantener fuera del alcance de los ni\u00f1os (s\u00f3lo para recipientes destinados a jardiner\u00eda dom\u00e9stica exterior).<\/p>\n\n\n\n<p><strong>P261<\/strong>&nbsp;- Evitar respirar el polvo\/el humo\/el gas\/la niebla\/los vapores\/el aerosol.<\/p>\n\n\n\n<p><strong>P262<\/strong>&nbsp;- Evitar el contacto con los ojos, la piel y la ropa.<\/p>\n\n\n\n<p><strong>H410<\/strong>&nbsp;- Muy t\u00f3xico para los organismos acu\u00e1ticos con efectos duraderos.<\/p>\n\n\n\n<p><strong>P391<\/strong>&nbsp;- Recoger los vertidos.<\/p>\n\n\n\n<p><strong>P501<\/strong>&nbsp;- Eliminar el contenido y\/o el recipiente de acuerdo con la normativa sobre residuos peligrosos.<\/p>\n\n\n\n<h4 class=\"wp-block-heading\">Composici\u00f3n<\/h4>\n\n\n\n<p>Emulsi\u00f3n de Fluroxypyr 20% en agua (EW).<\/p>\n\n\n\n<p><\/p>","protected":false},"excerpt":{"rendered":"<p>Herbicide pour pelouse.&nbsp;S\u00e9lectif pour les mauvaises herbes \u00e0 feuilles larges L\u2019herbicide \u00e0 gazon Tidex&nbsp;&nbsp;est sp\u00e9cialement con\u00e7u pour le contr\u00f4le et l\u2019\u00e9limination des mauvaises herbes \u00e0 feuilles larges dans les pelouses.&nbsp;Sa nouvelle formule est plus respectueuse de l\u2019environnement puisqu\u2019elle ne contient pas de solvants organiques.&nbsp;L\u2019herbicide est absorb\u00e9 par les feuilles et est rapidement transf\u00e9r\u00e9 \u00e0 d\u2019autres parties de la plante, emp\u00eachant ainsi l\u2019apparition de germes. Utilisations \/ Applications autoris\u00e9es Il est efficace sur les essences feuillues telles que le tr\u00e8fle, le pissenlit, le grand plantain, le pourpier, la mauve, le quai, le liseron, etc. Vous n\u2019avez pas besoin de carte phytosanitaire pour votre achat. Avantages Comment utiliser \/ Dosage Il est essentiel de respecter l\u2019ordre d\u2019introduction dans la cuve d\u2019application, en ajoutant Tidex avant les \u00e9mulsions concentr\u00e9es (EC) et les liquides solubles tels que le Glisophate et le MCPA. L\u2019herbicide pour gazon est pr\u00e9sent\u00e9 comme une formulation de haute qualit\u00e9, facile \u00e0 doser et pratique \u00e0 utiliser. Verser la quantit\u00e9 n\u00e9cessaire de produit dans l\u2019\u00e9quipement de pulv\u00e9risation, rempli d\u2019eau \u00e0 mi-chemin, puis avec le volume d\u2019eau n\u00e9cessaire. M\u00e9langer vigoureusement et traiter. Appliquer sur les mauvaises herbes en croissance active, id\u00e9alement aux premiers stades de d\u00e9veloppement, en \u00e9vitant de pulv\u00e9riser par temps venteux. 3ml par litre.45ml en sac \u00e0 dos de 15 litres Risques et conseils de prudencer P102&nbsp;\u2013 Tenir hors de port\u00e9e des enfants (uniquement pour les r\u00e9cipients destin\u00e9s au jardinage domestique ext\u00e9rieur). P261&nbsp;\u2013 \u00c9viter de respirer les poussi\u00e8res\/fum\u00e9es\/gaz\/brouillards\/vapeurs\/a\u00e9rosols. P262&nbsp;\u2013 \u00c9viter tout contact avec les yeux, la peau et les v\u00eatements. H410&nbsp;\u2013 Tr\u00e8s toxique pour les organismes aquatiques avec des effets durables. P391&nbsp;\u2013 Recueillir les d\u00e9versements. P501&nbsp;\u2013 \u00c9liminer le contenu et\/ou le r\u00e9cipient conform\u00e9ment \u00e0 la r\u00e9glementation sur les d\u00e9chets dangereux. Composition Fluroxypyr 20% en \u00e9mulsion dans l\u2019eau (EW).<\/p>","protected":false},"featured_media":11404,"comment_status":"closed","ping_status":"closed","template":"","meta":{"inline_featured_image":false},"product_brand":[],"product_cat":[75],"product_tag":[],"class_list":{"0":"post-11369","1":"product","2":"type-product","3":"status-publish","4":"has-post-thumbnail","6":"product_cat-desherbants-herbicides","8":"first","9":"instock","10":"shipping-taxable","11":"purchasable","12":"product-type-simple"},"_links":{"self":[{"href":"https:\/\/feria-verde.com\/es\/wp-json\/wp\/v2\/product\/11369","targetHints":{"allow":["GET"]}}],"collection":[{"href":"https:\/\/feria-verde.com\/es\/wp-json\/wp\/v2\/product"}],"about":[{"href":"https:\/\/feria-verde.com\/es\/wp-json\/wp\/v2\/types\/product"}],"replies":[{"embeddable":true,"href":"https:\/\/feria-verde.com\/es\/wp-json\/wp\/v2\/comments?post=11369"}],"version-history":[{"count":1,"href":"https:\/\/feria-verde.com\/es\/wp-json\/wp\/v2\/product\/11369\/revisions"}],"predecessor-version":[{"id":11405,"href":"https:\/\/feria-verde.com\/es\/wp-json\/wp\/v2\/product\/11369\/revisions\/11405"}],"wp:featuredmedia":[{"embeddable":true,"href":"https:\/\/feria-verde.com\/es\/wp-json\/wp\/v2\/media\/11404"}],"wp:attachment":[{"href":"https:\/\/feria-verde.com\/es\/wp-json\/wp\/v2\/media?parent=11369"}],"wp:term":[{"taxonomy":"product_brand","embeddable":true,"href":"https:\/\/feria-verde.com\/es\/wp-json\/wp\/v2\/product_brand?post=11369"},{"taxonomy":"product_cat","embeddable":true,"href":"https:\/\/feria-verde.com\/es\/wp-json\/wp\/v2\/product_cat?post=11369"},{"taxonomy":"product_tag","embeddable":true,"href":"https:\/\/feria-verde.com\/es\/wp-json\/wp\/v2\/product_tag?post=11369"}],"curies":[{"name":"wp","href":"https:\/\/api.w.org\/{rel}","templated":true}]}}