{"id":11370,"date":"2025-05-20T07:47:05","date_gmt":"2025-05-20T05:47:05","guid":{"rendered":"https:\/\/feria-verde.com\/?post_type=product&#038;p=11370"},"modified":"2025-05-20T07:47:09","modified_gmt":"2025-05-20T05:47:09","slug":"herbicide-2x1l-barbarian-pour-tous-les-jardins","status":"publish","type":"product","link":"https:\/\/feria-verde.com\/es\/producto\/herbicide-2x1l-barbarian-pour-tous-les-jardins\/","title":{"rendered":"Herbicida Barbarian 2x1L Para todos los jardines"},"content":{"rendered":"<p>\u2714Tous les types de jardins<br>\u2714Efficacit\u00e9 garantie \u00e0 100%<br>\u2714Facile \u00e0 utiliser<br>\u2714R\u00e9sultats rapides<\/p>\n\n\n\n<p>C\u2019est un herbicide de post-lev\u00e9e non s\u00e9lectif \u00e0 action syst\u00e9mique. Il d\u00e9truit totalement les mauvaises herbes annuelles et vivaces. Il est absorb\u00e9 par les feuilles et les parties vertes de la culture et transport\u00e9 par la s\u00e8ve vers les racines les plus profondes, les bulbes et les rhizomes.<\/p>\n\n\n\n<p>Au contact du sol, il est rapidement inactiv\u00e9.&nbsp;Le produit n\u2019est pas absorb\u00e9 par les racines.<\/p>\n\n\n\n<p>CARACT\u00c9RISTIQUES<br>BARBARIAN est un herbicide \u00e0 base de glyphosate qui agit par application foliaire pour lutter contre les gramin\u00e9es annuelles et vivaces et la plupart des mauvaises herbes \u00e0 feuilles larges. Le produit est transloqu\u00e9 des zones de culture vers les racines, les rhizomes ou les stolons. Les sympt\u00f4mes se manifestent sur les feuilles, qui rougissent puis jaunissent, et sont d\u2019abord visibles sur les gramin\u00e9es, avec un effet plus lent sur les dicotyl\u00e9dones.<br>Il est particuli\u00e8rement important que les mauvaises herbes aient suffisamment de feuilles et soient en pleine croissance au moment du traitement.<\/p>\n\n\n\n<p>APPLICATIONS AUTORIS\u00c9ES<br>BARBARIAN est autoris\u00e9 pour la lutte contre les mauvaises herbes annuelles et vivaces sur les routes, les canaux d\u2019irrigation, les pare-feux, les cultures arables extensives et intensives, les cultures ligneuses, les bordures, le bord des foss\u00e9s, le bord des cultures et les prairies.<br>Appliquer de mani\u00e8re homog\u00e8ne sur le feuillage des mauvaises herbes en v\u00e9g\u00e9tation active et sans sympt\u00f4mes de s\u00e9cheresse, en \u00e9vitant que le produit n\u2019atteigne les feuilles ou les parties non lignifi\u00e9es des cultures et selon le dosage suivant :<br>Lutte contre les mauvaises herbes en post-\u00e9mergence.<\/p>\n\n\n\n<p>Appliquer \u00e0 l\u2019aide d\u2019un \u00e9quipement tracteur avec pulv\u00e9risation hydraulique (100-300 l\/Ha. de bouillie \u2013 dose max. 10 l\/Ha.) et pulv\u00e9risateurs \u00e0 disques rotatifs (20-30 l\/Ha. de bouillie \u2013 dose max. 6 l\/Ha.). ) ou \u00e0 la main par pulv\u00e9risation hydraulique (dose maximale de 10 l\/ha ; ne peut \u00eatre dilu\u00e9e dans un volume de bouillon inf\u00e9rieur \u00e0 325 l) et par pulv\u00e9risation centrifuge (dose maximale de 3 l\/ha ; ne peut \u00eatre dilu\u00e9e dans un volume de bouillon inf\u00e9rieur \u00e0 25 l).<br>En raison du risque de phytotoxicit\u00e9, ne pas mouiller les parties vertes des cultures.<br>Dans les moulins \u00e0 huile d\u2019olive, pour faciliter la r\u00e9colte, un seul traitement peut \u00eatre effectu\u00e9 sur la couronne de l\u2019arbre \u00e0 une dose de 3 l\/Ha. effectivement trait\u00e9 et un P.S. de 7 jours.<br>Ne pas effectuer de traitements avec des doses sup\u00e9rieures \u00e0 1,8 kg de s.a\/Ha. dans les terrains forestiers s\u2019il y a des champignons sauvages dans la zone trait\u00e9e.<\/p>\n\n\n\n<p>MODE D\u2019EMPLOI<\/p>\n\n\n\n<p>La dose de base de glyphosate recommand\u00e9e pour votre jardin consiste \u00e0 m\u00e9langer 2 ml d\u2019herbicide par litre d\u2019eau.<\/p>\n\n\n\n<p>La mesure de la dose normale est g\u00e9n\u00e9ralement effectu\u00e9e par hectare (10 000 m\u00e8tres carr\u00e9s). Pour une surface de cette taille, le produit indiqu\u00e9 doit \u00eatre m\u00e9lang\u00e9 \u00e0 100 litres d\u2019eau.<\/p>\n\n\n\n<figure class=\"wp-block-table\"><table class=\"has-fixed-layout\"><tbody><tr><td>Herbac\u00e9e extensive<\/td><td>Woody<\/td><td>Marges<\/td><\/tr><tr><td>2-5 L\/ha<\/td><td>2-5 L\/ha<\/td><td>3-7,5 L\/ha<\/td><\/tr><\/tbody><\/table><\/figure>\n\n\n\n<p>PR\u00c9CAUTIONS D\u2019UTILISATION<br>Traiter \u00e0 l\u2019eau claire, les jours sans vent, et en pulv\u00e9risation directe afin de ne pas atteindre les feuilles, les plaies de taille r\u00e9centes (moins de 2 semaines) ou les parties non lignifi\u00e9es (troncs de moins de 4 ans) des cultures.<br>La pluie ou l\u2019irrigation dans les 6 \u00e0 12 heures suivant l\u2019application peut r\u00e9duire l\u2019efficacit\u00e9 de l\u2019herbicide.<br>Pour une plus longue dur\u00e9e de contr\u00f4le des mauvaises herbes vivaces, il est conseill\u00e9 d\u2019\u00e9viter le travail du sol pendant au moins un mois avant et jusqu\u2019\u00e0 une semaine apr\u00e8s l\u2019application.<br>Ne pas m\u00e9langer BARBARIAN avec d\u2019autres produits non recommand\u00e9s car cela peut r\u00e9duire l\u2019efficacit\u00e9 herbicide. \u00c9vitez de mouiller excessivement le goutte-\u00e0-goutte, car le produit est inactiv\u00e9 au contact du sol.<br>Dans les cultures sabl\u00e9es, ne pas appliquer BARBARIAN sur des terres o\u00f9 des fumigants de sol ont \u00e9t\u00e9 utilis\u00e9s la m\u00eame ann\u00e9e et ne pas d\u00e9passer 1 ml\/m\u00b2.<br>Rincer soigneusement l\u2019\u00e9quipement de pulv\u00e9risation apr\u00e8s l\u2019application pour \u00e9viter la corrosion. Ne pas appliquer, m\u00e9langer ou stocker BARBARIAN dans des r\u00e9servoirs ou des cuves de pulv\u00e9risation en acier galvanis\u00e9 ou non rev\u00eatu.<br>Stockez le produit \u00e0 l\u2019abri du gel. Ne pas faire pa\u00eetre les mauvaises herbes trait\u00e9es.<\/p>\n\n\n\n<p><\/p>","protected":false},"excerpt":{"rendered":"<p>\u2714Tous les types de jardins\u2714Efficacit\u00e9 garantie \u00e0 100%\u2714Facile \u00e0 utiliser\u2714R\u00e9sultats rapides C\u2019est un herbicide de post-lev\u00e9e non s\u00e9lectif \u00e0 action syst\u00e9mique. Il d\u00e9truit totalement les mauvaises herbes annuelles et vivaces. Il est absorb\u00e9 par les feuilles et les parties vertes de la culture et transport\u00e9 par la s\u00e8ve vers les racines les plus profondes, les bulbes et les rhizomes. Au contact du sol, il est rapidement inactiv\u00e9.&nbsp;Le produit n\u2019est pas absorb\u00e9 par les racines. CARACT\u00c9RISTIQUESBARBARIAN est un herbicide \u00e0 base de glyphosate qui agit par application foliaire pour lutter contre les gramin\u00e9es annuelles et vivaces et la plupart des mauvaises herbes \u00e0 feuilles larges. Le produit est transloqu\u00e9 des zones de culture vers les racines, les rhizomes ou les stolons. Les sympt\u00f4mes se manifestent sur les feuilles, qui rougissent puis jaunissent, et sont d\u2019abord visibles sur les gramin\u00e9es, avec un effet plus lent sur les dicotyl\u00e9dones.Il est particuli\u00e8rement important que les mauvaises herbes aient suffisamment de feuilles et soient en pleine croissance au moment du traitement. APPLICATIONS AUTORIS\u00c9ESBARBARIAN est autoris\u00e9 pour la lutte contre les mauvaises herbes annuelles et vivaces sur les routes, les canaux d\u2019irrigation, les pare-feux, les cultures arables extensives et intensives, les cultures ligneuses, les bordures, le bord des foss\u00e9s, le bord des cultures et les prairies.Appliquer de mani\u00e8re homog\u00e8ne sur le feuillage des mauvaises herbes en v\u00e9g\u00e9tation active et sans sympt\u00f4mes de s\u00e9cheresse, en \u00e9vitant que le produit n\u2019atteigne les feuilles ou les parties non lignifi\u00e9es des cultures et selon le dosage suivant :Lutte contre les mauvaises herbes en post-\u00e9mergence. Appliquer \u00e0 l\u2019aide d\u2019un \u00e9quipement tracteur avec pulv\u00e9risation hydraulique (100-300 l\/Ha. de bouillie \u2013 dose max. 10 l\/Ha.) et pulv\u00e9risateurs \u00e0 disques rotatifs (20-30 l\/Ha. de bouillie \u2013 dose max. 6 l\/Ha.). ) ou \u00e0 la main par pulv\u00e9risation hydraulique (dose maximale de 10 l\/ha ; ne peut \u00eatre dilu\u00e9e dans un volume de bouillon inf\u00e9rieur \u00e0 325 l) et par pulv\u00e9risation centrifuge (dose maximale de 3 l\/ha ; ne peut \u00eatre dilu\u00e9e dans un volume de bouillon inf\u00e9rieur \u00e0 25 l).En raison du risque de phytotoxicit\u00e9, ne pas mouiller les parties vertes des cultures.Dans les moulins \u00e0 huile d\u2019olive, pour faciliter la r\u00e9colte, un seul traitement peut \u00eatre effectu\u00e9 sur la couronne de l\u2019arbre \u00e0 une dose de 3 l\/Ha. effectivement trait\u00e9 et un P.S. de 7 jours.Ne pas effectuer de traitements avec des doses sup\u00e9rieures \u00e0 1,8 kg de s.a\/Ha. dans les terrains forestiers s\u2019il y a des champignons sauvages dans la zone trait\u00e9e. MODE D\u2019EMPLOI La dose de base de glyphosate recommand\u00e9e pour votre jardin consiste \u00e0 m\u00e9langer 2 ml d\u2019herbicide par litre d\u2019eau. La mesure de la dose normale est g\u00e9n\u00e9ralement effectu\u00e9e par hectare (10 000 m\u00e8tres carr\u00e9s). Pour une surface de cette taille, le produit indiqu\u00e9 doit \u00eatre m\u00e9lang\u00e9 \u00e0 100 litres d\u2019eau. Herbac\u00e9e extensive Woody Marges 2-5 L\/ha 2-5 L\/ha 3-7,5 L\/ha PR\u00c9CAUTIONS D\u2019UTILISATIONTraiter \u00e0 l\u2019eau claire, les jours sans vent, et en pulv\u00e9risation directe afin de ne pas atteindre les feuilles, les plaies de taille r\u00e9centes (moins de 2 semaines) ou les parties non lignifi\u00e9es (troncs de moins de 4 ans) des cultures.La pluie ou l\u2019irrigation dans les 6 \u00e0 12 heures suivant l\u2019application peut r\u00e9duire l\u2019efficacit\u00e9 de l\u2019herbicide.Pour une plus longue dur\u00e9e de contr\u00f4le des mauvaises herbes vivaces, il est conseill\u00e9 d\u2019\u00e9viter le travail du sol pendant au moins un mois avant et jusqu\u2019\u00e0 une semaine apr\u00e8s l\u2019application.Ne pas m\u00e9langer BARBARIAN avec d\u2019autres produits non recommand\u00e9s car cela peut r\u00e9duire l\u2019efficacit\u00e9 herbicide. \u00c9vitez de mouiller excessivement le goutte-\u00e0-goutte, car le produit est inactiv\u00e9 au contact du sol.Dans les cultures sabl\u00e9es, ne pas appliquer BARBARIAN sur des terres o\u00f9 des fumigants de sol ont \u00e9t\u00e9 utilis\u00e9s la m\u00eame ann\u00e9e et ne pas d\u00e9passer 1 ml\/m\u00b2.Rincer soigneusement l\u2019\u00e9quipement de pulv\u00e9risation apr\u00e8s l\u2019application pour \u00e9viter la corrosion. Ne pas appliquer, m\u00e9langer ou stocker BARBARIAN dans des r\u00e9servoirs ou des cuves de pulv\u00e9risation en acier galvanis\u00e9 ou non rev\u00eatu.Stockez le produit \u00e0 l\u2019abri du gel. Ne pas faire pa\u00eetre les mauvaises herbes trait\u00e9es.<\/p>","protected":false},"featured_media":11406,"comment_status":"closed","ping_status":"closed","template":"","meta":{"inline_featured_image":false},"product_brand":[],"product_cat":[75],"product_tag":[],"class_list":{"0":"post-11370","1":"product","2":"type-product","3":"status-publish","4":"has-post-thumbnail","6":"product_cat-desherbants-herbicides","8":"first","9":"instock","10":"shipping-taxable","11":"purchasable","12":"product-type-simple"},"_links":{"self":[{"href":"https:\/\/feria-verde.com\/es\/wp-json\/wp\/v2\/product\/11370","targetHints":{"allow":["GET"]}}],"collection":[{"href":"https:\/\/feria-verde.com\/es\/wp-json\/wp\/v2\/product"}],"about":[{"href":"https:\/\/feria-verde.com\/es\/wp-json\/wp\/v2\/types\/product"}],"replies":[{"embeddable":true,"href":"https:\/\/feria-verde.com\/es\/wp-json\/wp\/v2\/comments?post=11370"}],"version-history":[{"count":1,"href":"https:\/\/feria-verde.com\/es\/wp-json\/wp\/v2\/product\/11370\/revisions"}],"predecessor-version":[{"id":11407,"href":"https:\/\/feria-verde.com\/es\/wp-json\/wp\/v2\/product\/11370\/revisions\/11407"}],"wp:featuredmedia":[{"embeddable":true,"href":"https:\/\/feria-verde.com\/es\/wp-json\/wp\/v2\/media\/11406"}],"wp:attachment":[{"href":"https:\/\/feria-verde.com\/es\/wp-json\/wp\/v2\/media?parent=11370"}],"wp:term":[{"taxonomy":"product_brand","embeddable":true,"href":"https:\/\/feria-verde.com\/es\/wp-json\/wp\/v2\/product_brand?post=11370"},{"taxonomy":"product_cat","embeddable":true,"href":"https:\/\/feria-verde.com\/es\/wp-json\/wp\/v2\/product_cat?post=11370"},{"taxonomy":"product_tag","embeddable":true,"href":"https:\/\/feria-verde.com\/es\/wp-json\/wp\/v2\/product_tag?post=11370"}],"curies":[{"name":"wp","href":"https:\/\/api.w.org\/{rel}","templated":true}]}}