{"id":11372,"date":"2025-05-20T07:47:05","date_gmt":"2025-05-20T05:47:05","guid":{"rendered":"https:\/\/feria-verde.com\/?post_type=product&#038;p=11372"},"modified":"2025-05-20T07:47:09","modified_gmt":"2025-05-20T05:47:09","slug":"herbicide-4x1l-barbarian-pour-tous-les-jardins","status":"publish","type":"product","link":"https:\/\/feria-verde.com\/es\/producto\/herbicide-4x1l-barbarian-pour-tous-les-jardins\/","title":{"rendered":"Herbicida Barbarian 4x1L Para todos los jardines"},"content":{"rendered":"<p>Contiene glifosato a 360 g\/l, como los herbicidas de uso profesional.<br>* Proceso de 1 litro en 0,4 acres que ofrece la mejor relaci\u00f3n calidad-precio disponible.<br>es un herbicida dom\u00e9stico que contiene 360 g\/l de glifosato para el control eficaz de las malas hierbas anuales perennes y profundamente enraizadas, incluidas las gram\u00edneas, los brotes, las ortigas, los sauces, los dientes de le\u00f3n y las enredaderas. Controla la mayor\u00eda de las malas hierbas en una sola aplicaci\u00f3n sin necesidad de repetirla.<br>* Se inactiva al entrar en contacto con el suelo y es descompuesto por los organismos del suelo para no dejar residuos persistentes, permitiendo cultivar y replantar la zona 7 d\u00edas despu\u00e9s de la aplicaci\u00f3n o si el tiempo acompa\u00f1a despu\u00e9s de que las malas hierbas hayan amarilleado o muerto de nuevo .<br>* No es necesario un certificado de mochila. Diluir a 24 ml por litro de agua para tratar una superficie de 40 metros cuadrados. Aplicar cuando las malas hierbas est\u00e9n creciendo activamente y tengan suficiente superficie foliar para absorber la pulverizaci\u00f3n para obtener los mejores resultados, teniendo cuidado de evitar pulverizar en exceso las plantas m\u00e1s deseables. Las malas hierbas pueden mostrar los primeros efectos entre unos d\u00edas y 4 semanas despu\u00e9s, dependiendo del clima y del tipo de mala hierba.<\/p>\n\n\n\n<p>BARBARIAN es un herbicida no selectivo a base de glifosato, sistema de postemergencia con acci\u00f3n foliar y aplicaci\u00f3n localizada que, una vez absorbido por las hojas, se transfiere a las ra\u00edces y \u00f3rganos de reserva, donde cumple su funci\u00f3n herbicida. En el suelo es inactivo, por lo que no tiene efecto residual. RADIKAL VERDE controla las malas hierbas de hoja estrecha y ancha, tanto anuales como perennes, en las siguientes zonas: cultivos, praderas, canales de riego y borduras.<\/p>\n\n\n\n<p>Composici\u00f3n: Glifosato (sal de isopropilamina) 36% p\/v (360g\/l)<br>Inscrito en el registro oficial de productos fitosanitarios<\/p>\n\n\n\n<p>SOLICITUDES APROBADAS<br>Tratamientos herbicidas de post-emergencia para malas hierbas en:<br>-Malezas extensivas e intensivas: malezas anuales.<br>- Bosques: malas hierbas anuales y perennes. -Canales y l\u00edmites de riesgo: malas hierbas vivas.<br>-Praderas: malas hierbas le\u00f1osas.<br>DOSIS Y MODO DE EMPLEO<br>En canales, bordes y praderas de riesgo, aplicar a raz\u00f3n de 3 a 10 \/ ha.<br>En cultivos herb\u00e1ceos extensivos e intensivos, aplicar a raz\u00f3n de 1,5 a 6 L\/ha para el control de malas hierbas anuales.<br>En cultivos le\u00f1osos, aplicar a raz\u00f3n de 3 a 6 L\/ha para controlar las malas hierbas anuales y a raz\u00f3n de 6 a 10 L\/ha para controlar las malas hierbas vivas.<br>TIEMPO DE SEGURIDAD<br>No hay plazo de seguridad entre la \u00faltima aplicaci\u00f3n del producto y la recolecci\u00f3n de los frutos plantados para consumo humano o animal.<\/p>\n\n\n\n<p>ANTES DE UTILIZAR EL PRODUCTO, LEA ATENTAMENTE LAS INSTRUCCIONES DE LA ETIQUETA.<\/p>\n\n\n\n<p>objetan que el glifosato s\u00f3lo puede venderse a compradores profesionales para uso profesional.<\/p>\n\n\n\n<p><\/p>","protected":false},"excerpt":{"rendered":"<p>Contiene glifosato a 360g\/l como los herbicidas de uso profesional.* Proceso de 1 litro 0,4 acres que ofrece el mejor valor disponible.Es un herbicida dom\u00e9stico que contiene 360g\/l de glifosato para controlar eficazmente las malas hierbas anuales perennes y de ra\u00edces profundas, incluyendo gram\u00edneas, brotes, ortigas, sauces, dientes de le\u00f3n y enredaderas. Controla la mayor\u00eda de las malas hierbas en una sola aplicaci\u00f3n sin necesidad de repetirla.* Se inactiva al entrar en contacto con el suelo y es descompuesto por los organismos del suelo para no dejar residuos persistentes, lo que permite cultivar y replantar la zona 7 d\u00edas despu\u00e9s de la aplicaci\u00f3n o si hace buen tiempo despu\u00e9s de que las hojas de las malas hierbas hayan amarilleado o muerto.* No se requiere certificado de mochila. Diluir a 24 ml por litro de agua para tratar una superficie de 40 metros cuadrados. Aplicar cuando las malas hierbas est\u00e9n creciendo activamente y tengan suficiente superficie foliar para absorber la pulverizaci\u00f3n para obtener los mejores resultados, teniendo cuidado de evitar pulverizar en exceso las plantas m\u00e1s deseables. Las malas hierbas pueden mostrar los primeros efectos entre unos d\u00edas y 4 semanas despu\u00e9s, dependiendo del clima y del tipo de mala hierba. BARBARIAN es un herbicida de post-emergencia no selectivo a base de glifosato de acci\u00f3n foliar y aplicaci\u00f3n localizada que, una vez absorbido por las hojas, se transfiere a las ra\u00edces y \u00f3rganos de reserva, donde cumple su funci\u00f3n herbicida. En el suelo es inactivo, por lo que no tiene efecto residual. RADIKAL VERDE controla las malas hierbas de hoja estrecha y ancha, tanto anuales como perennes, en las siguientes zonas: cultivos, praderas, canales de riego y lindes. Composici\u00f3n: Glifosato (sal isopropilamina) 36% p \/ v (360g \/ l)Inscrito en el registro oficial de productos fitosanitarios APLICACIONES APROBADAScontrol herbicida de post-emergencia de malas hierbas en:- Praderas extensivas e intensivas: malas hierbas anuales.- Bosques: malas hierbas anuales y perennes. -Canales y l\u00edmites de riesgo: malas hierbas vivas - Praderas: malas hierbas le\u00f1osasPraderas: malas hierbas le\u00f1osas.DOSIS Y MODO DE EMPLEOEn canales de riesgo, linderos y praderas, aplicar a raz\u00f3n de 3 a 10 \/ ha.En cultivos herb\u00e1ceos extensivos e intensivos, aplicar a raz\u00f3n de 1,5 a 6 L \/ ha para el control de malas hierbas anuales.En cultivos le\u00f1osos, aplicar a raz\u00f3n de 3 a 6 L \/ ha para el control de malas hierbas anuales y a raz\u00f3n de 6 a 10 L \/ ha para el control de malas hierbas vivas.PLAZO DE SEGURIDADEntre la \u00faltima aplicaci\u00f3n del producto y la recolecci\u00f3n de los frutos de la plantaci\u00f3n destinados al consumo humano o animal, no existe plazo de seguridad. ANTES DE UTILIZAR EL PRODUCTO, LEA CUIDADOSAMENTE LAS INSTRUCCIONES DE LA ETIQUETA. tenga en cuenta que el glifosato s\u00f3lo puede venderse a compradores profesionales para uso profesional.<\/p>","protected":false},"featured_media":11410,"comment_status":"closed","ping_status":"closed","template":"","meta":{"inline_featured_image":false},"product_brand":[],"product_cat":[75],"product_tag":[],"class_list":{"0":"post-11372","1":"product","2":"type-product","3":"status-publish","4":"has-post-thumbnail","6":"product_cat-desherbants-herbicides","8":"first","9":"instock","10":"sale","11":"shipping-taxable","12":"purchasable","13":"product-type-simple"},"_links":{"self":[{"href":"https:\/\/feria-verde.com\/es\/wp-json\/wp\/v2\/product\/11372","targetHints":{"allow":["GET"]}}],"collection":[{"href":"https:\/\/feria-verde.com\/es\/wp-json\/wp\/v2\/product"}],"about":[{"href":"https:\/\/feria-verde.com\/es\/wp-json\/wp\/v2\/types\/product"}],"replies":[{"embeddable":true,"href":"https:\/\/feria-verde.com\/es\/wp-json\/wp\/v2\/comments?post=11372"}],"version-history":[{"count":1,"href":"https:\/\/feria-verde.com\/es\/wp-json\/wp\/v2\/product\/11372\/revisions"}],"predecessor-version":[{"id":11411,"href":"https:\/\/feria-verde.com\/es\/wp-json\/wp\/v2\/product\/11372\/revisions\/11411"}],"wp:featuredmedia":[{"embeddable":true,"href":"https:\/\/feria-verde.com\/es\/wp-json\/wp\/v2\/media\/11410"}],"wp:attachment":[{"href":"https:\/\/feria-verde.com\/es\/wp-json\/wp\/v2\/media?parent=11372"}],"wp:term":[{"taxonomy":"product_brand","embeddable":true,"href":"https:\/\/feria-verde.com\/es\/wp-json\/wp\/v2\/product_brand?post=11372"},{"taxonomy":"product_cat","embeddable":true,"href":"https:\/\/feria-verde.com\/es\/wp-json\/wp\/v2\/product_cat?post=11372"},{"taxonomy":"product_tag","embeddable":true,"href":"https:\/\/feria-verde.com\/es\/wp-json\/wp\/v2\/product_tag?post=11372"}],"curies":[{"name":"wp","href":"https:\/\/api.w.org\/{rel}","templated":true}]}}