{"id":8884,"date":"2024-05-31T19:07:00","date_gmt":"2024-05-31T17:07:00","guid":{"rendered":"https:\/\/feria-verde.com\/?post_type=product&#038;p=8884"},"modified":"2024-05-31T19:07:01","modified_gmt":"2024-05-31T17:07:01","slug":"oeuf-suspendu-calypso","status":"publish","type":"product","link":"https:\/\/feria-verde.com\/es\/producto\/oeuf-suspendu-calypso\/","title":{"rendered":"\u0153uf Suspendu Calypso"},"content":{"rendered":"<p>Pour compl\u00e9ter votre espace d\u00e9tente ext\u00e9rieur d&rsquo;une pi\u00e8ce phare, rien de tel que le fauteuil suspendu de jardin en r\u00e9sine imitation rotin CALYPSO.<\/p>\n<p>Craquez pour sa structure en finition \u00e9poxy rev\u00eatue de r\u00e9sine imitation rotin qui invite \u00e0 l&rsquo;\u00e9vasion et au voyage. Install\u00e9 au creux de son coussin moelleux, vous n&rsquo;aurez plus envie de quitter ce fauteuil suspendu d&rsquo;ext\u00e9rieur.<\/p>\n<p>Livr\u00e9 avec support, coussins et cha\u00eenes.<\/p>\n<p>Dimensions (cm): H122 x L89 x PR69<br \/>\nPoids (kg): 14.3<br \/>\nMati\u00e8re principale : Poly\u00e9thyl\u00e8ne<br \/>\nMati\u00e8re secondaire : Polyester<\/p>\n<p>Dimensions avec support inclus (cm): H167 x L101 x PR107<br \/>\nPoids du support (kg): 15.1<br \/>\nMati\u00e8re principale du support : M\u00e9tal<br \/>\n2 parties \u00e0 assembler<\/p>","protected":false},"excerpt":{"rendered":"<p>Pour compl\u00e9ter votre espace d\u00e9tente ext\u00e9rieur d&rsquo;une pi\u00e8ce phare, rien de tel que le fauteuil suspendu de jardin en r\u00e9sine imitation rotin CALYPSO. Craquez pour sa structure en finition \u00e9poxy rev\u00eatue de r\u00e9sine imitation rotin qui invite \u00e0 l&rsquo;\u00e9vasion et au voyage. Install\u00e9 au creux de son coussin moelleux, vous n&rsquo;aurez plus envie de quitter ce fauteuil suspendu d&rsquo;ext\u00e9rieur. Livr\u00e9 avec support, coussins et cha\u00eenes. Dimensions (cm): H122 x L89 x PR69 Poids (kg): 14.3 Mati\u00e8re principale : Poly\u00e9thyl\u00e8ne Mati\u00e8re secondaire : Polyester Dimensions avec support inclus (cm): H167 x L101 x PR107 Poids du support (kg): 15.1 Mati\u00e8re principale du support : M\u00e9tal 2 parties \u00e0 assembler<\/p>","protected":false},"featured_media":7242,"comment_status":"closed","ping_status":"closed","template":"","meta":{"inline_featured_image":false},"product_brand":[],"product_cat":[53],"product_tag":[],"class_list":{"0":"post-8884","1":"product","2":"type-product","3":"status-publish","4":"has-post-thumbnail","6":"product_cat-oeuf-suspendu","8":"first","9":"instock","10":"shipping-taxable","11":"purchasable","12":"product-type-simple"},"_links":{"self":[{"href":"https:\/\/feria-verde.com\/es\/wp-json\/wp\/v2\/product\/8884","targetHints":{"allow":["GET"]}}],"collection":[{"href":"https:\/\/feria-verde.com\/es\/wp-json\/wp\/v2\/product"}],"about":[{"href":"https:\/\/feria-verde.com\/es\/wp-json\/wp\/v2\/types\/product"}],"replies":[{"embeddable":true,"href":"https:\/\/feria-verde.com\/es\/wp-json\/wp\/v2\/comments?post=8884"}],"version-history":[{"count":0,"href":"https:\/\/feria-verde.com\/es\/wp-json\/wp\/v2\/product\/8884\/revisions"}],"wp:featuredmedia":[{"embeddable":true,"href":"https:\/\/feria-verde.com\/es\/wp-json\/wp\/v2\/media\/7242"}],"wp:attachment":[{"href":"https:\/\/feria-verde.com\/es\/wp-json\/wp\/v2\/media?parent=8884"}],"wp:term":[{"taxonomy":"product_brand","embeddable":true,"href":"https:\/\/feria-verde.com\/es\/wp-json\/wp\/v2\/product_brand?post=8884"},{"taxonomy":"product_cat","embeddable":true,"href":"https:\/\/feria-verde.com\/es\/wp-json\/wp\/v2\/product_cat?post=8884"},{"taxonomy":"product_tag","embeddable":true,"href":"https:\/\/feria-verde.com\/es\/wp-json\/wp\/v2\/product_tag?post=8884"}],"curies":[{"name":"wp","href":"https:\/\/api.w.org\/{rel}","templated":true}]}}