{"id":8885,"date":"2024-05-31T19:07:00","date_gmt":"2024-05-31T17:07:00","guid":{"rendered":"https:\/\/feria-verde.com\/?post_type=product&#038;p=8885"},"modified":"2024-05-31T19:07:02","modified_gmt":"2024-05-31T17:07:02","slug":"oeuf-suspendu-bulma","status":"publish","type":"product","link":"https:\/\/feria-verde.com\/es\/producto\/oeuf-suspendu-bulma\/","title":{"rendered":"\u0153uf suspendu Bulma"},"content":{"rendered":"<p>Il est impossible de renoncer \u00e0 la sensation de d\u00e9tente que procure le bercement du fauteuil&nbsp; suspendu BULMA.<br data-mce-fragment=\"1\"><br data-mce-fragment=\"1\">Vous pouvez placer le placer sur la terrasse, dans le jardin ou sur le balcon pour profiter chaque jour d&rsquo;une d\u00e9tente luxueuse au grand air.<br data-mce-fragment=\"1\"><br data-mce-fragment=\"1\">La forme ovale de l&rsquo;assise, qui rappelle celle d&rsquo;un \u0153ufs, procure un sentiment d&rsquo;intimit\u00e9 et un enveloppement agr\u00e9able. Il remplacera avec succ\u00e8s un hamac, donnant \u00e0 votre terrasse un caract\u00e8re \u00e9l\u00e9gant.<br data-mce-fragment=\"1\"><\/p>\n<p>Livr\u00e9 avec support, coussins et cha\u00eenes.<br data-mce-fragment=\"1\"><br data-mce-fragment=\"1\">Dimensions (cm): H125 x L107 x PR77<br data-mce-fragment=\"1\">Poids (kg): 16.1<br data-mce-fragment=\"1\">Mati\u00e8re principale : Polyrotin<br data-mce-fragment=\"1\">Mati\u00e8re secondaire : Acier inoxydable<\/p>\n<p>Dimensions avec support inclus (cm): H196 x L101 x PR115<br \/>\nPoids du support (kg): 14.3<br \/>\nMati\u00e8re principale du support : M\u00e9tal<br \/>\n2 parties \u00e0 assembler<\/p>","protected":false},"excerpt":{"rendered":"<p>Il est impossible de renoncer \u00e0 la sensation de d\u00e9tente que procure le bercement du fauteuil&nbsp; suspendu BULMA.Vous pouvez placer le placer sur la terrasse, dans le jardin ou sur le balcon pour profiter chaque jour d&rsquo;une d\u00e9tente luxueuse au grand air.La forme ovale de l&rsquo;assise, qui rappelle celle d&rsquo;un \u0153ufs, procure un sentiment d&rsquo;intimit\u00e9 et un enveloppement agr\u00e9able. Il remplacera avec succ\u00e8s un hamac, donnant \u00e0 votre terrasse un caract\u00e8re \u00e9l\u00e9gant. Livr\u00e9 avec support, coussins et cha\u00eenes.Dimensions (cm): H125 x L107 x PR77Poids (kg): 16.1Mati\u00e8re principale : PolyrotinMati\u00e8re secondaire : Acier inoxydable Dimensions avec support inclus (cm): H196 x L101 x PR115 Poids du support (kg): 14.3 Mati\u00e8re principale du support : M\u00e9tal 2 parties \u00e0 assembler<\/p>","protected":false},"featured_media":7241,"comment_status":"closed","ping_status":"closed","template":"","meta":{"inline_featured_image":false},"product_brand":[],"product_cat":[53],"product_tag":[],"class_list":{"0":"post-8885","1":"product","2":"type-product","3":"status-publish","4":"has-post-thumbnail","6":"product_cat-oeuf-suspendu","8":"first","9":"instock","10":"shipping-taxable","11":"purchasable","12":"product-type-simple"},"_links":{"self":[{"href":"https:\/\/feria-verde.com\/es\/wp-json\/wp\/v2\/product\/8885","targetHints":{"allow":["GET"]}}],"collection":[{"href":"https:\/\/feria-verde.com\/es\/wp-json\/wp\/v2\/product"}],"about":[{"href":"https:\/\/feria-verde.com\/es\/wp-json\/wp\/v2\/types\/product"}],"replies":[{"embeddable":true,"href":"https:\/\/feria-verde.com\/es\/wp-json\/wp\/v2\/comments?post=8885"}],"version-history":[{"count":0,"href":"https:\/\/feria-verde.com\/es\/wp-json\/wp\/v2\/product\/8885\/revisions"}],"wp:featuredmedia":[{"embeddable":true,"href":"https:\/\/feria-verde.com\/es\/wp-json\/wp\/v2\/media\/7241"}],"wp:attachment":[{"href":"https:\/\/feria-verde.com\/es\/wp-json\/wp\/v2\/media?parent=8885"}],"wp:term":[{"taxonomy":"product_brand","embeddable":true,"href":"https:\/\/feria-verde.com\/es\/wp-json\/wp\/v2\/product_brand?post=8885"},{"taxonomy":"product_cat","embeddable":true,"href":"https:\/\/feria-verde.com\/es\/wp-json\/wp\/v2\/product_cat?post=8885"},{"taxonomy":"product_tag","embeddable":true,"href":"https:\/\/feria-verde.com\/es\/wp-json\/wp\/v2\/product_tag?post=8885"}],"curies":[{"name":"wp","href":"https:\/\/api.w.org\/{rel}","templated":true}]}}