{"id":8886,"date":"2024-05-31T19:07:00","date_gmt":"2024-05-31T17:07:00","guid":{"rendered":"https:\/\/feria-verde.com\/?post_type=product&#038;p=8886"},"modified":"2024-05-31T19:07:02","modified_gmt":"2024-05-31T17:07:02","slug":"fauteuil-suspendu-fluma","status":"publish","type":"product","link":"https:\/\/feria-verde.com\/es\/producto\/fauteuil-suspendu-fluma\/","title":{"rendered":"Fauteuil Suspendu Fluma"},"content":{"rendered":"<p>Succombez \u00e0 l&rsquo;appel du farniente avec le fauteuil suspendu de jardin imitation rotin FLUMA.<\/p>\n<p>Accueilli confortablement gr\u00e2ce \u00e0 ses coussins \u00e9pais, il est parfait pour cr\u00e9er un espace cocooning sur votre terrasse. Ce fauteuil suspendu deviendra le compagnon incontournable de vos siestes et pauses d\u00e9tente pendant les beaux jours.<\/p>\n<p>Livr\u00e9 avec support, coussins et cha\u00eenes.<br data-mce-fragment=\"1\"><br data-mce-fragment=\"1\">Dimensions (cm): H125 x L89 x PR80<br data-mce-fragment=\"1\">Poids net (kg): 16.1<br data-mce-fragment=\"1\">Mati\u00e8re principale : Polyrotin<br data-mce-fragment=\"1\"><br data-mce-fragment=\"1\">Dimensions avec support inclus (cm): H167 x L101 x PR107<br data-mce-fragment=\"1\">Poids du support (kg): 14.9<br data-mce-fragment=\"1\">Mati\u00e8re principale du support : M\u00e9tal<br data-mce-fragment=\"1\">2 parties \u00e0 assembler<\/p>","protected":false},"excerpt":{"rendered":"<p>Succombez \u00e0 l&rsquo;appel du farniente avec le fauteuil suspendu de jardin imitation rotin FLUMA. Accueilli confortablement gr\u00e2ce \u00e0 ses coussins \u00e9pais, il est parfait pour cr\u00e9er un espace cocooning sur votre terrasse. Ce fauteuil suspendu deviendra le compagnon incontournable de vos siestes et pauses d\u00e9tente pendant les beaux jours. Livr\u00e9 avec support, coussins et cha\u00eenes.Dimensions (cm): H125 x L89 x PR80Poids net (kg): 16.1Mati\u00e8re principale : PolyrotinDimensions avec support inclus (cm): H167 x L101 x PR107Poids du support (kg): 14.9Mati\u00e8re principale du support : M\u00e9tal2 parties \u00e0 assembler<\/p>","protected":false},"featured_media":7240,"comment_status":"closed","ping_status":"closed","template":"","meta":{"inline_featured_image":false},"product_brand":[],"product_cat":[54],"product_tag":[],"class_list":{"0":"post-8886","1":"product","2":"type-product","3":"status-publish","4":"has-post-thumbnail","6":"product_cat-fauteuil-suspendu","8":"first","9":"instock","10":"shipping-taxable","11":"purchasable","12":"product-type-simple"},"_links":{"self":[{"href":"https:\/\/feria-verde.com\/es\/wp-json\/wp\/v2\/product\/8886","targetHints":{"allow":["GET"]}}],"collection":[{"href":"https:\/\/feria-verde.com\/es\/wp-json\/wp\/v2\/product"}],"about":[{"href":"https:\/\/feria-verde.com\/es\/wp-json\/wp\/v2\/types\/product"}],"replies":[{"embeddable":true,"href":"https:\/\/feria-verde.com\/es\/wp-json\/wp\/v2\/comments?post=8886"}],"version-history":[{"count":0,"href":"https:\/\/feria-verde.com\/es\/wp-json\/wp\/v2\/product\/8886\/revisions"}],"wp:featuredmedia":[{"embeddable":true,"href":"https:\/\/feria-verde.com\/es\/wp-json\/wp\/v2\/media\/7240"}],"wp:attachment":[{"href":"https:\/\/feria-verde.com\/es\/wp-json\/wp\/v2\/media?parent=8886"}],"wp:term":[{"taxonomy":"product_brand","embeddable":true,"href":"https:\/\/feria-verde.com\/es\/wp-json\/wp\/v2\/product_brand?post=8886"},{"taxonomy":"product_cat","embeddable":true,"href":"https:\/\/feria-verde.com\/es\/wp-json\/wp\/v2\/product_cat?post=8886"},{"taxonomy":"product_tag","embeddable":true,"href":"https:\/\/feria-verde.com\/es\/wp-json\/wp\/v2\/product_tag?post=8886"}],"curies":[{"name":"wp","href":"https:\/\/api.w.org\/{rel}","templated":true}]}}