{"id":8889,"date":"2024-05-31T19:07:00","date_gmt":"2024-05-31T17:07:00","guid":{"rendered":"https:\/\/feria-verde.com\/?post_type=product&#038;p=8889"},"modified":"2024-05-31T19:07:02","modified_gmt":"2024-05-31T17:07:02","slug":"fauteuil-suspendu-eden","status":"publish","type":"product","link":"https:\/\/feria-verde.com\/es\/producto\/fauteuil-suspendu-eden\/","title":{"rendered":"Fauteuil Suspendu Eden"},"content":{"rendered":"<p>Des moments d&rsquo;\u00e9vasion \u00e0 l&rsquo;horizon ! Profitez de votre temps libre de la meilleure des fa\u00e7ons en vous relaxant dans le fauteuil suspendu 1 places EDEN.<\/p>\n<p>Il offre des moments uniques \u00e0 partager \u00e0 deux. Spacieux et \u00e0 la fois chic et vintage, ce fauteuil suspendu double embellira forc\u00e9ment votre espace.<\/p>\n<p>Livr\u00e9 avec support, coussins et cha\u00eenes.<\/p>\n<p><br data-mce-fragment=\"1\">Dimensions (cm): H134 x L121 x PR101<br data-mce-fragment=\"1\">Poids (kg): 19,06<br data-mce-fragment=\"1\">Mati\u00e8re principale : Polyrotin<br data-mce-fragment=\"1\">Mati\u00e8re secondaire : Poly\u00e9thyl\u00e8ne<br data-mce-fragment=\"1\"><br data-mce-fragment=\"1\">Dimensions avec support inclus (cm): H180 x L143 x PR116<br data-mce-fragment=\"1\">Poids du support (kg): 16,1<br data-mce-fragment=\"1\">Mati\u00e8re principale du support : M\u00e9tal<br data-mce-fragment=\"1\">2 parties \u00e0 assembler<\/p>","protected":false},"excerpt":{"rendered":"<p>Des moments d&rsquo;\u00e9vasion \u00e0 l&rsquo;horizon ! Profitez de votre temps libre de la meilleure des fa\u00e7ons en vous relaxant dans le fauteuil suspendu 1 places EDEN. Il offre des moments uniques \u00e0 partager \u00e0 deux. Spacieux et \u00e0 la fois chic et vintage, ce fauteuil suspendu double embellira forc\u00e9ment votre espace. Livr\u00e9 avec support, coussins et cha\u00eenes. Dimensions (cm): H134 x L121 x PR101Poids (kg): 19,06Mati\u00e8re principale : PolyrotinMati\u00e8re secondaire : Poly\u00e9thyl\u00e8neDimensions avec support inclus (cm): H180 x L143 x PR116Poids du support (kg): 16,1Mati\u00e8re principale du support : M\u00e9tal2 parties \u00e0 assembler<\/p>","protected":false},"featured_media":7237,"comment_status":"closed","ping_status":"closed","template":"","meta":{"inline_featured_image":false},"product_brand":[],"product_cat":[54],"product_tag":[],"class_list":{"0":"post-8889","1":"product","2":"type-product","3":"status-publish","4":"has-post-thumbnail","6":"product_cat-fauteuil-suspendu","8":"first","9":"instock","10":"shipping-taxable","11":"purchasable","12":"product-type-simple"},"_links":{"self":[{"href":"https:\/\/feria-verde.com\/es\/wp-json\/wp\/v2\/product\/8889","targetHints":{"allow":["GET"]}}],"collection":[{"href":"https:\/\/feria-verde.com\/es\/wp-json\/wp\/v2\/product"}],"about":[{"href":"https:\/\/feria-verde.com\/es\/wp-json\/wp\/v2\/types\/product"}],"replies":[{"embeddable":true,"href":"https:\/\/feria-verde.com\/es\/wp-json\/wp\/v2\/comments?post=8889"}],"version-history":[{"count":0,"href":"https:\/\/feria-verde.com\/es\/wp-json\/wp\/v2\/product\/8889\/revisions"}],"wp:featuredmedia":[{"embeddable":true,"href":"https:\/\/feria-verde.com\/es\/wp-json\/wp\/v2\/media\/7237"}],"wp:attachment":[{"href":"https:\/\/feria-verde.com\/es\/wp-json\/wp\/v2\/media?parent=8889"}],"wp:term":[{"taxonomy":"product_brand","embeddable":true,"href":"https:\/\/feria-verde.com\/es\/wp-json\/wp\/v2\/product_brand?post=8889"},{"taxonomy":"product_cat","embeddable":true,"href":"https:\/\/feria-verde.com\/es\/wp-json\/wp\/v2\/product_cat?post=8889"},{"taxonomy":"product_tag","embeddable":true,"href":"https:\/\/feria-verde.com\/es\/wp-json\/wp\/v2\/product_tag?post=8889"}],"curies":[{"name":"wp","href":"https:\/\/api.w.org\/{rel}","templated":true}]}}