{"id":8891,"date":"2024-05-31T19:07:00","date_gmt":"2024-05-31T17:07:00","guid":{"rendered":"https:\/\/feria-verde.com\/?post_type=product&#038;p=8891"},"modified":"2024-05-31T19:07:02","modified_gmt":"2024-05-31T17:07:02","slug":"fauteuil-suspendu-double-castel","status":"publish","type":"product","link":"https:\/\/feria-verde.com\/es\/producto\/fauteuil-suspendu-double-castel\/","title":{"rendered":"Sill\u00f3n doble suspendido Castel"},"content":{"rendered":"<p>Des moments d&rsquo;\u00e9vasion \u00e0 l&rsquo;horizon ! Profitez de votre temps libre de la meilleure fa\u00e7on qui soit en vous pr\u00e9lassant dans le fauteuil suspendu CASTEL.<\/p>\n<p>Consid\u00e9r\u00e9 comme l&rsquo;une de nos pi\u00e8ces phares, il offre un moment unique \u00e0 partager \u00e0 deux. Il offre un large espace et peut supporter jusqu&rsquo;\u00e0 250 kg.<\/p>\n<p>Si vous disposez d&rsquo;un grand salon ou d&rsquo;une belle terrasse, le fauteuil embellira l&rsquo;environnement et laissera vos invit\u00e9s intrigu\u00e9s et d\u00e9sireux d&rsquo;en savoir plus&#8230;<\/p>\n<p data-mce-fragment=\"1\">Livr\u00e9 avec support, coussins et cha\u00eenes.<br data-mce-fragment=\"1\"><br data-mce-fragment=\"1\">Dimensions (cm): H161 x L143 x PR98<br data-mce-fragment=\"1\">Poids (kg): 19,6<br data-mce-fragment=\"1\">Mati\u00e8re principale : Polyrotin<br data-mce-fragment=\"1\">Mati\u00e8re secondaire : Poly\u00e9thyl\u00e8ne<br data-mce-fragment=\"1\"><br data-mce-fragment=\"1\">Dimensions avec support inclus (cm): H190 x L161 x PR125<br data-mce-fragment=\"1\">Poids du support (kg): 17,05<br data-mce-fragment=\"1\">Mati\u00e8re principale du support: M\u00e9tal<br data-mce-fragment=\"1\">2 parties \u00e0 assembler<\/p>","protected":false},"excerpt":{"rendered":"<p>Des moments d&rsquo;\u00e9vasion \u00e0 l&rsquo;horizon ! Profitez de votre temps libre de la meilleure fa\u00e7on qui soit en vous pr\u00e9lassant dans le fauteuil suspendu CASTEL. Consid\u00e9r\u00e9 comme l&rsquo;une de nos pi\u00e8ces phares, il offre un moment unique \u00e0 partager \u00e0 deux. Il offre un large espace et peut supporter jusqu&rsquo;\u00e0 250 kg. Si vous disposez d&rsquo;un grand salon ou d&rsquo;une belle terrasse, le fauteuil embellira l&rsquo;environnement et laissera vos invit\u00e9s intrigu\u00e9s et d\u00e9sireux d&rsquo;en savoir plus&#8230; Livr\u00e9 avec support, coussins et cha\u00eenes.Dimensions (cm): H161 x L143 x PR98Poids (kg): 19,6Mati\u00e8re principale : PolyrotinMati\u00e8re secondaire : Poly\u00e9thyl\u00e8neDimensions avec support inclus (cm): H190 x L161 x PR125Poids du support (kg): 17,05Mati\u00e8re principale du support: M\u00e9tal2 parties \u00e0 assembler<\/p>","protected":false},"featured_media":7245,"comment_status":"closed","ping_status":"closed","template":"","meta":{"inline_featured_image":false},"product_brand":[],"product_cat":[55],"product_tag":[],"class_list":{"0":"post-8891","1":"product","2":"type-product","3":"status-publish","4":"has-post-thumbnail","6":"product_cat-fauteuil-suspendu-double","8":"first","9":"instock","10":"shipping-taxable","11":"purchasable","12":"product-type-simple"},"_links":{"self":[{"href":"https:\/\/feria-verde.com\/es\/wp-json\/wp\/v2\/product\/8891","targetHints":{"allow":["GET"]}}],"collection":[{"href":"https:\/\/feria-verde.com\/es\/wp-json\/wp\/v2\/product"}],"about":[{"href":"https:\/\/feria-verde.com\/es\/wp-json\/wp\/v2\/types\/product"}],"replies":[{"embeddable":true,"href":"https:\/\/feria-verde.com\/es\/wp-json\/wp\/v2\/comments?post=8891"}],"version-history":[{"count":0,"href":"https:\/\/feria-verde.com\/es\/wp-json\/wp\/v2\/product\/8891\/revisions"}],"wp:featuredmedia":[{"embeddable":true,"href":"https:\/\/feria-verde.com\/es\/wp-json\/wp\/v2\/media\/7245"}],"wp:attachment":[{"href":"https:\/\/feria-verde.com\/es\/wp-json\/wp\/v2\/media?parent=8891"}],"wp:term":[{"taxonomy":"product_brand","embeddable":true,"href":"https:\/\/feria-verde.com\/es\/wp-json\/wp\/v2\/product_brand?post=8891"},{"taxonomy":"product_cat","embeddable":true,"href":"https:\/\/feria-verde.com\/es\/wp-json\/wp\/v2\/product_cat?post=8891"},{"taxonomy":"product_tag","embeddable":true,"href":"https:\/\/feria-verde.com\/es\/wp-json\/wp\/v2\/product_tag?post=8891"}],"curies":[{"name":"wp","href":"https:\/\/api.w.org\/{rel}","templated":true}]}}