{"id":8892,"date":"2024-05-31T19:07:00","date_gmt":"2024-05-31T17:07:00","guid":{"rendered":"https:\/\/feria-verde.com\/?post_type=product&#038;p=8892"},"modified":"2024-05-31T19:07:02","modified_gmt":"2024-05-31T17:07:02","slug":"oeuf-suspendu-girondin","status":"publish","type":"product","link":"https:\/\/feria-verde.com\/es\/producto\/oeuf-suspendu-girondin\/","title":{"rendered":"\u0153uf Suspendu Girondin"},"content":{"rendered":"<p>Avec son charme 60&rsquo;s, le fauteuil suspendu en r\u00e9sine tress\u00e9e imitation rotin GIRONDIN s\u00e9duit par son style intemporel.<\/p>\n<p><br data-mce-fragment=\"1\"><span data-mce-fragment=\"1\">Jumeau du mod\u00e8le MIRABEAU, ce fauteuil couleur Terre d&rsquo;Ombre poss\u00e8de des coussins tr\u00e8s confortables. Il sera parfait pour vos moments de d\u00e9tente ou de lecture.&nbsp;<\/span><\/p>\n<p>Laissez-vous tranquillement bercer dans son assise ronde et enveloppante et profitez de l&rsquo;instant pr\u00e9sent.<\/p>\n<p>Ce fauteuil peut \u00eatre agenc\u00e9 en int\u00e9rieur comme en ext\u00e9rieur, vous pourrez donc l&rsquo;utiliser en hiver comme en \u00e9t\u00e9.<\/p>\n<p><br data-mce-fragment=\"1\">Livr\u00e9 avec support, coussins et cha\u00eenes.<br data-mce-fragment=\"1\"><br data-mce-fragment=\"1\">Dimensions (cm): H98 x L79 x PR62<br data-mce-fragment=\"1\">Poids (kg): 15.7<br data-mce-fragment=\"1\">Mati\u00e8re principale : Polyrotin<br data-mce-fragment=\"1\">Mati\u00e8re secondaire : Poly\u00e9thyl\u00e8ne<br data-mce-fragment=\"1\"><\/p>\n<p>Dimensions avec support inclus (cm): H196 x L101 x PR115<br data-mce-fragment=\"1\">Poids du support (kg): 14.3<br data-mce-fragment=\"1\">Mati\u00e8re principale du support : M\u00e9tal<br data-mce-fragment=\"1\">2 parties \u00e0 assembler<\/p>","protected":false},"excerpt":{"rendered":"<p>Avec son charme 60&rsquo;s, le fauteuil suspendu en r\u00e9sine tress\u00e9e imitation rotin GIRONDIN s\u00e9duit par son style intemporel. Jumeau du mod\u00e8le MIRABEAU, ce fauteuil couleur Terre d&rsquo;Ombre poss\u00e8de des coussins tr\u00e8s confortables. Il sera parfait pour vos moments de d\u00e9tente ou de lecture.&nbsp; Laissez-vous tranquillement bercer dans son assise ronde et enveloppante et profitez de l&rsquo;instant pr\u00e9sent. Ce fauteuil peut \u00eatre agenc\u00e9 en int\u00e9rieur comme en ext\u00e9rieur, vous pourrez donc l&rsquo;utiliser en hiver comme en \u00e9t\u00e9. Livr\u00e9 avec support, coussins et cha\u00eenes.Dimensions (cm): H98 x L79 x PR62Poids (kg): 15.7Mati\u00e8re principale : PolyrotinMati\u00e8re secondaire : Poly\u00e9thyl\u00e8ne Dimensions avec support inclus (cm): H196 x L101 x PR115Poids du support (kg): 14.3Mati\u00e8re principale du support : M\u00e9tal2 parties \u00e0 assembler<\/p>","protected":false},"featured_media":7195,"comment_status":"closed","ping_status":"closed","template":"","meta":{"inline_featured_image":false},"product_brand":[],"product_cat":[53],"product_tag":[],"class_list":{"0":"post-8892","1":"product","2":"type-product","3":"status-publish","4":"has-post-thumbnail","6":"product_cat-oeuf-suspendu","8":"first","9":"instock","10":"shipping-taxable","11":"purchasable","12":"product-type-simple"},"_links":{"self":[{"href":"https:\/\/feria-verde.com\/es\/wp-json\/wp\/v2\/product\/8892","targetHints":{"allow":["GET"]}}],"collection":[{"href":"https:\/\/feria-verde.com\/es\/wp-json\/wp\/v2\/product"}],"about":[{"href":"https:\/\/feria-verde.com\/es\/wp-json\/wp\/v2\/types\/product"}],"replies":[{"embeddable":true,"href":"https:\/\/feria-verde.com\/es\/wp-json\/wp\/v2\/comments?post=8892"}],"version-history":[{"count":0,"href":"https:\/\/feria-verde.com\/es\/wp-json\/wp\/v2\/product\/8892\/revisions"}],"wp:featuredmedia":[{"embeddable":true,"href":"https:\/\/feria-verde.com\/es\/wp-json\/wp\/v2\/media\/7195"}],"wp:attachment":[{"href":"https:\/\/feria-verde.com\/es\/wp-json\/wp\/v2\/media?parent=8892"}],"wp:term":[{"taxonomy":"product_brand","embeddable":true,"href":"https:\/\/feria-verde.com\/es\/wp-json\/wp\/v2\/product_brand?post=8892"},{"taxonomy":"product_cat","embeddable":true,"href":"https:\/\/feria-verde.com\/es\/wp-json\/wp\/v2\/product_cat?post=8892"},{"taxonomy":"product_tag","embeddable":true,"href":"https:\/\/feria-verde.com\/es\/wp-json\/wp\/v2\/product_tag?post=8892"}],"curies":[{"name":"wp","href":"https:\/\/api.w.org\/{rel}","templated":true}]}}