{"id":8893,"date":"2024-05-31T19:07:00","date_gmt":"2024-05-31T17:07:00","guid":{"rendered":"https:\/\/feria-verde.com\/?post_type=product&#038;p=8893"},"modified":"2024-05-31T19:07:02","modified_gmt":"2024-05-31T17:07:02","slug":"oeuf-suspendu-azzuro","status":"publish","type":"product","link":"https:\/\/feria-verde.com\/es\/producto\/oeuf-suspendu-azzuro\/","title":{"rendered":"\u0153uf Suspendu Azzuro"},"content":{"rendered":"<p data-mce-fragment=\"1\">Afin de d\u00e9corer votre espace int\u00e9rieur ou ext\u00e9rieur de mani\u00e8re atypique, le fauteuil suspendu AZZURO est la pi\u00e8ce qu&rsquo;il vous faut.<\/p>\n<p data-mce-fragment=\"1\">Ce fauteuil en r\u00e9sine tress\u00e9e blanche au style naturel poss\u00e8de des coussins tr\u00e8s confortables. Il sera parfait pour vos moments de d\u00e9tente ou de lecture.<\/p>\n<p data-mce-fragment=\"1\">Plac\u00e9 dans votre jardin ou dans un salon, ce fauteuil a de quoi relever le d\u00e9cor gr\u00e2ce \u00e0 son esth\u00e9tique attrayante.<\/p>\n<p data-mce-fragment=\"1\">Livr\u00e9 avec support, coussins et cha\u00eenes.<br data-mce-fragment=\"1\"><br data-mce-fragment=\"1\">Dimensions (cm): H107 x L79 x PR71<br data-mce-fragment=\"1\">Poids (kg): 15.8<br data-mce-fragment=\"1\">Mati\u00e8re principale : Polyr\u00e9sine<br data-mce-fragment=\"1\">Mati\u00e8re secondaire : Polyrotin<\/p>\n<p data-mce-fragment=\"1\">Dimensions avec support inclus (cm): H167 x L101 x PR107<br \/>\nPoids du support (kg): 14.9<br \/>\nMati\u00e8re principale du support : M\u00e9tal<br \/>\n2 parties \u00e0 assembler<\/p>","protected":false},"excerpt":{"rendered":"<p>Afin de d\u00e9corer votre espace int\u00e9rieur ou ext\u00e9rieur de mani\u00e8re atypique, le fauteuil suspendu AZZURO est la pi\u00e8ce qu&rsquo;il vous faut. Ce fauteuil en r\u00e9sine tress\u00e9e blanche au style naturel poss\u00e8de des coussins tr\u00e8s confortables. Il sera parfait pour vos moments de d\u00e9tente ou de lecture. Plac\u00e9 dans votre jardin ou dans un salon, ce fauteuil a de quoi relever le d\u00e9cor gr\u00e2ce \u00e0 son esth\u00e9tique attrayante. Livr\u00e9 avec support, coussins et cha\u00eenes.Dimensions (cm): H107 x L79 x PR71Poids (kg): 15.8Mati\u00e8re principale : Polyr\u00e9sineMati\u00e8re secondaire : Polyrotin Dimensions avec support inclus (cm): H167 x L101 x PR107 Poids du support (kg): 14.9 Mati\u00e8re principale du support : M\u00e9tal 2 parties \u00e0 assembler<\/p>","protected":false},"featured_media":7243,"comment_status":"closed","ping_status":"closed","template":"","meta":{"inline_featured_image":false},"product_brand":[],"product_cat":[53],"product_tag":[],"class_list":{"0":"post-8893","1":"product","2":"type-product","3":"status-publish","4":"has-post-thumbnail","6":"product_cat-oeuf-suspendu","8":"first","9":"instock","10":"shipping-taxable","11":"purchasable","12":"product-type-simple"},"_links":{"self":[{"href":"https:\/\/feria-verde.com\/es\/wp-json\/wp\/v2\/product\/8893","targetHints":{"allow":["GET"]}}],"collection":[{"href":"https:\/\/feria-verde.com\/es\/wp-json\/wp\/v2\/product"}],"about":[{"href":"https:\/\/feria-verde.com\/es\/wp-json\/wp\/v2\/types\/product"}],"replies":[{"embeddable":true,"href":"https:\/\/feria-verde.com\/es\/wp-json\/wp\/v2\/comments?post=8893"}],"version-history":[{"count":0,"href":"https:\/\/feria-verde.com\/es\/wp-json\/wp\/v2\/product\/8893\/revisions"}],"wp:featuredmedia":[{"embeddable":true,"href":"https:\/\/feria-verde.com\/es\/wp-json\/wp\/v2\/media\/7243"}],"wp:attachment":[{"href":"https:\/\/feria-verde.com\/es\/wp-json\/wp\/v2\/media?parent=8893"}],"wp:term":[{"taxonomy":"product_brand","embeddable":true,"href":"https:\/\/feria-verde.com\/es\/wp-json\/wp\/v2\/product_brand?post=8893"},{"taxonomy":"product_cat","embeddable":true,"href":"https:\/\/feria-verde.com\/es\/wp-json\/wp\/v2\/product_cat?post=8893"},{"taxonomy":"product_tag","embeddable":true,"href":"https:\/\/feria-verde.com\/es\/wp-json\/wp\/v2\/product_tag?post=8893"}],"curies":[{"name":"wp","href":"https:\/\/api.w.org\/{rel}","templated":true}]}}