{"id":8894,"date":"2024-05-31T19:07:00","date_gmt":"2024-05-31T17:07:00","guid":{"rendered":"https:\/\/feria-verde.com\/?post_type=product&#038;p=8894"},"modified":"2024-05-31T19:07:02","modified_gmt":"2024-05-31T17:07:02","slug":"fauteuil-suspendu-gold-globo","status":"publish","type":"product","link":"https:\/\/feria-verde.com\/es\/producto\/fauteuil-suspendu-gold-globo\/","title":{"rendered":"Fauteuil Suspendu Gold Globo"},"content":{"rendered":"<p>\u00c9l\u00e9gant et Vintage, ce fauteuil suspendu pivotant est l&rsquo;ajout parfait \u00e0 tout espace.<\/p>\n<p>Le GOLD GLOBO s&rsquo;allie facilement n\u2019importe o\u00f9, que ce soit \u00e0 l&rsquo;int\u00e9rieur ou \u00e0 l&rsquo;ext\u00e9rieur, dans votre salon ou votre jardin pendant l&rsquo;\u00e9t\u00e9. Il fait partie d&rsquo;une s\u00e9rie limit\u00e9e au vu de son faible niveau de stock.<\/p>\n<p>Livr\u00e9 avec support, coussins et cha\u00eenes.<\/p>\n<p>Dimensions (cm): <span>H107 x L107 x PR53<\/span><br \/>\nPoids (kg): 13.4<br \/>\nMati\u00e8re principale : Aluminium<br \/>\nMati\u00e8re secondaire (coque) : Plastique <span class=\"ILfuVd\"><span class=\"hgKElc\">bio PET (poly\u00e9thyl\u00e8ne t\u00e9r\u00e9phtalate) <\/span><\/span><\/p>\n<p>Dimensions avec support inclus (cm): H152 x L62 x PR108<br \/>\nPoids du support (kg): 12.6<br \/>\nMati\u00e8re principale du support : M\u00e9tal dor\u00e9<br \/>\n2 parties \u00e0 assembler<\/p>","protected":false},"excerpt":{"rendered":"<p>\u00c9l\u00e9gant et Vintage, ce fauteuil suspendu pivotant est l&rsquo;ajout parfait \u00e0 tout espace. Le GOLD GLOBO s&rsquo;allie facilement n\u2019importe o\u00f9, que ce soit \u00e0 l&rsquo;int\u00e9rieur ou \u00e0 l&rsquo;ext\u00e9rieur, dans votre salon ou votre jardin pendant l&rsquo;\u00e9t\u00e9. Il fait partie d&rsquo;une s\u00e9rie limit\u00e9e au vu de son faible niveau de stock. Livr\u00e9 avec support, coussins et cha\u00eenes. Dimensions (cm): H107 x L107 x PR53 Poids (kg): 13.4 Mati\u00e8re principale : Aluminium Mati\u00e8re secondaire (coque) : Plastique bio PET (poly\u00e9thyl\u00e8ne t\u00e9r\u00e9phtalate) Dimensions avec support inclus (cm): H152 x L62 x PR108 Poids du support (kg): 12.6 Mati\u00e8re principale du support : M\u00e9tal dor\u00e9 2 parties \u00e0 assembler<\/p>","protected":false},"featured_media":7235,"comment_status":"closed","ping_status":"closed","template":"","meta":{"inline_featured_image":false},"product_brand":[],"product_cat":[54],"product_tag":[],"class_list":{"0":"post-8894","1":"product","2":"type-product","3":"status-publish","4":"has-post-thumbnail","6":"product_cat-fauteuil-suspendu","8":"first","9":"instock","10":"shipping-taxable","11":"purchasable","12":"product-type-simple"},"_links":{"self":[{"href":"https:\/\/feria-verde.com\/es\/wp-json\/wp\/v2\/product\/8894","targetHints":{"allow":["GET"]}}],"collection":[{"href":"https:\/\/feria-verde.com\/es\/wp-json\/wp\/v2\/product"}],"about":[{"href":"https:\/\/feria-verde.com\/es\/wp-json\/wp\/v2\/types\/product"}],"replies":[{"embeddable":true,"href":"https:\/\/feria-verde.com\/es\/wp-json\/wp\/v2\/comments?post=8894"}],"version-history":[{"count":0,"href":"https:\/\/feria-verde.com\/es\/wp-json\/wp\/v2\/product\/8894\/revisions"}],"wp:featuredmedia":[{"embeddable":true,"href":"https:\/\/feria-verde.com\/es\/wp-json\/wp\/v2\/media\/7235"}],"wp:attachment":[{"href":"https:\/\/feria-verde.com\/es\/wp-json\/wp\/v2\/media?parent=8894"}],"wp:term":[{"taxonomy":"product_brand","embeddable":true,"href":"https:\/\/feria-verde.com\/es\/wp-json\/wp\/v2\/product_brand?post=8894"},{"taxonomy":"product_cat","embeddable":true,"href":"https:\/\/feria-verde.com\/es\/wp-json\/wp\/v2\/product_cat?post=8894"},{"taxonomy":"product_tag","embeddable":true,"href":"https:\/\/feria-verde.com\/es\/wp-json\/wp\/v2\/product_tag?post=8894"}],"curies":[{"name":"wp","href":"https:\/\/api.w.org\/{rel}","templated":true}]}}