{"id":8895,"date":"2024-05-31T19:07:00","date_gmt":"2024-05-31T17:07:00","guid":{"rendered":"https:\/\/feria-verde.com\/?post_type=product&#038;p=8895"},"modified":"2024-05-31T19:07:02","modified_gmt":"2024-05-31T17:07:02","slug":"fauteuil-suspendu-ibis","status":"publish","type":"product","link":"https:\/\/feria-verde.com\/es\/producto\/fauteuil-suspendu-ibis\/","title":{"rendered":"Fauteuil Suspendu Ibis"},"content":{"rendered":"<p>Quoi de plus a\u00e9rien que le fauteuil suspendu de jardin IBIS ?<\/p>\n<p>Id\u00e9al pour votre terrasse, il invite \u00e0 la d\u00e9tente absolue. Ses motifs presque hypnotisants fa\u00e7onnent sa structure en forme d&rsquo;oeuf.<\/p>\n<p>Fabriqu\u00e9 en r\u00e9sine tress\u00e9e et aluminium trait\u00e9 \u00e9poxy, ce fauteuil \u0153uf de jardin vous accompagnera durant de longs \u00e9t\u00e9s pour vous faire profiter de son confort unique.<\/p>\n<p>Livr\u00e9 avec support, coussins et cha\u00eenes.<\/p>\n<p>Dimensions (cm): H112 x L104 x PR66<br \/>\nPoids (kg): 13.5<br \/>\nMati\u00e8re principale : Polyrotin, acier inoxydable<\/p>\n<p>Dimensions avec support inclus (cm): H196 x L101 x PR115<br \/>\nPoids du support (kg): 15<br \/>\nMati\u00e8re principale du support: M\u00e9tal<br \/>\n2 parties \u00e0 assembler<\/p>","protected":false},"excerpt":{"rendered":"<p>Quoi de plus a\u00e9rien que le fauteuil suspendu de jardin IBIS ? Id\u00e9al pour votre terrasse, il invite \u00e0 la d\u00e9tente absolue. Ses motifs presque hypnotisants fa\u00e7onnent sa structure en forme d&rsquo;oeuf. Fabriqu\u00e9 en r\u00e9sine tress\u00e9e et aluminium trait\u00e9 \u00e9poxy, ce fauteuil \u0153uf de jardin vous accompagnera durant de longs \u00e9t\u00e9s pour vous faire profiter de son confort unique. Livr\u00e9 avec support, coussins et cha\u00eenes. Dimensions (cm): H112 x L104 x PR66 Poids (kg): 13.5 Mati\u00e8re principale : Polyrotin, acier inoxydable Dimensions avec support inclus (cm): H196 x L101 x PR115 Poids du support (kg): 15 Mati\u00e8re principale du support: M\u00e9tal 2 parties \u00e0 assembler<\/p>","protected":false},"featured_media":7234,"comment_status":"closed","ping_status":"closed","template":"","meta":{"inline_featured_image":false},"product_brand":[],"product_cat":[54],"product_tag":[],"class_list":{"0":"post-8895","1":"product","2":"type-product","3":"status-publish","4":"has-post-thumbnail","6":"product_cat-fauteuil-suspendu","8":"first","9":"instock","10":"shipping-taxable","11":"purchasable","12":"product-type-simple"},"_links":{"self":[{"href":"https:\/\/feria-verde.com\/es\/wp-json\/wp\/v2\/product\/8895","targetHints":{"allow":["GET"]}}],"collection":[{"href":"https:\/\/feria-verde.com\/es\/wp-json\/wp\/v2\/product"}],"about":[{"href":"https:\/\/feria-verde.com\/es\/wp-json\/wp\/v2\/types\/product"}],"replies":[{"embeddable":true,"href":"https:\/\/feria-verde.com\/es\/wp-json\/wp\/v2\/comments?post=8895"}],"version-history":[{"count":0,"href":"https:\/\/feria-verde.com\/es\/wp-json\/wp\/v2\/product\/8895\/revisions"}],"wp:featuredmedia":[{"embeddable":true,"href":"https:\/\/feria-verde.com\/es\/wp-json\/wp\/v2\/media\/7234"}],"wp:attachment":[{"href":"https:\/\/feria-verde.com\/es\/wp-json\/wp\/v2\/media?parent=8895"}],"wp:term":[{"taxonomy":"product_brand","embeddable":true,"href":"https:\/\/feria-verde.com\/es\/wp-json\/wp\/v2\/product_brand?post=8895"},{"taxonomy":"product_cat","embeddable":true,"href":"https:\/\/feria-verde.com\/es\/wp-json\/wp\/v2\/product_cat?post=8895"},{"taxonomy":"product_tag","embeddable":true,"href":"https:\/\/feria-verde.com\/es\/wp-json\/wp\/v2\/product_tag?post=8895"}],"curies":[{"name":"wp","href":"https:\/\/api.w.org\/{rel}","templated":true}]}}