{"id":8896,"date":"2024-05-31T19:07:00","date_gmt":"2024-05-31T17:07:00","guid":{"rendered":"https:\/\/feria-verde.com\/?post_type=product&#038;p=8896"},"modified":"2024-05-31T19:07:02","modified_gmt":"2024-05-31T17:07:02","slug":"fauteuil-suspendu-double-jacobin","status":"publish","type":"product","link":"https:\/\/feria-verde.com\/es\/producto\/fauteuil-suspendu-double-jacobin\/","title":{"rendered":"Fauteuil Suspendu Double Jacobin"},"content":{"rendered":"<p>Pour un moment unique \u00e0 deux, rien de tel que l&rsquo;oeuf suspendu 2 places JACOBIN.<\/p>\n<p>Il offre un espace large et sa balancelle est parfaite pour des moments en couple. Ce fauteuil suspendu et son esth\u00e9tisme hors du commun d\u00e9corera \u00e0 merveille votre salon, jardin, ou m\u00eame votre terrasse lors des beaux jours.<\/p>\n<p>Livr\u00e9 avec support, coussins et cha\u00eenes.<br data-mce-fragment=\"1\"><br data-mce-fragment=\"1\">Dimensions (cm): H162 x L128 x PR99<br data-mce-fragment=\"1\">Poids (kg): 17,6<br data-mce-fragment=\"1\">Mati\u00e8re principale : Polyrotin<br data-mce-fragment=\"1\">Mati\u00e8re secondaire : Poly\u00e9thyl\u00e8ne<br data-mce-fragment=\"1\"><br data-mce-fragment=\"1\">Dimensions avec support inclus (cm): H196 x L128 x PR115<br data-mce-fragment=\"1\">Poids du support (kg): 15,3<br data-mce-fragment=\"1\">Mati\u00e8re principale du support : M\u00e9tal<br data-mce-fragment=\"1\">2 parties \u00e0 assembler<\/p>","protected":false},"excerpt":{"rendered":"<p>Pour un moment unique \u00e0 deux, rien de tel que l&rsquo;oeuf suspendu 2 places JACOBIN. Il offre un espace large et sa balancelle est parfaite pour des moments en couple. Ce fauteuil suspendu et son esth\u00e9tisme hors du commun d\u00e9corera \u00e0 merveille votre salon, jardin, ou m\u00eame votre terrasse lors des beaux jours. Livr\u00e9 avec support, coussins et cha\u00eenes.Dimensions (cm): H162 x L128 x PR99Poids (kg): 17,6Mati\u00e8re principale : PolyrotinMati\u00e8re secondaire : Poly\u00e9thyl\u00e8neDimensions avec support inclus (cm): H196 x L128 x PR115Poids du support (kg): 15,3Mati\u00e8re principale du support : M\u00e9tal2 parties \u00e0 assembler<\/p>","protected":false},"featured_media":7233,"comment_status":"closed","ping_status":"closed","template":"","meta":{"inline_featured_image":false},"product_brand":[],"product_cat":[55],"product_tag":[],"class_list":{"0":"post-8896","1":"product","2":"type-product","3":"status-publish","4":"has-post-thumbnail","6":"product_cat-fauteuil-suspendu-double","8":"first","9":"instock","10":"shipping-taxable","11":"purchasable","12":"product-type-simple"},"_links":{"self":[{"href":"https:\/\/feria-verde.com\/es\/wp-json\/wp\/v2\/product\/8896","targetHints":{"allow":["GET"]}}],"collection":[{"href":"https:\/\/feria-verde.com\/es\/wp-json\/wp\/v2\/product"}],"about":[{"href":"https:\/\/feria-verde.com\/es\/wp-json\/wp\/v2\/types\/product"}],"replies":[{"embeddable":true,"href":"https:\/\/feria-verde.com\/es\/wp-json\/wp\/v2\/comments?post=8896"}],"version-history":[{"count":0,"href":"https:\/\/feria-verde.com\/es\/wp-json\/wp\/v2\/product\/8896\/revisions"}],"wp:featuredmedia":[{"embeddable":true,"href":"https:\/\/feria-verde.com\/es\/wp-json\/wp\/v2\/media\/7233"}],"wp:attachment":[{"href":"https:\/\/feria-verde.com\/es\/wp-json\/wp\/v2\/media?parent=8896"}],"wp:term":[{"taxonomy":"product_brand","embeddable":true,"href":"https:\/\/feria-verde.com\/es\/wp-json\/wp\/v2\/product_brand?post=8896"},{"taxonomy":"product_cat","embeddable":true,"href":"https:\/\/feria-verde.com\/es\/wp-json\/wp\/v2\/product_cat?post=8896"},{"taxonomy":"product_tag","embeddable":true,"href":"https:\/\/feria-verde.com\/es\/wp-json\/wp\/v2\/product_tag?post=8896"}],"curies":[{"name":"wp","href":"https:\/\/api.w.org\/{rel}","templated":true}]}}