{"id":8897,"date":"2024-05-31T19:07:01","date_gmt":"2024-05-31T17:07:01","guid":{"rendered":"https:\/\/feria-verde.com\/?post_type=product&#038;p=8897"},"modified":"2024-05-31T19:07:02","modified_gmt":"2024-05-31T17:07:02","slug":"fauteuil-suspendu-maya","status":"publish","type":"product","link":"https:\/\/feria-verde.com\/es\/producto\/fauteuil-suspendu-maya\/","title":{"rendered":"Fauteuil Suspendu Maya"},"content":{"rendered":"<p>Le fauteuil suspendu MAYA est une pi\u00e8ce \u00e9l\u00e9gante et pleine de charme.<\/p>\n<p>Pouvant \u00eatre am\u00e9nag\u00e9 en int\u00e9rieur comme en ext\u00e9rieur, le fauteuil suspendu MAYA fait tourner les t\u00eates partout o\u00f9 il est plac\u00e9.<\/p>\n<p>Livr\u00e9 avec support, coussins et cha\u00eenes.<br data-mce-fragment=\"1\"><br data-mce-fragment=\"1\">Dimensions (cm): H134 x L88 x PR72<br data-mce-fragment=\"1\">Poids (kg): 18<br data-mce-fragment=\"1\">Mati\u00e8re principale : Polyrotin<br data-mce-fragment=\"1\">Mati\u00e8re secondaire : Acier<br data-mce-fragment=\"1\"><br data-mce-fragment=\"1\">Dimensions avec support inclus (cm): H180 x L98 x PR108<br data-mce-fragment=\"1\">Poids du support (kg): 14.9<br data-mce-fragment=\"1\">Mati\u00e8re principale du support : M\u00e9tal<br data-mce-fragment=\"1\">2 parties \u00e0 assembler<\/p>","protected":false},"excerpt":{"rendered":"<p>Le fauteuil suspendu MAYA est une pi\u00e8ce \u00e9l\u00e9gante et pleine de charme. Pouvant \u00eatre am\u00e9nag\u00e9 en int\u00e9rieur comme en ext\u00e9rieur, le fauteuil suspendu MAYA fait tourner les t\u00eates partout o\u00f9 il est plac\u00e9. Livr\u00e9 avec support, coussins et cha\u00eenes.Dimensions (cm): H134 x L88 x PR72Poids (kg): 18Mati\u00e8re principale : PolyrotinMati\u00e8re secondaire : AcierDimensions avec support inclus (cm): H180 x L98 x PR108Poids du support (kg): 14.9Mati\u00e8re principale du support : M\u00e9tal2 parties \u00e0 assembler<\/p>","protected":false},"featured_media":7232,"comment_status":"closed","ping_status":"closed","template":"","meta":{"inline_featured_image":false},"product_brand":[],"product_cat":[54],"product_tag":[],"class_list":{"0":"post-8897","1":"product","2":"type-product","3":"status-publish","4":"has-post-thumbnail","6":"product_cat-fauteuil-suspendu","8":"first","9":"instock","10":"shipping-taxable","11":"purchasable","12":"product-type-simple"},"_links":{"self":[{"href":"https:\/\/feria-verde.com\/es\/wp-json\/wp\/v2\/product\/8897","targetHints":{"allow":["GET"]}}],"collection":[{"href":"https:\/\/feria-verde.com\/es\/wp-json\/wp\/v2\/product"}],"about":[{"href":"https:\/\/feria-verde.com\/es\/wp-json\/wp\/v2\/types\/product"}],"replies":[{"embeddable":true,"href":"https:\/\/feria-verde.com\/es\/wp-json\/wp\/v2\/comments?post=8897"}],"version-history":[{"count":0,"href":"https:\/\/feria-verde.com\/es\/wp-json\/wp\/v2\/product\/8897\/revisions"}],"wp:featuredmedia":[{"embeddable":true,"href":"https:\/\/feria-verde.com\/es\/wp-json\/wp\/v2\/media\/7232"}],"wp:attachment":[{"href":"https:\/\/feria-verde.com\/es\/wp-json\/wp\/v2\/media?parent=8897"}],"wp:term":[{"taxonomy":"product_brand","embeddable":true,"href":"https:\/\/feria-verde.com\/es\/wp-json\/wp\/v2\/product_brand?post=8897"},{"taxonomy":"product_cat","embeddable":true,"href":"https:\/\/feria-verde.com\/es\/wp-json\/wp\/v2\/product_cat?post=8897"},{"taxonomy":"product_tag","embeddable":true,"href":"https:\/\/feria-verde.com\/es\/wp-json\/wp\/v2\/product_tag?post=8897"}],"curies":[{"name":"wp","href":"https:\/\/api.w.org\/{rel}","templated":true}]}}