{"id":8899,"date":"2024-05-31T19:07:01","date_gmt":"2024-05-31T17:07:01","guid":{"rendered":"https:\/\/feria-verde.com\/?post_type=product&#038;p=8899"},"modified":"2024-05-31T19:07:03","modified_gmt":"2024-05-31T17:07:03","slug":"fauteuil-suspendu-silver-globo","status":"publish","type":"product","link":"https:\/\/feria-verde.com\/es\/producto\/fauteuil-suspendu-silver-globo\/","title":{"rendered":"Fauteuil Suspendu Silver Globo"},"content":{"rendered":"<p>\u00c9l\u00e9gant et Vintage, ce fauteuil suspendu pivotant est l&rsquo;ajout parfait \u00e0 tout espace.<\/p>\n<p>Le SILVER GLOBO s&rsquo;allie facilement n\u2019importe o\u00f9, que ce soit \u00e0 l&rsquo;int\u00e9rieur ou \u00e0 l&rsquo;ext\u00e9rieur, dans votre salon ou votre jardin pendant l&rsquo;\u00e9t\u00e9. Il fait partie d&rsquo;une s\u00e9rie limit\u00e9e au vu de sa raret\u00e9.<\/p>\n<p>Livr\u00e9 avec support, coussins et cha\u00eenes.<br data-mce-fragment=\"1\"><\/p>\n<p>Dimensions (cm): <span>H107 x L107 x PR53<\/span><br \/>\nPoids (kg): 13.4<br \/>\nMati\u00e8re principale : Aluminium<br \/>\nMati\u00e8re secondaire (coque) : Plastique <span class=\"ILfuVd\"><span class=\"hgKElc\">bio PET (poly\u00e9thyl\u00e8ne t\u00e9r\u00e9phtalate) <\/span><\/span><\/p>\n<p>Dimensions avec support inclus (cm): H152 x L62 x PR108<br \/>\nPoids du support (kg): 12.6<br \/>\nMati\u00e8re principale du support : M\u00e9tal argent\u00e9<br \/>\n2 parties \u00e0 assembler<\/p>","protected":false},"excerpt":{"rendered":"<p>\u00c9l\u00e9gant et Vintage, ce fauteuil suspendu pivotant est l&rsquo;ajout parfait \u00e0 tout espace. Le SILVER GLOBO s&rsquo;allie facilement n\u2019importe o\u00f9, que ce soit \u00e0 l&rsquo;int\u00e9rieur ou \u00e0 l&rsquo;ext\u00e9rieur, dans votre salon ou votre jardin pendant l&rsquo;\u00e9t\u00e9. Il fait partie d&rsquo;une s\u00e9rie limit\u00e9e au vu de sa raret\u00e9. Livr\u00e9 avec support, coussins et cha\u00eenes. Dimensions (cm): H107 x L107 x PR53 Poids (kg): 13.4 Mati\u00e8re principale : Aluminium Mati\u00e8re secondaire (coque) : Plastique bio PET (poly\u00e9thyl\u00e8ne t\u00e9r\u00e9phtalate) Dimensions avec support inclus (cm): H152 x L62 x PR108 Poids du support (kg): 12.6 Mati\u00e8re principale du support : M\u00e9tal argent\u00e9 2 parties \u00e0 assembler<\/p>","protected":false},"featured_media":7230,"comment_status":"closed","ping_status":"closed","template":"","meta":{"inline_featured_image":false},"product_brand":[],"product_cat":[54],"product_tag":[],"class_list":{"0":"post-8899","1":"product","2":"type-product","3":"status-publish","4":"has-post-thumbnail","6":"product_cat-fauteuil-suspendu","8":"first","9":"instock","10":"shipping-taxable","11":"purchasable","12":"product-type-simple"},"_links":{"self":[{"href":"https:\/\/feria-verde.com\/es\/wp-json\/wp\/v2\/product\/8899","targetHints":{"allow":["GET"]}}],"collection":[{"href":"https:\/\/feria-verde.com\/es\/wp-json\/wp\/v2\/product"}],"about":[{"href":"https:\/\/feria-verde.com\/es\/wp-json\/wp\/v2\/types\/product"}],"replies":[{"embeddable":true,"href":"https:\/\/feria-verde.com\/es\/wp-json\/wp\/v2\/comments?post=8899"}],"version-history":[{"count":0,"href":"https:\/\/feria-verde.com\/es\/wp-json\/wp\/v2\/product\/8899\/revisions"}],"wp:featuredmedia":[{"embeddable":true,"href":"https:\/\/feria-verde.com\/es\/wp-json\/wp\/v2\/media\/7230"}],"wp:attachment":[{"href":"https:\/\/feria-verde.com\/es\/wp-json\/wp\/v2\/media?parent=8899"}],"wp:term":[{"taxonomy":"product_brand","embeddable":true,"href":"https:\/\/feria-verde.com\/es\/wp-json\/wp\/v2\/product_brand?post=8899"},{"taxonomy":"product_cat","embeddable":true,"href":"https:\/\/feria-verde.com\/es\/wp-json\/wp\/v2\/product_cat?post=8899"},{"taxonomy":"product_tag","embeddable":true,"href":"https:\/\/feria-verde.com\/es\/wp-json\/wp\/v2\/product_tag?post=8899"}],"curies":[{"name":"wp","href":"https:\/\/api.w.org\/{rel}","templated":true}]}}