{"id":8900,"date":"2024-05-31T19:07:01","date_gmt":"2024-05-31T17:07:01","guid":{"rendered":"https:\/\/feria-verde.com\/?post_type=product&#038;p=8900"},"modified":"2024-05-31T19:07:03","modified_gmt":"2024-05-31T17:07:03","slug":"john-deere-tondeuse-autoportee-john-deere-x127-neuf","status":"publish","type":"product","link":"https:\/\/feria-verde.com\/es\/producto\/john-deere-tondeuse-autoportee-john-deere-x127-neuf\/","title":{"rendered":"John Deere - John Deere X127 cortac\u00e9sped con asiento - Nuevo"},"content":{"rendered":"<p>Le X127 incarne fiabilit\u00e9, durabilit\u00e9 et puissance par chaque aspect de sa conception, y compris son ch\u00e2ssis en acier enti\u00e8rement soud\u00e9 et son essieu avant en fonte. Un poste de conduite ergonomique, un moteur puissant avec un choix infini de vitesses de d\u00e9placement et des phares principaux de haute qualit\u00e9 rendent notre tracteur de jardin&nbsp;X127 plaisant \u00e0 utiliser et agr\u00e9able \u00e0 poss\u00e9der.<\/p>\n\n\n\n<p>Le X127 incarne fiabilit\u00e9, durabilit\u00e9 et puissance par chaque aspect de sa conception, y compris son ch\u00e2ssis en acier enti\u00e8rement soud\u00e9 et son essieu avant en fonte. Un poste de conduite ergonomique, un moteur puissant avec un choix infini de vitesses de d\u00e9placement et des phares principaux de haute qualit\u00e9 rendent notre tracteur de jardin&nbsp;X127 plaisant \u00e0 utiliser et agr\u00e9able \u00e0 poss\u00e9der.<\/p>\n\n\n\n<p>Une large gamme d\u2019\u00e9quipements est disponible en option pour de nombreux travaux d\u2019entretien du gazon ou m\u00eame relatifs \u00e0 la neige.<\/p>\n\n\n\n<p>\u2713 UN MOTEUR PUISSANT AVEC LUBRICTION SOUS PRESSION INTEGRAL QUI LUI ASSURE FIABILITE ET LONGUE VIE<br>Le moteur a la capacit\u00e9 et la possibilit\u00e9 de supporter des conditions difficiles de mulching, de tonte et d\u2019ensachage : allumage \u00e9lectronique pour des d\u00e9marrages rapides, chemise de cylindre en fonte pour une plus longue dur\u00e9e de vie du moteur, soupapes en t\u00eate pour une r\u00e9duction de la consommation de puissance et de carburant<\/p>\n\n\n\n<p>\u2713 LE CHASSIS MONOBLOC ROBUSTE EST EN ACIER D\u2019UNE EPAISSEUR DE 3,0 MM<br>Le ch\u00e2ssis pleine longueur en acier soud\u00e9 par un syst\u00e8me robotis\u00e9 est muni de rails en acier \u00e0 haute r\u00e9sistance pour plus de solidit\u00e9 et une dur\u00e9e accrue. Le carter de l\u2019aile est boulonn\u00e9 au ch\u00e2ssis et l\u2019essieu avant est fabriqu\u00e9 en fonte;<\/p>\n\n\n\n<p>\u2713 LE CAPOT NE ROUILLERA PAS ET IL DOT\u00c9 DE PHARES DE QUALIT\u00c9 POUR UNE BONNE VISIBILIT\u00c9<br>Le capot est en polym\u00e8re JD Loy moul\u00e9 par injection :<br>\u2013 il ne rouillera pas<br>\u2013 il est resistant aux UV et ne se d\u00e9colore pas<br>\u2013 la couleur est moul\u00e9e \u00e0 l\u2019int\u00e9rieur pour un bel aspect durable<br>\u2013 les ouvertures sur le c\u00f4t\u00e9 du capot permettent \u00e0 l\u2019air de refroidissement d\u2019entrer en quantit\u00e9 suffisante tout en maintenant un faible niveau sonore.<\/p>\n\n\n\n<p>Un moteur bicylindre en V, de 656 cm\u00b3 (40 po\u00b3) et de grosse cylindr\u00e9e, a suffisamment de puissance et de couple pour faire face aux conditions de tonte difficiles :<\/p>\n\n\n\n<ul class=\"wp-block-list\">\n<li>Le puissant moteur 12,36 kW \u00e0 3&nbsp;050 tr\/min offre d\u2019excellentes performances.<\/li>\n\n\n\n<li>La conception du bicylindre en V pr\u00e9sente un plus grand couple, des vibrations plus faibles et une qualit\u00e9 sonore am\u00e9lior\u00e9e.<\/li>\n\n\n\n<li>Les cylindres en fonte offrent une plus longue dur\u00e9e de vie du moteur.<\/li>\n\n\n\n<li>Les soupapes en t\u00eate fournissent une puissance et une \u00e9conomie de carburant excellentes.<\/li>\n<\/ul>\n\n\n\n<ul class=\"wp-block-list\">\n<li>La nouvelle fonction de ressort de rappel emp\u00eache l\u2019utilisateur de laisser le levier d\u2019acc\u00e9l\u00e9rateur sur la position de d\u00e9marrage par erreur.<\/li>\n\n\n\n<li>L\u2019allumage \u00e9lectronique permet des d\u00e9marrages rapides.<\/li>\n\n\n\n<li>La lubrification \u00e0 pression maximale et le filtre \u00e0 huile garantissent une huile plus propre pour une plus longue dur\u00e9e de vie du moteur et davantage de temps entre les changements d\u2019huile.<\/li>\n\n\n\n<li>La lubrification \u00e0 pression maximale est \u00e9galement plus efficace lorsque le moteur fonctionne dans une pente.<\/li>\n\n\n\n<li>Le grand filtre \u00e0 air de haute qualit\u00e9 prolonge la dur\u00e9e de vie du moteur et est facile \u00e0 entretenir.<\/li>\n<\/ul>\n\n\n\n<p>Le filtre \u00e0 carburant et le filtre \u00e0 huile du moteur aident \u00e0 b\u00e9n\u00e9ficier d\u2019un fonctionnement sans probl\u00e8me. Les deux filtres sont id\u00e9alement situ\u00e9s pour un entretien facile.<\/p>\n\n\n\n<p>Une soupape de vidange d\u2019huile ne n\u00e9cessitant pas d\u2019outils pr\u00e9sente une facilit\u00e9 d\u2019acc\u00e8s et d\u2019utilisation lors du remplacement de l\u2019huile moteur.<\/p>\n\n\n\n<ul class=\"wp-block-list\">\n<li>Contenance: 9&nbsp;l (2,4&nbsp;gal.)<\/li>\n\n\n\n<li>L\u2019orifice de grand diam\u00e8tre pour le remplissage du r\u00e9servoir est id\u00e9alement situ\u00e9 sous le si\u00e8ge du tracteur-tondeuse\n<ul class=\"wp-block-list\">\n<li>Le r\u00e9servoir est facile \u00e0 remplir sans risque de d\u00e9versement.<\/li>\n\n\n\n<li>Le bouchon du r\u00e9servoir de carburant est muni d\u2019une attache pour plus de commodit\u00e9.<\/li>\n\n\n\n<li>Le bouchon de r\u00e9servoir \u00e9tanche aide \u00e0 garder les vapeurs \u00e0 l\u2019int\u00e9rieur du r\u00e9servoir.<\/li>\n<\/ul>\n<\/li>\n<\/ul>\n\n\n\n<p>Le solide ch\u00e2ssis \u00e0 pi\u00e8ce unique est fabriqu\u00e9 dans un acier de calibre&nbsp;12 de 2,66&nbsp;mm&nbsp;(0,105&nbsp;po)&nbsp;:<\/p>\n\n\n\n<ul class=\"wp-block-list\">\n<li>Le ch\u00e2ssis pleine longueur en acier soud\u00e9 par un syst\u00e8me robotis\u00e9 est muni de rails en acier \u00e0 haute r\u00e9sistance pour plus de solidit\u00e9 et une dur\u00e9e accrue.<\/li>\n\n\n\n<li>Le carter de l\u2019aile est boulonn\u00e9 au ch\u00e2ssis.<\/li>\n<\/ul>","protected":false},"excerpt":{"rendered":"<p>Le X127 incarne fiabilit\u00e9, durabilit\u00e9 et puissance par chaque aspect de sa conception, y compris son ch\u00e2ssis en acier enti\u00e8rement soud\u00e9 et son essieu avant en fonte. Un poste de conduite ergonomique, un moteur puissant avec un choix infini de vitesses de d\u00e9placement et des phares principaux de haute qualit\u00e9 rendent notre tracteur de jardin&nbsp;X127 plaisant \u00e0 utiliser et agr\u00e9able \u00e0 poss\u00e9der. Le X127 incarne fiabilit\u00e9, durabilit\u00e9 et puissance par chaque aspect de sa conception, y compris son ch\u00e2ssis en acier enti\u00e8rement soud\u00e9 et son essieu avant en fonte. Un poste de conduite ergonomique, un moteur puissant avec un choix infini de vitesses de d\u00e9placement et des phares principaux de haute qualit\u00e9 rendent notre tracteur de jardin&nbsp;X127 plaisant \u00e0 utiliser et agr\u00e9able \u00e0 poss\u00e9der. Une large gamme d\u2019\u00e9quipements est disponible en option pour de nombreux travaux d\u2019entretien du gazon ou m\u00eame relatifs \u00e0 la neige. \u2713 UN MOTEUR PUISSANT AVEC LUBRICTION SOUS PRESSION INTEGRAL QUI LUI ASSURE FIABILITE ET LONGUE VIELe moteur a la capacit\u00e9 et la possibilit\u00e9 de supporter des conditions difficiles de mulching, de tonte et d\u2019ensachage : allumage \u00e9lectronique pour des d\u00e9marrages rapides, chemise de cylindre en fonte pour une plus longue dur\u00e9e de vie du moteur, soupapes en t\u00eate pour une r\u00e9duction de la consommation de puissance et de carburant \u2713 LE CHASSIS MONOBLOC ROBUSTE EST EN ACIER D\u2019UNE EPAISSEUR DE 3,0 MMLe ch\u00e2ssis pleine longueur en acier soud\u00e9 par un syst\u00e8me robotis\u00e9 est muni de rails en acier \u00e0 haute r\u00e9sistance pour plus de solidit\u00e9 et une dur\u00e9e accrue. Le carter de l\u2019aile est boulonn\u00e9 au ch\u00e2ssis et l\u2019essieu avant est fabriqu\u00e9 en fonte; \u2713 LE CAPOT NE ROUILLERA PAS ET IL DOT\u00c9 DE PHARES DE QUALIT\u00c9 POUR UNE BONNE VISIBILIT\u00c9Le capot est en polym\u00e8re JD Loy moul\u00e9 par injection :\u2013 il ne rouillera pas\u2013 il est resistant aux UV et ne se d\u00e9colore pas\u2013 la couleur est moul\u00e9e \u00e0 l\u2019int\u00e9rieur pour un bel aspect durable\u2013 les ouvertures sur le c\u00f4t\u00e9 du capot permettent \u00e0 l\u2019air de refroidissement d\u2019entrer en quantit\u00e9 suffisante tout en maintenant un faible niveau sonore. Un moteur bicylindre en V, de 656 cm\u00b3 (40 po\u00b3) et de grosse cylindr\u00e9e, a suffisamment de puissance et de couple pour faire face aux conditions de tonte difficiles : Le filtre \u00e0 carburant et le filtre \u00e0 huile du moteur aident \u00e0 b\u00e9n\u00e9ficier d\u2019un fonctionnement sans probl\u00e8me. Les deux filtres sont id\u00e9alement situ\u00e9s pour un entretien facile. Une soupape de vidange d\u2019huile ne n\u00e9cessitant pas d\u2019outils pr\u00e9sente une facilit\u00e9 d\u2019acc\u00e8s et d\u2019utilisation lors du remplacement de l\u2019huile moteur. Le solide ch\u00e2ssis \u00e0 pi\u00e8ce unique est fabriqu\u00e9 dans un acier de calibre&nbsp;12 de 2,66&nbsp;mm&nbsp;(0,105&nbsp;po)&nbsp;:<\/p>","protected":false},"featured_media":7448,"comment_status":"closed","ping_status":"closed","template":"","meta":{"inline_featured_image":false},"product_brand":[],"product_cat":[56],"product_tag":[],"class_list":{"0":"post-8900","1":"product","2":"type-product","3":"status-publish","4":"has-post-thumbnail","6":"product_cat-tracteur-tondeuse","8":"first","9":"instock","10":"shipping-taxable","11":"purchasable","12":"product-type-simple"},"_links":{"self":[{"href":"https:\/\/feria-verde.com\/es\/wp-json\/wp\/v2\/product\/8900","targetHints":{"allow":["GET"]}}],"collection":[{"href":"https:\/\/feria-verde.com\/es\/wp-json\/wp\/v2\/product"}],"about":[{"href":"https:\/\/feria-verde.com\/es\/wp-json\/wp\/v2\/types\/product"}],"replies":[{"embeddable":true,"href":"https:\/\/feria-verde.com\/es\/wp-json\/wp\/v2\/comments?post=8900"}],"version-history":[{"count":0,"href":"https:\/\/feria-verde.com\/es\/wp-json\/wp\/v2\/product\/8900\/revisions"}],"wp:featuredmedia":[{"embeddable":true,"href":"https:\/\/feria-verde.com\/es\/wp-json\/wp\/v2\/media\/7448"}],"wp:attachment":[{"href":"https:\/\/feria-verde.com\/es\/wp-json\/wp\/v2\/media?parent=8900"}],"wp:term":[{"taxonomy":"product_brand","embeddable":true,"href":"https:\/\/feria-verde.com\/es\/wp-json\/wp\/v2\/product_brand?post=8900"},{"taxonomy":"product_cat","embeddable":true,"href":"https:\/\/feria-verde.com\/es\/wp-json\/wp\/v2\/product_cat?post=8900"},{"taxonomy":"product_tag","embeddable":true,"href":"https:\/\/feria-verde.com\/es\/wp-json\/wp\/v2\/product_tag?post=8900"}],"curies":[{"name":"wp","href":"https:\/\/api.w.org\/{rel}","templated":true}]}}