{"id":8901,"date":"2024-05-31T19:07:01","date_gmt":"2024-05-31T17:07:01","guid":{"rendered":"https:\/\/feria-verde.com\/?post_type=product&#038;p=8901"},"modified":"2024-05-31T19:07:03","modified_gmt":"2024-05-31T17:07:03","slug":"john-deere-tondeuse-autoportee-john-deere-x116r-neuf","status":"publish","type":"product","link":"https:\/\/feria-verde.com\/es\/producto\/john-deere-tondeuse-autoportee-john-deere-x116r-neuf\/","title":{"rendered":"John Deere - John Deere X116R cortac\u00e9sped con asiento - Nuevo"},"content":{"rendered":"<p><strong>Ce tracteur de pelouse John Deere X116R est con\u00e7u pour les clients qui souhaitent b\u00e9n\u00e9ficier d\u2019un produits de la plus haute qualit\u00e9 pour leurs travaux de tonte et de ramassage.<\/strong><\/p>\n\n\n\n<ul class=\"wp-block-list\">\n<li><strong>Moteur Briggs &amp; Stratton<\/strong><\/li>\n\n\n\n<li><strong>Puissance nominale 13.41 \u00e0 3350 tr\/min.<\/strong><\/li>\n\n\n\n<li><strong>Cylindre\u00e9e: 340 cm3<\/strong><\/li>\n\n\n\n<li><strong>Direction: 2 roues motrices<\/strong><\/li>\n\n\n\n<li><strong>Vitesse AV \/ AR: 8.9 \/ 5.1 km\/h<\/strong><\/li>\n\n\n\n<li><strong>Rayon de braquge 50.8 cm<\/strong><\/li>\n\n\n\n<li><strong>Hauteur de coupe: 25 -90 mm<\/strong><\/li>\n\n\n\n<li><strong>Bac de ramassage de s\u00e9rie: 300 litres<\/strong><\/li>\n<\/ul>\n\n\n\n<p><strong>Le tracteur X116R \u00e0 ramassage arri\u00e8re est \u00e9quip\u00e9 d\u2019un moteur monocylindre, d\u2019une transmission hydrostatique command\u00e9e par deux p\u00e9dales faciles \u00e0 utiliser, d\u2019un carter de coupe de 92 cm et d\u2019un bac de ramassage de 300 litres.<\/strong><\/p>\n\n\n\n<p><strong>La coupe est tr\u00e8s efficace pour la tonte et le ramassage.<\/strong><\/p>\n\n\n\n<p><strong>Le bac de ramassage est facile \u00e0 enlever et peut \u00eatre remplac\u00e9 par un d\u00e9flecteur arri\u00e8re ou par un obturateur mulching. Un attelage arri\u00e8re de s\u00e9rie permet d\u2019utiliser une remorque.<\/strong><\/p>\n\n\n\n<p><strong>L\u2019op\u00e9rateur b\u00e9n\u00e9ficie d\u2019un confort et d\u2019une visibilit\u00e9 accrus. Toutes les commandes sont dispos\u00e9es de mani\u00e8re ergonomique et faciles \u00e0 reconna\u00eetre.<\/strong><\/p>\n\n\n\n<p><strong>Le robuste ch\u00e2ssis en acier m\u00e9canosoud\u00e9 est renforc\u00e9 aux endroits critiques pour plus de long\u00e9vit\u00e9.<\/strong><\/p>\n\n\n\n<p><strong>FICHE TECHNIQUE<\/strong><\/p>\n\n\n\n<p><strong>DATOS T\u00c9CNICOS<\/strong><\/p>\n\n\n\n<ul class=\"wp-block-list\">\n<li><strong>100 db(A)<\/strong><\/li>\n\n\n\n<li><strong>225 kg<\/strong><\/li>\n\n\n\n<li><strong>Thermique<\/strong><\/li>\n\n\n\n<li><strong>Surface maximale&nbsp; 3 000 m\u00b2<\/strong><\/li>\n\n\n\n<li><strong>Moteur&nbsp; Briggs &amp; Stratton | Monocylindre<\/strong><\/li>\n\n\n\n<li><strong>Puissance&nbsp; 340 cm\u00b3 | 7 600 W<\/strong><\/li>\n\n\n\n<li><strong>Fonction(s)<\/strong><\/li>\n\n\n\n<li><strong>Ramassage<\/strong><\/li>\n\n\n\n<li><strong>Transmission&nbsp; Hydrostatique au pied<\/strong><\/li>\n\n\n\n<li><strong>Carter&nbsp; 92 cm | 2 lames<\/strong><\/li>\n\n\n\n<li><strong>Relevage&nbsp; &nbsp;R\u00e9glage par levier | de 2,5 \u00e0 9,0 cm<\/strong><\/li>\n\n\n\n<li><strong>Bac de ramassage&nbsp; 300 litres<\/strong><\/li>\n\n\n\n<li><strong>Equipements&nbsp;<\/strong><\/li>\n\n\n\n<li><strong>Si\u00e8ge&nbsp; standard<\/strong><\/li>\n\n\n\n<li><strong>Engagement&nbsp; m\u00e9canique<\/strong><\/li>\n\n\n\n<li><strong>Phares&nbsp; Crochet<\/strong><\/li>\n\n\n\n<li><strong>Signal de&nbsp; remplissage<\/strong><\/li>\n\n\n\n<li>La machine est livr\u00e9 mont\u00e9 avec le bac de ramassage, l\u2019essence, l\u2019huile moteur, le r\u00e9glage du moteur; le livreur proc\u00e8dera \u00e0 une v\u00e9rification du fonctionnement de ma machine en votre pr\u00e9sence.<\/li>\n<\/ul>\n\n\n\n<ul class=\"wp-block-list\">\n<li>Votre couverture client pour les tracteurs de jardin de la s\u00e9rie X100 vous prot\u00e8ge pour un nombre d\u2019heure illimit\u00e9 pendant les 2 premi\u00e8res ann\u00e9es. Si vous nous confiez l\u2019entretien de votre machine tous les ans, cette garantie est \u00e9tendue automatiquement \u00e0 3 ans ou 120 heures, au premier terme atteint.<\/li>\n<\/ul>","protected":false},"excerpt":{"rendered":"<p>Ce tracteur de pelouse John Deere X116R est con\u00e7u pour les clients qui souhaitent b\u00e9n\u00e9ficier d\u2019un produits de la plus haute qualit\u00e9 pour leurs travaux de tonte et de ramassage. Le tracteur X116R \u00e0 ramassage arri\u00e8re est \u00e9quip\u00e9 d\u2019un moteur monocylindre, d\u2019une transmission hydrostatique command\u00e9e par deux p\u00e9dales faciles \u00e0 utiliser, d\u2019un carter de coupe de 92 cm et d\u2019un bac de ramassage de 300 litres. La coupe est tr\u00e8s efficace pour la tonte et le ramassage. Le bac de ramassage est facile \u00e0 enlever et peut \u00eatre remplac\u00e9 par un d\u00e9flecteur arri\u00e8re ou par un obturateur mulching. Un attelage arri\u00e8re de s\u00e9rie permet d\u2019utiliser une remorque. L\u2019op\u00e9rateur b\u00e9n\u00e9ficie d\u2019un confort et d\u2019une visibilit\u00e9 accrus. Toutes les commandes sont dispos\u00e9es de mani\u00e8re ergonomique et faciles \u00e0 reconna\u00eetre. Le robuste ch\u00e2ssis en acier m\u00e9canosoud\u00e9 est renforc\u00e9 aux endroits critiques pour plus de long\u00e9vit\u00e9. FICHE TECHNIQUE CARACT\u00c9RISTIQUES TECHNIQUES<\/p>","protected":false},"featured_media":7449,"comment_status":"closed","ping_status":"closed","template":"","meta":{"inline_featured_image":false},"product_brand":[],"product_cat":[56],"product_tag":[],"class_list":{"0":"post-8901","1":"product","2":"type-product","3":"status-publish","4":"has-post-thumbnail","6":"product_cat-tracteur-tondeuse","8":"first","9":"instock","10":"shipping-taxable","11":"purchasable","12":"product-type-simple"},"_links":{"self":[{"href":"https:\/\/feria-verde.com\/es\/wp-json\/wp\/v2\/product\/8901","targetHints":{"allow":["GET"]}}],"collection":[{"href":"https:\/\/feria-verde.com\/es\/wp-json\/wp\/v2\/product"}],"about":[{"href":"https:\/\/feria-verde.com\/es\/wp-json\/wp\/v2\/types\/product"}],"replies":[{"embeddable":true,"href":"https:\/\/feria-verde.com\/es\/wp-json\/wp\/v2\/comments?post=8901"}],"version-history":[{"count":0,"href":"https:\/\/feria-verde.com\/es\/wp-json\/wp\/v2\/product\/8901\/revisions"}],"wp:featuredmedia":[{"embeddable":true,"href":"https:\/\/feria-verde.com\/es\/wp-json\/wp\/v2\/media\/7449"}],"wp:attachment":[{"href":"https:\/\/feria-verde.com\/es\/wp-json\/wp\/v2\/media?parent=8901"}],"wp:term":[{"taxonomy":"product_brand","embeddable":true,"href":"https:\/\/feria-verde.com\/es\/wp-json\/wp\/v2\/product_brand?post=8901"},{"taxonomy":"product_cat","embeddable":true,"href":"https:\/\/feria-verde.com\/es\/wp-json\/wp\/v2\/product_cat?post=8901"},{"taxonomy":"product_tag","embeddable":true,"href":"https:\/\/feria-verde.com\/es\/wp-json\/wp\/v2\/product_tag?post=8901"}],"curies":[{"name":"wp","href":"https:\/\/api.w.org\/{rel}","templated":true}]}}