{"id":8902,"date":"2024-05-31T19:07:01","date_gmt":"2024-05-31T17:07:01","guid":{"rendered":"https:\/\/feria-verde.com\/?post_type=product&#038;p=8902"},"modified":"2024-05-31T19:07:03","modified_gmt":"2024-05-31T17:07:03","slug":"mtd-tondeuse-autoportee-mtd-smart-rg-145-a-ejection-laterale-neuf","status":"publish","type":"product","link":"https:\/\/feria-verde.com\/es\/producto\/mtd-tondeuse-autoportee-mtd-smart-rg-145-a-ejection-laterale-neuf\/","title":{"rendered":"MTD - Mtd SMART RG 145 cortac\u00e9sped con conductor y descarga lateral - A estrenar"},"content":{"rendered":"<h2 class=\"wp-block-heading\">Descripci\u00f3n<\/h2>\n\n\n\n<p>Cette&nbsp;tondeuse autoport\u00e9e&nbsp;RG 145 MTD Smart \u00e0 \u00e9jection lat\u00e9rale vous permettra de tondre de grandes surfaces avec sa largeur de coupe de 107 cm et son puissant moteur de 500 cc. Vous b\u00e9n\u00e9ficiez en plus de la transmission automatique Transmatic pour un maximum de confort de conduite. Vous pouvez enfin compl\u00e9ter votre \u00e9quipement avec le kit mulching et le bac de ramassage arri\u00e8re.<\/p>\n\n\n\n<h3 class=\"wp-block-heading\">Transmission Transmatic<\/h3>\n\n\n\n<p>Pour changer de vitesse sans avoir ni \u00e0 s\u2019arr\u00eater, ni m\u00eame \u00e0 d\u00e9brayer. S\u00e9lectionnez une vitesse, l\u00e2chez la p\u00e9dale et l\u2019autoport\u00e9e avance toute seule.<\/p>\n\n\n\n<h3 class=\"wp-block-heading\">Ajustement de la hauteur de coupe<\/h3>\n\n\n\n<p>Ajustez la hauteur de coupe et embrayez les lames tr\u00e8s simplement depuis votre si\u00e8ge conducteur. Vous avez le choix entre 5 hauteurs de coupe pour une pr\u00e9cision de coupe et un r\u00e9sultat correspondant \u00e0 vos attentes.<\/p>\n\n\n\n<h3 class=\"wp-block-heading\">P\u00e9dale de frein de parking \u00e0 gauche<\/h3>\n\n\n\n<h3 class=\"wp-block-heading\">Rayon de braquage court de 46 cm<\/h3>\n\n\n\n<p>Pour une maniabilit\u00e9 extr\u00eame.&nbsp;Tr\u00e8s pratique pour contourner tous les obstacles souhait\u00e9s, comme votre parterre&nbsp;de plantes.<\/p>\n\n\n\n<h3 class=\"wp-block-heading\">Si\u00e8ge confortable<\/h3>\n\n\n\n<p>Pour un confort optimal, le si\u00e8ge avec suspensions est r\u00e9glable et s\u2019adapte ainsi \u00e0 chaque utilisateur.<\/p>\n\n\n\n<h3 class=\"wp-block-heading\">Phares<\/h3>\n\n\n\n<p>Pour une meilleure visibilit\u00e9 m\u00eame en cas de faible luminosit\u00e9. Tondez en toute s\u00e9curit\u00e9 !<\/p>\n\n\n\n<h3 class=\"wp-block-heading\">Syst\u00e8me FAST ATTACH pour ajouter des accessoires<\/h3>\n\n\n\n<p>Gr\u00e2ce \u00e0 ce syst\u00e8me, vous pouvez facilement ajouter des accessoires en option. La lame bull vous permet par exemple de&nbsp;convertir votre autoport\u00e9e pour une utilisation m\u00eame en hiver.<\/p>\n\n\n\n<p>Avantages produit&nbsp;:<br>\u2013 La tondeuse autoport\u00e9e RG 145 MTD Smart (fabriqu\u00e9e en Allemagne) est \u00e9quip\u00e9e d\u2019un moteur Briggs&amp;Stratton PB 4145 Series de 500 cc \u00e0 soupapes en t\u00eate. Cette technologie r\u00e9duit les \u00e9missions sonores et polluantes et est \u00e9conomique en carburant comparativement aux moteurs ordinaires \u00e0 soupapes lat\u00e9rales.<br>-Cette autoport\u00e9e b\u00e9n\u00e9ficie d\u2019une transmission Transmatic 6 Vitesses exclusive MTD :<br>\u2013 Bo\u00eete automatique \u00e0 commande de s\u00e9lection des vitesses par d\u00e9placement de levier<br>\u2013 R\u00e9gulateur et variateur de vitesse au pied<br>\u2013 Pour passer \u00e0 la vitesse sup\u00e9rieure, actionner d\u2019une main la manette du poste de conduite sans embrayer.<br>\u2013 De plus le ch\u00e2ssis poutre \u00e0 plateforme d\u00e9gag\u00e9e du conducteur a \u00e9t\u00e9 revu pour plus d\u2019ergonomie :<br>\u2013 Acc\u00e8s facilit\u00e9 de l\u2019utilisateur et une conduite sans effort.<br>\u2013 Le ch\u00e2ssis compact et plus rigide et un moindre encombrement.<br>La tondeuse autoport\u00e9e est \u00e9quip\u00e9e d\u2019un syst\u00e8me de coupe et est constitu\u00e9e d\u2019un carter flottant performant.<br>Pour une meilleure facilit\u00e9 d\u2019utilisation, vous avez la descente et la mont\u00e9e assist\u00e9es du plateau par c\u00e2bles et ressorts.<br>Le faible rayon de braquage de 46 cm et le train avant pivotant facilite les manoeuvres de contournement et de suivi de terrain.<br>Gr\u00e2ce au syst\u00e8me d\u2019attelage inclus, vous pourrez adapter tout une s\u00e9rie d\u2019accessoires MTD.<br>Caract\u00e9ristiques techniques&nbsp;:<br>\u2013 Puissance moteur : 9,1 Kw\/2800 min-1<br>\u2013 D\u00e9marrage \u00e9lectrique pour plus de facilit\u00e9.<br>\u2013 Transmission automatique Transmatic 6 vitesses.<br>\u2013 Direction d\u00e9multipli\u00e9e.<br>\u2013 Si\u00e8ge moyen.<br>\u2013 Ch\u00e2ssis poutre \u00e0 plate-forme d\u00e9gag\u00e9e.<br>\u2013 Largeur de coupe : 107 cm.<br>\u2013 Carter de coupe \u00e9quip\u00e9 de 2 lames.<br>\u2013 2 roues anti-scalping.<br>\u2013 Palier de lame ventil\u00e9.<br>\u2013 Embrayage des lames ind\u00e9pendant.<br>\u2013 Descente et mont\u00e9e du plateau assist\u00e9e.<br>\u2013 Capot avec phare<br>\u2013 Rayon de braquage : 46 cm.<br>\u2013 Train avant pivotant.<br>\u2013 Attelage arri\u00e8re et d\u00e9flecteur inclus.<br>\u2013 Dimensions totale : L 170 x l 139 x h 100 cm.<br>\u2013 R\u00e9servoir carburant de 3,8 L.<br>\u2013 Diam\u00e8tre des roues : avant 15\u00d76\u2033\/arri\u00e8res 20\u00d78\u2033.<br>\u2013 Bac de ramassage, Mulching non inclus.<br>\u2013 Chargeur de batterie non inclus.<br>Caract\u00e9ristiques moteur&nbsp;:<br>\u2013 500 cc.<br>\u2013 Forte cylindr\u00e9e pour toutes conditions de tonte.<br>\u2013 Couple moteur important \u00e0 bas r\u00e9gime.<br>\u2013 Chemise fonte.<br>\u2013 Filtre \u00e0 air papier type automobile.<br>\u2013 Moins de vibrations, moteur plus silencieux.<br>R\u00e9glementation :&nbsp;Une tondeuse \u00e0 gazon autoport\u00e9e \u00e9quip\u00e9e d\u2019un si\u00e8ge pour le conducteur et d\u2019un volant constitue un v\u00e9hicule terrestre \u00e0 moteur soumis \u00e0 l\u2019assurance obligatoire.<\/p>","protected":false},"excerpt":{"rendered":"<p>Description Cette&nbsp;tondeuse autoport\u00e9e&nbsp;RG 145 MTD Smart \u00e0 \u00e9jection lat\u00e9rale vous permettra de tondre de grandes surfaces avec sa largeur de coupe de 107 cm et son puissant moteur de 500 cc. Vous b\u00e9n\u00e9ficiez en plus de la transmission automatique Transmatic pour un maximum de confort de conduite. Vous pouvez enfin compl\u00e9ter votre \u00e9quipement avec le kit mulching et le bac de ramassage arri\u00e8re. Transmission Transmatic Pour changer de vitesse sans avoir ni \u00e0 s\u2019arr\u00eater, ni m\u00eame \u00e0 d\u00e9brayer. S\u00e9lectionnez une vitesse, l\u00e2chez la p\u00e9dale et l\u2019autoport\u00e9e avance toute seule. Ajustement de la hauteur de coupe Ajustez la hauteur de coupe et embrayez les lames tr\u00e8s simplement depuis votre si\u00e8ge conducteur. Vous avez le choix entre 5 hauteurs de coupe pour une pr\u00e9cision de coupe et un r\u00e9sultat correspondant \u00e0 vos attentes. P\u00e9dale de frein de parking \u00e0 gauche Rayon de braquage court de 46 cm Pour une maniabilit\u00e9 extr\u00eame.&nbsp;Tr\u00e8s pratique pour contourner tous les obstacles souhait\u00e9s, comme votre parterre&nbsp;de plantes. Si\u00e8ge confortable Pour un confort optimal, le si\u00e8ge avec suspensions est r\u00e9glable et s\u2019adapte ainsi \u00e0 chaque utilisateur. Phares Pour une meilleure visibilit\u00e9 m\u00eame en cas de faible luminosit\u00e9. Tondez en toute s\u00e9curit\u00e9 ! Syst\u00e8me FAST ATTACH pour ajouter des accessoires Gr\u00e2ce \u00e0 ce syst\u00e8me, vous pouvez facilement ajouter des accessoires en option. La lame bull vous permet par exemple de&nbsp;convertir votre autoport\u00e9e pour une utilisation m\u00eame en hiver. Avantages produit&nbsp;:\u2013 La tondeuse autoport\u00e9e RG 145 MTD Smart (fabriqu\u00e9e en Allemagne) est \u00e9quip\u00e9e d\u2019un moteur Briggs&amp;Stratton PB 4145 Series de 500 cc \u00e0 soupapes en t\u00eate. Cette technologie r\u00e9duit les \u00e9missions sonores et polluantes et est \u00e9conomique en carburant comparativement aux moteurs ordinaires \u00e0 soupapes lat\u00e9rales.-Cette autoport\u00e9e b\u00e9n\u00e9ficie d\u2019une transmission Transmatic 6 Vitesses exclusive MTD :\u2013 Bo\u00eete automatique \u00e0 commande de s\u00e9lection des vitesses par d\u00e9placement de levier\u2013 R\u00e9gulateur et variateur de vitesse au pied\u2013 Pour passer \u00e0 la vitesse sup\u00e9rieure, actionner d\u2019une main la manette du poste de conduite sans embrayer.\u2013 De plus le ch\u00e2ssis poutre \u00e0 plateforme d\u00e9gag\u00e9e du conducteur a \u00e9t\u00e9 revu pour plus d\u2019ergonomie :\u2013 Acc\u00e8s facilit\u00e9 de l\u2019utilisateur et une conduite sans effort.\u2013 Le ch\u00e2ssis compact et plus rigide et un moindre encombrement.La tondeuse autoport\u00e9e est \u00e9quip\u00e9e d\u2019un syst\u00e8me de coupe et est constitu\u00e9e d\u2019un carter flottant performant.Pour une meilleure facilit\u00e9 d\u2019utilisation, vous avez la descente et la mont\u00e9e assist\u00e9es du plateau par c\u00e2bles et ressorts.Le faible rayon de braquage de 46 cm et le train avant pivotant facilite les manoeuvres de contournement et de suivi de terrain.Gr\u00e2ce au syst\u00e8me d\u2019attelage inclus, vous pourrez adapter tout une s\u00e9rie d\u2019accessoires MTD.Caract\u00e9ristiques techniques&nbsp;:\u2013 Puissance moteur : 9,1 Kw\/2800 min-1\u2013 D\u00e9marrage \u00e9lectrique pour plus de facilit\u00e9.\u2013 Transmission automatique Transmatic 6 vitesses.\u2013 Direction d\u00e9multipli\u00e9e.\u2013 Si\u00e8ge moyen.\u2013 Ch\u00e2ssis poutre \u00e0 plate-forme d\u00e9gag\u00e9e.\u2013 Largeur de coupe : 107 cm.\u2013 Carter de coupe \u00e9quip\u00e9 de 2 lames.\u2013 2 roues anti-scalping.\u2013 Palier de lame ventil\u00e9.\u2013 Embrayage des lames ind\u00e9pendant.\u2013 Descente et mont\u00e9e du plateau assist\u00e9e.\u2013 Capot avec phare\u2013 Rayon de braquage : 46 cm.\u2013 Train avant pivotant.\u2013 Attelage arri\u00e8re et d\u00e9flecteur inclus.\u2013 Dimensions totale : L 170 x l 139 x h 100 cm.\u2013 R\u00e9servoir carburant de 3,8 L.\u2013 Diam\u00e8tre des roues : avant 15\u00d76\u2033\/arri\u00e8res 20\u00d78\u2033.\u2013 Bac de ramassage, Mulching non inclus.\u2013 Chargeur de batterie non inclus.Caract\u00e9ristiques moteur&nbsp;:\u2013 500 cc.\u2013 Forte cylindr\u00e9e pour toutes conditions de tonte.\u2013 Couple moteur important \u00e0 bas r\u00e9gime.\u2013 Chemise fonte.\u2013 Filtre \u00e0 air papier type automobile.\u2013 Moins de vibrations, moteur plus silencieux.R\u00e9glementation :&nbsp;Une tondeuse \u00e0 gazon autoport\u00e9e \u00e9quip\u00e9e d\u2019un si\u00e8ge pour le conducteur et d\u2019un volant constitue un v\u00e9hicule terrestre \u00e0 moteur soumis \u00e0 l\u2019assurance obligatoire.<\/p>","protected":false},"featured_media":7450,"comment_status":"closed","ping_status":"closed","template":"","meta":{"inline_featured_image":false},"product_brand":[],"product_cat":[44,56],"product_tag":[],"class_list":{"0":"post-8902","1":"product","2":"type-product","3":"status-publish","4":"has-post-thumbnail","6":"product_cat-meilleures-ventes","7":"product_cat-tracteur-tondeuse","9":"first","10":"instock","11":"sale","12":"shipping-taxable","13":"purchasable","14":"product-type-simple"},"_links":{"self":[{"href":"https:\/\/feria-verde.com\/es\/wp-json\/wp\/v2\/product\/8902","targetHints":{"allow":["GET"]}}],"collection":[{"href":"https:\/\/feria-verde.com\/es\/wp-json\/wp\/v2\/product"}],"about":[{"href":"https:\/\/feria-verde.com\/es\/wp-json\/wp\/v2\/types\/product"}],"replies":[{"embeddable":true,"href":"https:\/\/feria-verde.com\/es\/wp-json\/wp\/v2\/comments?post=8902"}],"version-history":[{"count":0,"href":"https:\/\/feria-verde.com\/es\/wp-json\/wp\/v2\/product\/8902\/revisions"}],"wp:featuredmedia":[{"embeddable":true,"href":"https:\/\/feria-verde.com\/es\/wp-json\/wp\/v2\/media\/7450"}],"wp:attachment":[{"href":"https:\/\/feria-verde.com\/es\/wp-json\/wp\/v2\/media?parent=8902"}],"wp:term":[{"taxonomy":"product_brand","embeddable":true,"href":"https:\/\/feria-verde.com\/es\/wp-json\/wp\/v2\/product_brand?post=8902"},{"taxonomy":"product_cat","embeddable":true,"href":"https:\/\/feria-verde.com\/es\/wp-json\/wp\/v2\/product_cat?post=8902"},{"taxonomy":"product_tag","embeddable":true,"href":"https:\/\/feria-verde.com\/es\/wp-json\/wp\/v2\/product_tag?post=8902"}],"curies":[{"name":"wp","href":"https:\/\/api.w.org\/{rel}","templated":true}]}}