{"id":8903,"date":"2024-05-31T19:07:01","date_gmt":"2024-05-31T17:07:01","guid":{"rendered":"https:\/\/feria-verde.com\/?post_type=product&#038;p=8903"},"modified":"2024-05-31T19:07:03","modified_gmt":"2024-05-31T17:07:03","slug":"mtd-tondeuse-autoportee-mtd-smart-60-sde-mini-rider-a-ejection-laterale-neuf","status":"publish","type":"product","link":"https:\/\/feria-verde.com\/es\/producto\/mtd-tondeuse-autoportee-mtd-smart-60-sde-mini-rider-a-ejection-laterale-neuf\/","title":{"rendered":"MTD - Mini cortac\u00e9sped MTD SMART 60 SDE con descarga lateral - A estrenar"},"content":{"rendered":"<p>Ce&nbsp;Minirider Smart 60 SDE MTD&nbsp;pour 1000 m\u00b2 poss\u00e8de un excellent rapport\/qualit\u00e9 prix. Vous b\u00e9n\u00e9ficiez de la transmission transmatic exclusive MTD avec sa boite automatique \u00e0 commande manuelle, d\u2019un ch\u00e2ssis compact \u00e0 faible encombrement et du d\u00e9marrage \u00e9lectrique.<\/p>\n\n\n\n<h3 class=\"wp-block-heading\">Rayon de braquage court de seulement 46 cm<\/h3>\n\n\n\n<p>Pour une maniabilit\u00e9 extr\u00eame.&nbsp;Tr\u00e8s pratique pour contourner tous les obstacles souhait\u00e9s, comme votre parterre&nbsp;de plantes.<\/p>\n\n\n\n<h3 class=\"wp-block-heading\">Transmission Transmatic<\/h3>\n\n\n\n<p>Pour changer de vitesse&nbsp;sans avoir ni \u00e0 s\u2019arr\u00eater, ni \u00e0 d\u00e9brayer. S\u00e9lectionnez une vitesse, l\u00e2chez la p\u00e9dale et l\u2019autoport\u00e9e avance toute seule.<\/p>\n\n\n\n<h3 class=\"wp-block-heading\">Pneumatiques larges et confortables<\/h3>\n\n\n\n<p>Equip\u00e9 de pneus larges, ce minirider offre une maniabilit\u00e9 \u00e0 toute \u00e9preuve ainsi qu\u2019un confort d\u2019utilisation renforc\u00e9.<\/p>\n\n\n\n<h3 class=\"wp-block-heading\">Remplissage du r\u00e9servoir simple et rapide<\/h3>\n\n\n\n<p>Pratique, le r\u00e9servoir est facilement accessible pour un remplissage rapide et simple.<\/p>\n\n\n\n<h3 class=\"wp-block-heading\">Ajustement de la hauteur de coupe et embrayage des lames manuel<\/h3>\n\n\n\n<p>Ajustez la hauteur de coupe tr\u00e8s simplement depuis votre si\u00e8ge conducteur. Vous avez le choix entre 5 hauteurs de coupe pour une pr\u00e9cision de coupe et un r\u00e9sultat correspondant \u00e0 vos attentes.<\/p>\n\n\n\n<h3 class=\"wp-block-heading\">Plateforme d\u00e9gag\u00e9e<\/h3>\n\n\n\n<p>Le ch\u00e2ssis robuste \u00e0 plateforme d\u00e9gag\u00e9e vous permet d\u2019acc\u00e9der tr\u00e8s facilement au poste de conduite et d\u2019\u00eatre plus confortablement install\u00e9.<\/p>\n\n\n\n<p>Caract\u00e9ristiques techniques&nbsp;:<br>\u2013 Sa largeur de coupe de 60 cm vous permet de tondre 1000 m\u00b2 en 37 mn, cela d\u00e9pend des conditions de tonte et du terrain (arbor\u00e9 ou non).<br>\u2013 Ce Rider b\u00e9n\u00e9ficie d\u2019une transmission Transmatic brevet\u00e9e MTD. Il s\u2019agit d\u2019une transmission automatique \u00e0 commande au pied qui permet de faire varier la vitesse en continu.<br>\u2013 Le moteur est situ\u00e9 \u00e0 l\u2019arri\u00e8re, ce qui vous permet d\u2019avoir une excellente visibilit\u00e9. Ses faibles dimensions (83 cm de large) vous permettront d\u2019acc\u00e9der \u00e0 pratiquement tous les endroits de votre jardin en empruntant les petites all\u00e9es.<br>\u2013 Les pneus larges permettront plus de stabilit\u00e9 afin de mieux s\u2019adapter au terrain.<br>\u2013 Le ch\u00e2ssis compact et la plateforme d\u00e9gag\u00e9e du conducteur ont \u00e9t\u00e9 revu pour plus d\u201dergonomie :<br>\u2013 Acc\u00e8s facilit\u00e9 de l\u2019utilisateur et une conduite sans effort.<br>\u2013 Ch\u00e2ssis compact et plus rigide pour un moindre encombrement. En acier 2.5 mm d\u2019\u00e9paisseur.<br>\u2013 Position de conduite ajust\u00e9e au mieux gr\u00e2ce au si\u00e8ge r\u00e9glable.<br>\u2013 Lubrification : Barbotage<br>\u2013 Filtre \u00e0 huile : Non<br>\u2013 Transmission : Transmatic 6V<br>\u2013 Bac de ramassage : non<br>\u2013 Diam\u00e8tre roues avant et arri\u00e8re : 13\u2033 x 5\u2033 \/ 16\u2033 x 6,5\u2033<br>\u2013 R\u00e9glage hauteur de coupe : 5 positions, 38 \u2013 95mm.<br>\u2013 T\u00e9moin de r\u00e9servoir.<br>\u2013 Attelage standard.<br>\u2013 Poids : 111 kg<br>\u2013 Rayon de braquage : 46 cm<br>\u2013 Cette tondeuse autoport\u00e9e Smart 60 SDE est \u00e9quip\u00e9e d\u2019un moteur MTD ThorX 65 ES, monocylindre de 196 cc \u00e0 d\u00e9marrage \u00e9lectrique. Cette technologie r\u00e9duit les \u00e9missions sonores et polluantes et permet une plus faible consommation de carburant.<br>\u2013 R\u00e9servoir essence : 1.2 L.<br>\u2013 Si\u00e8ge avec suspension.<br>MTD produit la gamme la plus compl\u00e8te d\u2019\u00e9quipements motoris\u00e9s pour le jardin et ce pour toutes les utilisations possibles. Les jardiniers amateurs peuvent choisir parmi une vaste gamme de produits diff\u00e9rents qui ont tous une chose en commun : faciles \u00e0 utiliser, robustes et r\u00e9sistants.<br>Garantie 2 ans&nbsp;Pi\u00e8ces et main d\u2019\u0153uvre. Les interventions en garantie doivent \u00eatre effectu\u00e9es au sein du r\u00e9seau de r\u00e9parateurs agr\u00e9\u00e9s MTD France qui compte 450 points de service.<br>Informations sur la r\u00e9glementation en vigueur:<br>\u2013 MTD met \u00e0 disposition toutes les pi\u00e8ces d\u00e9tach\u00e9es sur une p\u00e9riode de 5 ans \u00e0 compter de l\u2019arr\u00eat de la production du produit.<br>\u2013 Une tondeuse \u00e0 gazon autoport\u00e9e \u00e9quip\u00e9e d\u2019un si\u00e8ge pour le conducteur et d\u2019un volant constitue un v\u00e9hicule terrestre \u00e0 moteur soumis \u00e0 l\u2019assurance automobile obligatoire.<\/p>","protected":false},"excerpt":{"rendered":"<p>Ce&nbsp;Minirider Smart 60 SDE MTD&nbsp;pour 1000 m\u00b2 poss\u00e8de un excellent rapport\/qualit\u00e9 prix. Vous b\u00e9n\u00e9ficiez de la transmission transmatic exclusive MTD avec sa boite automatique \u00e0 commande manuelle, d\u2019un ch\u00e2ssis compact \u00e0 faible encombrement et du d\u00e9marrage \u00e9lectrique. Rayon de braquage court de seulement 46 cm Pour une maniabilit\u00e9 extr\u00eame.&nbsp;Tr\u00e8s pratique pour contourner tous les obstacles souhait\u00e9s, comme votre parterre&nbsp;de plantes. Transmission Transmatic Pour changer de vitesse&nbsp;sans avoir ni \u00e0 s\u2019arr\u00eater, ni \u00e0 d\u00e9brayer. S\u00e9lectionnez une vitesse, l\u00e2chez la p\u00e9dale et l\u2019autoport\u00e9e avance toute seule. Pneumatiques larges et confortables Equip\u00e9 de pneus larges, ce minirider offre une maniabilit\u00e9 \u00e0 toute \u00e9preuve ainsi qu\u2019un confort d\u2019utilisation renforc\u00e9. Remplissage du r\u00e9servoir simple et rapide Pratique, le r\u00e9servoir est facilement accessible pour un remplissage rapide et simple. Ajustement de la hauteur de coupe et embrayage des lames manuel Ajustez la hauteur de coupe tr\u00e8s simplement depuis votre si\u00e8ge conducteur. Vous avez le choix entre 5 hauteurs de coupe pour une pr\u00e9cision de coupe et un r\u00e9sultat correspondant \u00e0 vos attentes. Plateforme d\u00e9gag\u00e9e Le ch\u00e2ssis robuste \u00e0 plateforme d\u00e9gag\u00e9e vous permet d\u2019acc\u00e9der tr\u00e8s facilement au poste de conduite et d\u2019\u00eatre plus confortablement install\u00e9. Caract\u00e9ristiques techniques&nbsp;:\u2013 Sa largeur de coupe de 60 cm vous permet de tondre 1000 m\u00b2 en 37 mn, cela d\u00e9pend des conditions de tonte et du terrain (arbor\u00e9 ou non).\u2013 Ce Rider b\u00e9n\u00e9ficie d\u2019une transmission Transmatic brevet\u00e9e MTD. Il s\u2019agit d\u2019une transmission automatique \u00e0 commande au pied qui permet de faire varier la vitesse en continu.\u2013 Le moteur est situ\u00e9 \u00e0 l\u2019arri\u00e8re, ce qui vous permet d\u2019avoir une excellente visibilit\u00e9. Ses faibles dimensions (83 cm de large) vous permettront d\u2019acc\u00e9der \u00e0 pratiquement tous les endroits de votre jardin en empruntant les petites all\u00e9es.\u2013 Les pneus larges permettront plus de stabilit\u00e9 afin de mieux s\u2019adapter au terrain.\u2013 Le ch\u00e2ssis compact et la plateforme d\u00e9gag\u00e9e du conducteur ont \u00e9t\u00e9 revu pour plus d\u201dergonomie :\u2013 Acc\u00e8s facilit\u00e9 de l\u2019utilisateur et une conduite sans effort.\u2013 Ch\u00e2ssis compact et plus rigide pour un moindre encombrement. En acier 2.5 mm d\u2019\u00e9paisseur.\u2013 Position de conduite ajust\u00e9e au mieux gr\u00e2ce au si\u00e8ge r\u00e9glable.\u2013 Lubrification : Barbotage\u2013 Filtre \u00e0 huile : Non\u2013 Transmission : Transmatic 6V\u2013 Bac de ramassage : non\u2013 Diam\u00e8tre roues avant et arri\u00e8re : 13\u2033 x 5\u2033 \/ 16\u2033 x 6,5\u2033\u2013 R\u00e9glage hauteur de coupe : 5 positions, 38 \u2013 95mm.\u2013 T\u00e9moin de r\u00e9servoir.\u2013 Attelage standard.\u2013 Poids : 111 kg\u2013 Rayon de braquage : 46 cm\u2013 Cette tondeuse autoport\u00e9e Smart 60 SDE est \u00e9quip\u00e9e d\u2019un moteur MTD ThorX 65 ES, monocylindre de 196 cc \u00e0 d\u00e9marrage \u00e9lectrique. Cette technologie r\u00e9duit les \u00e9missions sonores et polluantes et permet une plus faible consommation de carburant.\u2013 R\u00e9servoir essence : 1.2 L.\u2013 Si\u00e8ge avec suspension.MTD produit la gamme la plus compl\u00e8te d\u2019\u00e9quipements motoris\u00e9s pour le jardin et ce pour toutes les utilisations possibles. Les jardiniers amateurs peuvent choisir parmi une vaste gamme de produits diff\u00e9rents qui ont tous une chose en commun : faciles \u00e0 utiliser, robustes et r\u00e9sistants.Garantie 2 ans&nbsp;Pi\u00e8ces et main d\u2019\u0153uvre. Les interventions en garantie doivent \u00eatre effectu\u00e9es au sein du r\u00e9seau de r\u00e9parateurs agr\u00e9\u00e9s MTD France qui compte 450 points de service.Informations sur la r\u00e9glementation en vigueur:\u2013 MTD met \u00e0 disposition toutes les pi\u00e8ces d\u00e9tach\u00e9es sur une p\u00e9riode de 5 ans \u00e0 compter de l\u2019arr\u00eat de la production du produit.\u2013 Une tondeuse \u00e0 gazon autoport\u00e9e \u00e9quip\u00e9e d\u2019un si\u00e8ge pour le conducteur et d\u2019un volant constitue un v\u00e9hicule terrestre \u00e0 moteur soumis \u00e0 l\u2019assurance automobile obligatoire.<\/p>","protected":false},"featured_media":7451,"comment_status":"closed","ping_status":"closed","template":"","meta":{"inline_featured_image":false},"product_brand":[],"product_cat":[56],"product_tag":[],"class_list":{"0":"post-8903","1":"product","2":"type-product","3":"status-publish","4":"has-post-thumbnail","6":"product_cat-tracteur-tondeuse","8":"first","9":"instock","10":"sale","11":"shipping-taxable","12":"purchasable","13":"product-type-simple"},"_links":{"self":[{"href":"https:\/\/feria-verde.com\/es\/wp-json\/wp\/v2\/product\/8903","targetHints":{"allow":["GET"]}}],"collection":[{"href":"https:\/\/feria-verde.com\/es\/wp-json\/wp\/v2\/product"}],"about":[{"href":"https:\/\/feria-verde.com\/es\/wp-json\/wp\/v2\/types\/product"}],"replies":[{"embeddable":true,"href":"https:\/\/feria-verde.com\/es\/wp-json\/wp\/v2\/comments?post=8903"}],"version-history":[{"count":0,"href":"https:\/\/feria-verde.com\/es\/wp-json\/wp\/v2\/product\/8903\/revisions"}],"wp:featuredmedia":[{"embeddable":true,"href":"https:\/\/feria-verde.com\/es\/wp-json\/wp\/v2\/media\/7451"}],"wp:attachment":[{"href":"https:\/\/feria-verde.com\/es\/wp-json\/wp\/v2\/media?parent=8903"}],"wp:term":[{"taxonomy":"product_brand","embeddable":true,"href":"https:\/\/feria-verde.com\/es\/wp-json\/wp\/v2\/product_brand?post=8903"},{"taxonomy":"product_cat","embeddable":true,"href":"https:\/\/feria-verde.com\/es\/wp-json\/wp\/v2\/product_cat?post=8903"},{"taxonomy":"product_tag","embeddable":true,"href":"https:\/\/feria-verde.com\/es\/wp-json\/wp\/v2\/product_tag?post=8903"}],"curies":[{"name":"wp","href":"https:\/\/api.w.org\/{rel}","templated":true}]}}