{"id":8904,"date":"2024-05-31T19:07:01","date_gmt":"2024-05-31T17:07:01","guid":{"rendered":"https:\/\/feria-verde.com\/?post_type=product&#038;p=8904"},"modified":"2024-05-31T19:07:03","modified_gmt":"2024-05-31T17:07:03","slug":"john-deere-tondeuse-autoportee-john-deere-x107-neuf","status":"publish","type":"product","link":"https:\/\/feria-verde.com\/es\/producto\/john-deere-tondeuse-autoportee-john-deere-x107-neuf\/","title":{"rendered":"John Deere - John Deere X107 cortac\u00e9sped con asiento - Nuevo"},"content":{"rendered":"<p>Le&nbsp;<strong>John Deere X 107<\/strong>&nbsp;est une&nbsp;<strong>excellente autoport\u00e9e en mati\u00e8re de rapport prix\/performances.<\/strong>&nbsp;Il est dot\u00e9 d\u2019une&nbsp;<strong>transmission hydrostatique, d\u2019un puissant moteur et d\u2019une unit\u00e9 de coupe 42 EDGE 107 cm<\/strong>&nbsp;\u00e9quip\u00e9e pour l\u2019\u00e9jection lat\u00e9rale, le mulching ou la r\u00e9cup\u00e9ration d\u2019herbe.<\/p>\n\n\n\n<p>Le&nbsp;<strong>X107<\/strong>&nbsp;profite d\u2019une&nbsp;<strong>excellente ergonomie<\/strong>&nbsp;gr\u00e2ce \u00e0 un&nbsp;<strong>tableau de bord fonctionnel<\/strong>&nbsp;et attrayant, des&nbsp;<strong>p\u00e9dales confortables<\/strong>&nbsp;et un agencement des diff\u00e9rents outils de la machine qui permettent un&nbsp;<strong>acc\u00e8s facile \u00e0 toutes les fonctions.<\/strong><\/p>\n\n\n\n<p>C\u2019est une&nbsp;<strong>machine tr\u00e8s \u00e9volutive<\/strong>&nbsp;qui dispose d\u2019une large gamme d\u2019\u00e9quipements en option pour multiplier les types de travaux.<\/p>\n\n\n\n<p>Un moteur 500&nbsp;cm\u00b3 (30,5&nbsp;po\u00b3) \u00e9quipe les mod\u00e8les X107. Il d\u00e9livre une puissance de 11,1&nbsp;kW \u00e0 3&nbsp;200&nbsp;tr\/min.<\/p>\n\n\n\n<p>Un moteur 500&nbsp;cm\u00b3 (30,5&nbsp;po\u00b3) \u00e9quipe les mod\u00e8les X117R. Il d\u00e9livre une puissance de 10,84 kW \u00e0 3 100&nbsp;tr\/min.<\/p>\n\n\n\n<p>Le moteur a la capacit\u00e9 et la possibilit\u00e9 de supporter des conditions difficiles de paillage, de tonte et d\u2019ensachage&nbsp;:<\/p>\n\n\n\n<ul class=\"wp-block-list\">\n<li>Allumage \u00e9lectronique pour des d\u00e9marrages rapides<\/li>\n\n\n\n<li>Nouvelle fonction de ressort de rappel qui emp\u00eache l\u2019utilisateur de laisser le levier d\u2019acc\u00e9l\u00e9rateur sur la position de d\u00e9marrage par erreur<\/li>\n\n\n\n<li>Chemise de cylindre en fonte pour une plus longue dur\u00e9e de vie du moteur<\/li>\n\n\n\n<li>Soupapes en t\u00eate pour une r\u00e9duction de la consommation de puissance et de carburant<\/li>\n\n\n\n<li>Contenance: 9&nbsp;l (2,4&nbsp;gal.)<\/li>\n\n\n\n<li>L\u2019orifice de grand diam\u00e8tre pour le remplissage du r\u00e9servoir est id\u00e9alement situ\u00e9 sous le si\u00e8ge du tracteur-tondeuse\n<ul class=\"wp-block-list\">\n<li>Le r\u00e9servoir est facile \u00e0 remplir sans risque de d\u00e9versement.<\/li>\n\n\n\n<li>Le bouchon du r\u00e9servoir de carburant est muni d\u2019une attache pour plus de commodit\u00e9.<\/li>\n\n\n\n<li>Le bouchon de r\u00e9servoir \u00e9tanche aide \u00e0 garder les vapeurs \u00e0 l\u2019int\u00e9rieur du r\u00e9servoir.<\/li>\n<\/ul>\n<\/li>\n<\/ul>\n\n\n\n<p>Le solide ch\u00e2ssis \u00e0 pi\u00e8ce unique est fabriqu\u00e9 dans un acier de calibre&nbsp;12 de 2,66&nbsp;mm&nbsp;(0,105&nbsp;po)&nbsp;:<\/p>\n\n\n\n<ul class=\"wp-block-list\">\n<li>Le ch\u00e2ssis pleine longueur en acier soud\u00e9 par un syst\u00e8me robotis\u00e9 est muni de rails en acier \u00e0 haute r\u00e9sistance pour plus de solidit\u00e9 et une dur\u00e9e accrue.<\/li>\n\n\n\n<li>Le carter de l\u2019aile est boulonn\u00e9 au ch\u00e2ssis.<\/li>\n<\/ul>\n\n\n\n<p>L\u2019essieu avant est fabriqu\u00e9 en fonte solide et ne fl\u00e9chira pas&nbsp;:<\/p>\n\n\n\n<ul class=\"wp-block-list\">\n<li>Un syst\u00e8me robuste de direction \u00e0 pignon similaire \u00e0 celui d\u2019une voiture permet des virages serr\u00e9s et sans effort.<\/li>\n\n\n\n<li>Les trois graisseurs, situ\u00e9s sur les deux fus\u00e9es de direction et le pivot central, assurent une lubrification r\u00e9guli\u00e8re, ce qui facilite la direction et offre une protection contre l\u2019usure.<\/li>\n\n\n\n<li>Les grands axes de roue avant de 19&nbsp;mm (0,75&nbsp;po) de diam\u00e8tre offrent une excellente durabilit\u00e9.<\/li>\n<\/ul>\n\n\n\n<p>Le capot moteur, dont la couleur est int\u00e9gr\u00e9e au mat\u00e9riau, poss\u00e8de les caract\u00e9ristiques suivantes&nbsp;:<\/p>\n\n\n\n<ul class=\"wp-block-list\">\n<li>R\u00e9duction du bruit<\/li>\n\n\n\n<li>Ne rouille pas et ne se d\u00e9forme pas<\/li>\n\n\n\n<li>Les ouvertures du capot moteur permettent \u00e0 l\u2019air de refroidissement d\u2019entrer en quantit\u00e9 suffisante tout en maintenant un faible niveau de bruit<\/li>\n\n\n\n<li>Les deux phares principaux offrent un bon \u00e9clairage pour une utilisation nocturne<\/li>\n<\/ul>\n\n\n\n<p>Une transmission hydrostatique Kanzaki\u00ae Tuff&nbsp;Torq\u00ae offre un choix infini de vitesses et facilite les changements de sens de marche. Des p\u00e9dales d\u2019acc\u00e9l\u00e9ration c\u00f4te \u00e0 c\u00f4te permettent de contr\u00f4ler la vitesse et le sens de marche&nbsp;:<\/p>\n\n\n\n<ul class=\"wp-block-list\">\n<li>La commande d\u2019acc\u00e9l\u00e9rateur de type automobile garantit une grande facilit\u00e9 de conduite.<\/li>\n\n\n\n<li>L\u2019utilisateur peut changer de direction sans lever les pieds de la plate-forme.<\/li>\n\n\n\n<li>La grande p\u00e9dale offre un confort d\u2019utilisation sup\u00e9rieur.<\/li>\n<\/ul>","protected":false},"excerpt":{"rendered":"<p>Le&nbsp;John Deere X 107&nbsp;est une&nbsp;excellente autoport\u00e9e en mati\u00e8re de rapport prix\/performances.&nbsp;Il est dot\u00e9 d\u2019une&nbsp;transmission hydrostatique, d\u2019un puissant moteur et d\u2019une unit\u00e9 de coupe 42 EDGE 107 cm&nbsp;\u00e9quip\u00e9e pour l\u2019\u00e9jection lat\u00e9rale, le mulching ou la r\u00e9cup\u00e9ration d\u2019herbe. Le&nbsp;X107&nbsp;profite d\u2019une&nbsp;excellente ergonomie&nbsp;gr\u00e2ce \u00e0 un&nbsp;tableau de bord fonctionnel&nbsp;et attrayant, des&nbsp;p\u00e9dales confortables&nbsp;et un agencement des diff\u00e9rents outils de la machine qui permettent un&nbsp;acc\u00e8s facile \u00e0 toutes les fonctions. C\u2019est une&nbsp;machine tr\u00e8s \u00e9volutive&nbsp;qui dispose d\u2019une large gamme d\u2019\u00e9quipements en option pour multiplier les types de travaux. Un moteur 500&nbsp;cm\u00b3 (30,5&nbsp;po\u00b3) \u00e9quipe les mod\u00e8les X107. Il d\u00e9livre une puissance de 11,1&nbsp;kW \u00e0 3&nbsp;200&nbsp;tr\/min. Un moteur 500&nbsp;cm\u00b3 (30,5&nbsp;po\u00b3) \u00e9quipe les mod\u00e8les X117R. Il d\u00e9livre une puissance de 10,84 kW \u00e0 3 100&nbsp;tr\/min. Le moteur a la capacit\u00e9 et la possibilit\u00e9 de supporter des conditions difficiles de paillage, de tonte et d\u2019ensachage&nbsp;: Le solide ch\u00e2ssis \u00e0 pi\u00e8ce unique est fabriqu\u00e9 dans un acier de calibre&nbsp;12 de 2,66&nbsp;mm&nbsp;(0,105&nbsp;po)&nbsp;: L\u2019essieu avant est fabriqu\u00e9 en fonte solide et ne fl\u00e9chira pas&nbsp;: Le capot moteur, dont la couleur est int\u00e9gr\u00e9e au mat\u00e9riau, poss\u00e8de les caract\u00e9ristiques suivantes&nbsp;: Une transmission hydrostatique Kanzaki\u00ae Tuff&nbsp;Torq\u00ae offre un choix infini de vitesses et facilite les changements de sens de marche. Des p\u00e9dales d\u2019acc\u00e9l\u00e9ration c\u00f4te \u00e0 c\u00f4te permettent de contr\u00f4ler la vitesse et le sens de marche&nbsp;:<\/p>","protected":false},"featured_media":7452,"comment_status":"closed","ping_status":"closed","template":"","meta":{"inline_featured_image":false},"product_brand":[],"product_cat":[56],"product_tag":[],"class_list":{"0":"post-8904","1":"product","2":"type-product","3":"status-publish","4":"has-post-thumbnail","6":"product_cat-tracteur-tondeuse","8":"first","9":"instock","10":"sale","11":"shipping-taxable","12":"purchasable","13":"product-type-simple"},"_links":{"self":[{"href":"https:\/\/feria-verde.com\/es\/wp-json\/wp\/v2\/product\/8904","targetHints":{"allow":["GET"]}}],"collection":[{"href":"https:\/\/feria-verde.com\/es\/wp-json\/wp\/v2\/product"}],"about":[{"href":"https:\/\/feria-verde.com\/es\/wp-json\/wp\/v2\/types\/product"}],"replies":[{"embeddable":true,"href":"https:\/\/feria-verde.com\/es\/wp-json\/wp\/v2\/comments?post=8904"}],"version-history":[{"count":0,"href":"https:\/\/feria-verde.com\/es\/wp-json\/wp\/v2\/product\/8904\/revisions"}],"wp:featuredmedia":[{"embeddable":true,"href":"https:\/\/feria-verde.com\/es\/wp-json\/wp\/v2\/media\/7452"}],"wp:attachment":[{"href":"https:\/\/feria-verde.com\/es\/wp-json\/wp\/v2\/media?parent=8904"}],"wp:term":[{"taxonomy":"product_brand","embeddable":true,"href":"https:\/\/feria-verde.com\/es\/wp-json\/wp\/v2\/product_brand?post=8904"},{"taxonomy":"product_cat","embeddable":true,"href":"https:\/\/feria-verde.com\/es\/wp-json\/wp\/v2\/product_cat?post=8904"},{"taxonomy":"product_tag","embeddable":true,"href":"https:\/\/feria-verde.com\/es\/wp-json\/wp\/v2\/product_tag?post=8904"}],"curies":[{"name":"wp","href":"https:\/\/api.w.org\/{rel}","templated":true}]}}