{"id":8905,"date":"2024-05-31T19:07:01","date_gmt":"2024-05-31T17:07:01","guid":{"rendered":"https:\/\/feria-verde.com\/?post_type=product&#038;p=8905"},"modified":"2024-05-31T19:07:03","modified_gmt":"2024-05-31T17:07:03","slug":"mtd-tondeuse-autoportee-mtd-96-a-ramassage-integre-neuf","status":"publish","type":"product","link":"https:\/\/feria-verde.com\/es\/producto\/mtd-tondeuse-autoportee-mtd-96-a-ramassage-integre-neuf\/","title":{"rendered":"MTD - Cortac\u00e9sped MTD 96 Ride-On con recogedor integrado - Nuevo a estrenar"},"content":{"rendered":"<p>La Tondeuse autoport\u00e9e \u00e9jection lat\u00e9rale MTD 96 de 382 cm\u00b3, agile gr\u00e2ce \u00e0 son rayon de braquage de 46 cm, est \u00e9quip\u00e9 d\u2019un moteur MTD ThorX 382, monocylindre, d\u00e9gageant une puissance nominale de 7,8 kW\/ 2.800 min-1. D\u00e9marrage \u00e9lectrique situ\u00e9 \u00e0 l\u2019arri\u00e8re pour une meilleur visibilit\u00e9 sur l\u2019avant du Minirider.<\/p>\n\n\n\n<p>Le plateau de coupe du Minirider MTD 96 est d\u00e9cal\u00e9 permettant une coupe au plus pr\u00e8s des bords. Aucun souci d\u2019accessibilit\u00e9 au poste de conduite gr\u00e2ce \u00e0 sa plateforme d\u00e9gag\u00e9e. Si\u00e8ge r\u00e9glable sur glissi\u00e8re pour un confort total !<\/p>\n\n\n\n<p>Plus besoin de s\u2019arr\u00eater et de d\u00e9brayer pour changer de vitesse gr\u00e2ce \u00e0 la transmission Transmatic, 6 vitesses. Machine id\u00e9ale pour des terrains jusqu\u2019\u00e0 2500m\u00b2 !<\/p>\n\n\n\n<h3 class=\"wp-block-heading\">Phare pour une tonte en toute s\u00e9curit\u00e9<\/h3>\n\n\n\n<p>Pour une meilleure visibilit\u00e9 m\u00eame en cas de faible luminosit\u00e9.<\/p>\n\n\n\n<h3 class=\"wp-block-heading\">Si\u00e8ge ajustable<\/h3>\n\n\n\n<p>Pour un meilleur confort, r\u00e9glez le si\u00e8ge selon votre taille et votre morphologie<\/p>\n\n\n\n<h3 class=\"wp-block-heading\">Rayon de braquage court de 46 cm<\/h3>\n\n\n\n<p>Pour une maniabilit\u00e9 extr\u00eame.&nbsp;Tr\u00e8s pratique pour contourner tous les obstacles souhait\u00e9s, comme votre parterre&nbsp;de plantes.<\/p>\n\n\n\n<h3 class=\"wp-block-heading\">Ajustement de la hauteur de coupe<\/h3>\n\n\n\n<p>Ajustez la hauteur de coupe et embrayez les lames tr\u00e8s simplement depuis votre si\u00e8ge conducteur. Vous avez le choix entre 5 hauteurs de coupe pour une pr\u00e9cision de coupe et un r\u00e9sultat correspondant \u00e0 vos attentes.<\/p>\n\n\n\n<h3 class=\"wp-block-heading\">Transmission Transmatic<\/h3>\n\n\n\n<p>Pour changer de vitesse sans avoir ni \u00e0 s\u2019arr\u00eater, ni m\u00eame \u00e0 d\u00e9brayer. S\u00e9lectionnez une vitesse, l\u00e2chez la p\u00e9dale et l\u2019autoport\u00e9e avance toute seule.<\/p>\n\n\n\n<p>Caract\u00e9ristiques techniques du Minirider MTD 96 :<\/p>\n\n\n\n<p>R\u00e9glage hauteur de coupe : 5 positions<br>Hauteur de coupe : 30 \u2013 95 mm<br>Largeur de coupe : 96 cm<br>Dimensions (env.) : L 170 \/ l 107 \/ H 100 cm<br>R\u00e9servoir carburant (env.) : 3,8 l<br>Si\u00e8ge avec suspensions : oui<\/p>\n\n\n\n<p>Mulching : en option<br>D\u00e9flecteur : inclus<br>Bac de ramassage : en option<br>Chargeur de batterie : 196-967-678 en option<\/p>\n\n\n\n<p>Produit garantie 2 ans avec assistance \u00e0 domicile en cas de probl\u00e8me.<\/p>","protected":false},"excerpt":{"rendered":"<p>La Tondeuse autoport\u00e9e \u00e9jection lat\u00e9rale MTD 96 de 382 cm\u00b3, agile gr\u00e2ce \u00e0 son rayon de braquage de 46 cm, est \u00e9quip\u00e9 d\u2019un moteur MTD ThorX 382, monocylindre, d\u00e9gageant une puissance nominale de 7,8 kW\/ 2.800 min-1. D\u00e9marrage \u00e9lectrique situ\u00e9 \u00e0 l\u2019arri\u00e8re pour une meilleur visibilit\u00e9 sur l\u2019avant du Minirider. Le plateau de coupe du Minirider MTD 96 est d\u00e9cal\u00e9 permettant une coupe au plus pr\u00e8s des bords. Aucun souci d\u2019accessibilit\u00e9 au poste de conduite gr\u00e2ce \u00e0 sa plateforme d\u00e9gag\u00e9e. Si\u00e8ge r\u00e9glable sur glissi\u00e8re pour un confort total ! Plus besoin de s\u2019arr\u00eater et de d\u00e9brayer pour changer de vitesse gr\u00e2ce \u00e0 la transmission Transmatic, 6 vitesses. Machine id\u00e9ale pour des terrains jusqu\u2019\u00e0 2500m\u00b2 ! Phare pour une tonte en toute s\u00e9curit\u00e9 Pour une meilleure visibilit\u00e9 m\u00eame en cas de faible luminosit\u00e9. Si\u00e8ge ajustable Pour un meilleur confort, r\u00e9glez le si\u00e8ge selon votre taille et votre morphologie Rayon de braquage court de 46 cm Pour une maniabilit\u00e9 extr\u00eame.&nbsp;Tr\u00e8s pratique pour contourner tous les obstacles souhait\u00e9s, comme votre parterre&nbsp;de plantes. Ajustement de la hauteur de coupe Ajustez la hauteur de coupe et embrayez les lames tr\u00e8s simplement depuis votre si\u00e8ge conducteur. Vous avez le choix entre 5 hauteurs de coupe pour une pr\u00e9cision de coupe et un r\u00e9sultat correspondant \u00e0 vos attentes. Transmission Transmatic Pour changer de vitesse sans avoir ni \u00e0 s\u2019arr\u00eater, ni m\u00eame \u00e0 d\u00e9brayer. S\u00e9lectionnez une vitesse, l\u00e2chez la p\u00e9dale et l\u2019autoport\u00e9e avance toute seule. Caract\u00e9ristiques techniques du Minirider MTD 96 : R\u00e9glage hauteur de coupe : 5 positionsHauteur de coupe : 30 \u2013 95 mmLargeur de coupe : 96 cmDimensions (env.) : L 170 \/ l 107 \/ H 100 cmR\u00e9servoir carburant (env.) : 3,8 lSi\u00e8ge avec suspensions : oui Mulching : en optionD\u00e9flecteur : inclusBac de ramassage : en optionChargeur de batterie : 196-967-678 en option Produit garantie 2 ans avec assistance \u00e0 domicile en cas de probl\u00e8me.<\/p>","protected":false},"featured_media":7453,"comment_status":"closed","ping_status":"closed","template":"","meta":{"inline_featured_image":false},"product_brand":[],"product_cat":[56],"product_tag":[],"class_list":{"0":"post-8905","1":"product","2":"type-product","3":"status-publish","4":"has-post-thumbnail","6":"product_cat-tracteur-tondeuse","8":"first","9":"instock","10":"sale","11":"shipping-taxable","12":"purchasable","13":"product-type-simple"},"_links":{"self":[{"href":"https:\/\/feria-verde.com\/es\/wp-json\/wp\/v2\/product\/8905","targetHints":{"allow":["GET"]}}],"collection":[{"href":"https:\/\/feria-verde.com\/es\/wp-json\/wp\/v2\/product"}],"about":[{"href":"https:\/\/feria-verde.com\/es\/wp-json\/wp\/v2\/types\/product"}],"replies":[{"embeddable":true,"href":"https:\/\/feria-verde.com\/es\/wp-json\/wp\/v2\/comments?post=8905"}],"version-history":[{"count":0,"href":"https:\/\/feria-verde.com\/es\/wp-json\/wp\/v2\/product\/8905\/revisions"}],"wp:featuredmedia":[{"embeddable":true,"href":"https:\/\/feria-verde.com\/es\/wp-json\/wp\/v2\/media\/7453"}],"wp:attachment":[{"href":"https:\/\/feria-verde.com\/es\/wp-json\/wp\/v2\/media?parent=8905"}],"wp:term":[{"taxonomy":"product_brand","embeddable":true,"href":"https:\/\/feria-verde.com\/es\/wp-json\/wp\/v2\/product_brand?post=8905"},{"taxonomy":"product_cat","embeddable":true,"href":"https:\/\/feria-verde.com\/es\/wp-json\/wp\/v2\/product_cat?post=8905"},{"taxonomy":"product_tag","embeddable":true,"href":"https:\/\/feria-verde.com\/es\/wp-json\/wp\/v2\/product_tag?post=8905"}],"curies":[{"name":"wp","href":"https:\/\/api.w.org\/{rel}","templated":true}]}}