{"id":8906,"date":"2024-05-31T19:07:01","date_gmt":"2024-05-31T17:07:01","guid":{"rendered":"https:\/\/feria-verde.com\/?post_type=product&#038;p=8906"},"modified":"2024-05-31T19:07:03","modified_gmt":"2024-05-31T17:07:03","slug":"stihl-tondeuse-autoportee-stihl-rt-4112-sz-neuf","status":"publish","type":"product","link":"https:\/\/feria-verde.com\/es\/producto\/stihl-tondeuse-autoportee-stihl-rt-4112-sz-neuf\/","title":{"rendered":"STIHL - STIHL RT 4112 SZ cortac\u00e9sped con asiento - Nuevo"},"content":{"rendered":"<p>Le tracteur tondeuse STIHL RT 4112 SZ est une machine \u00e0 \u00e9jection lat\u00e9rale capable de tondre rapidement de grandes surfaces allant jusqu\u2019\u00e0 8000 m\u00b2. Il a un moteur B&amp;S s\u00e9rie 7160 Intek OHV (bicylindre) avec une largeur de coupe de 110 cm. Il poss\u00e8de un plateau de coupe o\u00f9 les lames de coupe sont d\u00e9cal\u00e9es de 90 degr\u00e9s. Il dispose d\u2019un entrainement hydrostatique \u00e0 p\u00e9dale unique pour une meilleure maniabilit\u00e9. Son si\u00e8ge \u00e0 suspension est r\u00e9glable sans outil \u00e0 la hauteur de l\u2019utilisateur. Il est dot\u00e9 d\u2019un plateau de coupe avec diviseurs qui permet de couper les bordures avec une tr\u00e8s grande pr\u00e9cision. Ce tracteur est \u00e9quip\u00e9 d\u2019un embrayage de lame \u00e9lectromagn\u00e9tique pour activer ou d\u00e9sactiver facilement les lames du plateau de coupe<\/p>\n\n\n\n<p><strong>Largeur de coupe<\/strong>&nbsp;: 110 cm<\/p>\n\n\n\n<p><strong>Superficie du terrain<\/strong>&nbsp;: 8 000 m2<\/p>\n\n\n\n<p><strong>Moteur S<\/strong>&nbsp;:B&amp;S s\u00e9rie 7160 Intek OHV (bicylindre)<\/p>\n\n\n\n<p><strong>Tonte rapide des grands espaces<\/strong><\/p>\n\n\n\n<p><strong>Plateau de coupe synchronis\u00e9<\/strong>&nbsp;: les deux lames du plateau de coupe sont d\u00e9cal\u00e9es de 90 degr\u00e9s. Leur synchronisation permet aux couteaux de s\u2019embo\u00eeter sans contact. Il en r\u00e9sulte une qualit\u00e9 de coupe constante ainsi qu\u2019un transport optimal de l\u2019herbe vers le canal d\u2019\u00e9jection.<\/p>\n\n\n\n<p><strong>Embrayage de lame \u00e9lectromagn\u00e9tique<\/strong>&nbsp;: depuis le tableau de bord, il est possible d\u2019activer ou de d\u00e9sactiver facilement les lames du plateau de coupe.<\/p>\n\n\n\n<p><strong>Plateau de coupe avec diviseurs<\/strong>&nbsp;: le syst\u00e8me de ramassage des deux c\u00f4t\u00e9s du plateau de coupe saisit aussi l\u2019herbe sur les bords et l\u2019achemine vers les lames. Ceci permet de couper les bordures avec une tr\u00e8s grande pr\u00e9cision.<\/p>\n\n\n\n<p><strong>Si\u00e8ge r\u00e9glable \u00e0 suspension<\/strong>&nbsp;: le si\u00e8ge peut \u00eatre r\u00e9gl\u00e9 pour s\u2019adapter \u00e0 quasiment toutes les corpulences. Il peut \u00eatre r\u00e9gl\u00e9 instantan\u00e9ment et sans outil \u00e0 chaque utilisateur.<\/p>\n\n\n\n<p><strong>Entra\u00eenement hydrostatique \u00e0 p\u00e9dale unique<\/strong>&nbsp;: tous les mod\u00e8les sont \u00e9quip\u00e9s de l\u2019entra\u00eenement hydrostatique \u00e0 p\u00e9dale unique sp\u00e9cifique \u00e0 STIHL, le levier de commande permet de passer de la marche avant \u00e0 la marche arri\u00e8re en tout confort, ce qui facilite les man\u0153uvres rapides. La p\u00e9dale sensible \u00e0 la pression permet une gradation pr\u00e9cise du tempo entre la vitesse maximale et l\u2019arr\u00eat. La p\u00e9dale de frein s\u00e9par\u00e9e assure un arr\u00eat imm\u00e9diat.<\/p>\n\n\n\n<h3 class=\"wp-block-heading\">CARACT\u00c9RISTIQUES TECHNIQUES&nbsp;TRACTEUR TONDEUSE RT 4112 SZ STIHL<\/h3>\n\n\n\n<figure class=\"wp-block-table\"><table><tbody><tr><td>Superficie<\/td><td><strong>jusqu\u2019\u00e0 8000 m\u00b2<\/strong><\/td><\/tr><tr><td>Largeur de coupe<\/td><td><strong>110 cm<\/strong><\/td><\/tr><tr><td>Hauteur de coupe<\/td><td><strong>35-90 mm<\/strong><\/td><\/tr><tr><td>Contenance du r\u00e9servoir<\/td><td><strong>9 l<\/strong><\/td><\/tr><tr><td>Transmission<\/td><td><strong>hydrostatique<\/strong><\/td><\/tr><tr><td>Type moteur<\/td><td><strong>B&amp;S s\u00e9rie 7160 Intek OHV (bicylindre)<\/strong><\/td><\/tr><tr><td>Cylindr\u00e9e<\/td><td><strong>656 cm\u00b3<\/strong><\/td><\/tr><tr><td>R\u00e9gime moteur<\/td><td><strong>2950 tr\/min<\/strong><\/td><\/tr><tr><td>Hauteur du tracteur<\/td><td><strong>118 cm<\/strong><\/td><\/tr><tr><td>Largeur du tracteur<\/td><td><strong>132 cm<\/strong><\/td><\/tr><tr><td>Longueur du tracteur avec bac<\/td><td><strong>191 cm<\/strong><\/td><\/tr><tr><td>Peso<\/td><td><strong>224 kg<\/strong><\/td><\/tr><\/tbody><\/table><\/figure>\n\n\n\n<p>Principales caract\u00e9ristiques techniques du tracteur tondeuse STIHL RT 4112 SZ :<\/p>\n\n\n\n<ul class=\"wp-block-list\">\n<li>\u00c9jection lat\u00e9rale<\/li>\n\n\n\n<li>Confort<\/li>\n\n\n\n<li>Largeur de coupe : 110 cm<\/li>\n\n\n\n<li>Superficie du terrain : jusqu\u2019\u00e0 8000 m\u00b2<\/li>\n\n\n\n<li>Moteur S : B&amp;S s\u00e9rie 7160 Intek OHV (bicylindre)<\/li>\n\n\n\n<li>Tonte rapide des grands espaces<\/li>\n\n\n\n<li>Plateau de coupe synchronis\u00e9 : les deux lames du plateau de coupe sont d\u00e9cal\u00e9es de 90 degr\u00e9s<\/li>\n\n\n\n<li>Embrayage de lame \u00e9lectromagn\u00e9tique : depuis le tableau de bord, il est possible d\u2019activer ou de d\u00e9sactiver facilement les lames du plateau de coupe<\/li>\n\n\n\n<li>Plateau de coupe avec diviseurs<\/li>\n\n\n\n<li>Si\u00e8ge r\u00e9glable \u00e0 suspension : Il peut \u00eatre r\u00e9gl\u00e9 instantan\u00e9ment et sans outil \u00e0 chaque utilisateur<\/li>\n\n\n\n<li>Entra\u00eenement hydrostatique \u00e0 p\u00e9dale unique<\/li>\n<\/ul>","protected":false},"excerpt":{"rendered":"<p>Le tracteur tondeuse STIHL RT 4112 SZ est une machine \u00e0 \u00e9jection lat\u00e9rale capable de tondre rapidement de grandes surfaces allant jusqu\u2019\u00e0 8000 m\u00b2. Il a un moteur B&amp;S s\u00e9rie 7160 Intek OHV (bicylindre) avec une largeur de coupe de 110 cm. Il poss\u00e8de un plateau de coupe o\u00f9 les lames de coupe sont d\u00e9cal\u00e9es de 90 degr\u00e9s. Il dispose d\u2019un entrainement hydrostatique \u00e0 p\u00e9dale unique pour une meilleure maniabilit\u00e9. Son si\u00e8ge \u00e0 suspension est r\u00e9glable sans outil \u00e0 la hauteur de l\u2019utilisateur. Il est dot\u00e9 d\u2019un plateau de coupe avec diviseurs qui permet de couper les bordures avec une tr\u00e8s grande pr\u00e9cision. Ce tracteur est \u00e9quip\u00e9 d\u2019un embrayage de lame \u00e9lectromagn\u00e9tique pour activer ou d\u00e9sactiver facilement les lames du plateau de coupe Largeur de coupe&nbsp;: 110 cm Superficie du terrain&nbsp;: 8 000 m2 Moteur S&nbsp;:B&amp;S s\u00e9rie 7160 Intek OHV (bicylindre) Tonte rapide des grands espaces Plateau de coupe synchronis\u00e9&nbsp;: les deux lames du plateau de coupe sont d\u00e9cal\u00e9es de 90 degr\u00e9s. Leur synchronisation permet aux couteaux de s\u2019embo\u00eeter sans contact. Il en r\u00e9sulte une qualit\u00e9 de coupe constante ainsi qu\u2019un transport optimal de l\u2019herbe vers le canal d\u2019\u00e9jection. Embrayage de lame \u00e9lectromagn\u00e9tique&nbsp;: depuis le tableau de bord, il est possible d\u2019activer ou de d\u00e9sactiver facilement les lames du plateau de coupe. Plateau de coupe avec diviseurs&nbsp;: le syst\u00e8me de ramassage des deux c\u00f4t\u00e9s du plateau de coupe saisit aussi l\u2019herbe sur les bords et l\u2019achemine vers les lames. Ceci permet de couper les bordures avec une tr\u00e8s grande pr\u00e9cision. Si\u00e8ge r\u00e9glable \u00e0 suspension&nbsp;: le si\u00e8ge peut \u00eatre r\u00e9gl\u00e9 pour s\u2019adapter \u00e0 quasiment toutes les corpulences. Il peut \u00eatre r\u00e9gl\u00e9 instantan\u00e9ment et sans outil \u00e0 chaque utilisateur. Entra\u00eenement hydrostatique \u00e0 p\u00e9dale unique&nbsp;: tous les mod\u00e8les sont \u00e9quip\u00e9s de l\u2019entra\u00eenement hydrostatique \u00e0 p\u00e9dale unique sp\u00e9cifique \u00e0 STIHL, le levier de commande permet de passer de la marche avant \u00e0 la marche arri\u00e8re en tout confort, ce qui facilite les man\u0153uvres rapides. La p\u00e9dale sensible \u00e0 la pression permet une gradation pr\u00e9cise du tempo entre la vitesse maximale et l\u2019arr\u00eat. La p\u00e9dale de frein s\u00e9par\u00e9e assure un arr\u00eat imm\u00e9diat. CARACT\u00c9RISTIQUES TECHNIQUES&nbsp;TRACTEUR TONDEUSE RT 4112 SZ STIHL Superficie jusqu\u2019\u00e0 8000 m\u00b2 Largeur de coupe 110 cm Hauteur de coupe 35-90 mm Contenance du r\u00e9servoir 9 l Transmission hydrostatique Type moteur B&amp;S s\u00e9rie 7160 Intek OHV (bicylindre) Cylindr\u00e9e 656 cm\u00b3 R\u00e9gime moteur 2950 tr\/min Hauteur du tracteur 118 cm Largeur du tracteur 132 cm Longueur du tracteur avec bac 191 cm Poids 224 kg Principales caract\u00e9ristiques techniques du tracteur tondeuse STIHL RT 4112 SZ :<\/p>","protected":false},"featured_media":7454,"comment_status":"closed","ping_status":"closed","template":"","meta":{"inline_featured_image":false},"product_brand":[],"product_cat":[56],"product_tag":[],"class_list":{"0":"post-8906","1":"product","2":"type-product","3":"status-publish","4":"has-post-thumbnail","6":"product_cat-tracteur-tondeuse","8":"first","9":"instock","10":"shipping-taxable","11":"purchasable","12":"product-type-simple"},"_links":{"self":[{"href":"https:\/\/feria-verde.com\/es\/wp-json\/wp\/v2\/product\/8906","targetHints":{"allow":["GET"]}}],"collection":[{"href":"https:\/\/feria-verde.com\/es\/wp-json\/wp\/v2\/product"}],"about":[{"href":"https:\/\/feria-verde.com\/es\/wp-json\/wp\/v2\/types\/product"}],"replies":[{"embeddable":true,"href":"https:\/\/feria-verde.com\/es\/wp-json\/wp\/v2\/comments?post=8906"}],"version-history":[{"count":0,"href":"https:\/\/feria-verde.com\/es\/wp-json\/wp\/v2\/product\/8906\/revisions"}],"wp:featuredmedia":[{"embeddable":true,"href":"https:\/\/feria-verde.com\/es\/wp-json\/wp\/v2\/media\/7454"}],"wp:attachment":[{"href":"https:\/\/feria-verde.com\/es\/wp-json\/wp\/v2\/media?parent=8906"}],"wp:term":[{"taxonomy":"product_brand","embeddable":true,"href":"https:\/\/feria-verde.com\/es\/wp-json\/wp\/v2\/product_brand?post=8906"},{"taxonomy":"product_cat","embeddable":true,"href":"https:\/\/feria-verde.com\/es\/wp-json\/wp\/v2\/product_cat?post=8906"},{"taxonomy":"product_tag","embeddable":true,"href":"https:\/\/feria-verde.com\/es\/wp-json\/wp\/v2\/product_tag?post=8906"}],"curies":[{"name":"wp","href":"https:\/\/api.w.org\/{rel}","templated":true}]}}