{"id":8907,"date":"2024-05-31T19:07:01","date_gmt":"2024-05-31T17:07:01","guid":{"rendered":"https:\/\/feria-verde.com\/?post_type=product&#038;p=8907"},"modified":"2024-05-31T19:07:03","modified_gmt":"2024-05-31T17:07:03","slug":"stihl-tondeuse-autoportee-stihl-rt-4097-s-neuf","status":"publish","type":"product","link":"https:\/\/feria-verde.com\/es\/producto\/stihl-tondeuse-autoportee-stihl-rt-4097-s-neuf\/","title":{"rendered":"STIHL - STIHL RT 4097 S cortac\u00e9sped con asiento - Nuevo"},"content":{"rendered":"<p>La tondeuse autoport\u00e9e STIHL RT 4097 S fait partie de la gamme tondeuse \u00e0 \u00e9jection lat\u00e9rale de STIHL (S\u00e9rie RT 4 ou T4). Avec une largeur de coupe de 95 cm et un moteur Briggs &amp; Stratton 4155 Intek, ce tracteur de pelouse RT4097 est id\u00e9al pour les terrains allant jusqu\u2019\u00e0 6000 m2. La tondeuse est \u00e9quip\u00e9e d\u2019un pare-chocs.<\/p>\n\n\n\n<ul class=\"wp-block-list\">\n<li><strong>Moteur<\/strong>&nbsp;: B&amp;S s\u00e9rie 4155 Intek OHV<\/li>\n\n\n\n<li><strong>Tonte rapide des grands espaces<\/strong><\/li>\n\n\n\n<li><strong>Embrayage de lame \u00e9lectromagn\u00e9tique<\/strong>&nbsp;: depuis le tableau de bord, il est possible d\u2019activer ou de d\u00e9sactiver facilement les lames du plateau de coupe.<\/li>\n\n\n\n<li><strong>Plateau de coupe avec diviseurs<\/strong>&nbsp;: gr\u00e2ce aux diviseurs, l\u2019herbe est saisie sur les bords du plateau de coupe et achemin\u00e9e vers la lame. Ceci permet de couper avec une tr\u00e8s grande pr\u00e9cision les bords de pelouse.<\/li>\n\n\n\n<li><strong>Si\u00e8ge r\u00e9glable \u00e0 suspension<\/strong>&nbsp;: le si\u00e8ge peut \u00eatre r\u00e9gl\u00e9 pour s\u2019adapter \u00e0 la morphologie du conducteur. Il peut \u00eatre r\u00e9gl\u00e9 instantan\u00e9ment et sans outil.<\/li>\n\n\n\n<li><strong>Entra\u00eenement hydrostatique \u00e0 p\u00e9dale unique<\/strong>&nbsp;: tous les mod\u00e8les sont \u00e9quip\u00e9s de l\u2019entra\u00eenement hydrostatique \u00e0 p\u00e9dale unique sp\u00e9cifique \u00e0 STIHL, le levier de commande permet de passer de la marche avant \u00e0 la marche arri\u00e8re en tout confort, ce qui facilite les man\u0153uvres rapides. La p\u00e9dale sensible \u00e0 la pression permet une gradation pr\u00e9cise du tempo entre la vitesse maximale et l\u2019arr\u00eat. La p\u00e9dale de frein s\u00e9par\u00e9e assure un arr\u00eat imm\u00e9diat.<\/li>\n<\/ul>\n\n\n\n<h3 class=\"wp-block-heading\">CARACT\u00c9RISTIQUES TECHNIQUES&nbsp;TRACTEUR TONDEUSE RT 4097 S STIHL<\/h3>\n\n\n\n<figure class=\"wp-block-table\"><table><tbody><tr><td>Largeur avec plateau de coupe<\/td><td><strong>116 cm<\/strong><\/td><\/tr><tr><td>Cylindr\u00e9e<\/td><td><strong>500 cm\u00b3<\/strong><\/td><\/tr><tr><td>Surface<\/td><td><strong>jusqu\u2019\u00e0 6.000 m\u00b2<\/strong><\/td><\/tr><tr><td>Capacit\u00e9 du r\u00e9servoir<\/td><td><strong>9 l<\/strong><\/td><\/tr><tr><td>Hauteur de coupe<\/td><td><strong>35-90 mm<\/strong><\/td><\/tr><tr><td>Hauteur jusqu\u2019au si\u00e8ge<\/td><td><strong>116 cm<\/strong><\/td><\/tr><tr><td>Largeur de coupe<\/td><td><strong>95 cm<\/strong><\/td><\/tr><tr><td>Longueur avec bac de ramassage<\/td><td><strong>191 cm<\/strong><\/td><\/tr><tr><td>Transmission<\/td><td><strong>hydrostatique<\/strong><\/td><\/tr><tr><td>Peso<\/td><td><strong>202 kg<\/strong><\/td><\/tr><\/tbody><\/table><\/figure>\n\n\n\n<p>Principales caract\u00e9ristiques techniques du tracteur tondeuse STIHL RT 4097 S : \u00c9jection lat\u00e9rale Entra\u00eenement \u00e0 une p\u00e9dale Si\u00e8ge conducteur est r\u00e9glable sans outil \u00e0 la hauteur de l\u2019utilisateur Volant ergonomique \u00c9l\u00e9ments de commande dispos\u00e9s \u00e0 port\u00e9e de main R\u00e9glage de la hauteur de coupe sur sept niveaux Embrayage \u00e9lectromagn\u00e9tique des lames Syst\u00e8me de ramassage guid\u00e9<\/p>","protected":false},"excerpt":{"rendered":"<p>La tondeuse autoport\u00e9e STIHL RT 4097 S fait partie de la gamme tondeuse \u00e0 \u00e9jection lat\u00e9rale de STIHL (S\u00e9rie RT 4 ou T4). Avec une largeur de coupe de 95 cm et un moteur Briggs &amp; Stratton 4155 Intek, ce tracteur de pelouse RT4097 est id\u00e9al pour les terrains allant jusqu\u2019\u00e0 6000 m2. La tondeuse est \u00e9quip\u00e9e d\u2019un pare-chocs. CARACT\u00c9RISTIQUES TECHNIQUES&nbsp;TRACTEUR TONDEUSE RT 4097 S STIHL Largeur avec plateau de coupe 116 cm Cylindr\u00e9e 500 cm\u00b3 Surface jusqu\u2019\u00e0 6.000 m\u00b2 Capacit\u00e9 du r\u00e9servoir 9 l Hauteur de coupe 35-90 mm Hauteur jusqu\u2019au si\u00e8ge 116 cm Largeur de coupe 95 cm Longueur avec bac de ramassage 191 cm Transmission hydrostatique Poids 202 kg Principales caract\u00e9ristiques techniques du tracteur tondeuse STIHL RT 4097 S : \u00c9jection lat\u00e9rale Entra\u00eenement \u00e0 une p\u00e9dale Si\u00e8ge conducteur est r\u00e9glable sans outil \u00e0 la hauteur de l\u2019utilisateur Volant ergonomique \u00c9l\u00e9ments de commande dispos\u00e9s \u00e0 port\u00e9e de main R\u00e9glage de la hauteur de coupe sur sept niveaux Embrayage \u00e9lectromagn\u00e9tique des lames Syst\u00e8me de ramassage guid\u00e9<\/p>","protected":false},"featured_media":7455,"comment_status":"closed","ping_status":"closed","template":"","meta":{"inline_featured_image":false},"product_brand":[],"product_cat":[56],"product_tag":[],"class_list":{"0":"post-8907","1":"product","2":"type-product","3":"status-publish","4":"has-post-thumbnail","6":"product_cat-tracteur-tondeuse","8":"first","9":"instock","10":"shipping-taxable","11":"purchasable","12":"product-type-simple"},"_links":{"self":[{"href":"https:\/\/feria-verde.com\/es\/wp-json\/wp\/v2\/product\/8907","targetHints":{"allow":["GET"]}}],"collection":[{"href":"https:\/\/feria-verde.com\/es\/wp-json\/wp\/v2\/product"}],"about":[{"href":"https:\/\/feria-verde.com\/es\/wp-json\/wp\/v2\/types\/product"}],"replies":[{"embeddable":true,"href":"https:\/\/feria-verde.com\/es\/wp-json\/wp\/v2\/comments?post=8907"}],"version-history":[{"count":0,"href":"https:\/\/feria-verde.com\/es\/wp-json\/wp\/v2\/product\/8907\/revisions"}],"wp:featuredmedia":[{"embeddable":true,"href":"https:\/\/feria-verde.com\/es\/wp-json\/wp\/v2\/media\/7455"}],"wp:attachment":[{"href":"https:\/\/feria-verde.com\/es\/wp-json\/wp\/v2\/media?parent=8907"}],"wp:term":[{"taxonomy":"product_brand","embeddable":true,"href":"https:\/\/feria-verde.com\/es\/wp-json\/wp\/v2\/product_brand?post=8907"},{"taxonomy":"product_cat","embeddable":true,"href":"https:\/\/feria-verde.com\/es\/wp-json\/wp\/v2\/product_cat?post=8907"},{"taxonomy":"product_tag","embeddable":true,"href":"https:\/\/feria-verde.com\/es\/wp-json\/wp\/v2\/product_tag?post=8907"}],"curies":[{"name":"wp","href":"https:\/\/api.w.org\/{rel}","templated":true}]}}