{"id":8908,"date":"2024-05-31T19:07:01","date_gmt":"2024-05-31T17:07:01","guid":{"rendered":"https:\/\/feria-verde.com\/?post_type=product&#038;p=8908"},"modified":"2024-05-31T19:07:03","modified_gmt":"2024-05-31T17:07:03","slug":"alpina-tondeuse-autoportee-alpina-at2-66-qa-neuf","status":"publish","type":"product","link":"https:\/\/feria-verde.com\/es\/producto\/alpina-tondeuse-autoportee-alpina-at2-66-qa-neuf\/","title":{"rendered":"Alpina - Alpina AT2 66 QA cortac\u00e9sped con asiento - A estrenar"},"content":{"rendered":"<p>Petit, maniable, de petite taille, les composants bien \u00e9quilibr\u00e9s sont les principales caract\u00e9ristiques du&nbsp;<strong>Rider Tracteur tondeuse autoport\u00e9e&nbsp;Alpina AT2 66 QA<\/strong>; n\u00e9 pour r\u00e9pondre aux besoins d\u2019une client\u00e8le dynamique, attentif aux innovations technologiques et aux performances de haute qualit\u00e9, ce tracteur poss\u00e8de des caract\u00e9ristiques m\u00e9caniques innovantes; voyons-les ensemble en d\u00e9tail:<\/p>\n\n\n\n<ul class=\"wp-block-list\">\n<li><strong>Moteur \u00e0 essence Alpina s\u00e9rie 5750 \u2013 224 cm3 \u2013 7 CV avec soupapes OHV mont\u00e9es<\/strong>&nbsp;dans la t\u00eate et refroidies par air<\/li>\n\n\n\n<li><strong>Batterie de d\u00e9marrage<\/strong>&nbsp;12 V 7,2 Ah \u2013 chargeur inclus \u2013<\/li>\n\n\n\n<li><strong>Syst\u00e8me de d\u00e9charge lat\u00e9rale<\/strong>, arri\u00e8re et de collecte avec 150 litres et panier de type paillage qui pulv\u00e9rise l\u2019herbe tondue et la lib\u00e8re au sol comme engrais naturel<\/li>\n\n\n\n<li><strong>Plaque de coupe \u00e0 lame unique<\/strong>&nbsp;d\u2019une largeur allant jusqu\u2019\u00e0 66 cm \u2013 raccord pour une fixation rapide du tuyau d\u2019eau pour laver la plaque \u00e0 la fin du travail<\/li>\n\n\n\n<li><strong>Si\u00e8ge conducteur<\/strong>&nbsp;bas avec boutons de verrouillage<\/li>\n\n\n\n<li><strong>Syst\u00e8me de vidage manuel<\/strong>&nbsp;du panier de collecte: il suffit de saisir la poign\u00e9e situ\u00e9e en haut du panier et de la retirer des crochets fournis<\/li>\n\n\n\n<li><strong>Traction arri\u00e8re<\/strong>&nbsp;avec transmission m\u00e9canique \u00e0 4 vitesses + arri\u00e8re<\/li>\n\n\n\n<li><strong>5 positions de hauteur de coupe de 30 \u00e0 64 mm<\/strong><\/li>\n\n\n\n<li><strong>Roues avant 11\u00d74.00-4 \u00ab&nbsp;<\/strong>, roues arri\u00e8re 13\u00d75.00-6\u2033 avec bande de roulement pour ne pas endommager la pelouse \u2013 rayon de braquage 155 cm \u2013<\/li>\n<\/ul>\n\n\n\n<p>Le&nbsp;<strong>tracteur Alpina AT2 66 QA<\/strong>&nbsp;peut \u00eatre utilis\u00e9 pour couper l\u2019herbe sur des terrains jusqu\u2019\u00e0 800 m\u00e8tres carr\u00e9s.<\/p>\n\n\n\n<p><strong>CARACT\u00c9RISTIQUES<\/strong><\/p>\n\n\n\n<ul class=\"wp-block-list\">\n<li>Largeur de coupe 66 cm<\/li>\n\n\n\n<li>Fonctions de coupe lat\u00e9rale, arri\u00e8re, mulching (en option)<\/li>\n\n\n\n<li>Moteur Alpina 5750<\/li>\n\n\n\n<li>Cylindr\u00e9e 224 cc<\/li>\n\n\n\n<li>Transmission m\u00e9canique \u00e0 4 vitesses + arri\u00e8re<\/li>\n\n\n\n<li>R\u00e9servoir de carburant de 3,8 lt (essence)<\/li>\n\n\n\n<li>6 positions de hauteur de coupe (30-80 mm)<\/li>\n\n\n\n<li>1 lame<\/li>\n<\/ul>","protected":false},"excerpt":{"rendered":"<p>Petit, maniable, de petite taille, les composants bien \u00e9quilibr\u00e9s sont les principales caract\u00e9ristiques du&nbsp;Rider Tracteur tondeuse autoport\u00e9e&nbsp;Alpina AT2 66 QA; n\u00e9 pour r\u00e9pondre aux besoins d\u2019une client\u00e8le dynamique, attentif aux innovations technologiques et aux performances de haute qualit\u00e9, ce tracteur poss\u00e8de des caract\u00e9ristiques m\u00e9caniques innovantes; voyons-les ensemble en d\u00e9tail: Le&nbsp;tracteur Alpina AT2 66 QA&nbsp;peut \u00eatre utilis\u00e9 pour couper l\u2019herbe sur des terrains jusqu\u2019\u00e0 800 m\u00e8tres carr\u00e9s. CARACT\u00c9RISTIQUES<\/p>","protected":false},"featured_media":7456,"comment_status":"closed","ping_status":"closed","template":"","meta":{"inline_featured_image":false},"product_brand":[],"product_cat":[56],"product_tag":[],"class_list":{"0":"post-8908","1":"product","2":"type-product","3":"status-publish","4":"has-post-thumbnail","6":"product_cat-tracteur-tondeuse","8":"first","9":"instock","10":"sale","11":"shipping-taxable","12":"purchasable","13":"product-type-simple"},"_links":{"self":[{"href":"https:\/\/feria-verde.com\/es\/wp-json\/wp\/v2\/product\/8908","targetHints":{"allow":["GET"]}}],"collection":[{"href":"https:\/\/feria-verde.com\/es\/wp-json\/wp\/v2\/product"}],"about":[{"href":"https:\/\/feria-verde.com\/es\/wp-json\/wp\/v2\/types\/product"}],"replies":[{"embeddable":true,"href":"https:\/\/feria-verde.com\/es\/wp-json\/wp\/v2\/comments?post=8908"}],"version-history":[{"count":0,"href":"https:\/\/feria-verde.com\/es\/wp-json\/wp\/v2\/product\/8908\/revisions"}],"wp:featuredmedia":[{"embeddable":true,"href":"https:\/\/feria-verde.com\/es\/wp-json\/wp\/v2\/media\/7456"}],"wp:attachment":[{"href":"https:\/\/feria-verde.com\/es\/wp-json\/wp\/v2\/media?parent=8908"}],"wp:term":[{"taxonomy":"product_brand","embeddable":true,"href":"https:\/\/feria-verde.com\/es\/wp-json\/wp\/v2\/product_brand?post=8908"},{"taxonomy":"product_cat","embeddable":true,"href":"https:\/\/feria-verde.com\/es\/wp-json\/wp\/v2\/product_cat?post=8908"},{"taxonomy":"product_tag","embeddable":true,"href":"https:\/\/feria-verde.com\/es\/wp-json\/wp\/v2\/product_tag?post=8908"}],"curies":[{"name":"wp","href":"https:\/\/api.w.org\/{rel}","templated":true}]}}