{"id":8909,"date":"2024-05-31T19:07:01","date_gmt":"2024-05-31T17:07:01","guid":{"rendered":"https:\/\/feria-verde.com\/?post_type=product&#038;p=8909"},"modified":"2024-05-31T19:07:03","modified_gmt":"2024-05-31T17:07:03","slug":"alpina-tondeuse-autoportee-alpina-at8-122-hwa-neuf","status":"publish","type":"product","link":"https:\/\/feria-verde.com\/es\/producto\/alpina-tondeuse-autoportee-alpina-at8-122-hwa-neuf\/","title":{"rendered":"Alpina - Alpina AT8 122 HWA cortac\u00e9sped con asiento - A estrenar"},"content":{"rendered":"<p>Un tracteur \u00e0 gazon puissant et rapide de 635 cm3 \/ 122 cm avec un r\u00e9cup\u00e9rateur extra-spacieux de 300 litres et une transmission hydrostatique douce. Kit de paillis et attelage en option.<\/p>\n\n\n\n<ul class=\"wp-block-list\">\n<li>GRAND BAC, VOUS POUVEZ G\u00c9RER JUSQU\u2019\u00c0 300 LITRES D\u2019HERBES COUP\u00c9ES<\/li>\n\n\n\n<li>MOTEUR BICYLINDRE STIGA PUISSANT ET R\u00c9SISTANT<\/li>\n\n\n\n<li>CARTER DE COUPE DE 122 CM, POUR G\u00c9RER DE GRANDS JARDINS JUSQU\u2019\u00c0 7000 M2<\/li>\n\n\n\n<li>LES LAMES PEUVENT \u00caTRE ENGAG\u00c9ES SANS AUCUN STRESS, GR\u00c2CE \u00c0 LA PRISE DE FORCE<\/li>\n\n\n\n<li>VISIBILIT\u00c9 M\u00caME AVEC UNE LUMI\u00c8RE FAIBLE, GR\u00c2CE AUX PHARES \u00c0 LED<\/li>\n\n\n\n<li>CONDUITE CONFORTABLE, GR\u00c2CE AU VOLANT ERGONOMIQUE<\/li>\n<\/ul>\n\n\n\n<p>Combinant un bac de ramassage d\u2019une capacit\u00e9 de 300 litres et une largeur de travail de 122 cm, l\u2019Alpina AT8 122 HWA aux sp\u00e9cifications haut de gamme est un outil rapide et efficace pour entretenir les plus grandes pelouses, m\u00eame les zones d\u2019herbe rugueuses!<br>L\u2019alimentation de la AT8 122 HWA est assur\u00e9e par un moteur STIGA 635 cm3 de qualit\u00e9 sup\u00e9rieure, d\u2019une puissance impressionnante de 11,6 kW; et qui associe la technologie OHV \u00e0 un agencement classique de cylindres en V pour garantir un fonctionnement \u00e0 faibles vibrations et des performances de couple \u00e9lev\u00e9es.<br>Le syst\u00e8me d\u2019allumage \u00e9lectronique de STIGA signifie que vous pouvez \u00eatre s\u00fbr d\u2019un d\u00e9marrage fiable. tandis que la lubrification \u00e0 pleine pression minimise l\u2019usure des composants et prolonge la dur\u00e9e de vie du moteur.<br>Avec l\u2019AT8 122 HWA \u00e0 entra\u00eenement hydrostatique, vous n\u2019avez plus besoin de passer du temps sur des vitesses manuelles fastidieuses. Au lieu de cela, la vitesse est contr\u00f4l\u00e9e via une p\u00e9dale, garantissant ainsi un contr\u00f4le et une maniabilit\u00e9 exceptionnels, ce qui facilite le travail dans des zones complexes et autour des arbres, des ornements et d\u2019autres obstacles typiques du jardin.<br>Avec l\u2019achat du kit en option, l\u2019AT8 122 HWA peut \u00eatre configur\u00e9 pour tondre du gazon en mulchings; cela fournira au gazon un engrais gratuit et stimulant pour la croissance, lib\u00e9r\u00e9 lors de la d\u00e9composition des brins d\u2019herbe ( un attelage de remorquage en option est \u00e9galement disponible).<br>Les roues de pont anti-scalp emp\u00eachent le marquage inesth\u00e9tique du gazon lors des virages sur terrain humide; tandis que le r\u00e9glage de la hauteur de coupe \u00e0 7 nveaux fournit une position de lame adapt\u00e9e \u00e0 pratiquement toutes les longueurs d\u2019herbe.<br>Offrant une conduite confortable, l\u2019AT8 122 HWA b\u00e9n\u00e9ficie d\u2019un volant ergonomique \u00e0 Soft Grip et d\u2019un si\u00e8ge sp\u00e9cialement con\u00e7u pour un maintien essentiel \u00e0 mi-dos.<br>Il est \u00e9quip\u00e9 d\u2019un tableau de bord \u00e0 six voyants qui fournit des informations claires sur tous les param\u00e8tres cl\u00e9s. et il comporte des phares \u00e0 LED qui facilitent la tonte et le remorquage dans des conditions sombres.<br>Parmi les autres attributs cl\u00e9s, citons un capot redessin\u00e9 qui optimise l\u2019admission d\u2019air du moteur pour des performances sup\u00e9rieures; un pare-chocs avant offrant une protection importante; et un embrayage de prise de force \u00e9lectromagn\u00e9tique pour un engagement sans effort de la lame.<\/p>\n\n\n\n<p><strong><u>Caract\u00e9ristiques techniques<\/u>&nbsp;:<\/strong><br>\u2013 Moteur Briggs &amp; Stratton Intek 7220 V-Twin 656 cc<br>\u2013 Puissance moteur : 11 300 W<br>\u2013 R\u00e9gime du moteur : 2 700 rpm<br>\u2013 R\u00e9servoir essence : 7 L<br>\u2013 Tension de la batterie : 12 V<br>\u2013 Capacit\u00e9 de la batterie : 18 Ah<br>\u2013 \u00c9trangleur : automatique<br>\u2013 Syst\u00e8me de refroidissement du moteur : air<br>\u2013 Mode de transmission : contr\u00f4le par bouton<br>\u2013 Type de transmission : hydrostatique<br>\u2013 Traction : roues arri\u00e8re motrices<br>\u2013 Dimensions roues avant \/ arri\u00e8re : 15\u00d76.00-6\/ 18\u00d78.50-8<br>\u2013 Dimensions autoport\u00e9e : L 255 x l 128 x H 131 cm<br>\u2013 Niveau sonore garanti LWA dB(A) : 104<br>\u2013 Niveau sonore mesur\u00e9 LPA (\u00e0 l\u2019oreille de l\u2019utilisateur) dB(A) : 89<br>\u2013 Vibration maximale sur le volant (m\/s2) : 3<br>\u2013 Poids : 237 kg<\/p>\n\n\n\n<p><strong><u>Caract\u00e9ristiques produit<\/u>&nbsp;:<\/strong><br>\u2013 Syst\u00e8me de coupe : ramassage<br>\u2013 Kit mulching et kit attache-remorque en option<br>\u2013 Bac de ramassage textile de 300 L<br>\u2013 Vidage du bac : manuel<br>\u2013 Volant Alpina ergonomique avec soft grip<br>\u2013 Rayon minimal : 90 cm<br>\u2013 Largeur de coupe : 122 cm<br>\u2013 Coupe inverse : oui<br>\u2013 Rotation de lame : synchronis\u00e9<br>\u2013 7 hauteurs de coupe de 30 \u00e0 90 mm \u2013 r\u00e9glage manuel avec levier<br>\u2013 2 lames<br>\u2013 Syst\u00e8me de coupe suppl\u00e9mentaire : \u00e9jection arri\u00e8re, mulching<br>\u2013 Enclenchement des lames : \u00e9lectrique<br>\u2013 Si\u00e8ge Alpina smart avec dossier moyen<br>\u2013 R\u00e9glage du si\u00e8ge par vis<br>\u2013 Phares \u00e0 lumi\u00e8re LED, pare-chocs, embout de nettoyage, essieu avant pivotant<br>\u2013 4 roues anti-scalp<br>\u2013 Syst\u00e8me de s\u00e9curit\u00e9 : si\u00e8ge avec disjoncteur de s\u00e9curit\u00e9 (Safety Contact Breaker)<br>\u2013 Surface de tonte conseill\u00e9e : jusqu\u2019\u00e0 7 000 m\u00b2<br>\u2013 Chargeur de batterie inclus<br>\u2013 Livr\u00e9 sans huile<\/p>\n\n\n\n<p><strong><u>Avantages produit<\/u>&nbsp;:<\/strong><br>\u2013 Un tr\u00e8s grand bac de ramassage de 300 L vous permettra de faire moins d\u2019arr\u00eat afin de vider le bac. Sa largeur de travail de 122 cm est une machine rapide et efficace pour entretenir les plus grandes pelouses, m\u00eame les zones d\u2019herbe rugueuses. Vous pourrez tondre des terrains allant jusqu\u2019\u00e0 7 000 m\u00b2.<br>\u2013 Le moteur Briggs &amp; Stratton offre une puissance impressionnante de 11,3 kW. Il allie la technologie OHV \u00e0 un agencement classique de cylindres en V pour garantir un fonctionnement \u00e0 faibles vibrations et des performances de couple \u00e9lev\u00e9es.<br>\u2013 Le syst\u00e8me d\u2019allumage \u00e9lectronique de Briggs signifie que vous pouvez \u00eatre s\u00fbr d\u2019un d\u00e9marrage fiable. Alors que la lubrification \u00e0 pleine pression minimise l\u2019usure des composants et prolonge la dur\u00e9e de vie du moteur.<br>\u2013 Gr\u00e2ce \u00e0 son entra\u00eenement hydrostatique, vous n\u2019avez plus besoin de passer du temps sur des vitesses manuelles difficiles \u00e0 passer. Au lieu de cela, la vitesse est contr\u00f4l\u00e9e via une p\u00e9dale, offrant ainsi un contr\u00f4le et une maniabilit\u00e9 exceptionnels, qui facilite le travail dans des zones complexes et autour des arbres, des ornements et d\u2019autres obstacles typiques du jardin.<br>\u2013 Les roues de pont anti-scalp emp\u00eachent le marquage inesth\u00e9tique du gazon lors des virages sur terrain humide.<br>\u2013 Vous aurez le choix entre 7 hauteurs de coupe pr\u00e9d\u00e9finies ce qui permettra une position de lame adapt\u00e9e \u00e0 pratiquement toutes les longueurs d\u2019herbe.<br>\u2013 Cette cette&nbsp;<strong>tondeuse autoport\u00e9e<\/strong>&nbsp;n\u2019oublie pas pour autant le confort de son utilisateur gr\u00e2ce \u00e0 son volant ergonomique \u00e0 Soft Grip et son si\u00e8ge sp\u00e9cialement con\u00e7u pour un maintien essentiel \u00e0 mi-dos.<br>\u2013 La tondeuse est \u00e9galement \u00e9quip\u00e9e d\u2019un tableau de bord \u00e0 huit voyants qui fournit des informations claires sur tous les param\u00e8tres cl\u00e9s.<br>\u2013 Pour vous aider \u00e0 tondre lorsqu\u2019il fait sombre, vous pourrez allumer les phares \u00e0 LED.<br>\u2013 Toujours utiles : un capot redessin\u00e9 qui optimise l\u2019admission d\u2019air du moteur pour des performances sup\u00e9rieures, un pare-chocs avant garantissant une protection importante et un embrayage de prise de force \u00e9lectromagn\u00e9tique pour un engagement sans effort de la lame.<\/p>\n\n\n\n<p>Alpina, marque italienne, propose une gamme compl\u00e8te de tondeuses \u00e0 gazon et de tracteurs de jardin, ainsi que des produits de jardinage compl\u00e9mentaires tels que tron\u00e7onneuses, d\u00e9broussailleuses, taille-haies, coupe-bordures, souffleurs, scarificateurs, motoculteurs et fraises \u00e0 neige. Fond\u00e9e en 1960 \u00e0 Santa Lucia di Piave (Tr\u00e9vise), Alpina se consacre depuis pr\u00e8s de 60 ans au march\u00e9 du jardin afin de proposer aux consommateurs des produits fiables et aux performances exceptionnelles.<\/p>","protected":false},"excerpt":{"rendered":"<p>Un tracteur \u00e0 gazon puissant et rapide de 635 cm3 \/ 122 cm avec un r\u00e9cup\u00e9rateur extra-spacieux de 300 litres et une transmission hydrostatique douce. Kit de paillis et attelage en option. Combinant un bac de ramassage d\u2019une capacit\u00e9 de 300 litres et une largeur de travail de 122 cm, l\u2019Alpina AT8 122 HWA aux sp\u00e9cifications haut de gamme est un outil rapide et efficace pour entretenir les plus grandes pelouses, m\u00eame les zones d\u2019herbe rugueuses!L\u2019alimentation de la AT8 122 HWA est assur\u00e9e par un moteur STIGA 635 cm3 de qualit\u00e9 sup\u00e9rieure, d\u2019une puissance impressionnante de 11,6 kW; et qui associe la technologie OHV \u00e0 un agencement classique de cylindres en V pour garantir un fonctionnement \u00e0 faibles vibrations et des performances de couple \u00e9lev\u00e9es.Le syst\u00e8me d\u2019allumage \u00e9lectronique de STIGA signifie que vous pouvez \u00eatre s\u00fbr d\u2019un d\u00e9marrage fiable. tandis que la lubrification \u00e0 pleine pression minimise l\u2019usure des composants et prolonge la dur\u00e9e de vie du moteur.Avec l\u2019AT8 122 HWA \u00e0 entra\u00eenement hydrostatique, vous n\u2019avez plus besoin de passer du temps sur des vitesses manuelles fastidieuses. Au lieu de cela, la vitesse est contr\u00f4l\u00e9e via une p\u00e9dale, garantissant ainsi un contr\u00f4le et une maniabilit\u00e9 exceptionnels, ce qui facilite le travail dans des zones complexes et autour des arbres, des ornements et d\u2019autres obstacles typiques du jardin.Avec l\u2019achat du kit en option, l\u2019AT8 122 HWA peut \u00eatre configur\u00e9 pour tondre du gazon en mulchings; cela fournira au gazon un engrais gratuit et stimulant pour la croissance, lib\u00e9r\u00e9 lors de la d\u00e9composition des brins d\u2019herbe ( un attelage de remorquage en option est \u00e9galement disponible).Les roues de pont anti-scalp emp\u00eachent le marquage inesth\u00e9tique du gazon lors des virages sur terrain humide; tandis que le r\u00e9glage de la hauteur de coupe \u00e0 7 nveaux fournit une position de lame adapt\u00e9e \u00e0 pratiquement toutes les longueurs d\u2019herbe.Offrant une conduite confortable, l\u2019AT8 122 HWA b\u00e9n\u00e9ficie d\u2019un volant ergonomique \u00e0 Soft Grip et d\u2019un si\u00e8ge sp\u00e9cialement con\u00e7u pour un maintien essentiel \u00e0 mi-dos.Il est \u00e9quip\u00e9 d\u2019un tableau de bord \u00e0 six voyants qui fournit des informations claires sur tous les param\u00e8tres cl\u00e9s. et il comporte des phares \u00e0 LED qui facilitent la tonte et le remorquage dans des conditions sombres.Parmi les autres attributs cl\u00e9s, citons un capot redessin\u00e9 qui optimise l\u2019admission d\u2019air du moteur pour des performances sup\u00e9rieures; un pare-chocs avant offrant une protection importante; et un embrayage de prise de force \u00e9lectromagn\u00e9tique pour un engagement sans effort de la lame. Caract\u00e9ristiques techniques&nbsp;:\u2013 Moteur Briggs &amp; Stratton Intek 7220 V-Twin 656 cc\u2013 Puissance moteur : 11 300 W\u2013 R\u00e9gime du moteur : 2 700 rpm\u2013 R\u00e9servoir essence : 7 L\u2013 Tension de la batterie : 12 V\u2013 Capacit\u00e9 de la batterie : 18 Ah\u2013 \u00c9trangleur : automatique\u2013 Syst\u00e8me de refroidissement du moteur : air\u2013 Mode de transmission : contr\u00f4le par bouton\u2013 Type de transmission : hydrostatique\u2013 Traction : roues arri\u00e8re motrices\u2013 Dimensions roues avant \/ arri\u00e8re : 15\u00d76.00-6\/ 18\u00d78.50-8\u2013 Dimensions autoport\u00e9e : L 255 x l 128 x H 131 cm\u2013 Niveau sonore garanti LWA dB(A) : 104\u2013 Niveau sonore mesur\u00e9 LPA (\u00e0 l\u2019oreille de l\u2019utilisateur) dB(A) : 89\u2013 Vibration maximale sur le volant (m\/s2) : 3\u2013 Poids : 237 kg Caract\u00e9ristiques produit&nbsp;:\u2013 Syst\u00e8me de coupe : ramassage\u2013 Kit mulching et kit attache-remorque en option\u2013 Bac de ramassage textile de 300 L\u2013 Vidage du bac : manuel\u2013 Volant Alpina ergonomique avec soft grip\u2013 Rayon minimal : 90 cm\u2013 Largeur de coupe : 122 cm\u2013 Coupe inverse : oui\u2013 Rotation de lame : synchronis\u00e9\u2013 7 hauteurs de coupe de 30 \u00e0 90 mm \u2013 r\u00e9glage manuel avec levier\u2013 2 lames\u2013 Syst\u00e8me de coupe suppl\u00e9mentaire : \u00e9jection arri\u00e8re, mulching\u2013 Enclenchement des lames : \u00e9lectrique\u2013 Si\u00e8ge Alpina smart avec dossier moyen\u2013 R\u00e9glage du si\u00e8ge par vis\u2013 Phares \u00e0 lumi\u00e8re LED, pare-chocs, embout de nettoyage, essieu avant pivotant\u2013 4 roues anti-scalp\u2013 Syst\u00e8me de s\u00e9curit\u00e9 : si\u00e8ge avec disjoncteur de s\u00e9curit\u00e9 (Safety Contact Breaker)\u2013 Surface de tonte conseill\u00e9e : jusqu\u2019\u00e0 7 000 m\u00b2\u2013 Chargeur de batterie inclus\u2013 Livr\u00e9 sans huile Avantages produit&nbsp;:\u2013 Un tr\u00e8s grand bac de ramassage de 300 L vous permettra de faire moins d\u2019arr\u00eat afin de vider le bac. Sa largeur de travail de 122 cm est une machine rapide et efficace pour entretenir les plus grandes pelouses, m\u00eame les zones d\u2019herbe rugueuses. Vous pourrez tondre des terrains allant jusqu\u2019\u00e0 7 000 m\u00b2.\u2013 Le moteur Briggs &amp; Stratton offre une puissance impressionnante de 11,3 kW. Il allie la technologie OHV \u00e0 un agencement classique de cylindres en V pour garantir un fonctionnement \u00e0 faibles vibrations et des performances de couple \u00e9lev\u00e9es.\u2013 Le syst\u00e8me d\u2019allumage \u00e9lectronique de Briggs signifie que vous pouvez \u00eatre s\u00fbr d\u2019un d\u00e9marrage fiable. Alors que la lubrification \u00e0 pleine pression minimise l\u2019usure des composants et prolonge la dur\u00e9e de vie du moteur.\u2013 Gr\u00e2ce \u00e0 son entra\u00eenement hydrostatique, vous n\u2019avez plus besoin de passer du temps sur des vitesses manuelles difficiles \u00e0 passer. Au lieu de cela, la vitesse est contr\u00f4l\u00e9e via une p\u00e9dale, offrant ainsi un contr\u00f4le et une maniabilit\u00e9 exceptionnels, qui facilite le travail dans des zones complexes et autour des arbres, des ornements et d\u2019autres obstacles typiques du jardin.\u2013 Les roues de pont anti-scalp emp\u00eachent le marquage inesth\u00e9tique du gazon lors des virages sur terrain humide.\u2013 Vous aurez le choix entre 7 hauteurs de coupe pr\u00e9d\u00e9finies ce qui permettra une position de lame adapt\u00e9e \u00e0 pratiquement toutes les longueurs d\u2019herbe.\u2013 Cette cette&nbsp;tondeuse autoport\u00e9e&nbsp;n\u2019oublie pas pour autant le confort de son utilisateur gr\u00e2ce \u00e0 son volant ergonomique \u00e0 Soft Grip et son si\u00e8ge sp\u00e9cialement con\u00e7u pour un maintien essentiel \u00e0 mi-dos.\u2013 La tondeuse est \u00e9galement \u00e9quip\u00e9e d\u2019un tableau de bord \u00e0 huit voyants qui fournit des informations claires sur tous les param\u00e8tres cl\u00e9s.\u2013 Pour vous aider \u00e0 tondre lorsqu\u2019il fait sombre, vous pourrez allumer les phares \u00e0 LED.\u2013 Toujours utiles : un capot redessin\u00e9 qui optimise l\u2019admission d\u2019air du moteur pour des performances sup\u00e9rieures, un pare-chocs avant garantissant une protection importante et un embrayage de prise de force \u00e9lectromagn\u00e9tique pour un engagement sans effort de la lame. Alpina, marque italienne, propose une<\/p>","protected":false},"featured_media":7457,"comment_status":"closed","ping_status":"closed","template":"","meta":{"inline_featured_image":false},"product_brand":[],"product_cat":[56],"product_tag":[],"class_list":{"0":"post-8909","1":"product","2":"type-product","3":"status-publish","4":"has-post-thumbnail","6":"product_cat-tracteur-tondeuse","8":"first","9":"instock","10":"shipping-taxable","11":"purchasable","12":"product-type-simple"},"_links":{"self":[{"href":"https:\/\/feria-verde.com\/es\/wp-json\/wp\/v2\/product\/8909","targetHints":{"allow":["GET"]}}],"collection":[{"href":"https:\/\/feria-verde.com\/es\/wp-json\/wp\/v2\/product"}],"about":[{"href":"https:\/\/feria-verde.com\/es\/wp-json\/wp\/v2\/types\/product"}],"replies":[{"embeddable":true,"href":"https:\/\/feria-verde.com\/es\/wp-json\/wp\/v2\/comments?post=8909"}],"version-history":[{"count":0,"href":"https:\/\/feria-verde.com\/es\/wp-json\/wp\/v2\/product\/8909\/revisions"}],"wp:featuredmedia":[{"embeddable":true,"href":"https:\/\/feria-verde.com\/es\/wp-json\/wp\/v2\/media\/7457"}],"wp:attachment":[{"href":"https:\/\/feria-verde.com\/es\/wp-json\/wp\/v2\/media?parent=8909"}],"wp:term":[{"taxonomy":"product_brand","embeddable":true,"href":"https:\/\/feria-verde.com\/es\/wp-json\/wp\/v2\/product_brand?post=8909"},{"taxonomy":"product_cat","embeddable":true,"href":"https:\/\/feria-verde.com\/es\/wp-json\/wp\/v2\/product_cat?post=8909"},{"taxonomy":"product_tag","embeddable":true,"href":"https:\/\/feria-verde.com\/es\/wp-json\/wp\/v2\/product_tag?post=8909"}],"curies":[{"name":"wp","href":"https:\/\/api.w.org\/{rel}","templated":true}]}}