{"id":8910,"date":"2024-05-31T19:07:01","date_gmt":"2024-05-31T17:07:01","guid":{"rendered":"https:\/\/feria-verde.com\/?post_type=product&#038;p=8910"},"modified":"2024-05-31T19:07:03","modified_gmt":"2024-05-31T17:07:03","slug":"husqvarna-tondeuse-autoportee-husqvarna-r112c-rider-neuf","status":"publish","type":"product","link":"https:\/\/feria-verde.com\/es\/producto\/husqvarna-tondeuse-autoportee-husqvarna-r112c-rider-neuf\/","title":{"rendered":"Husqvarna - Husqvarna R112C Cortac\u00e9sped con conductor - Nuevo"},"content":{"rendered":"<p>Cette coupe-frontale de s\u00e9rie&nbsp;100 est id\u00e9ale pour les jardins de petites et moyennes surfaces. Le train arri\u00e8re articul\u00e9 apporte une man\u0153uvrabilit\u00e9 hors pair&nbsp;; les roues disparaissent sous la machine pour ne laisser qu\u2019un cercle d\u2019herbe non tondue de 65&nbsp;cm. Les commandes sont ergonomiquement dispos\u00e9es \u00e0 port\u00e9e de main. Le carter BioClip de 85&nbsp;cm permet le choix entre l\u2019\u00e9jection arri\u00e8re ou le mulching. Sa bo\u00eete hydrostatique apporte un confort de conduite suppl\u00e9mentaire.<\/p>\n\n\n\n<h3 class=\"wp-block-heading\">CARACT\u00c9RISTIQUES TECHNIQUES&nbsp;TONDEUSE AUTOPORT\u00c9E RIDER R112C HUSQVARNA<\/h3>\n\n\n\n<figure class=\"wp-block-table\"><table><tbody><tr><td>Cylindr\u00e9e<\/td><td><strong>&nbsp;344 cm\u00b3<\/strong><\/td><\/tr><tr><td>Largeur de coupe<\/td><td><strong>&nbsp;85 cm<\/strong><\/td><\/tr><tr><td>Moteur<\/td><td><strong>&nbsp;Briggs &amp; Stratton<\/strong><\/td><\/tr><tr><td>Type de cylindre<\/td><td><strong>Monocylindre<\/strong><\/td><\/tr><tr><td>Puissance<\/td><td><strong>&nbsp;6,4 kW&nbsp; 3000 tr\/min<\/strong><\/td><\/tr><tr><td>Transmission<\/td><td><strong>Hydrostatique<\/strong><\/td><\/tr><tr><td>Hauteur de coupe, mini-maxi<\/td><td><strong>25 \u2013 70 mm<\/strong><\/td><\/tr><tr><td>Nombre de paliers de r\u00e9glage de la hauteur de coupe<\/td><td><strong>6<\/strong><\/td><\/tr><tr><td>Contenance du r\u00e9servoir de carburant<\/td><td><strong>4 l<\/strong><\/td><\/tr><tr><td>Mulching<\/td><td><strong>Oui<\/strong><\/td><\/tr><tr><td>Ejection<\/td><td><strong>Arri\u00e8re<\/strong><\/td><\/tr><tr><td>Peso<\/td><td><strong>190 kg<\/strong><\/td><\/tr><\/tbody><\/table><\/figure>\n\n\n\n<ul class=\"wp-block-list\">\n<li>Cette coupe-frontale de s\u00e9rie 100 est id\u00e9ale pour les jardins de petites et moyennes surfaces.<\/li>\n\n\n\n<li>Le train arri\u00e8re articul\u00e9 apporte une manoeuvrabilit\u00e9 hors pair ; les roues disparaissent sous la machine pour ne laisser qu\u2019un cercle d\u2019herbe non tondue de 65cm.<\/li>\n\n\n\n<li>Les commandes sont ergonomiquement dispos\u00e9es \u00e0 port\u00e9e de main.<\/li>\n\n\n\n<li>Le carter BioClip de 85 cm permet le choix entre l\u2019\u00e9jection arri\u00e8re ou le mulching.<\/li>\n\n\n\n<li>Sa bo\u00eete hydrostatique apporte un confort de conduite suppl\u00e9mentaire.<\/li>\n<\/ul>","protected":false},"excerpt":{"rendered":"<p>Cette coupe-frontale de s\u00e9rie&nbsp;100 est id\u00e9ale pour les jardins de petites et moyennes surfaces. Le train arri\u00e8re articul\u00e9 apporte une man\u0153uvrabilit\u00e9 hors pair&nbsp;; les roues disparaissent sous la machine pour ne laisser qu\u2019un cercle d\u2019herbe non tondue de 65&nbsp;cm. Les commandes sont ergonomiquement dispos\u00e9es \u00e0 port\u00e9e de main. Le carter BioClip de 85&nbsp;cm permet le choix entre l\u2019\u00e9jection arri\u00e8re ou le mulching. Sa bo\u00eete hydrostatique apporte un confort de conduite suppl\u00e9mentaire. CARACT\u00c9RISTIQUES TECHNIQUES&nbsp;TONDEUSE AUTOPORT\u00c9E RIDER R112C HUSQVARNA Cylindr\u00e9e &nbsp;344 cm\u00b3 Largeur de coupe &nbsp;85 cm Moteur &nbsp;Briggs &amp; Stratton Type de cylindre Monocylindre Puissance &nbsp;6,4 kW&nbsp; 3000 tr\/min Transmission Hydrostatique Hauteur de coupe, mini-maxi 25 \u2013 70 mm Nombre de paliers de r\u00e9glage de la hauteur de coupe 6 Contenance du r\u00e9servoir de carburant 4 l Mulching Oui Ejection Arri\u00e8re Poids 190 kg<\/p>","protected":false},"featured_media":7458,"comment_status":"closed","ping_status":"closed","template":"","meta":{"inline_featured_image":false},"product_brand":[],"product_cat":[56],"product_tag":[],"class_list":{"0":"post-8910","1":"product","2":"type-product","3":"status-publish","4":"has-post-thumbnail","6":"product_cat-tracteur-tondeuse","8":"first","9":"instock","10":"shipping-taxable","11":"purchasable","12":"product-type-simple"},"_links":{"self":[{"href":"https:\/\/feria-verde.com\/es\/wp-json\/wp\/v2\/product\/8910","targetHints":{"allow":["GET"]}}],"collection":[{"href":"https:\/\/feria-verde.com\/es\/wp-json\/wp\/v2\/product"}],"about":[{"href":"https:\/\/feria-verde.com\/es\/wp-json\/wp\/v2\/types\/product"}],"replies":[{"embeddable":true,"href":"https:\/\/feria-verde.com\/es\/wp-json\/wp\/v2\/comments?post=8910"}],"version-history":[{"count":0,"href":"https:\/\/feria-verde.com\/es\/wp-json\/wp\/v2\/product\/8910\/revisions"}],"wp:featuredmedia":[{"embeddable":true,"href":"https:\/\/feria-verde.com\/es\/wp-json\/wp\/v2\/media\/7458"}],"wp:attachment":[{"href":"https:\/\/feria-verde.com\/es\/wp-json\/wp\/v2\/media?parent=8910"}],"wp:term":[{"taxonomy":"product_brand","embeddable":true,"href":"https:\/\/feria-verde.com\/es\/wp-json\/wp\/v2\/product_brand?post=8910"},{"taxonomy":"product_cat","embeddable":true,"href":"https:\/\/feria-verde.com\/es\/wp-json\/wp\/v2\/product_cat?post=8910"},{"taxonomy":"product_tag","embeddable":true,"href":"https:\/\/feria-verde.com\/es\/wp-json\/wp\/v2\/product_tag?post=8910"}],"curies":[{"name":"wp","href":"https:\/\/api.w.org\/{rel}","templated":true}]}}