{"id":8911,"date":"2024-05-31T19:07:01","date_gmt":"2024-05-31T17:07:01","guid":{"rendered":"https:\/\/feria-verde.com\/?post_type=product&#038;p=8911"},"modified":"2024-05-31T19:07:03","modified_gmt":"2024-05-31T17:07:03","slug":"mtd-tondeuse-autoportee-mtd-smart-rn-145-a-ramassage-integre-neuf","status":"publish","type":"product","link":"https:\/\/feria-verde.com\/es\/producto\/mtd-tondeuse-autoportee-mtd-smart-rn-145-a-ramassage-integre-neuf\/","title":{"rendered":"MTD - Mtd SMART RN 145 cortac\u00e9sped con conductor con recogedor integrado - Nuevo a estrenar"},"content":{"rendered":"<p>Cette autoport\u00e9e&nbsp;RN 145 MTD Smart&nbsp;de 105 cm de largeur de coupe \u00e0 transmission automatique Transmatic 6 vitesses offre un excellent rapport qualit\u00e9\/prix pour une puissance de 500 cc. Elle est adapt\u00e9e aux grands terrains jusqu\u2019\u00e0 3000 m\u00b2 avec un rendement moyen d\u2019environ 1500 m\u00b2. N\u2019oubliez pas les accessoires en option.<br>Cette&nbsp;tondeuse autoport\u00e9e&nbsp;est id\u00e9ale pour les moyennes et grandes surfaces de tonte. Simple d\u2019utilisation elle ravira son utilisateur.<\/p>\n\n\n\n<h3 class=\"wp-block-heading\">Transmission Transmatic<\/h3>\n\n\n\n<p>Pour changer de vitesse sans avoir ni \u00e0 s\u2019arr\u00eater, ni m\u00eame \u00e0 d\u00e9brayer. S\u00e9lectionnez une vitesse, l\u00e2chez la p\u00e9dale et l\u2019autoport\u00e9e avance toute seule.<\/p>\n\n\n\n<h3 class=\"wp-block-heading\">P\u00e9dale de frein de parking \u00e0 gauche<\/h3>\n\n\n\n<h3 class=\"wp-block-heading\">Ajustement de la hauteur de coupe<\/h3>\n\n\n\n<p>Ajustez la hauteur de coupe et embrayez les lames tr\u00e8s simplement depuis votre si\u00e8ge conducteur. Vous avez le choix entre 5 hauteurs de coupe pour une pr\u00e9cision de coupe et un r\u00e9sultat correspondant \u00e0 vos attentes.<\/p>\n\n\n\n<h3 class=\"wp-block-heading\">Si\u00e8ge confortable<\/h3>\n\n\n\n<p>Pour un confort optimal, le si\u00e8ge avec suspensions est r\u00e9glable et s\u2019adapte ainsi \u00e0 chaque utilisateur.<\/p>\n\n\n\n<h3 class=\"wp-block-heading\">Phares<\/h3>\n\n\n\n<p>Pour une meilleure visibilit\u00e9 m\u00eame en cas de faible luminosit\u00e9. Tondez en toute s\u00e9curit\u00e9 !<\/p>\n\n\n\n<h3 class=\"wp-block-heading\">Rayon de braquage court de 46 cm<\/h3>\n\n\n\n<p>Pour une maniabilit\u00e9 extr\u00eame.&nbsp;Tr\u00e8s pratique pour contourner tous les obstacles souhait\u00e9s, comme votre parterre&nbsp;de plantes.<\/p>\n\n\n\n<h3 class=\"wp-block-heading\">Syst\u00e8me FAST ATTACH pour ajouter des accessoires<\/h3>\n\n\n\n<p>Gr\u00e2ce \u00e0 ce syst\u00e8me, vous pouvez facilement ajouter des accessoires en option. La lame bull vous permet par exemple de&nbsp;convertir votre autoport\u00e9e pour une utilisation m\u00eame en hiver.<\/p>\n\n\n\n<p>Avantages produit&nbsp;:<br>\u2013 Equip\u00e9e d\u2019un moteur Briggs&amp;Stratton PB 4145 Series de 500 cc : moteur 4 temps monocylindre \u00e0 soupapes en t\u00eate. R\u00e9duit les \u00e9missions sonores et polluantes. Plus faible consommation de carburant comparativement aux moteurs ordinaires \u00e0 soupapes lat\u00e9rales.<br>\u2013 Transmission Transmatic exclusive MTD : Il s\u2019agit d\u2019une boite automatique \u00e0 commande de s\u00e9lection des vitesses par d\u00e9placement de levier avec r\u00e9gulateur au pied. Vous n\u2019avez pas besoin de vous arr\u00eater pour changer de vitesse.<br>\u2013 Syst\u00e8me de coupe constitu\u00e9 d\u2019un carter flottant sur roue performant : il suit les irr\u00e9gularit\u00e9s du terrain pour \u00e9viter les coupes d\u2019herbe trop courtes.<br>\u2013 Attelage arri\u00e8re inclus, vous pourrez adapter tous les accessoires (remorques, ..) que nous vous proposons.<br>Caract\u00e9ristiques techniques&nbsp;:<br>\u2013 Moteur Briggs&amp;Stratton PB 4145 series soupapes en t\u00eate de 500 cc \u2013 monocylindre.<br>\u2013 Puissance moteur : 8,9 Kw\/2600 min-1<br>\u2013 Transmission automatique Transmatic \u00e0 6 vitesses avant et arri\u00e8re exclusive MTD.<br>\u2013 Direction d\u00e9multipli\u00e9e.<br>D\u00e9marrage \u00e9lectrique.<br>\u2013 Si\u00e8ge moyen.<br>\u2013 Ch\u00e2ssis poutre \u00e0 plate-forme d\u00e9gag\u00e9e.<br>\u2013 Largeur de coupe : 105 cm.<br>\u2013 Hauteur de coupe :38-95mm.<br>\u2013 Carter de coupe flottant 2 lames contre-rotatives.<br>\u2013 2 roues anti-scalping.<br>\u2013 Embrayage des lames ind\u00e9pendant.<br>\u2013 R\u00e9glage centralis\u00e9 de la hauteur de coupe par levier 5 hauteurs.<br>\u2013 Bac de 240 L.<br>\u2013 Rayon de braquage : 46 cm.<br>\u2013 Capot avec phare.<br>\u2013 Train avant pivotant en fonte.<br>\u2013 Capot avec phare.<br>\u2013 Attelage arri\u00e8re inclus.<br>\u2013 R\u00e9servoir carburant de 3,8 L.<br>\u2013 Dimensions totales : L 225 x l 110 x h 103.<br>Diam\u00e8tre des roues : avant 15\u00d76\u2033\/arri\u00e8res 18\u2033x9.5\u2033.<br>\u2013 Obturateur mulching, d\u00e9flecteur et pare-chocs non inclus.<br>\u2013 Chargeur de batterie non inclus.<br>Caract\u00e9ristiques moteur&nbsp;:<br>\u2013 500 cc.<br>\u2013 Forte cylindr\u00e9e pour toutes conditions de tonte.<br>\u2013 Couple moteur important \u00e0 bas r\u00e9gime.<br>\u2013 Chemise fonte.<br>\u2013 Filtre \u00e0 air papier type automobile.<br>\u2013 Moins de vibrations, moteur plus silencieux.<br>Pour une meilleure facilit\u00e9 d\u2019utilisation, vous avez la descente et la mont\u00e9e assist\u00e9es du plateau par c\u00e2bles et ressorts.<br>Le ch\u00e2ssis poutre \u00e0 plate-forme d\u00e9gag\u00e9e est d\u2019une grande robustesse, il offre un acc\u00e8s facile au poste de conduite et est peu encombrant.<br>La vidange du bac de grande capacit\u00e9 (240 L) se fait depuis le poste de conduite.<\/p>","protected":false},"excerpt":{"rendered":"<p>Cette autoport\u00e9e&nbsp;RN 145 MTD Smart&nbsp;de 105 cm de largeur de coupe \u00e0 transmission automatique Transmatic 6 vitesses offre un excellent rapport qualit\u00e9\/prix pour une puissance de 500 cc. Elle est adapt\u00e9e aux grands terrains jusqu\u2019\u00e0 3000 m\u00b2 avec un rendement moyen d\u2019environ 1500 m\u00b2. N\u2019oubliez pas les accessoires en option.Cette&nbsp;tondeuse autoport\u00e9e&nbsp;est id\u00e9ale pour les moyennes et grandes surfaces de tonte. Simple d\u2019utilisation elle ravira son utilisateur. Transmission Transmatic Pour changer de vitesse sans avoir ni \u00e0 s\u2019arr\u00eater, ni m\u00eame \u00e0 d\u00e9brayer. S\u00e9lectionnez une vitesse, l\u00e2chez la p\u00e9dale et l\u2019autoport\u00e9e avance toute seule. P\u00e9dale de frein de parking \u00e0 gauche Ajustement de la hauteur de coupe Ajustez la hauteur de coupe et embrayez les lames tr\u00e8s simplement depuis votre si\u00e8ge conducteur. Vous avez le choix entre 5 hauteurs de coupe pour une pr\u00e9cision de coupe et un r\u00e9sultat correspondant \u00e0 vos attentes. Si\u00e8ge confortable Pour un confort optimal, le si\u00e8ge avec suspensions est r\u00e9glable et s\u2019adapte ainsi \u00e0 chaque utilisateur. Phares Pour une meilleure visibilit\u00e9 m\u00eame en cas de faible luminosit\u00e9. Tondez en toute s\u00e9curit\u00e9 ! Rayon de braquage court de 46 cm Pour une maniabilit\u00e9 extr\u00eame.&nbsp;Tr\u00e8s pratique pour contourner tous les obstacles souhait\u00e9s, comme votre parterre&nbsp;de plantes. Syst\u00e8me FAST ATTACH pour ajouter des accessoires Gr\u00e2ce \u00e0 ce syst\u00e8me, vous pouvez facilement ajouter des accessoires en option. La lame bull vous permet par exemple de&nbsp;convertir votre autoport\u00e9e pour une utilisation m\u00eame en hiver. Avantages produit&nbsp;:\u2013 Equip\u00e9e d\u2019un moteur Briggs&amp;Stratton PB 4145 Series de 500 cc : moteur 4 temps monocylindre \u00e0 soupapes en t\u00eate. R\u00e9duit les \u00e9missions sonores et polluantes. Plus faible consommation de carburant comparativement aux moteurs ordinaires \u00e0 soupapes lat\u00e9rales.\u2013 Transmission Transmatic exclusive MTD : Il s\u2019agit d\u2019une boite automatique \u00e0 commande de s\u00e9lection des vitesses par d\u00e9placement de levier avec r\u00e9gulateur au pied. Vous n\u2019avez pas besoin de vous arr\u00eater pour changer de vitesse.\u2013 Syst\u00e8me de coupe constitu\u00e9 d\u2019un carter flottant sur roue performant : il suit les irr\u00e9gularit\u00e9s du terrain pour \u00e9viter les coupes d\u2019herbe trop courtes.\u2013 Attelage arri\u00e8re inclus, vous pourrez adapter tous les accessoires (remorques, ..) que nous vous proposons.Caract\u00e9ristiques techniques&nbsp;:\u2013 Moteur Briggs&amp;Stratton PB 4145 series soupapes en t\u00eate de 500 cc \u2013 monocylindre.\u2013 Puissance moteur : 8,9 Kw\/2600 min-1\u2013 Transmission automatique Transmatic \u00e0 6 vitesses avant et arri\u00e8re exclusive MTD.\u2013 Direction d\u00e9multipli\u00e9e.D\u00e9marrage \u00e9lectrique.\u2013 Si\u00e8ge moyen.\u2013 Ch\u00e2ssis poutre \u00e0 plate-forme d\u00e9gag\u00e9e.\u2013 Largeur de coupe : 105 cm.\u2013 Hauteur de coupe :38-95mm.\u2013 Carter de coupe flottant 2 lames contre-rotatives.\u2013 2 roues anti-scalping.\u2013 Embrayage des lames ind\u00e9pendant.\u2013 R\u00e9glage centralis\u00e9 de la hauteur de coupe par levier 5 hauteurs.\u2013 Bac de 240 L.\u2013 Rayon de braquage : 46 cm.\u2013 Capot avec phare.\u2013 Train avant pivotant en fonte.\u2013 Capot avec phare.\u2013 Attelage arri\u00e8re inclus.\u2013 R\u00e9servoir carburant de 3,8 L.\u2013 Dimensions totales : L 225 x l 110 x h 103.Diam\u00e8tre des roues : avant 15\u00d76\u2033\/arri\u00e8res 18\u2033x9.5\u2033.\u2013 Obturateur mulching, d\u00e9flecteur et pare-chocs non inclus.\u2013 Chargeur de batterie non inclus.Caract\u00e9ristiques moteur&nbsp;:\u2013 500 cc.\u2013 Forte cylindr\u00e9e pour toutes conditions de tonte.\u2013 Couple moteur important \u00e0 bas r\u00e9gime.\u2013 Chemise fonte.\u2013 Filtre \u00e0 air papier type automobile.\u2013 Moins de vibrations, moteur plus silencieux.Pour une meilleure facilit\u00e9 d\u2019utilisation, vous avez la descente et la mont\u00e9e assist\u00e9es du plateau par c\u00e2bles et ressorts.Le ch\u00e2ssis poutre \u00e0 plate-forme d\u00e9gag\u00e9e est d\u2019une grande robustesse, il offre un acc\u00e8s facile au poste de conduite et est peu encombrant.La vidange du bac de grande capacit\u00e9 (240 L) se fait depuis le poste de conduite.<\/p>","protected":false},"featured_media":7459,"comment_status":"closed","ping_status":"closed","template":"","meta":{"inline_featured_image":false},"product_brand":[],"product_cat":[56],"product_tag":[],"class_list":{"0":"post-8911","1":"product","2":"type-product","3":"status-publish","4":"has-post-thumbnail","6":"product_cat-tracteur-tondeuse","8":"first","9":"instock","10":"sale","11":"shipping-taxable","12":"purchasable","13":"product-type-simple"},"_links":{"self":[{"href":"https:\/\/feria-verde.com\/es\/wp-json\/wp\/v2\/product\/8911","targetHints":{"allow":["GET"]}}],"collection":[{"href":"https:\/\/feria-verde.com\/es\/wp-json\/wp\/v2\/product"}],"about":[{"href":"https:\/\/feria-verde.com\/es\/wp-json\/wp\/v2\/types\/product"}],"replies":[{"embeddable":true,"href":"https:\/\/feria-verde.com\/es\/wp-json\/wp\/v2\/comments?post=8911"}],"version-history":[{"count":0,"href":"https:\/\/feria-verde.com\/es\/wp-json\/wp\/v2\/product\/8911\/revisions"}],"wp:featuredmedia":[{"embeddable":true,"href":"https:\/\/feria-verde.com\/es\/wp-json\/wp\/v2\/media\/7459"}],"wp:attachment":[{"href":"https:\/\/feria-verde.com\/es\/wp-json\/wp\/v2\/media?parent=8911"}],"wp:term":[{"taxonomy":"product_brand","embeddable":true,"href":"https:\/\/feria-verde.com\/es\/wp-json\/wp\/v2\/product_brand?post=8911"},{"taxonomy":"product_cat","embeddable":true,"href":"https:\/\/feria-verde.com\/es\/wp-json\/wp\/v2\/product_cat?post=8911"},{"taxonomy":"product_tag","embeddable":true,"href":"https:\/\/feria-verde.com\/es\/wp-json\/wp\/v2\/product_tag?post=8911"}],"curies":[{"name":"wp","href":"https:\/\/api.w.org\/{rel}","templated":true}]}}