{"id":8913,"date":"2024-05-31T19:07:01","date_gmt":"2024-05-31T17:07:01","guid":{"rendered":"https:\/\/feria-verde.com\/?post_type=product&#038;p=8913"},"modified":"2024-05-31T19:07:04","modified_gmt":"2024-05-31T17:07:04","slug":"abri-de-jardin-metal-8-67m%c2%b2-prix-dusine","status":"publish","type":"product","link":"https:\/\/feria-verde.com\/es\/producto\/abri-de-jardin-metal-8-67m%c2%b2-prix-dusine\/","title":{"rendered":"Cobertizo met\u00e1lico de jard\u00edn 8,67m\u00b2 - Precio de f\u00e1brica"},"content":{"rendered":"<p>Cet&nbsp;<strong>abri de jardin en m\u00e9tal de&nbsp;<\/strong><strong>8.67m\u00b2&nbsp;<\/strong>de surface hors tout vous est livr\u00e9 avec son kit d&rsquo;ancrage pour sol dur inclus !<\/p>\n\n\n\n<p>Id\u00e9al pour y ranger vos\u00a0outils de jardin\u00a0gr\u00e2ce \u00e0 sa\u00a0<strong>double porte coulissante verrouillable<\/strong>, cet abri est robuste gr\u00e2ce au\u00a0<strong>traitement anti-corrosion<\/strong>\u00a0qui lui est appliqu\u00e9 lors de sa fabrication.<\/p>\n\n\n\n<p>Sa couleur&nbsp;<strong>G<\/strong><strong>ris Anthracite (RAL 7016)&nbsp;<\/strong>lui apporte une superbe esth\u00e9tique.<\/p>\n\n\n\n<p>En&nbsp;<strong>4 grilles d&rsquo;a\u00e9ration int\u00e9gr\u00e9es<\/strong>&nbsp;sur les faces avant et arri\u00e8re de l&rsquo;abri permettent d&rsquo;y faire circuler l&rsquo;air facilement.&nbsp;<\/p>\n\n\n\n<p>Voici ses caract\u00e9ristiques :<\/p>\n\n\n\n<ul class=\"wp-block-list\">\n<li>Dimensions hors tout : 340 x 255 x 210 cm<\/li>\n\n\n\n<li>Dimensions int\u00e9rieures au sol : 327 x 242 cm,&nbsp;<strong>soit une surface utile de 7.91m\u00b2&nbsp;<\/strong><\/li>\n\n\n\n<li>Dimensions ext\u00e9rieures au sol : 330 x 245 cm,&nbsp;<strong>soit une surface au sol de 8.09m\u00b2&nbsp;<\/strong><\/li>\n\n\n\n<li>Double porte coulissante : L. 138 cm x H. 162 cm<\/li>\n\n\n\n<li>Charpente : t\u00f4le 60\/100<\/li>\n\n\n\n<li>Structure : t\u00f4le 25\/100<\/li>\n\n\n\n<li>Trait\u00e9 anti corrosion<\/li>\n\n\n\n<li>Nombre de grilles d&rsquo;a\u00e9ration : 4<\/li>\n\n\n\n<li><strong>Kit d&rsquo;ancrage pour sol b\u00e9ton offert<\/strong><\/li>\n\n\n\n<li>Fermeture possible avec un cadenas non fourni<\/li>\n\n\n\n<li>Couleur : Gris Anthracite (RAL 7016)<\/li>\n<\/ul>","protected":false},"excerpt":{"rendered":"<p>Cet&nbsp;abri de jardin en m\u00e9tal de&nbsp;8.67m\u00b2&nbsp;de surface hors tout vous est livr\u00e9 avec son kit d&rsquo;ancrage pour sol dur inclus ! Id\u00e9al pour y ranger vos\u00a0outils de jardin\u00a0gr\u00e2ce \u00e0 sa\u00a0double porte coulissante verrouillable, cet abri est robuste gr\u00e2ce au\u00a0traitement anti-corrosion\u00a0qui lui est appliqu\u00e9 lors de sa fabrication. Sa couleur&nbsp;Gris Anthracite (RAL 7016)&nbsp;lui apporte une superbe esth\u00e9tique. Les&nbsp;4 grilles d&rsquo;a\u00e9ration int\u00e9gr\u00e9es&nbsp;sur les faces avant et arri\u00e8re de l&rsquo;abri permettent d&rsquo;y faire circuler l&rsquo;air facilement.&nbsp; Voici ses caract\u00e9ristiques :<\/p>","protected":false},"featured_media":7482,"comment_status":"closed","ping_status":"closed","template":"","meta":{"inline_featured_image":false},"product_brand":[],"product_cat":[57],"product_tag":[],"class_list":{"0":"post-8913","1":"product","2":"type-product","3":"status-publish","4":"has-post-thumbnail","6":"product_cat-abris-de-jardin","8":"first","9":"instock","10":"sale","11":"shipping-taxable","12":"purchasable","13":"product-type-simple"},"_links":{"self":[{"href":"https:\/\/feria-verde.com\/es\/wp-json\/wp\/v2\/product\/8913","targetHints":{"allow":["GET"]}}],"collection":[{"href":"https:\/\/feria-verde.com\/es\/wp-json\/wp\/v2\/product"}],"about":[{"href":"https:\/\/feria-verde.com\/es\/wp-json\/wp\/v2\/types\/product"}],"replies":[{"embeddable":true,"href":"https:\/\/feria-verde.com\/es\/wp-json\/wp\/v2\/comments?post=8913"}],"version-history":[{"count":0,"href":"https:\/\/feria-verde.com\/es\/wp-json\/wp\/v2\/product\/8913\/revisions"}],"wp:featuredmedia":[{"embeddable":true,"href":"https:\/\/feria-verde.com\/es\/wp-json\/wp\/v2\/media\/7482"}],"wp:attachment":[{"href":"https:\/\/feria-verde.com\/es\/wp-json\/wp\/v2\/media?parent=8913"}],"wp:term":[{"taxonomy":"product_brand","embeddable":true,"href":"https:\/\/feria-verde.com\/es\/wp-json\/wp\/v2\/product_brand?post=8913"},{"taxonomy":"product_cat","embeddable":true,"href":"https:\/\/feria-verde.com\/es\/wp-json\/wp\/v2\/product_cat?post=8913"},{"taxonomy":"product_tag","embeddable":true,"href":"https:\/\/feria-verde.com\/es\/wp-json\/wp\/v2\/product_tag?post=8913"}],"curies":[{"name":"wp","href":"https:\/\/api.w.org\/{rel}","templated":true}]}}