{"id":8914,"date":"2024-05-31T19:07:05","date_gmt":"2024-05-31T17:07:05","guid":{"rendered":"https:\/\/feria-verde.com\/?post_type=product&#038;p=8914"},"modified":"2024-05-31T19:07:07","modified_gmt":"2024-05-31T17:07:07","slug":"abri-de-jardin-en-metal-gris-257x205x177cm","status":"publish","type":"product","link":"https:\/\/feria-verde.com\/es\/producto\/abri-de-jardin-en-metal-gris-257x205x177cm\/","title":{"rendered":"Caseta de jard\u00edn de metal gris 257x205x177cm"},"content":{"rendered":"<p>Guarde sus herramientas de forma segura en esta caseta de jard\u00edn. Visite\u00a0<strong>marco de suelo galvanizado<\/strong>\u00a0permite instalar un suelo de madera. La caseta de jard\u00edn ofrece un amplio espacio para guardar sus bicicletas, herramientas y otros accesorios de jardiner\u00eda. Tambi\u00e9n dispone de\u00a0<strong>una puerta corredera doble, 4 ranuras de ventilaci\u00f3n en la parte superior\u00a0<\/strong>(2x delanteros y 2x traseros) as\u00ed como un\u00a0<strong>barra de umbral<\/strong>.<\/p>\n\n\n\n<p>Adem\u00e1s, las esquinas de su techo met\u00e1lico est\u00e1n provistas de un&nbsp;<strong>protecci\u00f3n<\/strong>.<\/p>\n\n\n\n<p>Gracias a&nbsp;<strong>4 ganchos adicionales<\/strong>Puedes colgar herramientas de jard\u00edn como palas, rastrillos o tijeras de podar de hasta 15 kg de peso.<\/p>\n\n\n\n<p><strong>Ventajas del producto :<\/strong><\/p>\n\n\n\n<ul class=\"wp-block-list\">\n<li>Chapa de acero galvanizado<\/li>\n\n\n\n<li>Barra de umbral incluida<\/li>\n\n\n\n<li><strong>5 m\u00b2 de superficie<\/strong><\/li>\n\n\n\n<li><strong>Volumen de 8,38 m\u00b3<\/strong><\/li>\n\n\n\n<li>Esquinas protectoras del techo<\/li>\n\n\n\n<li>4 ranuras de ventilaci\u00f3n en la parte superior (2 en la parte delantera y 2 en la trasera)<\/li>\n\n\n\n<li>Bastidor de suelo galvanizado<\/li>\n<\/ul>\n\n\n\n<p><strong>Especificaciones t\u00e9cnicas :<\/strong><\/p>\n\n\n\n<ul class=\"wp-block-list\">\n<li>Cubierta met\u00e1lica de perfil cuadrado<\/li>\n\n\n\n<li>Superficie del suelo (ancho x fondo): 250 cm x 200 cm<\/li>\n\n\n\n<li>Dimensiones totales con techo (AnxPrxAl): 257 cm x 205 cm x 177,5 cm<\/li>\n\n\n\n<li>Altura hasta el canal\u00f3n: 157,5 cm<\/li>\n\n\n\n<li>Altura del techo: 177,5 cm<\/li>\n\n\n\n<li>Dimensiones del techo (ancho x fondo): 257 cm x 205 cm<\/li>\n\n\n\n<li>Color: antracita<\/li>\n\n\n\n<li>Monta t\u00fa mismo<\/li>\n<\/ul>\n\n\n\n<p><strong>Volumen de suministro :<\/strong><\/p>\n\n\n\n<ul class=\"wp-block-list\">\n<li>1x caseta de jard\u00edn<\/li>\n\n\n\n<li>Material de montaje<\/li>\n\n\n\n<li>2 dispositivos, cada uno con 2 ganchos para un peso m\u00e1ximo de 15 kg<\/li>\n<\/ul>\n\n\n\n<p><strong>Nota:<\/strong><\/p>\n\n\n\n<ul class=\"wp-block-list\">\n<li>Entrega en 3 paquetes<\/li>\n<\/ul>\n\n\n\n<p>Relacionado con \" Caseta de jard\u00edn de metal gris 257x205x177,5cm \"<\/p>","protected":false},"excerpt":{"rendered":"<p>Rangez vos outils en toute s\u00e9curit\u00e9 dans cet abri de jardin. Le\u00a0cadre au sol galvanis\u00e9\u00a0permet de monter un sol en bois. L&rsquo;abri de jardin offre un large espace pour ranger vos v\u00e9los, outils et autres accessoires de jardinage. Il dispose \u00e9galement\u00a0d&rsquo;une double porte coulissante, de 4 ouvertures de ventilation sur la partie sup\u00e9rieure\u00a0(2x \u00e0 l&rsquo;avant et 2x \u00e0 l&rsquo;arri\u00e8re) ainsi que d&rsquo;une\u00a0barre de seuil. Par ailleurs, les coins de son toit en m\u00e9tal sont pourvus d&rsquo;une&nbsp;protection. Gr\u00e2ce aux&nbsp;4 crochets suppl\u00e9mentaires, vous pouvez suspendre vos outils de jardin tels que des pelles, r\u00e2teaux ou encore s\u00e9cateurs ayant un poids max. de 15 kg. Avantages du produit : Caract\u00e9ristiques techniques : Contenu de la livraison : Remarque : En relation avec \u00ab\u00a0Abri de jardin en m\u00e9tal gris 257x205x177,5cm\u00a0\u00bb<\/p>","protected":false},"featured_media":7492,"comment_status":"closed","ping_status":"closed","template":"","meta":{"inline_featured_image":false},"product_brand":[],"product_cat":[57,44],"product_tag":[],"class_list":{"0":"post-8914","1":"product","2":"type-product","3":"status-publish","4":"has-post-thumbnail","6":"product_cat-abris-de-jardin","7":"product_cat-meilleures-ventes","9":"first","10":"instock","11":"sale","12":"shipping-taxable","13":"purchasable","14":"product-type-simple"},"_links":{"self":[{"href":"https:\/\/feria-verde.com\/es\/wp-json\/wp\/v2\/product\/8914","targetHints":{"allow":["GET"]}}],"collection":[{"href":"https:\/\/feria-verde.com\/es\/wp-json\/wp\/v2\/product"}],"about":[{"href":"https:\/\/feria-verde.com\/es\/wp-json\/wp\/v2\/types\/product"}],"replies":[{"embeddable":true,"href":"https:\/\/feria-verde.com\/es\/wp-json\/wp\/v2\/comments?post=8914"}],"version-history":[{"count":0,"href":"https:\/\/feria-verde.com\/es\/wp-json\/wp\/v2\/product\/8914\/revisions"}],"wp:featuredmedia":[{"embeddable":true,"href":"https:\/\/feria-verde.com\/es\/wp-json\/wp\/v2\/media\/7492"}],"wp:attachment":[{"href":"https:\/\/feria-verde.com\/es\/wp-json\/wp\/v2\/media?parent=8914"}],"wp:term":[{"taxonomy":"product_brand","embeddable":true,"href":"https:\/\/feria-verde.com\/es\/wp-json\/wp\/v2\/product_brand?post=8914"},{"taxonomy":"product_cat","embeddable":true,"href":"https:\/\/feria-verde.com\/es\/wp-json\/wp\/v2\/product_cat?post=8914"},{"taxonomy":"product_tag","embeddable":true,"href":"https:\/\/feria-verde.com\/es\/wp-json\/wp\/v2\/product_tag?post=8914"}],"curies":[{"name":"wp","href":"https:\/\/api.w.org\/{rel}","templated":true}]}}