{"id":8915,"date":"2024-05-31T19:07:05","date_gmt":"2024-05-31T17:07:05","guid":{"rendered":"https:\/\/feria-verde.com\/?post_type=product&#038;p=8915"},"modified":"2024-05-31T19:07:07","modified_gmt":"2024-05-31T17:07:07","slug":"abri-de-jardin-en-acier-galvanise-gris-125-m%c2%b2-prix-dusines","status":"publish","type":"product","link":"https:\/\/feria-verde.com\/es\/producto\/abri-de-jardin-en-acier-galvanise-gris-125-m%c2%b2-prix-dusines\/","title":{"rendered":"Caseta de jard\u00edn de acero galvanizado gris 12,5 m\u00b2 - Precios de f\u00e1brica"},"content":{"rendered":"<p>Sus herramientas y equipos de jardiner\u00eda se merecen un cobertizo digno de ese nombre. \u00a1Elija una caseta de jard\u00edn de acero!<\/p>\n\n\n\n<p><img decoding=\"async\" alt=\"Acier\" src=\"https:\/\/cdn1.vente-unique.com\/thumbnails\/attribute_value_picto\/683\/default\/xs\/attribute_value_picto_20220928164731035.png\"><\/p>\n\n\n\n<p>Acero<\/p>\n\n\n\n<p>Opte por una caseta de jard\u00edn para albergar su huerto.\u00a0<strong>guardabosques\u00a0<\/strong>y\u00a0<strong>proteger\u00a0<\/strong>sus equipos y herramientas. Con el<strong>\u00a0tres tama\u00f1os disponibles<\/strong>\u00a0encontrar\u00e1s el m\u00e1s adecuado para ti.<br>En<strong>\u00a0puertas correderas<\/strong>\u00a0dentro del refugio hacen que ocupe menos espacio. Con sus rejillas de ventilaci\u00f3n, tu equipo permanecer\u00e1 seco todo el a\u00f1o y el aire se renovar\u00e1.\u00a0<\/p>\n\n\n\n<p><strong>Caracter\u00edsticas detalladas :<\/strong><br><strong>- 5,2 m\u00b2<\/strong><br>Dimensiones totales: ancho 257 x fondo 205 x alto 202 cm&nbsp;<br>Dimensiones del suelo: A248 x P194 cm<br>Puerta: ancho 93 x alto 164 cm<\/p>\n\n\n\n<p><strong>- 6,6 m\u00b2<\/strong><br>Dimensiones totales: ancho 259 x fondo 257 x alto 202 cm&nbsp;<br>Dimensiones del suelo: A248 x P248 cm<br>Puerta: ancho 94 x alto 168 cm<\/p>\n\n\n\n<p><strong>- 12,5 m\u00b2&nbsp;<\/strong><br>Dimensiones totales: A323 x P388 x Alt202 cm&nbsp;<br>Dimensiones del suelo: A312 x P377 cm&nbsp;<br>Puerta: ancho 94 x alto 168 cm<\/p>\n\n\n\n<p><strong>Espesor del acero :<\/strong>&nbsp;0,25 mm<br><strong>Material :<\/strong>&nbsp;Acero galvanizado<br><strong>Doble puerta corredera<\/strong><br><strong>Rejillas de ventilaci\u00f3n&nbsp;<\/strong>en el panel frontal<\/p>\n\n\n\n<p><strong>Ventajas del producto :<\/strong><br><strong>Superficie :<\/strong>&nbsp;una amplia gama de opciones de almacenamiento para su equipo, bicicletas y herramientas<br><strong>Equipamiento:<\/strong>&nbsp;rejillas de ventilaci\u00f3n, doble puerta corredera<br><strong>Material :<\/strong>&nbsp;Acero galvanizado: robusto, econ\u00f3mico y f\u00e1cil de mantener<br><strong>Entrevista:&nbsp;<\/strong>Limpieza por chorro de agua<br><strong>Entrega :<\/strong>&nbsp;por transportista<br><strong>Legislaci\u00f3n :&nbsp;<\/strong>Refugio &lt;20m\u00b2. Basta con una declaraci\u00f3n previa de obras<\/p>\n\n\n\n<p><strong>2 a\u00f1os de garant\u00eda de las piezas<\/strong><br>Sin embargo, esta garant\u00eda s\u00f3lo cubre el producto y no la mano de obra. El desmontaje y la reinstalaci\u00f3n quedan excluidos de nuestra garant\u00eda. No obstante, los productos en cuesti\u00f3n no deben haber sufrido ninguna transformaci\u00f3n, perforaci\u00f3n, mecanizado, corte o entalladura, ni haber sido sometidos a ning\u00fan esfuerzo mec\u00e1nico.<\/p>\n\n\n\n<p><strong>El plazo de entrega se confirmar\u00e1 en la cesta.<\/strong><\/p>\n\n\n\n<h3 class=\"wp-block-heading\">Caracter\u00edsticas especiales<\/h3>\n\n\n\n<p><strong>Acero&nbsp;<\/strong>Este material ofrece&nbsp;<strong>robustez&nbsp;<\/strong>y&nbsp;<strong>longevidad<\/strong>. Extremadamente&nbsp;<strong>s\u00f3lido&nbsp;<\/strong>y<strong>&nbsp;resistente a los golpes<\/strong>Con el tiempo conservar\u00e1 su aspecto original. Muy utilizado en la fabricaci\u00f3n de muebles modernos, el acero puede trabajarse de diversas maneras.&nbsp;<strong>Pulido<\/strong>traer\u00e1 un&nbsp;<strong>aspecto m\u00e1s suave y mate&nbsp;<\/strong>a tu decoraci\u00f3n.&nbsp;<strong>Cepillado<\/strong>dar\u00e1 un&nbsp;<strong>un toque de dise\u00f1o y elegancia<\/strong>&nbsp;a sus muebles.&nbsp;<strong>Acero inoxidable<\/strong>traer\u00e1 mayores&nbsp;<strong>longevidad&nbsp;<\/strong>a sus objetos.<\/p>\n\n\n\n<h3 class=\"wp-block-heading\">Dimensiones y embalajes<\/h3>\n\n\n\n<p>Caba\u00f1a de jard\u00edn :<\/p>\n\n\n\n<figure class=\"wp-block-table\"><table><thead><tr><th>Dimensiones<\/th><th>Longitud<\/th><th>Anchura<\/th><th>Altura<\/th><th>Peso<\/th><\/tr><\/thead><tbody><tr><td>Producto<\/td><td>323 cm<\/td><td>388 cm<\/td><td>202 cm<\/td><td>135 kg<\/td><\/tr><tr><td colspan=\"5\"><\/td><\/tr><tr><td>Paquete 1<\/td><td>175 cm<\/td><td>57 cm<\/td><td>11 cm<\/td><td>35 kg<\/td><\/tr><tr><td>Paquete n\u00ba 2<\/td><td>175 cm<\/td><td>50 cm<\/td><td>7 cm<\/td><td>35 kg<\/td><\/tr><tr><td>Paquete 3<\/td><td>172 cm<\/td><td>50 cm<\/td><td>7 cm<\/td><td>34 kg<\/td><\/tr><tr><td>Paquete n\u00ba 4<\/td><td>202 cm<\/td><td>20 cm<\/td><td>18 cm<\/td><td>31 kg<\/td><\/tr><\/tbody><\/table><\/figure>","protected":false},"excerpt":{"rendered":"<p>Vos outils de jardinage et votre mat\u00e9riel m\u00e9ritent un abri digne de ce nom ! Optez pour l&rsquo;abri de jardin en acier ! Acier Optez pour un abri de jardin pour venir y\u00a0ranger\u00a0et\u00a0prot\u00e9ger\u00a0vos \u00e9quipements et outils. Avec les\u00a0trois tailles disponibles\u00a0vous trouverez celle qui correspond \u00e0 votre besoin.Les\u00a0portes coulissantes\u00a0\u00e0 l&rsquo;int\u00e9rieur de l&rsquo;abri permettent de limiter la place occup\u00e9e. Avec ses\u00a0grilles d&rsquo;a\u00e9ration, votre mat\u00e9riel restera au sec tout au long de l&rsquo;ann\u00e9e et l&rsquo;air y sera renouvel\u00e9.\u00a0 Caract\u00e9ristiques d\u00e9taill\u00e9es :&#8211; 5,2 m\u00b2Dimensions hors tout : L257 x P205 x H202 cm&nbsp;Dimensions au sol : L248 x P194 cmPorte : L93 x H164 cm &#8211; 6,6 m\u00b2Dimensions hors tout : L259 x P257 x H202 cm&nbsp;Dimensions au sol : L248 x P248 cmPorte : L94 x H168 cm &#8211; 12,5 m\u00b2&nbsp;Dimensions hors tout : L323 x P388 x H202 cm&nbsp;Dimensions au sol : L312 x P377 cm&nbsp;Porte : L94 x H168 cm Epaisseur de l&rsquo;acier :&nbsp;0.25 mmMati\u00e8re :&nbsp;Acier galvanis\u00e9Double porte coulissanteGrilles d&rsquo;a\u00e9ration&nbsp;sur la face avant Avantages produit :Superficie :&nbsp;un large choix pour ranger votre mat\u00e9riel, vos v\u00e9los, vos outilsEquipements :&nbsp;grilles d&rsquo;a\u00e9ration, porte double coulissanteMati\u00e8re :&nbsp;Acier galvanis\u00e9&nbsp;: robuste, \u00e9conomique, facile \u00e0 entretenirEntretien :&nbsp;Nettoyage au jet d\u2019eauLivraison :&nbsp;par transporteurL\u00e9gislation :&nbsp;abri &lt;20m\u00b2. Une d\u00e9claration pr\u00e9alable de travaux suffit Garantie pi\u00e8ces 2 ansCette garantie ne couvre toutefois que le produit et non la main d&rsquo;\u0153uvre. La d\u00e9pose et la repose sont exclues de notre garantie. Les produits en question ne doivent cependant pas avoir subi de transformations, ni per\u00e7age, usinage, d\u00e9coupe, encoche et ne pas avoir subi de contraintes m\u00e9caniques. Le d\u00e9lai de livraison vous sera confirm\u00e9 dans le panier Sp\u00e9cificit\u00e9s Acier&nbsp;: Ce mat\u00e9riau offre&nbsp;robustesse&nbsp;et&nbsp;long\u00e9vit\u00e9. Extr\u00eamement&nbsp;solide&nbsp;et&nbsp;r\u00e9sistant aux chocs, il gardera l&rsquo;aspect d&rsquo;origine dans le temps. Tr\u00e8s utilis\u00e9 dans la fabrication de mobilier moderne, l&rsquo;acier peut \u00eatre travaill\u00e9 de diff\u00e9rentes mani\u00e8res.&nbsp;Poli, il apportera un&nbsp;aspect plus doux et plus mat&nbsp;\u00e0 votre d\u00e9coration.&nbsp;Bross\u00e9, il donnera une&nbsp;touche \u00e0 la fois design et soign\u00e9e&nbsp;\u00e0 votre meuble.&nbsp;Inoxydable, il apportera une plus grande&nbsp;long\u00e9vit\u00e9&nbsp;\u00e0 vos objets. Dimensions et colis Cabane de jardin : Dimensions Longueur Largeur Hauteur Poids Produit 323 cm 388 cm 202 cm 135 kg Colis n\u00b01 175 cm 57 cm 11 cm 35 kg Colis n\u00b02 175 cm 50 cm 7 cm 35 kg Colis n\u00b03 172 cm 50 cm 7 cm 34 kg Colis n\u00b04 202 cm 20 cm 18 cm 31 kg<\/p>","protected":false},"featured_media":7503,"comment_status":"closed","ping_status":"closed","template":"","meta":{"inline_featured_image":false},"product_brand":[],"product_cat":[57],"product_tag":[],"class_list":{"0":"post-8915","1":"product","2":"type-product","3":"status-publish","4":"has-post-thumbnail","6":"product_cat-abris-de-jardin","8":"first","9":"instock","10":"sale","11":"shipping-taxable","12":"purchasable","13":"product-type-simple"},"_links":{"self":[{"href":"https:\/\/feria-verde.com\/es\/wp-json\/wp\/v2\/product\/8915","targetHints":{"allow":["GET"]}}],"collection":[{"href":"https:\/\/feria-verde.com\/es\/wp-json\/wp\/v2\/product"}],"about":[{"href":"https:\/\/feria-verde.com\/es\/wp-json\/wp\/v2\/types\/product"}],"replies":[{"embeddable":true,"href":"https:\/\/feria-verde.com\/es\/wp-json\/wp\/v2\/comments?post=8915"}],"version-history":[{"count":0,"href":"https:\/\/feria-verde.com\/es\/wp-json\/wp\/v2\/product\/8915\/revisions"}],"wp:featuredmedia":[{"embeddable":true,"href":"https:\/\/feria-verde.com\/es\/wp-json\/wp\/v2\/media\/7503"}],"wp:attachment":[{"href":"https:\/\/feria-verde.com\/es\/wp-json\/wp\/v2\/media?parent=8915"}],"wp:term":[{"taxonomy":"product_brand","embeddable":true,"href":"https:\/\/feria-verde.com\/es\/wp-json\/wp\/v2\/product_brand?post=8915"},{"taxonomy":"product_cat","embeddable":true,"href":"https:\/\/feria-verde.com\/es\/wp-json\/wp\/v2\/product_cat?post=8915"},{"taxonomy":"product_tag","embeddable":true,"href":"https:\/\/feria-verde.com\/es\/wp-json\/wp\/v2\/product_tag?post=8915"}],"curies":[{"name":"wp","href":"https:\/\/api.w.org\/{rel}","templated":true}]}}