{"id":8916,"date":"2024-05-31T19:07:05","date_gmt":"2024-05-31T17:07:05","guid":{"rendered":"https:\/\/feria-verde.com\/?post_type=product&#038;p=8916"},"modified":"2024-05-31T19:07:07","modified_gmt":"2024-05-31T17:07:07","slug":"abri-de-jardin-traite-autoclave-marmande-prix-dusine","status":"publish","type":"product","link":"https:\/\/feria-verde.com\/es\/producto\/abri-de-jardin-traite-autoclave-marmande-prix-dusine\/","title":{"rendered":"MARMANDE AUTOCLAVE TREATED GARDEN SHELTER - Precio de f\u00e1brica"},"content":{"rendered":"<h5 class=\"wp-block-heading\">CHALET DE JARDIN AVEC ASSEMBLAGE PAR\u00a0EMBO\u00ceTEMENT :<\/h5>\r\n\r\n\r\n\r\n<ul class=\"wp-block-list\">\r\n<li>Epaisseur des madriers :\u00a028 mm<\/li>\r\n\r\n\r\n\r\n<li>Traitement autoclave<\/li>\r\n\r\n\r\n\r\n<li>Madriers avec\u00a0simple rainurage<\/li>\r\n\r\n\r\n\r\n<li>Madriers en\u00a0Pin: noeuds plus gros que sur de l&rsquo;\u00e9pic\u00e9a.<\/li>\r\n<\/ul>\r\n\r\n\r\n\r\n<h4 class=\"wp-block-heading\">Entaillage des madriers :<\/h4>\r\n\r\n\r\n\r\n<p>L&rsquo;ensemble des madriers des murs de votre abri de jardin ont \u00e9t\u00e9 fabriqu\u00e9s selon le proc\u00e9d\u00e9 \u00ab\u00a0<strong>Windblock<\/strong>\u00ab\u00a0.<\/p>\r\n\r\n\r\n\r\n<p>Le proc\u00e9d\u00e9 est assez simple : \u00e0 chaque extr\u00e9mit\u00e9 de votre abri, vous trouvez une encoche sup\u00e9rieure, et une encoche inf\u00e9rieure. Ainsi, chaque madrier se trouve embo\u00eet\u00e9 au moment du montage sur le madrier inf\u00e9rieur, puis au moment du positionnement du rang sup\u00e9rieur, sous le madrier sup\u00e9rieur, ce qui a pour effet de le bloquer.<\/p>\r\n\r\n\r\n\r\n<p>En compl\u00e9ment, vos madriers ont b\u00e9n\u00e9fici\u00e9 d&rsquo;un double entaillage des encoches, r\u00e9alis\u00e9 sur machines num\u00e9riques pour une plus grande pr\u00e9cision. Ainsi, une fois le madrier embo\u00eet\u00e9, le petit d\u00e9calage dans l&rsquo;entaillage permet d&rsquo;am\u00e9liorer l&rsquo;isolation \u00e0 l&rsquo;air, dans le cas d&rsquo;une r\u00e9tractation du bois en p\u00e9riode de forte chaleur. A l&rsquo;inverse, en p\u00e9riode pluvieuse, ce d\u00e9calage aura pour effet d&rsquo;am\u00e9liorer l&rsquo;\u00e9tanch\u00e9it\u00e9.<\/p>\r\n\r\n\r\n\r\n<h3 class=\"wp-block-heading\">La porte de l&rsquo;abri<\/h3>\r\n\r\n\r\n\r\n<p>L&rsquo;acc\u00e8s \u00e0 votre abri de jardin est un \u00e9l\u00e9ment essentiel. La porte a fait pour cela l&rsquo;objet de soins particuliers :<\/p>\r\n\r\n\r\n\r\n<ul class=\"wp-block-list\">\r\n<li>Double porte pour un acc\u00e8s plus facile \u00e0 des objets encombrants<\/li>\r\n\r\n\r\n\r\n<li>V\u00e9ritable verre 4mm<\/li>\r\n\r\n\r\n\r\n<li>Poign\u00e9e d&rsquo;acc\u00e8s soign\u00e9e avec serrure<\/li>\r\n<\/ul>\r\n\r\n\r\n\r\n\r\n\r\n<p>Porte d&rsquo;acc\u00e8s semi-vitr\u00e9e<\/p>\r\n\r\n\r\n\r\n<p>L&rsquo;acc\u00e8s \u00e0 votre abri de jardin est un \u00e9l\u00e9ment essentiel. La porte a fait pour cela l&rsquo;objet de soins particuliers :<\/p>\r\n\r\n\r\n\r\n<ul class=\"wp-block-list\">\r\n<li>Double porte pour un acc\u00e8s plus facile \u00e0 des objets encombrants<\/li>\r\n\r\n\r\n\r\n<li>V\u00e9ritable verre 4mm<\/li>\r\n\r\n\r\n\r\n<li>Poign\u00e9e d&rsquo;acc\u00e8s soign\u00e9e avec serrure<\/li>\r\n<\/ul>\r\n\r\n\r\n\r\n<h3 class=\"wp-block-heading\">La toiture<\/h3>\r\n\r\n\r\n\r\n<h4 class=\"wp-block-heading\">Rev\u00eatement feutre bitumeux de s\u00e9rie<\/h4>\r\n\r\n\r\n\r\n\r\n\r\n<p>Toit OSB 12mm<\/p>\r\n\r\n\r\n\r\n<p><strong>Les finitions de la toiture :<\/strong><\/p>\r\n\r\n\r\n\r\n<ul class=\"wp-block-list\">\r\n<li>Toiture en OSB 12mm<\/li>\r\n\r\n\r\n\r\n<li>Poutre de toiture \u00e9paisseur\u00a034 x 120 mm<\/li>\r\n\r\n\r\n\r\n<li>Equipement toiture en feutre bitumeux. Le feutre bitumeux reste une solution provisoire (pr\u00e9-toiture). Il est conseill\u00e9 d&rsquo;\u00e9quiper votre toiture d&rsquo;une solution plus p\u00e9renne.\u00a0<\/li>\r\n<\/ul>\r\n\r\n\r\n\r\n<p>Kit\u00a0imitation tuiles<\/p>\r\n\r\n\r\n\r\n<p>Toiture shingle<\/p>\r\n\r\n\r\n\r\n<p>Le bardeau canadien est souvent appel\u00e9 tuile bitum\u00e9e, bardoline ou encore shingle. Chaque paquet est compos\u00e9 de 21 feuilles de 3 jupes.<\/p>\r\n\r\n\r\n\r\n<p>Il est garanti\u00a0<strong>10 ans<\/strong>\u00a0et a une dur\u00e9e de vie d&rsquo;environ 30 ans.<\/p>\r\n\r\n\r\n\r\n<p>Son usage en remplacement du feutre bitumeux propos\u00e9 avec la majorit\u00e9 de nos abris de jardin permet d&rsquo;assurer une parfaite protection du toit dans le temps.<\/p>\r\n\r\n\r\n\r\n<p>Soubassement PVC<\/p>\r\n\r\n\r\n\r\n<p>Afin d&rsquo;\u00e9viter que l&rsquo;humidit\u00e9 ne remonte du sol et traverse la dalle de b\u00e9ton, nous vous proposons ces lames PVC \u00e0 positionner en soubassement de votre chalet. Nos soubassements PVC sont disponibles en dimension 38x9x2500mm. Les lames PVC sont \u00e0 positionner sous le premier rang de madriers.<\/p>\r\n\r\n\r\n\r\n\r\n\r\n<p>D\u00e9tails de positionnement<\/p>\r\n\r\n\r\n\r\n<p>La longueur des lames \u00e9tant de 2.50m, vous aurez \u00e0 ajuster les longueurs en fonction de celle de vos madriers. Pour d\u00e9terminer la\u00a0<strong>quantit\u00e9 de soubassements PVC n\u00e9cessaire<\/strong>, il vous faudra d\u00e9terminer le p\u00e9rim\u00e8tre de votre\u00a0garage :\u00a0(longueur x largeur) x 2.\u00a0Une fois cette dimension connue, divisez la par 2.5 pour conna\u00eetre le nombre n\u00e9cessaire de lames \u00e0 commander.<\/p>\r\n\r\n\r\n\r\n<h3 class=\"wp-block-heading\">Le colis et la livraison<\/h3>\r\n\r\n\r\n\r\n<h4 class=\"wp-block-heading\">Le colis<\/h4>\r\n\r\n\r\n\r\n\r\n\r\n<p>Quincaillerie incluse<\/p>\r\n\r\n\r\n\r\n<p><strong>D\u00e9tails du kit :<\/strong><\/p>\r\n\r\n\r\n\r\n<ul class=\"wp-block-list\">\r\n<li>Votre abri de jardin est livr\u00e9 en kit non mont\u00e9<\/li>\r\n\r\n\r\n\r\n<li>L&#8217;emballage a fait l&rsquo;objet d&rsquo;une attention particuli\u00e8re. Le colis voyage ainsi dans des conditions optimales<\/li>\r\n\r\n\r\n\r\n<li>Palette film\u00e9e et cercl\u00e9e<\/li>\r\n\r\n\r\n\r\n<li>Kit quincaillerie et notice dans le kit<\/li>\r\n<\/ul>\r\n\r\n\r\n\r\n\r\n\r\n<p>Colis film\u00e9 et cercl\u00e9<\/p>\r\n\r\n\r\n\r\n<h4 class=\"wp-block-heading\">La livraison de votre abri est \u00e9tablie directement \u00e0 votre domicile<\/h4>\r\n\r\n\r\n\r\n<p><strong>Livraison de votre abri de jardin :<\/strong><\/p>\r\n\r\n\r\n\r\n<ul class=\"wp-block-list\">\r\n<li>Tous chalets assure les livraisons pour la France, la Belgique, le Luxembourg et la Suisse<\/li>\r\n\r\n\r\n\r\n<li><strong>Livraison offerte pour la France continentale, Belgique et Luxembourg<\/strong><\/li>\r\n\r\n\r\n\r\n<li>La livraison est assur\u00e9e habituellement dans un d\u00e9lai de 10 jours ouvr\u00e9s \u00e0 r\u00e9ception de votre commande.<\/li>\r\n<\/ul>\r\n\r\n\r\n\r\n<p>La livraison de votre abri est assur\u00e9e par camion \u00e9quip\u00e9 d&rsquo;un chariot embarqu\u00e9. En cas de probl\u00e9matique sp\u00e9cifique, contactez votre agence la plus proche qui sera apte \u00e0 \u00e9tudier votre demande.<\/p>\r\n\r\n\r\n\r\n<h3 class=\"wp-block-heading\">L&rsquo;entretien de votre abri<\/h3>\r\n\r\n\r\n\r\n<p>Le bois de votre abri de jardin a subi un traitement autoclave en profondeur. Il ne sera donc pas n\u00e9cessaire de lui appliquer un traitement fongicide. En revanche, l&rsquo;application d&rsquo;une lasure est conseill\u00e9e pour \u00e9viter au bois de s&rsquo;impr\u00e9gner en humidit\u00e9, et le prot\u00e9ger des effets du rayonnement solaire.<\/p>\r\n\r\n\r\n\r\n<ul class=\"wp-block-list\">\r\n<li>Application d&rsquo;une lasure d&rsquo;impr\u00e9gnation qui aura pour effet d&rsquo;am\u00e9liorer l&rsquo;accroche de la lasure de finition.<\/li>\r\n\r\n\r\n\r\n<li>Apr\u00e8s application de la lasure d&rsquo;impr\u00e9gnation , il vous restera \u00e0 appliquer votre lasure de finition en 2 couches. Suivant l&rsquo;effet d\u00e9sir\u00e9, 2 solutions vous sont propos\u00e9es en option : lasure translucide laissant le veinage du bois apparent, ou lasure opaque (aspect de finition opacifiante)<\/li>\r\n<\/ul>\r\n\r\n\r\n\r\n<h3 class=\"wp-block-heading\">Dimensiones<\/h3>\r\n\r\n\r\n\r\n<figure class=\"wp-block-table\">\r\n<table>\r\n<tbody>\r\n<tr>\r\n<td>Surface ext\u00e9rieure au sol (c\u00f4te dalle)<\/td>\r\n<td>280 x 280 cm\u00a0 =7.84m2<\/td>\r\n<\/tr>\r\n<tr>\r\n<td>Dimensions int\u00e9rieures<\/td>\r\n<td>274.4 x 274.4 cm = 7.53m2<\/td>\r\n<\/tr>\r\n<tr>\r\n<td>Dimensions hors tout<\/td>\r\n<td>312 x 298 cm =\u00a09.30 m2<\/td>\r\n<\/tr>\r\n<tr>\r\n<td>Epaisseur des madriers<\/td>\r\n<td>28mm<\/td>\r\n<\/tr>\r\n<tr>\r\n<td>Hauteur des murs<\/td>\r\n<td>187\u00a0cm<\/td>\r\n<\/tr>\r\n<tr>\r\n<td>Hauteur du fa\u00eetage<\/td>\r\n<td>225.5\u00a0cm<\/td>\r\n<\/tr>\r\n<\/tbody>\r\n<\/table>\r\n<\/figure>\r\n\r\n\r\n\r\n<h3 class=\"wp-block-heading\">Toiture<\/h3>\r\n\r\n\r\n\r\n<figure class=\"wp-block-table\">\r\n<table>\r\n<tbody>\r\n<tr>\r\n<td>Avanc\u00e9e de toit<\/td>\r\n<td>10 cm<\/td>\r\n<\/tr>\r\n<tr>\r\n<td>Surface toiture<\/td>\r\n<td>10.13m\u00b2<\/td>\r\n<\/tr>\r\n<tr>\r\n<td>Pente du toit<\/td>\r\n<td>15.2\u00b0<\/td>\r\n<\/tr>\r\n<tr>\r\n<td>Type de toit<\/td>\r\n<td>Osb 12\u00a0mm<\/td>\r\n<\/tr>\r\n<tr>\r\n<td>Couverture (rev\u00eatement) de toit<\/td>\r\n<td>Feutre bitumeux (pr\u00e9voir option tuile acier)<\/td>\r\n<\/tr>\r\n<tr>\r\n<td>Syst\u00e8me anti-temp\u00eate<\/td>\r\n<td>Inclus \/ Lames<\/td>\r\n<\/tr>\r\n<\/tbody>\r\n<\/table>\r\n<\/figure>\r\n\r\n\r\n\r\n<h3 class=\"wp-block-heading\">Porte<\/h3>\r\n\r\n\r\n\r\n<figure class=\"wp-block-table\">\r\n<table>\r\n<tbody>\r\n<tr>\r\n<td>Type de porte<\/td>\r\n<td>vitr\u00e9e avec serrure \u00e0 cylindre + 3 cl\u00e9s<\/td>\r\n<\/tr>\r\n<tr>\r\n<td>Type de vitrage<\/td>\r\n<td>V\u00e9ritable verre 4mm<\/td>\r\n<\/tr>\r\n<tr>\r\n<td>Dimensions Porte<\/td>\r\n<td>161 x 177cm (ext cadre)<\/td>\r\n<\/tr>\r\n<tr>\r\n<td>Barre de seuil<\/td>\r\n<td>Bois<\/td>\r\n<\/tr>\r\n<\/tbody>\r\n<\/table>\r\n<\/figure>\r\n\r\n\r\n\r\n<h3 class=\"wp-block-heading\">Mat\u00e9riaux<\/h3>\r\n\r\n\r\n\r\n<figure class=\"wp-block-table\">\r\n<table>\r\n<tbody>\r\n<tr>\r\n<td>Bois<\/td>\r\n<td>Pin<\/td>\r\n<\/tr>\r\n<tr>\r\n<td>Traitement<\/td>\r\n<td>Traitement autoclave, teinte marron<\/td>\r\n<\/tr>\r\n<tr>\r\n<td>Conseil traitement<\/td>\r\n<td>2 couches de lasure de finition<\/td>\r\n<\/tr>\r\n<tr>\r\n<td>Garantie<\/td>\r\n<td>2\u00a0ans<\/td>\r\n<\/tr>\r\n<\/tbody>\r\n<\/table>\r\n<\/figure>\r\n\r\n\r\n\r\n<h3 class=\"wp-block-heading\">Divers<\/h3>\r\n\r\n\r\n\r\n<figure class=\"wp-block-table\">\r\n<table>\r\n<tbody>\r\n<tr>\r\n<td>Tiempo de montaje<\/td>\r\n<td>1 jour \u00e0 2 personnes<\/td>\r\n<\/tr>\r\n<tr>\r\n<td>Notice de montage<\/td>\r\n<td>oui<\/td>\r\n<\/tr>\r\n<tr>\r\n<td>Livraison<\/td>\r\n<td>offerte avec prise de RDV<\/td>\r\n<\/tr>\r\n<tr>\r\n<td>Taille du colis<\/td>\r\n<td>310\u00a0x\u00a0120 x 44 cm<\/td>\r\n<\/tr>\r\n<tr>\r\n<td>Peso<\/td>\r\n<td>595\u00a0kg<\/td>\r\n<\/tr>\r\n<tr>\r\n<td>Type de livraison<\/td>\r\n<td>Camion avec chariot embarqu\u00e9 (fenwick)<\/td>\r\n<\/tr>\r\n<\/tbody>\r\n<\/table>\r\n<\/figure>","protected":false},"excerpt":{"rendered":"<p>CHALET DE JARDIN AVEC ASSEMBLAGE PAR\u00a0EMBO\u00ceTEMENT : Entaillage des madriers : L&rsquo;ensemble des madriers des murs de votre abri de jardin ont \u00e9t\u00e9 fabriqu\u00e9s selon le proc\u00e9d\u00e9 \u00ab\u00a0Windblock\u00ab\u00a0. Le proc\u00e9d\u00e9 est assez simple : \u00e0 chaque extr\u00e9mit\u00e9 de votre abri, vous trouvez une encoche sup\u00e9rieure, et une encoche inf\u00e9rieure. Ainsi, chaque madrier se trouve embo\u00eet\u00e9 au moment du montage sur le madrier inf\u00e9rieur, puis au moment du positionnement du rang sup\u00e9rieur, sous le madrier sup\u00e9rieur, ce qui a pour effet de le bloquer. En compl\u00e9ment, vos madriers ont b\u00e9n\u00e9fici\u00e9 d&rsquo;un double entaillage des encoches, r\u00e9alis\u00e9 sur machines num\u00e9riques pour une plus grande pr\u00e9cision. Ainsi, une fois le madrier embo\u00eet\u00e9, le petit d\u00e9calage dans l&rsquo;entaillage permet d&rsquo;am\u00e9liorer l&rsquo;isolation \u00e0 l&rsquo;air, dans le cas d&rsquo;une r\u00e9tractation du bois en p\u00e9riode de forte chaleur. A l&rsquo;inverse, en p\u00e9riode pluvieuse, ce d\u00e9calage aura pour effet d&rsquo;am\u00e9liorer l&rsquo;\u00e9tanch\u00e9it\u00e9. La porte de l&rsquo;abri L&rsquo;acc\u00e8s \u00e0 votre abri de jardin est un \u00e9l\u00e9ment essentiel. La porte a fait pour cela l&rsquo;objet de soins particuliers : Porte d&rsquo;acc\u00e8s semi-vitr\u00e9e L&rsquo;acc\u00e8s \u00e0 votre abri de jardin est un \u00e9l\u00e9ment essentiel. La porte a fait pour cela l&rsquo;objet de soins particuliers : La toiture Rev\u00eatement feutre bitumeux de s\u00e9rie Toit OSB 12mm Les finitions de la toiture : Kit\u00a0imitation tuiles Toiture shingle Le bardeau canadien est souvent appel\u00e9 tuile bitum\u00e9e, bardoline ou encore shingle. Chaque paquet est compos\u00e9 de 21 feuilles de 3 jupes. Il est garanti\u00a010 ans\u00a0et a une dur\u00e9e de vie d&rsquo;environ 30 ans. Son usage en remplacement du feutre bitumeux propos\u00e9 avec la majorit\u00e9 de nos abris de jardin permet d&rsquo;assurer une parfaite protection du toit dans le temps. Soubassement PVC Afin d&rsquo;\u00e9viter que l&rsquo;humidit\u00e9 ne remonte du sol et traverse la dalle de b\u00e9ton, nous vous proposons ces lames PVC \u00e0 positionner en soubassement de votre chalet. Nos soubassements PVC sont disponibles en dimension 38x9x2500mm. Les lames PVC sont \u00e0 positionner sous le premier rang de madriers. D\u00e9tails de positionnement La longueur des lames \u00e9tant de 2.50m, vous aurez \u00e0 ajuster les longueurs en fonction de celle de vos madriers. Pour d\u00e9terminer la\u00a0quantit\u00e9 de soubassements PVC n\u00e9cessaire, il vous faudra d\u00e9terminer le p\u00e9rim\u00e8tre de votre\u00a0garage :\u00a0(longueur x largeur) x 2.\u00a0Une fois cette dimension connue, divisez la par 2.5 pour conna\u00eetre le nombre n\u00e9cessaire de lames \u00e0 commander. Le colis et la livraison Le colis Quincaillerie incluse D\u00e9tails du kit : Colis film\u00e9 et cercl\u00e9 La livraison de votre abri est \u00e9tablie directement \u00e0 votre domicile Livraison de votre abri de jardin : La livraison de votre abri est assur\u00e9e par camion \u00e9quip\u00e9 d&rsquo;un chariot embarqu\u00e9. En cas de probl\u00e9matique sp\u00e9cifique, contactez votre agence la plus proche qui sera apte \u00e0 \u00e9tudier votre demande. L&rsquo;entretien de votre abri Le bois de votre abri de jardin a subi un traitement autoclave en profondeur. Il ne sera donc pas n\u00e9cessaire de lui appliquer un traitement fongicide. En revanche, l&rsquo;application d&rsquo;une lasure est conseill\u00e9e pour \u00e9viter au bois de s&rsquo;impr\u00e9gner en humidit\u00e9, et le prot\u00e9ger des effets du rayonnement solaire. Dimensions Surface ext\u00e9rieure au sol (c\u00f4te dalle) 280 x 280 cm\u00a0 =7.84m2 Dimensions int\u00e9rieures 274.4 x 274.4 cm = 7.53m2 Dimensions hors tout 312 x 298 cm =\u00a09.30 m2 Epaisseur des madriers 28mm Hauteur des murs 187\u00a0cm Hauteur du fa\u00eetage 225.5\u00a0cm Toiture Avanc\u00e9e de toit 10 cm Surface toiture 10.13m\u00b2 Pente du toit 15.2\u00b0 Type de toit Osb 12\u00a0mm Couverture (rev\u00eatement) de toit Feutre bitumeux (pr\u00e9voir option tuile acier) Syst\u00e8me anti-temp\u00eate Inclus \/ Lames Porte Type de porte vitr\u00e9e avec serrure \u00e0 cylindre + 3 cl\u00e9s Type de vitrage V\u00e9ritable verre 4mm Dimensions Porte 161 x 177cm (ext cadre) Barre de seuil Bois Mat\u00e9riaux Bois Pin Traitement Traitement autoclave, teinte marron Conseil traitement 2 couches de lasure de finition Garantie 2\u00a0ans Divers Temps de montage 1 jour \u00e0 2 personnes Notice de montage oui Livraison offerte avec prise de RDV Taille du colis 310\u00a0x\u00a0120 x 44 cm Poids 595\u00a0kg Type de livraison Camion avec chariot embarqu\u00e9 (fenwick)<\/p>","protected":false},"featured_media":7509,"comment_status":"closed","ping_status":"closed","template":"","meta":{"inline_featured_image":false},"product_brand":[],"product_cat":[57],"product_tag":[],"class_list":{"0":"post-8916","1":"product","2":"type-product","3":"status-publish","4":"has-post-thumbnail","6":"product_cat-abris-de-jardin","8":"first","9":"instock","10":"sale","11":"shipping-taxable","12":"purchasable","13":"product-type-simple"},"_links":{"self":[{"href":"https:\/\/feria-verde.com\/es\/wp-json\/wp\/v2\/product\/8916","targetHints":{"allow":["GET"]}}],"collection":[{"href":"https:\/\/feria-verde.com\/es\/wp-json\/wp\/v2\/product"}],"about":[{"href":"https:\/\/feria-verde.com\/es\/wp-json\/wp\/v2\/types\/product"}],"replies":[{"embeddable":true,"href":"https:\/\/feria-verde.com\/es\/wp-json\/wp\/v2\/comments?post=8916"}],"version-history":[{"count":0,"href":"https:\/\/feria-verde.com\/es\/wp-json\/wp\/v2\/product\/8916\/revisions"}],"wp:featuredmedia":[{"embeddable":true,"href":"https:\/\/feria-verde.com\/es\/wp-json\/wp\/v2\/media\/7509"}],"wp:attachment":[{"href":"https:\/\/feria-verde.com\/es\/wp-json\/wp\/v2\/media?parent=8916"}],"wp:term":[{"taxonomy":"product_brand","embeddable":true,"href":"https:\/\/feria-verde.com\/es\/wp-json\/wp\/v2\/product_brand?post=8916"},{"taxonomy":"product_cat","embeddable":true,"href":"https:\/\/feria-verde.com\/es\/wp-json\/wp\/v2\/product_cat?post=8916"},{"taxonomy":"product_tag","embeddable":true,"href":"https:\/\/feria-verde.com\/es\/wp-json\/wp\/v2\/product_tag?post=8916"}],"curies":[{"name":"wp","href":"https:\/\/api.w.org\/{rel}","templated":true}]}}