{"id":8917,"date":"2024-05-31T19:07:05","date_gmt":"2024-05-31T17:07:05","guid":{"rendered":"https:\/\/feria-verde.com\/?post_type=product&#038;p=8917"},"modified":"2024-05-31T19:07:07","modified_gmt":"2024-05-31T17:07:07","slug":"abri-de-jardin-bois-katy-444-3-m%c2%b2-prix-dusine","status":"publish","type":"product","link":"https:\/\/feria-verde.com\/es\/producto\/abri-de-jardin-bois-katy-444-3-m%c2%b2-prix-dusine\/","title":{"rendered":"Caseta de jard\u00edn de madera Katy - 4,44 + 3 m\u00b2 - Precio de f\u00e1brica"},"content":{"rendered":"<p>Caseta de jard\u00edn de madera Katy | 4,44 + 3 m\u00b2 | 18 mm<\/p>\n\n\n\n<p>N\u00famero SKU: 062045<\/p>\n\n\n\n<p>Este refugio de madera de abeto es perfecto para crear espacio de almacenamiento en su espacio de vida al aire libre.<\/p>\n\n\n\n<p><strong>Este refugio de madera tiene unas dimensiones totales de 422 x 242 x 213 cm y una superficie interior \u00fatil de 4,44 m\u00b2.<\/strong>. Este modelo no est\u00e1 sujeto al impuesto municipal, por lo que podr\u00e1 guardar sus herramientas de jardiner\u00eda, bicicletas o barbacoa.&nbsp;<\/p>\n\n\n\n<p><strong>La ampliaci\u00f3n de 3 m\u00b2 con paredes perforadas en la parte trasera y lateral<\/strong>Le proporcionar\u00e1 un espacio de almacenamiento adicional para la le\u00f1a.<\/p>\n\n\n\n<p><strong>El tejado plano de madera maciza<\/strong>&nbsp;y las paredes de tablones entrelazados de un \u00fanico&nbsp;<strong>18 mm de grosor<\/strong>&nbsp;garantizan la estabilidad y la estanqueidad \u00f3ptima del refugio de madera.<\/p>\n\n\n\n<p><strong>Puerta doble con acristalamiento de plexigl\u00e1s, An.128 x Al.170 cm<\/strong>&nbsp;le permitir\u00e1 mover objetos voluminosos con facilidad.&nbsp;<\/p>\n\n\n\n<p>Puede montar usted mismo su nueva caseta de jard\u00edn de madera siguiendo las detalladas instrucciones de montaje que se incluyen con el producto. Para que se adapte a sus necesidades y a su exterior,&nbsp;<strong>es posible el montaje inverso<\/strong>. La extensi\u00f3n puede colocarse a la derecha o a la izquierda.<\/p>\n\n\n\n<p>Se suministra con un suelo de madera maciza de 15 mm de grosor para la sala cerrada.<\/p>\n\n\n\n<p>Se suministra sin elementos de escenificaci\u00f3n.<\/p>\n\n\n\n<p><strong>Este refugio de madera se suministra con una cubierta de fieltro bituminoso.<\/strong>&nbsp;para proteger temporalmente el tejado de la intemperie y la humedad.<\/p>\n\n\n\n<p>Nos aseguramos de que la madera que seleccionamos procede de bosques certificados y ecol\u00f3gicamente responsables. Tambi\u00e9n nos aseguramos de que cualquier bosque utilizado para la producci\u00f3n de madera sea reforestado. Esta caseta de jard\u00edn cuenta con la certificaci\u00f3n PEFC.<\/p>\n\n\n\n<p>Cree el jard\u00edn que desea con nuestra selecci\u00f3n de casetas de jard\u00edn.<\/p>\n\n\n\n<p><\/p>","protected":false},"excerpt":{"rendered":"<p>Abri de jardin bois Katy | 4,44 + 3 m\u00b2 | 18 mm Num\u00e9ro SKU: 062045 Cet abri en bois d&rsquo;\u00e9pic\u00e9a convient parfaitement pour am\u00e9nager un bel&nbsp;espace de rangement dans votre l\u2019ext\u00e9rieur. Cet abri bois de dimensions hors-tout de&nbsp;422 x 242 x 213 cm&nbsp;offre une surface int\u00e9rieure utile de 4,44 m\u00b2. Ce mod\u00e8le non soumis \u00e0 la taxe d&rsquo;habitation vous permettra de ranger vos outils de jardinage, vos v\u00e9los ou votre barbecue.&nbsp; L\u2019extension de 3&nbsp;m\u00b2&nbsp;avec des parois ajour\u00e9es \u00e0 l&rsquo;arri\u00e8re et sur le c\u00f4t\u00e9, vous apportera un espace de rangement suppl\u00e9mentaire pour entreposer votre bois de chauffage. Le toit plat en bois massif&nbsp;et les parois en madriers \u00e0 embo\u00eeter d\u2019une&nbsp;\u00e9paisseur de 18 mm&nbsp;garantissent la stabilit\u00e9 et l\u2019\u00e9tanch\u00e9it\u00e9 optimale de l\u2019abri en bois. La double porte avec vitrage en plexiglass de L.128 x H.170 cm&nbsp;vous permettra de faire passer facilement les objets volumineux.&nbsp; Vous pouvez monter vous-m\u00eame votre nouvel abri de jardin&nbsp;en bois \u00e0 l&rsquo;aide de la&nbsp;notice de montage&nbsp;d\u00e9taill\u00e9e incluse dans votre produit. Selon vos besoins et votre ext\u00e9rieur,&nbsp;un montage invers\u00e9 est possible. L&rsquo;extension peut se placer \u00e0 droite ou \u00e0 gauche. Livr\u00e9 avec un plancher en bois massif de 15 mm d&rsquo;\u00e9paisseur pour la pi\u00e8ce ferm\u00e9e. Livr\u00e9&nbsp;sans les \u00e9l\u00e9ments de mise en sc\u00e8ne. Cet abri bois est livr\u00e9 avec un rev\u00eatement de toit en feutre bitum\u00e9&nbsp;pour prot\u00e9ger provisoirement la toiture des intemp\u00e9ries et de l\u2019humidit\u00e9. Nous veillons \u00e0 ce que les bois que nous s\u00e9lectionnons soient issus d\u2019une exploitation certifi\u00e9e et \u00e9cologiquement responsable. Nous nous assurons par ailleurs du reboisement de toute for\u00eat destin\u00e9e \u00e0 la production de bois. Cet abri de jardin est certifi\u00e9 PEFC. Am\u00e9nagez vos envies avec notre s\u00e9lection d&rsquo;abris de jardin.<\/p>","protected":false},"featured_media":7511,"comment_status":"closed","ping_status":"closed","template":"","meta":{"inline_featured_image":false},"product_brand":[],"product_cat":[57],"product_tag":[],"class_list":{"0":"post-8917","1":"product","2":"type-product","3":"status-publish","4":"has-post-thumbnail","6":"product_cat-abris-de-jardin","8":"first","9":"instock","10":"sale","11":"shipping-taxable","12":"purchasable","13":"product-type-simple"},"_links":{"self":[{"href":"https:\/\/feria-verde.com\/es\/wp-json\/wp\/v2\/product\/8917","targetHints":{"allow":["GET"]}}],"collection":[{"href":"https:\/\/feria-verde.com\/es\/wp-json\/wp\/v2\/product"}],"about":[{"href":"https:\/\/feria-verde.com\/es\/wp-json\/wp\/v2\/types\/product"}],"replies":[{"embeddable":true,"href":"https:\/\/feria-verde.com\/es\/wp-json\/wp\/v2\/comments?post=8917"}],"version-history":[{"count":0,"href":"https:\/\/feria-verde.com\/es\/wp-json\/wp\/v2\/product\/8917\/revisions"}],"wp:featuredmedia":[{"embeddable":true,"href":"https:\/\/feria-verde.com\/es\/wp-json\/wp\/v2\/media\/7511"}],"wp:attachment":[{"href":"https:\/\/feria-verde.com\/es\/wp-json\/wp\/v2\/media?parent=8917"}],"wp:term":[{"taxonomy":"product_brand","embeddable":true,"href":"https:\/\/feria-verde.com\/es\/wp-json\/wp\/v2\/product_brand?post=8917"},{"taxonomy":"product_cat","embeddable":true,"href":"https:\/\/feria-verde.com\/es\/wp-json\/wp\/v2\/product_cat?post=8917"},{"taxonomy":"product_tag","embeddable":true,"href":"https:\/\/feria-verde.com\/es\/wp-json\/wp\/v2\/product_tag?post=8917"}],"curies":[{"name":"wp","href":"https:\/\/api.w.org\/{rel}","templated":true}]}}