{"id":8918,"date":"2024-05-31T19:07:05","date_gmt":"2024-05-31T17:07:05","guid":{"rendered":"https:\/\/feria-verde.com\/?post_type=product&#038;p=8918"},"modified":"2024-05-31T19:07:07","modified_gmt":"2024-05-31T17:07:07","slug":"abri-de-jardin-bois-ep-28mm-13-m%c2%b2-toit-plat","status":"publish","type":"product","link":"https:\/\/feria-verde.com\/es\/producto\/abri-de-jardin-bois-ep-28mm-13-m%c2%b2-toit-plat\/","title":{"rendered":"Caseta de jard\u00edn de madera, 28 mm de grosor, 13 m\u00b2 - tejado plano"},"content":{"rendered":"<h2 class=\"wp-block-heading\">Descripci\u00f3n<\/h2>\r\n\r\n\r\n\r\n<p>Esta caseta de jard\u00edn de madera ADRET de 13 m\u00b2 con tejado plano y tablones de 28 mm ser\u00e1 un gran aporte para su propiedad gracias a su aspecto moderno y su capacidad de almacenamiento.<br \/><br \/>He aqu\u00ed sus dimensiones y caracter\u00edsticas:<\/p>\r\n\r\n\r\n\r\n<ul class=\"wp-block-list\">\r\n<li>Puerta de doble acristalamiento: 147 x 172 cm con cerradura<\/li>\r\n\r\n\r\n\r\n<li>Dimensiones de la ventana: 32 x 66 cm<\/li>\r\n\r\n\r\n\r\n<li>Dimensiones interiores:364 x 274 cm<\/li>\r\n\r\n\r\n\r\n<li>Dimensiones totales: 388 x 332 x 209,5 cm<\/li>\r\n\r\n\r\n\r\n<li>Dimensiones de la losa de hormig\u00f3n: 298 x 388 cm<\/li>\r\n\r\n\r\n\r\n<li>Cubierta: fieltro bituminoso<\/li>\r\n\r\n\r\n\r\n<li>Composici\u00f3n del techo: OSB 12 mm<\/li>\r\n\r\n\r\n\r\n<li>Altura de la pared: 194 \/ 207 cm<\/li>\r\n\r\n\r\n\r\n<li>La posici\u00f3n de la ventana y la puerta puede ser intercambiable<\/li>\r\n\r\n\r\n\r\n<li>Superficie \u00fatil: 3,64 x 2,74 m = 9,97 m\u00b2.<\/li>\r\n<\/ul>\r\n\r\n\r\n\r\n<p>El mejor producto:<\/p>\r\n\r\n\r\n\r\n<ul class=\"wp-block-list\">\r\n<li>Refugio encajable, f\u00e1cil de montar<\/li>\r\n\r\n\r\n\r\n<li>Dise\u00f1o moderno<\/li>\r\n\r\n\r\n\r\n<li>Espesor de pared de 28 mm<\/li>\r\n\r\n\r\n<\/ul>","protected":false},"excerpt":{"rendered":"<p>Description Cet abri de jardin en bois ADRET de 13 m\u00b2 avec toit plat et madriers de 28 mm sera un atout majeur sur votre terrain gr\u00e2ce \u00e0 son aspect moderne et sa capacit\u00e9 de stockage. Voici ses dimensions et caract\u00e9ristiques: Le plus produit:<\/p>","protected":false},"featured_media":7516,"comment_status":"closed","ping_status":"closed","template":"","meta":{"inline_featured_image":false},"product_brand":[],"product_cat":[57],"product_tag":[],"class_list":{"0":"post-8918","1":"product","2":"type-product","3":"status-publish","4":"has-post-thumbnail","6":"product_cat-abris-de-jardin","8":"first","9":"instock","10":"sale","11":"shipping-taxable","12":"purchasable","13":"product-type-simple"},"_links":{"self":[{"href":"https:\/\/feria-verde.com\/es\/wp-json\/wp\/v2\/product\/8918","targetHints":{"allow":["GET"]}}],"collection":[{"href":"https:\/\/feria-verde.com\/es\/wp-json\/wp\/v2\/product"}],"about":[{"href":"https:\/\/feria-verde.com\/es\/wp-json\/wp\/v2\/types\/product"}],"replies":[{"embeddable":true,"href":"https:\/\/feria-verde.com\/es\/wp-json\/wp\/v2\/comments?post=8918"}],"version-history":[{"count":0,"href":"https:\/\/feria-verde.com\/es\/wp-json\/wp\/v2\/product\/8918\/revisions"}],"wp:featuredmedia":[{"embeddable":true,"href":"https:\/\/feria-verde.com\/es\/wp-json\/wp\/v2\/media\/7516"}],"wp:attachment":[{"href":"https:\/\/feria-verde.com\/es\/wp-json\/wp\/v2\/media?parent=8918"}],"wp:term":[{"taxonomy":"product_brand","embeddable":true,"href":"https:\/\/feria-verde.com\/es\/wp-json\/wp\/v2\/product_brand?post=8918"},{"taxonomy":"product_cat","embeddable":true,"href":"https:\/\/feria-verde.com\/es\/wp-json\/wp\/v2\/product_cat?post=8918"},{"taxonomy":"product_tag","embeddable":true,"href":"https:\/\/feria-verde.com\/es\/wp-json\/wp\/v2\/product_tag?post=8918"}],"curies":[{"name":"wp","href":"https:\/\/api.w.org\/{rel}","templated":true}]}}