{"id":8919,"date":"2024-05-31T19:07:05","date_gmt":"2024-05-31T17:07:05","guid":{"rendered":"https:\/\/feria-verde.com\/?post_type=product&#038;p=8919"},"modified":"2024-05-31T19:07:07","modified_gmt":"2024-05-31T17:07:07","slug":"abri-de-jardin-en-metal-verrouillable-prix-dusine","status":"publish","type":"product","link":"https:\/\/feria-verde.com\/es\/producto\/abri-de-jardin-en-metal-verrouillable-prix-dusine\/","title":{"rendered":"REFUGIO DE METAL PARA JARD\u00cdN CON CERRADURA - Precio de f\u00e1brica"},"content":{"rendered":"<p><strong>DESCRIPCI\u00d3N<\/strong><\/p>\r\n\r\n\r\n\r\n<p>\u00bfNecesita un lugar seguro para guardar bicicletas, cubos de basura y otras herramientas en su jard\u00edn? ID Market tiene la caseta de jard\u00edn gris con cerradura. Con su m\u00e1xima capacidad de almacenamiento, esta econ\u00f3mica caseta de jard\u00edn es la forma perfecta de proteger sus pertenencias de la intemperie o los robos. F\u00e1cil de instalar en su jard\u00edn o garaje.<\/p>\r\n\r\n\r\n\r\n<h2 class=\"wp-block-heading\">Descripci\u00f3n de la caseta de jard\u00edn de acero galvanizado gris<\/h2>\r\n\r\n\r\n\r\n<p>\u00a1Es f\u00e1cil crear un espacio de almacenamiento y protecci\u00f3n en el fondo de su jard\u00edn! Con este nuevo refugio met\u00e1lico multialmacenamiento, disfrutar\u00e1 de un espacio seguro que podr\u00e1 cerrar en cualquier momento.<\/p>\r\n\r\n\r\n\r\n<p>La caseta de jard\u00edn econ\u00f3mica de acero gris mantendr\u00e1 su exterior limpio y ordenado. Tendr\u00e1s espacio de sobra para guardar todas las cosas que tengas tiradas en el exterior: bicicletas, sillas plegables, cubos, barbacoas... Gracias a su gran capacidad, podr\u00e1s guardar sin problemas todo el material voluminoso y mantener tu jard\u00edn perfectamente ordenado.<\/p>\r\n\r\n\r\n\r\n<p>A los aficionados al bricolaje y a los jardineros en ciernes les resultar\u00e1 f\u00e1cil guardar sus herramientas y productos de limpieza, siempre que no les moleste el fr\u00edo.<\/p>\r\n\r\n\r\n\r\n<p>Gracias a su estructura de acero galvanizado, la caseta de jard\u00edn con cerradura es resistente a la intemperie y a los robos. Tus pertenencias estar\u00e1n bien protegidas durante todo el invierno.<\/p>\r\n\r\n\r\n\r\n<p>Con su inteligente sistema de ventilaci\u00f3n, la caseta de jard\u00edn met\u00e1lica gris antracita es ideal para guardar cubos de basura o una peque\u00f1a barbacoa de ruedas. No hay riesgo de que se estanquen olores desagradables en la habitaci\u00f3n. La ventilaci\u00f3n de la caseta se ve facilitada por las numerosas aberturas previstas a tal efecto, en particular la doble puerta y el techo practicable.<\/p>\r\n\r\n\r\n\r\n<p>\u00bfPrefiere instalarlo en un garaje u otro trastero? Entonces, \u00a1es posible! La caseta de jard\u00edn de acero galvanizado gris puede instalarse en cualquier superficie plana.<\/p>\r\n\r\n\r\n\r\n<h2 class=\"wp-block-heading\">Dimensiones de la caseta de jard\u00edn met\u00e1lica gris antracita<\/h2>\r\n\r\n\r\n\r\n<p>- Dimensiones totales: Largo 210 x Ancho 105 x Alto 130 cm<\/p>\r\n\r\n\r\n\r\n<p>- Dimensiones de la puerta : 150 x 121 CM<\/p>\r\n\r\n\r\n\r\n<p>- Altura del panel frontal: 130 CM<\/p>\r\n\r\n\r\n\r\n<p>- Altura del panel trasero: 115 CM<\/p>\r\n\r\n\r\n\r\n<p>- Estructura de acero galvanizado<\/p>\r\n\r\n\r\n\r\n<p>- Grandes aberturas mediante 2 puertas y 1 techo corredizo gracias a un sistema de puntales de gas<\/p>\r\n\r\n\r\n\r\n<p>- Cierre con llave<\/p>\r\n\r\n\r\n\r\n<p>Encontrar\u00e1 toda nuestra gama de casetas de jard\u00edn en nuestra tienda en l\u00ednea.<\/p>\r\n\r\n\r\n\r\n<p>DATOS T\u00c9CNICOS<\/p>\r\n\r\n\r\n\r\n<ul class=\"wp-block-list\">\r\n<li>Caseta de jard\u00edn resistente de acero galvanizado color antracita, con cerradura de pestillo<\/li>\r\n\r\n\r\n\r\n<li>Perfecto para guardar bicicletas, cubos, barbacoas o cualquier otra herramienta de mantenimiento del jard\u00edn<\/li>\r\n\r\n\r\n\r\n<li>Gracias a la ventilaci\u00f3n y a las grandes aberturas, el aire circula y se renueva constantemente.<\/li>\r\n\r\n\r\n\r\n<li>Las puertas y el marco de acero protegen su equipo de los elementos y los robos<\/li>\r\n\r\n\r\n\r\n<li>Dimensiones: Largo 210 x Ancho 105 x Alto 130 cm<\/li>\r\n<\/ul>\r\n\r\n\r\n\r\n<p>Dimensiones :<\/p>\r\n\r\n\r\n\r\n<figure class=\"wp-block-table\">\r\n<table>\r\n<tbody>\r\n<tr>\r\n<td>Longitud<\/td>\r\n<td>210 CM<\/td>\r\n<\/tr>\r\n<tr>\r\n<td>Anchura<\/td>\r\n<td>105 CM<\/td>\r\n<\/tr>\r\n<tr>\r\n<td>Altura<\/td>\r\n<td>130 CM<\/td>\r\n<\/tr>\r\n<\/tbody>\r\n<\/table>\r\n<\/figure>\r\n\r\n\r\n\r\n\r\n\r\n<p>&nbsp;<\/p>","protected":false},"excerpt":{"rendered":"<p>DESCRIPTIF Besoin d\u2019un local pour ranger en toute s\u00e9curit\u00e9 v\u00e9los, poubelles et autres outils dans votre jardin ? ID Market vous propose le cabanon de jardin gris avec verrouillage. Gr\u00e2ce \u00e0 sa maxi capacit\u00e9 de rangement, cet abri de jardin pas cher est l\u2019\u00e9quipement parfait pour prot\u00e9ger vos affaires contre les intemp\u00e9ries ou le vol. Installation facile dans votre jardin ou garage. Descriptif de l\u2019abri de jardin en acier galvanis\u00e9 gris Cr\u00e9ez facilement un espace de rangement et de protection au fond de votre jardin ! Avec ce nouvel abri en m\u00e9tal multi-rangement, vous profiterez d\u2019un espace s\u00e9curis\u00e9, que vous pouvez verrouiller \u00e0 tout moment. Avec l\u2019abri de jardin en acier gris \u00e0 petit prix, votre ext\u00e9rieur sera toujours bien entretenu et ordonn\u00e9. B\u00e9n\u00e9ficiez de ce grand espace pour ranger tous les objets qui tra\u00eenent dehors : v\u00e9los, chaises pliantes, poubelles, barbecues\u2026 Avec sa grande contenance, vous pourrez sans probl\u00e8me y d\u00e9poser tous vos \u00e9quipements volumineux, et ainsi garder un jardin parfaitement rang\u00e9. Les bricoleurs et jardiniers en herbe pourront facilement entreposer leurs outils et produits d\u2019entretien, \u00e0 condition que ceux-ci ne craignent pas le froid. Gr\u00e2ce \u00e0 sa structure en acier galvanis\u00e9, l\u2019abri de jardin fermable est r\u00e9sistant aux intemp\u00e9ries et au vol. Vos affaires seront bien prot\u00e9g\u00e9es durant toute la saison hivernale. Dot\u00e9 d\u2019un syst\u00e8me de ventilation tr\u00e8s bien pens\u00e9, l\u2019abri de jardin m\u00e9tal gris anthracite permet de stocker des poubelles ou un petit barbecue \u00e0 roulettes dans les meilleures conditions. Aucun risque de mauvaises odeurs qui stagnent dans le local. L\u2019a\u00e9ration de l\u2019abri est facilit\u00e9e par les nombreuses ouvertures pr\u00e9vues \u00e0 cet effet, notamment par la double porte et le toit ouvrant. Vous pr\u00e9f\u00e9rez l\u2019installer dans un garage ou une autre pi\u00e8ce de stockage ? C\u2019est possible ! L\u2019abri de jardin en acier galvanis\u00e9 gris peut \u00eatre install\u00e9 sur n\u2019importe quel sol plat. Dimensions de l\u2019abri de jardin m\u00e9tal gris anthracite \u2013 Dimensions hors-tout : Longueur 210 x largeur 105 x Hauteur 130 CM &#8211; Dimensions porte : 150 x 121 CM \u2013 Hauteur de la face avant : 130 CM \u2013 Hauteur de la face arri\u00e8re : 115 CM \u2013 Structure en acier galvanis\u00e9 \u2013 Grandes ouvertures via 2 portes et 1 toit ouvrant gr\u00e2ce \u00e0 un syst\u00e8me de v\u00e9rins \u00e0 gaz \u2013 Loquet de fermeture verrouillable Retrouvez l\u2019ensemble de notre\u00a0gamme d\u2019abris de jardin\u00a0sur notre boutique en ligne. CARACT\u00c9RISTIQUES TECHNIQUES Dimensions hors tout : Longueur 210 CM Largeur 105 CM Hauteur 130 CM &nbsp;<\/p>","protected":false},"featured_media":7519,"comment_status":"closed","ping_status":"closed","template":"","meta":{"inline_featured_image":false},"product_brand":[],"product_cat":[57],"product_tag":[],"class_list":{"0":"post-8919","1":"product","2":"type-product","3":"status-publish","4":"has-post-thumbnail","6":"product_cat-abris-de-jardin","8":"first","9":"instock","10":"sale","11":"shipping-taxable","12":"purchasable","13":"product-type-simple"},"_links":{"self":[{"href":"https:\/\/feria-verde.com\/es\/wp-json\/wp\/v2\/product\/8919","targetHints":{"allow":["GET"]}}],"collection":[{"href":"https:\/\/feria-verde.com\/es\/wp-json\/wp\/v2\/product"}],"about":[{"href":"https:\/\/feria-verde.com\/es\/wp-json\/wp\/v2\/types\/product"}],"replies":[{"embeddable":true,"href":"https:\/\/feria-verde.com\/es\/wp-json\/wp\/v2\/comments?post=8919"}],"version-history":[{"count":0,"href":"https:\/\/feria-verde.com\/es\/wp-json\/wp\/v2\/product\/8919\/revisions"}],"wp:featuredmedia":[{"embeddable":true,"href":"https:\/\/feria-verde.com\/es\/wp-json\/wp\/v2\/media\/7519"}],"wp:attachment":[{"href":"https:\/\/feria-verde.com\/es\/wp-json\/wp\/v2\/media?parent=8919"}],"wp:term":[{"taxonomy":"product_brand","embeddable":true,"href":"https:\/\/feria-verde.com\/es\/wp-json\/wp\/v2\/product_brand?post=8919"},{"taxonomy":"product_cat","embeddable":true,"href":"https:\/\/feria-verde.com\/es\/wp-json\/wp\/v2\/product_cat?post=8919"},{"taxonomy":"product_tag","embeddable":true,"href":"https:\/\/feria-verde.com\/es\/wp-json\/wp\/v2\/product_tag?post=8919"}],"curies":[{"name":"wp","href":"https:\/\/api.w.org\/{rel}","templated":true}]}}