{"id":8929,"date":"2024-05-31T19:07:06","date_gmt":"2024-05-31T17:07:06","guid":{"rendered":"https:\/\/feria-verde.com\/?post_type=product&#038;p=8929"},"modified":"2024-05-31T19:07:08","modified_gmt":"2024-05-31T17:07:08","slug":"remorque-bagagere-garden-trailer-200-kipp-200-x-106-cm-avec-bache-haute-bleue-arceau-et-roue-jockey","status":"publish","type":"product","link":"https:\/\/feria-verde.com\/es\/producto\/remorque-bagagere-garden-trailer-200-kipp-200-x-106-cm-avec-bache-haute-bleue-arceau-et-roue-jockey\/","title":{"rendered":"Remolque de jard\u00edn 200 kipp 200 x 106 cm con lona alta azul, barra antivuelco y rueda jockey"},"content":{"rendered":"<div id=\"tab-description\" class=\"woocommerce-Tabs-panel woocommerce-Tabs-panel--description panel entry-content wc-tab\" role=\"tabpanel\" aria-labelledby=\"tab-title-description\">\n<h2 class=\"wp-block-heading\">Remorque bagag\u00e8re\u00a0avec b\u00e2che haute bleue Garden Trailer 200 KIPP<\/h2>\n<p><strong>Remorque avec b\u00e2che haute bleue et arceau<\/strong>\u00a0UNITRAILER GARDEN TRAILER 200 KIPP poss\u00e8de\u00a0<strong>un timon rabattable.<\/strong>\u00a0C\u2019est une remorque solide faite\u00a0<strong>en acier galvanis\u00e9<\/strong>. Elle peut \u00eatre place sur sa ridelle arri\u00e8re, ce qui permet de la stocker de mani\u00e8re tr\u00e8s facile dans le garage ou \u00e0 c\u00f4t\u00e9 de la maison. Grace au timon pliable, le d\u00e9chargement de tous cot\u00e9s de la remorque des produits en vrac est tr\u00e8s facile.<\/p>\n<h2 class=\"wp-block-heading\">Votre remorque Garden Trailer 200 KIPP avec b\u00e2che haute bleue et arceau<\/h2>\n<p>Gr\u00e2ce aux ridelles solides d\u2019une hauteur de 30 cm et un plancher 200 x 106 cm, le remorque avec b\u00e2che est id\u00e9ale pour un usage multiple. Essieu simple fabriqu\u00e9 par AL-KO ou KNOTT 750 kg assure des conditions optimales et permet de transporter des charges lourdes. Remorque livr\u00e9e \u00e0 domicile avec tous les documents n\u00e9cessaires!<\/p>\n<figure class=\"wp-block-image\"><img decoding=\"async\" src=\"https:\/\/client4659.idosell.com\/data\/gfx\/pictures\/large\/2\/3\/4232_15.png?22571\" alt=\"remorque avec b\u00e2che\" \/><\/figure>\n<h2 class=\"wp-block-heading\">En commandant la remorque UNITRAILER GARDEN TRAILER 200 KIPP, vous recevez :<\/h2>\n<ul>\n<li><strong>Remorque avec b\u00e2che haute \u00e0 timon pliable\u00a0<\/strong>livr\u00e9e \u00e0 votre domicile,<\/li>\n<li><strong>Tous les documents n\u00e9cessaires\u00a0<\/strong>(certificat de conformit\u00e9 + facture),<\/li>\n<li><strong>Instruction d\u2019utilisation<\/strong>\u00a0pour que vous sachiez comment utiliser la remorque,<\/li>\n<li><strong>Certificat de garantie<\/strong>\u00a0\u2013 2 ans de garantie,<\/li>\n<li><strong>Notre assistance<\/strong>\u00a0\u2013 si vous avez les questions qui concernent la remorque, n\u2019h\u00e9sitez pas \u00e0 nous contacter.<\/li>\n<\/ul>\n<p>Le mod\u00e8le en question dispose d\u2019un arceau et une\u00a0<strong>b\u00e2che bleue<\/strong>. Gr\u00e2ce \u00e0 la b\u00e2che haute, le temps d\u00e9favorable ne va pas vous g\u00e2cher vos plans. La\u00a0<strong>b\u00e2che bleue avec arceau<\/strong>\u00a0prot\u00e8ge\u00a0la cargaison contre pluie, neige, vent et soleil et donc assure le transport en toute s\u00e9curit\u00e9. Le kit comprend :\u00a0<strong>un arceau<\/strong>\u00a0solide et facile \u00e0 installer,\u00a0<strong>une b\u00e2che<\/strong>\u00a0<strong>imperm\u00e9able<\/strong>\u00a0et une corde<strong>\u00a0de fixation<\/strong>.<\/p>\n<p>Vous pouvez toujours v\u00e9rifier chaque \u00e9tape de votre commande et son suivi.<\/p>\n<h2 class=\"wp-block-heading\">Pourquoi choisir la GARDEN TRAILER 200 KIPP avec b\u00e2che bleue ?<\/h2>\n<ul>\n<li><strong>Une remorque avec b\u00e2che haute, basculante<\/strong>, qui assure le d\u00e9chargement facile des cargaisons<\/li>\n<li><strong>Une construction solide<\/strong><\/li>\n<li><strong>Pi\u00e8ces d\u00e9tach\u00e9es<\/strong>: AL-KO, KNOTT, WINTERHOFF<\/li>\n<li><strong>Large gamme d\u2019accessoires<\/strong>: b\u00e2che + arceau 80 cm, b\u00e2che plate, doubles ridelles, ridelles grillag\u00e9es, dispositifs de fixation, antivol, etc.<\/li>\n<li><strong>Support<\/strong>\u00a0qui est disponible de lundi \u00e0 vendredi<\/li>\n<\/ul>\n<figure class=\"wp-block-image\"><img decoding=\"async\" src=\"https:\/\/client4659.idosell.com\/data\/gfx\/pictures\/large\/2\/3\/4232_13.png?81797\" alt=\"remorque timon rabattable\" \/><\/figure>\n<h2 class=\"wp-block-heading\">Sp\u00e9cifications<\/h2>\n<p><strong>CHASSIS<\/strong><\/p>\n<ul>\n<li><strong>Timon rabattable en V<\/strong><\/li>\n<li><strong>Essieu simple<\/strong>\u00a0AL-KO ou KNOTT<\/li>\n<li>Suspension ind\u00e9pendante, bas\u00e9e sur\u00a0<strong>la barre de torsion<\/strong><\/li>\n<li>Roues\u00a0<strong>155\/70 R13 toutes saisons<\/strong><\/li>\n<\/ul>\n<p><strong>CAISSE<\/strong><\/p>\n<ul>\n<li><strong>Ch\u00e2ssis<\/strong>: fabriqu\u00e9\u00a0<strong>en profil\u00e9 d\u2019acier galvanis\u00e9<\/strong>;\u00a0<strong>boulonn\u00e9<\/strong><\/li>\n<li><strong>Galvanis\u00e9 \u00e0 chaud<\/strong>\u00a0\u2013 protection anticorrosion<\/li>\n<li><strong>Ridelle arri\u00e8re ouvrante<\/strong><\/li>\n<li><strong>Doubles attaches<\/strong>\u00a0b\u00e2ches<\/li>\n<li>Plancher en contreplaqu\u00e9 marine antid\u00e9rapant<\/li>\n<li>B\u00e2che haute + arceau\u00a0<strong>H800 inclus<\/strong><\/li>\n<\/ul>\n<p><strong>EN OPTION<\/strong><\/p>\n<ul>\n<li>Doubles ridelles<\/li>\n<li>Ridelles grillag\u00e9es<\/li>\n<li>B\u00e2che plate<\/li>\n<li>Antivol<\/li>\n<li>Dispositifs de manutention<\/li>\n<\/ul>\n<\/div>","protected":false},"excerpt":{"rendered":"<p>Remorque bagag\u00e8re\u00a0avec b\u00e2che haute bleue Garden Trailer 200 KIPP Remorque avec b\u00e2che haute bleue et arceau\u00a0UNITRAILER GARDEN TRAILER 200 KIPP poss\u00e8de\u00a0un timon rabattable.\u00a0C\u2019est une remorque solide faite\u00a0en acier galvanis\u00e9. Elle peut \u00eatre place sur sa ridelle arri\u00e8re, ce qui permet de la stocker de mani\u00e8re tr\u00e8s facile dans le garage ou \u00e0 c\u00f4t\u00e9 de la maison. Grace au timon pliable, le d\u00e9chargement de tous cot\u00e9s de la remorque des produits en vrac est tr\u00e8s facile. Votre remorque Garden Trailer 200 KIPP avec b\u00e2che haute bleue et arceau Gr\u00e2ce aux ridelles solides d\u2019une hauteur de 30 cm et un plancher 200 x 106 cm, le remorque avec b\u00e2che est id\u00e9ale pour un usage multiple. Essieu simple fabriqu\u00e9 par AL-KO ou KNOTT 750 kg assure des conditions optimales et permet de transporter des charges lourdes. Remorque livr\u00e9e \u00e0 domicile avec tous les documents n\u00e9cessaires! En commandant la remorque UNITRAILER GARDEN TRAILER 200 KIPP, vous recevez : Remorque avec b\u00e2che haute \u00e0 timon pliable\u00a0livr\u00e9e \u00e0 votre domicile, Tous les documents n\u00e9cessaires\u00a0(certificat de conformit\u00e9 + facture), Instruction d\u2019utilisation\u00a0pour que vous sachiez comment utiliser la remorque, Certificat de garantie\u00a0\u2013 2 ans de garantie, Notre assistance\u00a0\u2013 si vous avez les questions qui concernent la remorque, n\u2019h\u00e9sitez pas \u00e0 nous contacter. Le mod\u00e8le en question dispose d\u2019un arceau et une\u00a0b\u00e2che bleue. Gr\u00e2ce \u00e0 la b\u00e2che haute, le temps d\u00e9favorable ne va pas vous g\u00e2cher vos plans. La\u00a0b\u00e2che bleue avec arceau\u00a0prot\u00e8ge\u00a0la cargaison contre pluie, neige, vent et soleil et donc assure le transport en toute s\u00e9curit\u00e9. Le kit comprend :\u00a0un arceau\u00a0solide et facile \u00e0 installer,\u00a0une b\u00e2che\u00a0imperm\u00e9able\u00a0et une corde\u00a0de fixation. Vous pouvez toujours v\u00e9rifier chaque \u00e9tape de votre commande et son suivi. Pourquoi choisir la GARDEN TRAILER 200 KIPP avec b\u00e2che bleue ? Une remorque avec b\u00e2che haute, basculante, qui assure le d\u00e9chargement facile des cargaisons Une construction solide Pi\u00e8ces d\u00e9tach\u00e9es: AL-KO, KNOTT, WINTERHOFF Large gamme d\u2019accessoires: b\u00e2che + arceau 80 cm, b\u00e2che plate, doubles ridelles, ridelles grillag\u00e9es, dispositifs de fixation, antivol, etc. Support\u00a0qui est disponible de lundi \u00e0 vendredi Sp\u00e9cifications CHASSIS Timon rabattable en V Essieu simple\u00a0AL-KO ou KNOTT Suspension ind\u00e9pendante, bas\u00e9e sur\u00a0la barre de torsion Roues\u00a0155\/70 R13 toutes saisons CAISSE Ch\u00e2ssis: fabriqu\u00e9\u00a0en profil\u00e9 d\u2019acier galvanis\u00e9;\u00a0boulonn\u00e9 Galvanis\u00e9 \u00e0 chaud\u00a0\u2013 protection anticorrosion Ridelle arri\u00e8re ouvrante Doubles attaches\u00a0b\u00e2ches Plancher en contreplaqu\u00e9 marine antid\u00e9rapant B\u00e2che haute + arceau\u00a0H800 inclus EN OPTION Doubles ridelles Ridelles grillag\u00e9es B\u00e2che plate Antivol Dispositifs de manutention<\/p>","protected":false},"featured_media":7555,"comment_status":"closed","ping_status":"closed","template":"","meta":{"inline_featured_image":false},"product_brand":[],"product_cat":[59],"product_tag":[],"class_list":{"0":"post-8929","1":"product","2":"type-product","3":"status-publish","4":"has-post-thumbnail","6":"product_cat-remorque-voiture","8":"first","9":"instock","10":"sale","11":"shipping-taxable","12":"purchasable","13":"product-type-simple"},"_links":{"self":[{"href":"https:\/\/feria-verde.com\/es\/wp-json\/wp\/v2\/product\/8929","targetHints":{"allow":["GET"]}}],"collection":[{"href":"https:\/\/feria-verde.com\/es\/wp-json\/wp\/v2\/product"}],"about":[{"href":"https:\/\/feria-verde.com\/es\/wp-json\/wp\/v2\/types\/product"}],"replies":[{"embeddable":true,"href":"https:\/\/feria-verde.com\/es\/wp-json\/wp\/v2\/comments?post=8929"}],"version-history":[{"count":0,"href":"https:\/\/feria-verde.com\/es\/wp-json\/wp\/v2\/product\/8929\/revisions"}],"wp:featuredmedia":[{"embeddable":true,"href":"https:\/\/feria-verde.com\/es\/wp-json\/wp\/v2\/media\/7555"}],"wp:attachment":[{"href":"https:\/\/feria-verde.com\/es\/wp-json\/wp\/v2\/media?parent=8929"}],"wp:term":[{"taxonomy":"product_brand","embeddable":true,"href":"https:\/\/feria-verde.com\/es\/wp-json\/wp\/v2\/product_brand?post=8929"},{"taxonomy":"product_cat","embeddable":true,"href":"https:\/\/feria-verde.com\/es\/wp-json\/wp\/v2\/product_cat?post=8929"},{"taxonomy":"product_tag","embeddable":true,"href":"https:\/\/feria-verde.com\/es\/wp-json\/wp\/v2\/product_tag?post=8929"}],"curies":[{"name":"wp","href":"https:\/\/api.w.org\/{rel}","templated":true}]}}